{"id":17896,"date":"2019-11-22T07:55:34","date_gmt":"2019-11-22T14:55:34","guid":{"rendered":"https:\/\/ciraapps.com\/fallstudien\/"},"modified":"2026-03-13T08:16:55","modified_gmt":"2026-03-13T15:16:55","slug":"erfolgsgeschichten","status":"publish","type":"page","link":"https:\/\/cirasync.com\/de\/erfolgsgeschichten\/","title":{"rendered":"Erfolgsgeschichten"},"content":{"rendered":"<p>[et_pb_section fb_built=&#8220;1&#8243; _builder_version=&#8220;4.16&#8243; global_colors_info=&#8220;{}&#8220;][et_pb_row _builder_version=&#8220;4.16&#8243; custom_padding=&#8220;||29px||false|false&#8220; global_colors_info=&#8220;{}&#8220;][et_pb_column type=&#8220;4_4&#8243; _builder_version=&#8220;4.16&#8243; global_colors_info=&#8220;{}&#8220;][et_pb_text _builder_version=&#8220;4.16&#8243; header_5_font=&#8220;|300|on||||||&#8220; header_6_font=&#8220;|300|on||||||&#8220; global_colors_info=&#8220;{}&#8220;]<\/p>\n<h1 style=\"text-align: center;\"><span class=\"ez-toc-section\" id=\"Kunden_Sparen_Hunderte_von_Kostbaren_IT-Stunden\"><\/span>Kunden Sparen Hunderte von Kostbaren IT-Stunden<span class=\"ez-toc-section-end\"><\/span><\/h1>\n<h6 style=\"text-align: center;\">Vorgestellte Kunden<\/h6>\n<p>[\/et_pb_text][\/et_pb_column][\/et_pb_row][et_pb_row column_structure=&#8220;1_3,1_3,1_3&#8243; module_id=&#8220;CS-hero&#8220; _builder_version=&#8220;4.16&#8243; max_width=&#8220;80%&#8220; custom_css_main_element=&#8220;text-align:center&#8220; global_colors_info=&#8220;{}&#8220; width__hover_enabled=&#8220;on|desktop&#8220;][et_pb_column type=&#8220;1_3&#8243; _builder_version=&#8220;4.16&#8243; link_option_url=&#8220;\/?p=18087&#8243; global_colors_info=&#8220;{}&#8220;][et_pb_image src=&#8220;https:\/\/cirasync.com\/wp-content\/uploads\/2019\/11\/Skender-logo.png&#8220; url=&#8220;\/?p=18087&#8243; url_new_window=&#8220;on&#8220; module_class=&#8220;logo&#8220; _builder_version=&#8220;4.16&#8243; global_colors_info=&#8220;{}&#8220;][\/et_pb_image][et_pb_image src=&#8220;https:\/\/cirasync.com\/wp-content\/uploads\/2019\/12\/Skender-featured.jpg&#8220; url=&#8220;\/?p=18087&#8243; url_new_window=&#8220;on&#8220; _builder_version=&#8220;4.16&#8243; global_colors_info=&#8220;{}&#8220;][\/et_pb_image][et_pb_text _builder_version=&#8220;4.16&#8243; global_colors_info=&#8220;{}&#8220;]<\/p>\n<h2><span class=\"ez-toc-section\" id=\"Skender_Spart_Jaehrlich_Ueber_1500_Stunden_an_IT-Arbeit_mit_CiraSync\"><\/span>Skender Spart J\u00e4hrlich \u00dcber 1500 Stunden an IT-Arbeit mit CiraSync<span class=\"ez-toc-section-end\"><\/span><\/h2>\n<p><span class=\"et-pb-icon quote\">{Wenn wir einen neuen Kunden haben, m\u00fcssen wir nicht einmal daran denken; alles funktioniert reibungslos&#8230;<\/span><\/p>\n<p><a href=\"https:\/\/cirasync.com\/case-studies\/chicago-construction-company-contact-sync\/\">Fallstudie lesen <span class=\"et-pb-icon\">&amp;<\/span><\/a>[\/et_pb_text][\/et_pb_column][et_pb_column type=&#8220;1_3&#8243; _builder_version=&#8220;4.16&#8243; link_option_url=&#8220;\/?p=18325&#8243; global_colors_info=&#8220;{}&#8220;][et_pb_image src=&#8220;https:\/\/cirasync.com\/wp-content\/uploads\/2019\/12\/The-Morse-Group-logo.png&#8220; module_class=&#8220;logo&#8220; _builder_version=&#8220;4.16&#8243; global_colors_info=&#8220;{}&#8220;][\/et_pb_image][et_pb_image src=&#8220;https:\/\/cirasync.com\/wp-content\/uploads\/2019\/12\/The-Morse-Group-featured.jpg&#8220; _builder_version=&#8220;4.16&#8243; global_colors_info=&#8220;{}&#8220;][\/et_pb_image][et_pb_text _builder_version=&#8220;4.16&#8243; global_colors_info=&#8220;{}&#8220;]<\/p>\n<h2><span class=\"ez-toc-section\" id=\"Die_Morse_Gruppe_Spart_Jaehrlich_500_IT-Stunden_mit_CiraSync\"><\/span>Die Morse Gruppe Spart J\u00e4hrlich 500+ IT-Stunden mit CiraSync<span class=\"ez-toc-section-end\"><\/span><\/h2>\n<p><span class=\"et-pb-icon quote\">{<\/span>CiraSync ist f\u00fcr uns unverzichtbar; kein anderes Synchronisierungskonzept ist ann\u00e4hernd so gut&#8230;<\/p>\n<p><a href=\"https:\/\/cirasync.com\/case-studies\/morse-group-automated-contact-sync\/\">Fallstudie lesen <span class=\"et-pb-icon\">&amp;<\/span><\/a>[\/et_pb_text][\/et_pb_column][et_pb_column type=&#8220;1_3&#8243; _builder_version=&#8220;4.16&#8243; link_option_url=&#8220;\/?p=18087&#8243; global_colors_info=&#8220;{}&#8220;][et_pb_image src=&#8220;https:\/\/cirasync.com\/wp-content\/uploads\/2020\/01\/download.png&#8220; module_class=&#8220;logo&#8220; _builder_version=&#8220;4.16&#8243; global_colors_info=&#8220;{}&#8220;][\/et_pb_image][et_pb_image src=&#8220;https:\/\/cirasync.com\/wp-content\/uploads\/2019\/08\/Non-Profit-Office-365-Public-Folder-Sync-1200&#215;630.jpg&#8220; url=&#8220;\/?p=13055&#8243; url_new_window=&#8220;on&#8220; _builder_version=&#8220;4.16&#8243; global_colors_info=&#8220;{}&#8220;][\/et_pb_image][et_pb_text _builder_version=&#8220;4.16&#8243; link_option_url=&#8220;\/?p=13055&#8243; global_colors_info=&#8220;{}&#8220;]<\/p>\n<h2><span class=\"ez-toc-section\" id=\"Kanadische_Naturschutz-Non-Profit-Organisation_Meistert_die_Herausforderungen_der_Kontaktsynchronisierung_mit_dem_Smartphone\"><\/span>Kanadische Naturschutz-Non-Profit-Organisation Meistert die Herausforderungen der Kontaktsynchronisierung mit dem Smartphone<span class=\"ez-toc-section-end\"><\/span><\/h2>\n<p><span class=\"et-pb-icon quote\">{<\/span>Ich habe das freundliche und hilfsbereite Cira Apps Support-Personal kontaktiert, damit sie mir helfen CiraSync einzurichten und &#8230;<\/p>\n<p><a href=\"https:\/\/cirasync.com\/case-studies\/non-profit-office-365-public-folder-sync\/\">Fallstudie lesen <span class=\"et-pb-icon\">&amp;<\/span><\/a>[\/et_pb_text][\/et_pb_column][\/et_pb_row][\/et_pb_section][et_pb_section fb_built=&#8220;1&#8243; _builder_version=&#8220;4.16&#8243; background_enable_color=&#8220;off&#8220; custom_padding=&#8220;7px|0px|0|0px|false|false&#8220; global_colors_info=&#8220;{}&#8220;][et_pb_row _builder_version=&#8220;4.16&#8243; global_colors_info=&#8220;{}&#8220;][et_pb_column type=&#8220;4_4&#8243; _builder_version=&#8220;4.16&#8243; custom_padding=&#8220;|||&#8220; global_colors_info=&#8220;{}&#8220; custom_padding__hover=&#8220;|||&#8220;][et_pb_text _builder_version=&#8220;4.16&#8243; text_font=&#8220;||||||||&#8220; background_layout=&#8220;dark&#8220; global_colors_info=&#8220;{}&#8220;]<\/p>\n<h2 style=\"text-align: center;\"><span class=\"ez-toc-section\" id=\"Weitere_Fallstudien\"><\/span><span style=\"color: #37474f;\">Weitere Fallstudien<\/span><span class=\"ez-toc-section-end\"><\/span><\/h2>\n<p>[\/et_pb_text][\/et_pb_column][\/et_pb_row][\/et_pb_section][et_pb_section fb_built=&#8220;1&#8243; admin_label=&#8220;Blog Section&#8220; _builder_version=&#8220;4.16&#8243; background_enable_color=&#8220;off&#8220; background_position=&#8220;bottom_center&#8220; custom_margin=&#8220;|||&#8220; custom_padding=&#8220;0px||||false|false&#8220; global_colors_info=&#8220;{}&#8220;][et_pb_row admin_label=&#8220;Blog Area&#8220; _builder_version=&#8220;4.16&#8243; custom_padding=&#8220;||10px|&#8220; global_colors_info=&#8220;{}&#8220;][et_pb_column type=&#8220;4_4&#8243; _builder_version=&#8220;4.16&#8243; custom_padding=&#8220;|||&#8220; global_colors_info=&#8220;{}&#8220; custom_padding__hover=&#8220;|||&#8220;][et_pb_blog fullwidth=&#8220;off&#8220; posts_number=&#8220;6&#8243; include_categories=&#8220;1363&#8243; use_manual_excerpt=&#8220;off&#8220; show_author=&#8220;off&#8220; show_categories=&#8220;off&#8220; show_excerpt=&#8220;off&#8220; offset_number=&#8220;1&#8243; use_overlay=&#8220;on&#8220; module_id=&#8220;case-study-index&#8220; _builder_version=&#8220;4.16&#8243; header_level=&#8220;h4&#8243; header_font=&#8220;Poppins|600|||||||&#8220; header_font_size=&#8220;20px&#8220; header_letter_spacing=&#8220;0.5px&#8220; header_line_height=&#8220;1.2em&#8220; body_font=&#8220;Poppins||||||||&#8220; body_line_height=&#8220;1.8em&#8220; meta_font=&#8220;Poppins||||||||&#8220; meta_text_color=&#8220;#9e9e9e&#8220; meta_font_size=&#8220;16px&#8220; pagination_font=&#8220;Poppins||||||||&#8220; pagination_text_color=&#8220;#1ecfaa&#8220; pagination_font_size=&#8220;16px&#8220; custom_margin=&#8220;||100px&#8220; custom_margin_tablet=&#8220;&#8220; custom_margin_phone=&#8220;&#8220; custom_margin_last_edited=&#8220;on|phone&#8220; border_width_all=&#8220;0px&#8220; global_colors_info=&#8220;{}&#8220;][\/et_pb_blog][\/et_pb_column][\/et_pb_row][\/et_pb_section][et_pb_section fb_built=&#8220;1&#8243; _builder_version=&#8220;4.16&#8243; background_color=&#8220;#f3fbff&#8220; global_colors_info=&#8220;{}&#8220;][et_pb_row _builder_version=&#8220;4.16&#8243; global_colors_info=&#8220;{}&#8220;][et_pb_column type=&#8220;4_4&#8243; _builder_version=&#8220;4.16&#8243; global_colors_info=&#8220;{}&#8220;][et_pb_text _builder_version=&#8220;4.16&#8243; global_colors_info=&#8220;{}&#8220;]<\/p>\n<h4 style=\"text-align: center;\">Weitere Ressourcen<\/h4>\n<p>[\/et_pb_text][\/et_pb_column][\/et_pb_row][et_pb_row column_structure=&#8220;1_5,1_5,1_5,1_5,1_5&#8243; _builder_version=&#8220;4.16&#8243; global_colors_info=&#8220;{}&#8220;][et_pb_column type=&#8220;1_5&#8243; _builder_version=&#8220;4.16&#8243; global_colors_info=&#8220;{}&#8220;][et_pb_image src=&#8220;https:\/\/cirasync.com\/wp-content\/uploads\/\/2019\/10\/videos.svg&#8220; url=&#8220;http:\/\/cirasync.com\/videos-de\/?lang=de&#8220; align=&#8220;center&#8220; _builder_version=&#8220;4.16&#8243; global_colors_info=&#8220;{}&#8220;][\/et_pb_image][et_pb_text _builder_version=&#8220;4.16&#8243; link_option_url=&#8220;http:\/\/cirasync.com\/videos-de\/?lang=de&#8220; global_colors_info=&#8220;{}&#8220;]<\/p>\n<h6 style=\"text-align: center;\">Videos<\/h6>\n<p>[\/et_pb_text][\/et_pb_column][et_pb_column type=&#8220;1_5&#8243; _builder_version=&#8220;4.16&#8243; global_colors_info=&#8220;{}&#8220;][et_pb_image src=&#8220;https:\/\/cirasync.com\/wp-content\/uploads\/\/2019\/10\/ebook.svg&#8220; url=&#8220;http:\/\/cirasync.com\/ebooks-de\/?lang=de&#8220; align=&#8220;center&#8220; _builder_version=&#8220;4.16&#8243; global_colors_info=&#8220;{}&#8220;][\/et_pb_image][et_pb_text _builder_version=&#8220;4.16&#8243; link_option_url=&#8220;http:\/\/cirasync.com\/ebooks-de\/?lang=de&#8220; global_colors_info=&#8220;{}&#8220;]<\/p>\n<h6 style=\"text-align: center;\">E-Books<\/h6>\n<p>[\/et_pb_text][\/et_pb_column][et_pb_column type=&#8220;1_5&#8243; _builder_version=&#8220;4.16&#8243; global_colors_info=&#8220;{}&#8220;][et_pb_image src=&#8220;https:\/\/cirasync.com\/wp-content\/uploads\/\/2019\/10\/case-study4.svg&#8220; url=&#8220;https:\/\/cirasync.com\/de\/fallstudien\/?lang=de&#8220; align=&#8220;center&#8220; _builder_version=&#8220;4.16&#8243; global_colors_info=&#8220;{}&#8220;][\/et_pb_image][et_pb_text _builder_version=&#8220;4.16&#8243; link_option_url=&#8220;https:\/\/cirasync.com\/de\/fallstudien\/?lang=de&#8220; global_colors_info=&#8220;{}&#8220;]<\/p>\n<h6 style=\"text-align: center;\">Fallstudien<\/h6>\n<p>[\/et_pb_text][\/et_pb_column][et_pb_column type=&#8220;1_5&#8243; _builder_version=&#8220;4.16&#8243; global_colors_info=&#8220;{}&#8220;][et_pb_image src=&#8220;https:\/\/cirasync.com\/wp-content\/uploads\/\/2019\/10\/testimonial.svg&#8220; url=&#8220;https:\/\/cirasync.com\/de\/referenzen\/?lang=de&#8220; align=&#8220;center&#8220; _builder_version=&#8220;4.16&#8243; global_colors_info=&#8220;{}&#8220;][\/et_pb_image][et_pb_text _builder_version=&#8220;4.16&#8243; link_option_url=&#8220;https:\/\/cirasync.com\/de\/referenzen\/?lang=de&#8220; global_colors_info=&#8220;{}&#8220;]<\/p>\n<h6 style=\"text-align: center;\">Erfahrungsberichte<\/h6>\n<p>[\/et_pb_text][\/et_pb_column][et_pb_column type=&#8220;1_5&#8243; _builder_version=&#8220;4.16&#8243; global_colors_info=&#8220;{}&#8220;][et_pb_image src=&#8220;https:\/\/cirasync.com\/wp-content\/uploads\/\/2019\/10\/support2.svg&#8220; url=&#8220;https:\/\/cirasync.com\/de\/support-startseite\/&#8220; align=&#8220;center&#8220; _builder_version=&#8220;4.16&#8243; global_colors_info=&#8220;{}&#8220;][\/et_pb_image][et_pb_text _builder_version=&#8220;4.16&#8243; link_option_url=&#8220;https:\/\/cirasync.com\/de\/support-startseite\/&#8220; global_colors_info=&#8220;{}&#8220;]<\/p>\n<h6 style=\"text-align: center;\">Support<\/h6>\n<p>[\/et_pb_text][\/et_pb_column][\/et_pb_row][\/et_pb_section]<\/p>\n","protected":false},"excerpt":{"rendered":"<p>Kunden Sparen Hunderte von Kostbaren IT-Stunden Vorgestellte KundenSkender Spart J\u00e4hrlich \u00dcber 1500 Stunden an IT-Arbeit mit CiraSync {Wenn wir einen neuen Kunden haben, m\u00fcssen wir nicht einmal daran denken; alles funktioniert reibungslos&#8230; Fallstudie lesen &amp;Die Morse Gruppe Spart J\u00e4hrlich 500+ IT-Stunden mit CiraSync {CiraSync ist f\u00fcr uns unverzichtbar; kein anderes Synchronisierungskonzept ist ann\u00e4hernd so gut&#8230; [&hellip;]<\/p>\n","protected":false},"author":3,"featured_media":11920,"parent":0,"menu_order":0,"comment_status":"closed","ping_status":"closed","template":"","meta":{"_et_pb_use_builder":"on","_et_pb_old_content":"","_et_gb_content_width":"","_nextfly_llmd_date_locked":false,"footnotes":""},"class_list":["post-17896","page","type-page","status-publish","has-post-thumbnail","hentry"],"yoast_head":"<!-- This site is optimized with the Yoast SEO Premium plugin v27.1 (Yoast SEO v27.1.1) - https:\/\/yoast.com\/product\/yoast-seo-premium-wordpress\/ -->\n<title>Erfolgsgeschichten &#8212; CiraSync<\/title>\n<meta name=\"description\" content=\"CiraSync: Sichere Office 365-Kontakt- und Kalendersynchronisation f\u00fcr Unternehmens-Smartphones.\" \/>\n<meta name=\"robots\" content=\"index, follow, max-snippet:-1, max-image-preview:large, max-video-preview:-1\" \/>\n<link rel=\"canonical\" href=\"https:\/\/cirasync.com\/de\/erfolgsgeschichten\/\" \/>\n<meta property=\"og:locale\" content=\"de_DE\" \/>\n<meta property=\"og:type\" content=\"article\" \/>\n<meta property=\"og:title\" content=\"Erfolgsgeschichten\" \/>\n<meta property=\"og:description\" content=\"CiraSync: Sichere Office 365-Kontakt- und Kalendersynchronisation f\u00fcr Unternehmens-Smartphones.\" \/>\n<meta property=\"og:url\" content=\"https:\/\/cirasync.com\/de\/erfolgsgeschichten\/\" \/>\n<meta property=\"og:site_name\" content=\"CiraSync\" \/>\n<meta property=\"article:publisher\" content=\"https:\/\/www.facebook.com\/CiraSync\/\" \/>\n<meta property=\"article:modified_time\" content=\"2026-03-13T15:16:55+00:00\" \/>\n<meta property=\"og:image\" content=\"https:\/\/cirasync.com\/wp-content\/uploads\/2019\/07\/case-studies-social.jpg\" \/>\n\t<meta property=\"og:image:width\" content=\"1200\" \/>\n\t<meta property=\"og:image:height\" content=\"630\" \/>\n\t<meta property=\"og:image:type\" content=\"image\/jpeg\" \/>\n<meta name=\"twitter:card\" content=\"summary_large_image\" \/>\n<meta name=\"twitter:site\" content=\"@CiraSync\" \/>\n<meta name=\"twitter:label1\" content=\"Gesch\u00e4tzte Lesezeit\" \/>\n\t<meta name=\"twitter:data1\" content=\"6\u00a0Minuten\" \/>\n<script type=\"application\/ld+json\" class=\"yoast-schema-graph\">{\"@context\":\"https:\/\/schema.org\",\"@graph\":[{\"@type\":\"WebPage\",\"@id\":\"https:\/\/cirasync.com\/de\/erfolgsgeschichten\/\",\"url\":\"https:\/\/cirasync.com\/de\/erfolgsgeschichten\/\",\"name\":\"Erfolgsgeschichten &#8212; CiraSync\",\"isPartOf\":{\"@id\":\"https:\/\/cirasync.com\/de\/#website\"},\"primaryImageOfPage\":{\"@id\":\"https:\/\/cirasync.com\/de\/erfolgsgeschichten\/#primaryimage\"},\"image\":{\"@id\":\"https:\/\/cirasync.com\/de\/erfolgsgeschichten\/#primaryimage\"},\"thumbnailUrl\":\"https:\/\/cirasync.com\/wp-content\/uploads\/2019\/05\/default-image-cirasync_p-1.png\",\"datePublished\":\"2019-11-22T14:55:34+00:00\",\"dateModified\":\"2026-03-13T15:16:55+00:00\",\"description\":\"CiraSync: Sichere Office 365-Kontakt- und Kalendersynchronisation f\u00fcr Unternehmens-Smartphones.\",\"breadcrumb\":{\"@id\":\"https:\/\/cirasync.com\/de\/erfolgsgeschichten\/#breadcrumb\"},\"inLanguage\":\"de\",\"potentialAction\":[{\"@type\":\"ReadAction\",\"target\":[\"https:\/\/cirasync.com\/de\/erfolgsgeschichten\/\"]}]},{\"@type\":\"ImageObject\",\"inLanguage\":\"de\",\"@id\":\"https:\/\/cirasync.com\/de\/erfolgsgeschichten\/#primaryimage\",\"url\":\"https:\/\/cirasync.com\/wp-content\/uploads\/2019\/05\/default-image-cirasync_p-1.png\",\"contentUrl\":\"https:\/\/cirasync.com\/wp-content\/uploads\/2019\/05\/default-image-cirasync_p-1.png\",\"width\":1200,\"height\":630,\"caption\":\"default image cirasync_p\"},{\"@type\":\"BreadcrumbList\",\"@id\":\"https:\/\/cirasync.com\/de\/erfolgsgeschichten\/#breadcrumb\",\"itemListElement\":[{\"@type\":\"ListItem\",\"position\":1,\"name\":\"Home\",\"item\":\"https:\/\/cirasync.com\/de\/\"},{\"@type\":\"ListItem\",\"position\":2,\"name\":\"Erfolgsgeschichten\"}]},{\"@type\":\"WebSite\",\"@id\":\"https:\/\/cirasync.com\/de\/#website\",\"url\":\"https:\/\/cirasync.com\/de\/\",\"name\":\"CiraSync\",\"description\":\"Sync the Office 365 GAL, public folders and calendars to smartphones.\",\"publisher\":{\"@id\":\"https:\/\/cirasync.com\/de\/#organization\"},\"potentialAction\":[{\"@type\":\"SearchAction\",\"target\":{\"@type\":\"EntryPoint\",\"urlTemplate\":\"https:\/\/cirasync.com\/de\/?s={search_term_string}\"},\"query-input\":{\"@type\":\"PropertyValueSpecification\",\"valueRequired\":true,\"valueName\":\"search_term_string\"}}],\"inLanguage\":\"de\"},{\"@type\":\"Organization\",\"@id\":\"https:\/\/cirasync.com\/de\/#organization\",\"name\":\"CiraSync\",\"url\":\"https:\/\/cirasync.com\/de\/\",\"logo\":{\"@type\":\"ImageObject\",\"inLanguage\":\"de\",\"@id\":\"https:\/\/cirasync.com\/de\/#\/schema\/logo\/image\/\",\"url\":\"https:\/\/cirasync.com\/wp-content\/uploads\/2019\/07\/CiraSync-Logo-.png\",\"contentUrl\":\"https:\/\/cirasync.com\/wp-content\/uploads\/2019\/07\/CiraSync-Logo-.png\",\"width\":1200,\"height\":671,\"caption\":\"CiraSync\"},\"image\":{\"@id\":\"https:\/\/cirasync.com\/de\/#\/schema\/logo\/image\/\"},\"sameAs\":[\"https:\/\/www.facebook.com\/CiraSync\/\",\"https:\/\/x.com\/CiraSync\",\"https:\/\/www.linkedin.com\/company\/cira-apps-limited\",\"https:\/\/www.youtube.com\/channel\/UCdFkOfXlRAWRadzGit3jJZA\/videos\"],\"description\":\"CiraSync automatically syncs CRM, contact & calendar data from M365, Exchange & many CRMs to every smartphone.\",\"email\":\"support@cirasync.com\",\"telephone\":\"1 (202) 747 0888\",\"legalName\":\"CiraSync\"}]}<\/script>\n<!-- \/ Yoast SEO Premium plugin. -->","yoast_head_json":{"title":"Erfolgsgeschichten &#8212; CiraSync","description":"CiraSync: Sichere Office 365-Kontakt- und Kalendersynchronisation f\u00fcr Unternehmens-Smartphones.","robots":{"index":"index","follow":"follow","max-snippet":"max-snippet:-1","max-image-preview":"max-image-preview:large","max-video-preview":"max-video-preview:-1"},"canonical":"https:\/\/cirasync.com\/de\/erfolgsgeschichten\/","og_locale":"de_DE","og_type":"article","og_title":"Erfolgsgeschichten","og_description":"CiraSync: Sichere Office 365-Kontakt- und Kalendersynchronisation f\u00fcr Unternehmens-Smartphones.","og_url":"https:\/\/cirasync.com\/de\/erfolgsgeschichten\/","og_site_name":"CiraSync","article_publisher":"https:\/\/www.facebook.com\/CiraSync\/","article_modified_time":"2026-03-13T15:16:55+00:00","og_image":[{"width":1200,"height":630,"url":"https:\/\/cirasync.com\/wp-content\/uploads\/2019\/07\/case-studies-social.jpg","type":"image\/jpeg"}],"twitter_card":"summary_large_image","twitter_site":"@CiraSync","twitter_misc":{"Gesch\u00e4tzte Lesezeit":"6\u00a0Minuten"},"schema":{"@context":"https:\/\/schema.org","@graph":[{"@type":"WebPage","@id":"https:\/\/cirasync.com\/de\/erfolgsgeschichten\/","url":"https:\/\/cirasync.com\/de\/erfolgsgeschichten\/","name":"Erfolgsgeschichten &#8212; CiraSync","isPartOf":{"@id":"https:\/\/cirasync.com\/de\/#website"},"primaryImageOfPage":{"@id":"https:\/\/cirasync.com\/de\/erfolgsgeschichten\/#primaryimage"},"image":{"@id":"https:\/\/cirasync.com\/de\/erfolgsgeschichten\/#primaryimage"},"thumbnailUrl":"https:\/\/cirasync.com\/wp-content\/uploads\/2019\/05\/default-image-cirasync_p-1.png","datePublished":"2019-11-22T14:55:34+00:00","dateModified":"2026-03-13T15:16:55+00:00","description":"CiraSync: Sichere Office 365-Kontakt- und Kalendersynchronisation f\u00fcr Unternehmens-Smartphones.","breadcrumb":{"@id":"https:\/\/cirasync.com\/de\/erfolgsgeschichten\/#breadcrumb"},"inLanguage":"de","potentialAction":[{"@type":"ReadAction","target":["https:\/\/cirasync.com\/de\/erfolgsgeschichten\/"]}]},{"@type":"ImageObject","inLanguage":"de","@id":"https:\/\/cirasync.com\/de\/erfolgsgeschichten\/#primaryimage","url":"https:\/\/cirasync.com\/wp-content\/uploads\/2019\/05\/default-image-cirasync_p-1.png","contentUrl":"https:\/\/cirasync.com\/wp-content\/uploads\/2019\/05\/default-image-cirasync_p-1.png","width":1200,"height":630,"caption":"default image cirasync_p"},{"@type":"BreadcrumbList","@id":"https:\/\/cirasync.com\/de\/erfolgsgeschichten\/#breadcrumb","itemListElement":[{"@type":"ListItem","position":1,"name":"Home","item":"https:\/\/cirasync.com\/de\/"},{"@type":"ListItem","position":2,"name":"Erfolgsgeschichten"}]},{"@type":"WebSite","@id":"https:\/\/cirasync.com\/de\/#website","url":"https:\/\/cirasync.com\/de\/","name":"CiraSync","description":"Sync the Office 365 GAL, public folders and calendars to smartphones.","publisher":{"@id":"https:\/\/cirasync.com\/de\/#organization"},"potentialAction":[{"@type":"SearchAction","target":{"@type":"EntryPoint","urlTemplate":"https:\/\/cirasync.com\/de\/?s={search_term_string}"},"query-input":{"@type":"PropertyValueSpecification","valueRequired":true,"valueName":"search_term_string"}}],"inLanguage":"de"},{"@type":"Organization","@id":"https:\/\/cirasync.com\/de\/#organization","name":"CiraSync","url":"https:\/\/cirasync.com\/de\/","logo":{"@type":"ImageObject","inLanguage":"de","@id":"https:\/\/cirasync.com\/de\/#\/schema\/logo\/image\/","url":"https:\/\/cirasync.com\/wp-content\/uploads\/2019\/07\/CiraSync-Logo-.png","contentUrl":"https:\/\/cirasync.com\/wp-content\/uploads\/2019\/07\/CiraSync-Logo-.png","width":1200,"height":671,"caption":"CiraSync"},"image":{"@id":"https:\/\/cirasync.com\/de\/#\/schema\/logo\/image\/"},"sameAs":["https:\/\/www.facebook.com\/CiraSync\/","https:\/\/x.com\/CiraSync","https:\/\/www.linkedin.com\/company\/cira-apps-limited","https:\/\/www.youtube.com\/channel\/UCdFkOfXlRAWRadzGit3jJZA\/videos"],"description":"CiraSync automatically syncs CRM, contact & calendar data from M365, Exchange & many CRMs to every smartphone.","email":"support@cirasync.com","telephone":"1 (202) 747 0888","legalName":"CiraSync"}]}},"_links":{"self":[{"href":"https:\/\/cirasync.com\/de\/wp-json\/wp\/v2\/pages\/17896","targetHints":{"allow":["GET"]}}],"collection":[{"href":"https:\/\/cirasync.com\/de\/wp-json\/wp\/v2\/pages"}],"about":[{"href":"https:\/\/cirasync.com\/de\/wp-json\/wp\/v2\/types\/page"}],"author":[{"embeddable":true,"href":"https:\/\/cirasync.com\/de\/wp-json\/wp\/v2\/users\/3"}],"replies":[{"embeddable":true,"href":"https:\/\/cirasync.com\/de\/wp-json\/wp\/v2\/comments?post=17896"}],"version-history":[{"count":0,"href":"https:\/\/cirasync.com\/de\/wp-json\/wp\/v2\/pages\/17896\/revisions"}],"wp:featuredmedia":[{"embeddable":true,"href":"https:\/\/cirasync.com\/de\/wp-json\/wp\/v2\/media\/11920"}],"wp:attachment":[{"href":"https:\/\/cirasync.com\/de\/wp-json\/wp\/v2\/media?parent=17896"}],"curies":[{"name":"wp","href":"https:\/\/api.w.org\/{rel}","templated":true}]}}