{"id":18203,"date":"2019-12-02T13:40:13","date_gmt":"2019-12-02T20:40:13","guid":{"rendered":"https:\/\/ciraapps.com\/angebot-der-office-365-kontaktsynchronisierung-fuer-abonnenten-des-exchange-server-pro\/"},"modified":"2026-03-05T10:00:21","modified_gmt":"2026-03-05T17:00:21","slug":"angebot-der-office-365-kontaktsynchronisierung-fuer-abonnenten-des-exchange-server-pro","status":"publish","type":"page","link":"https:\/\/cirasync.com\/de\/angebot-der-office-365-kontaktsynchronisierung-fuer-abonnenten-des-exchange-server-pro\/","title":{"rendered":"Angebot der Office 365 Kontaktsynchronisierung f\u00fcr Abonnenten des Exchange Server Pro"},"content":{"rendered":"<p>[et_pb_section fb_built=&#8220;1&#8243; disabled_on=&#8220;on|on|off&#8220; admin_label=&#8220;Header&#8220; _builder_version=&#8220;4.16&#8243; background_image=&#8220;\/wp-content\/uploads\/2016\/09\/exchange-server-pro-offer-sync-gal-pf-red.png&#8220; custom_width_px__hover=&#8220;1080px&#8220; custom_width_px__hover_enabled=&#8220;1080px&#8220; custom_width_percent__hover=&#8220;80%&#8220; custom_width_percent__hover_enabled=&#8220;80%&#8220; locked=&#8220;off&#8220; global_colors_info=&#8220;{}&#8220; parallax_1__hover=&#8220;off&#8220; parallax_1__hover_enabled=&#8220;off&#8220; parallax_2__hover=&#8220;off&#8220; parallax_2__hover_enabled=&#8220;off&#8220; parallax_3__hover=&#8220;off&#8220; parallax_3__hover_enabled=&#8220;off&#8220; parallax_method_1__hover=&#8220;on&#8220; parallax_method_1__hover_enabled=&#8220;on&#8220; parallax_method_2__hover=&#8220;on&#8220; parallax_method_2__hover_enabled=&#8220;on&#8220; parallax_method_3__hover=&#8220;on&#8220; parallax_method_3__hover_enabled=&#8220;on&#8220; use_background_color_gradient__hover=&#8220;off&#8220; use_background_color_gradient__hover_enabled=&#8220;off&#8220; background_color_gradient_start__hover=&#8220;#2b87da&#8220; background_color_gradient_start__hover_enabled=&#8220;#2b87da&#8220; background_color_gradient_end__hover=&#8220;#29c4a9&#8243; background_color_gradient_end__hover_enabled=&#8220;#29c4a9&#8243; background_color_gradient_type__hover=&#8220;linear&#8220; background_color_gradient_type__hover_enabled=&#8220;linear&#8220; background_color_gradient_direction__hover=&#8220;180deg&#8220; background_color_gradient_direction__hover_enabled=&#8220;180deg&#8220; background_color_gradient_direction_radial__hover=&#8220;center&#8220; background_color_gradient_direction_radial__hover_enabled=&#8220;center&#8220; background_color_gradient_start_position__hover=&#8220;0%&#8220; background_color_gradient_start_position__hover_enabled=&#8220;0%&#8220; background_color_gradient_end_position__hover=&#8220;100%&#8220; background_color_gradient_end_position__hover_enabled=&#8220;100%&#8220; background_color_gradient_overlays_image__hover=&#8220;off&#8220; background_color_gradient_overlays_image__hover_enabled=&#8220;off&#8220; parallax__hover=&#8220;off&#8220; parallax__hover_enabled=&#8220;off&#8220; parallax_method__hover=&#8220;on&#8220; parallax_method__hover_enabled=&#8220;on&#8220; background_size__hover=&#8220;cover&#8220; background_size__hover_enabled=&#8220;cover&#8220; background_position__hover=&#8220;center&#8220; background_position__hover_enabled=&#8220;center&#8220; background_repeat__hover=&#8220;no-repeat&#8220; background_repeat__hover_enabled=&#8220;no-repeat&#8220; background_blend__hover=&#8220;normal&#8220; background_blend__hover_enabled=&#8220;normal&#8220; allow_player_pause__hover=&#8220;off&#8220; allow_player_pause__hover_enabled=&#8220;off&#8220; background_video_pause_outside_viewport__hover=&#8220;on&#8220; background_video_pause_outside_viewport__hover_enabled=&#8220;on&#8220; inner_shadow__hover=&#8220;off&#8220; inner_shadow__hover_enabled=&#8220;off&#8220; make_fullwidth__hover=&#8220;off&#8220; make_fullwidth__hover_enabled=&#8220;off&#8220; use_custom_width__hover=&#8220;off&#8220; use_custom_width__hover_enabled=&#8220;off&#8220; width_unit__hover=&#8220;on&#8220; width_unit__hover_enabled=&#8220;on&#8220; make_equal__hover=&#8220;off&#8220; make_equal__hover_enabled=&#8220;off&#8220; use_custom_gutter__hover=&#8220;off&#8220; use_custom_gutter__hover_enabled=&#8220;off&#8220; gutter_width__hover=&#8220;3&#8243; gutter_width__hover_enabled=&#8220;3&#8243; border_radii__hover=&#8220;on||||&#8220; border_radii__hover_enabled=&#8220;on||||&#8220; box_shadow_style__hover=&#8220;none&#8220; box_shadow_style__hover_enabled=&#8220;none&#8220; box_shadow_color__hover=&#8220;rgba(0,0,0,0.3)&#8220; box_shadow_color__hover_enabled=&#8220;rgba(0,0,0,0.3)&#8220; max_width__hover=&#8220;100%&#8220; max_width__hover_enabled=&#8220;100%&#8220; filter_hue_rotate__hover=&#8220;0deg&#8220; filter_hue_rotate__hover_enabled=&#8220;0deg&#8220; filter_saturate__hover=&#8220;100%&#8220; filter_saturate__hover_enabled=&#8220;100%&#8220; filter_brightness__hover=&#8220;100%&#8220; filter_brightness__hover_enabled=&#8220;100%&#8220; filter_contrast__hover=&#8220;100%&#8220; filter_contrast__hover_enabled=&#8220;100%&#8220; filter_invert__hover=&#8220;0%&#8220; filter_invert__hover_enabled=&#8220;0%&#8220; filter_sepia__hover=&#8220;0%&#8220; filter_sepia__hover_enabled=&#8220;0%&#8220; filter_opacity__hover=&#8220;100%&#8220; filter_opacity__hover_enabled=&#8220;100%&#8220; filter_blur__hover=&#8220;0px&#8220; filter_blur__hover_enabled=&#8220;0px&#8220; mix_blend_mode__hover=&#8220;normal&#8220; mix_blend_mode__hover_enabled=&#8220;normal&#8220; animation_style__hover=&#8220;none&#8220; animation_style__hover_enabled=&#8220;none&#8220; animation_repeat__hover=&#8220;once&#8220; animation_repeat__hover_enabled=&#8220;once&#8220; animation_direction__hover=&#8220;center&#8220; animation_direction__hover_enabled=&#8220;center&#8220; animation_duration__hover=&#8220;1000ms&#8220; animation_duration__hover_enabled=&#8220;1000ms&#8220; animation_delay__hover=&#8220;0ms&#8220; animation_delay__hover_enabled=&#8220;0ms&#8220; animation_intensity_slide__hover=&#8220;50%&#8220; animation_intensity_slide__hover_enabled=&#8220;50%&#8220; animation_intensity_zoom__hover=&#8220;50%&#8220; animation_intensity_zoom__hover_enabled=&#8220;50%&#8220; animation_intensity_flip__hover=&#8220;50%&#8220; animation_intensity_flip__hover_enabled=&#8220;50%&#8220; animation_intensity_fold__hover=&#8220;50%&#8220; animation_intensity_fold__hover_enabled=&#8220;50%&#8220; animation_intensity_roll__hover=&#8220;50%&#8220; animation_intensity_roll__hover_enabled=&#8220;50%&#8220; animation_starting_opacity__hover=&#8220;0%&#8220; animation_starting_opacity__hover_enabled=&#8220;0%&#8220; animation_speed_curve__hover=&#8220;ease-in-out&#8220; animation_speed_curve__hover_enabled=&#8220;ease-in-out&#8220; hover_transition_duration__hover=&#8220;300ms&#8220; hover_transition_duration__hover_enabled=&#8220;300ms&#8220; hover_transition_delay__hover=&#8220;0ms&#8220; hover_transition_delay__hover_enabled=&#8220;0ms&#8220; hover_transition_speed_curve__hover=&#8220;ease&#8220; hover_transition_speed_curve__hover_enabled=&#8220;ease&#8220; background_color_gradient_stops__hover=&#8220;#2b87da 0%|#29c4a9 100%&#8220;][et_pb_row _builder_version=&#8220;4.16&#8243; locked=&#8220;off&#8220; global_colors_info=&#8220;{}&#8220;][et_pb_column type=&#8220;4_4&#8243; saved_specialty_column_type=&#8220;1_2&#8243; _builder_version=&#8220;4.16&#8243; custom_padding=&#8220;|||&#8220; global_colors_info=&#8220;{}&#8220; parallax__hover=&#8220;off&#8220; parallax_method__hover=&#8220;on&#8220; custom_padding__hover=&#8220;|||&#8220;][\/et_pb_column][\/et_pb_row][\/et_pb_section][et_pb_section fb_built=&#8220;1&#8243; admin_label=&#8220;Features&#8220; _builder_version=&#8220;4.16&#8243; locked=&#8220;off&#8220; global_colors_info=&#8220;{}&#8220;][et_pb_row _builder_version=&#8220;4.16&#8243; locked=&#8220;off&#8220; global_colors_info=&#8220;{}&#8220;][et_pb_column type=&#8220;4_4&#8243; _builder_version=&#8220;4.16&#8243; custom_padding=&#8220;|||&#8220; global_colors_info=&#8220;{}&#8220; custom_padding__hover=&#8220;|||&#8220;][et_pb_text _builder_version=&#8220;4.27.4&#8243; text_font=&#8220;||||||||&#8220; text_line_height=&#8220;2em&#8220; header_font=&#8220;Poppins|600|||||||&#8220; header_line_height=&#8220;1.3em&#8220; header_2_font=&#8220;Poppins|600|||||||&#8220; header_2_font_size=&#8220;32px&#8220; header_2_line_height=&#8220;1.6em&#8220; text_orientation=&#8220;center&#8220; max_width=&#8220;700px&#8220; module_alignment=&#8220;center&#8220; header_2_font_size_tablet=&#8220;24px&#8220; header_2_font_size_phone=&#8220;18px&#8220; header_2_font_size_last_edited=&#8220;on|phone&#8220; locked=&#8220;off&#8220; global_colors_info=&#8220;{}&#8220;]<\/p>\n<h1>CiraSync Sonderangebot f\u00fcr Benutzer von Exchange Server Pro:<\/h1>\n<p>[\/et_pb_text][\/et_pb_column][\/et_pb_row][et_pb_row column_structure=&#8220;2_5,3_5&#8243; _builder_version=&#8220;4.16&#8243; global_colors_info=&#8220;{}&#8220;][et_pb_column type=&#8220;2_5&#8243; _builder_version=&#8220;4.16&#8243; custom_padding=&#8220;|||&#8220; global_colors_info=&#8220;{}&#8220; custom_padding__hover=&#8220;|||&#8220;][et_pb_text _builder_version=&#8220;4.16&#8243; global_colors_info=&#8220;{}&#8220;]<\/p>\n<ol class=\"ready\">\n<li>Erhalten Sie eine erweiterte Testversion von CiraSync Enterprise Edition. Testen Sie die zentral verwaltete Kontaktsynchronisierung f\u00fcr 60 Tage und f\u00fcr 60 Benutzer.<\/li>\n<li>Synchronisieren Sie die globale Adressliste oder spezifische Gruppen mit Office 365 Postf\u00e4chern und Smartphones.<\/li>\n<li>Synchronisieren Sie \u00d6ffentliche Ordner (Kontakte und Kalender) mit Office 365 Postf\u00e4chern und Smartphones.<\/li>\n<li>Erhalten Sie E-Mail-Support und technischen Live-Support.<\/li>\n<\/ol>\n<p>[\/et_pb_text][\/et_pb_column][et_pb_column type=&#8220;3_5&#8243; _builder_version=&#8220;4.16&#8243; custom_padding=&#8220;|||&#8220; global_colors_info=&#8220;{}&#8220; custom_padding__hover=&#8220;|||&#8220;][et_pb_code _builder_version=&#8220;4.16&#8243; global_colors_info=&#8220;{}&#8220;]<\/p>\n<div class=\"_form_22\"><\/div>\n<p><script src=\"https:\/\/cirasync.activehosted.com\/f\/embed.php?id=22\" type=\"text\/javascript\" charset=\"utf-8\"><\/script>[\/et_pb_code][et_pb_text _builder_version=&#8220;4.16&#8243; global_colors_info=&#8220;{}&#8220;]<\/p>\n<p>CiraSync unterst\u00fctzt nur Postf\u00e4cher, die von Office 365 Exchange gehostet werden.<br \/><a target=\"_blank\" href=\"https:\/\/www.itrezzo.com\/\" rel=\"noopener noreferrer\">itrezzo<\/a> bietet lokale und hybride L\u00f6sungen der Kontaktsynchronisierung an<\/p>\n<p>[\/et_pb_text][\/et_pb_column][\/et_pb_row][\/et_pb_section]<\/p>\n","protected":false},"excerpt":{"rendered":"<p>CiraSync Sonderangebot f\u00fcr Benutzer von Exchange Server Pro: Erhalten Sie eine erweiterte Testversion von CiraSync Enterprise Edition. Testen Sie die zentral verwaltete Kontaktsynchronisierung f\u00fcr 60 Tage und f\u00fcr 60 Benutzer. Synchronisieren Sie die globale Adressliste oder spezifische Gruppen mit Office 365 Postf\u00e4chern und Smartphones. Synchronisieren Sie \u00d6ffentliche Ordner (Kontakte und Kalender) mit Office 365 Postf\u00e4chern [&hellip;]<\/p>\n","protected":false},"author":3,"featured_media":9787,"parent":0,"menu_order":0,"comment_status":"closed","ping_status":"closed","template":"","meta":{"_et_pb_use_builder":"on","_et_pb_old_content":"","_et_gb_content_width":"","_nextfly_llmd_date_locked":false,"footnotes":""},"class_list":["post-18203","page","type-page","status-publish","has-post-thumbnail","hentry"],"yoast_head":"<!-- This site is optimized with the Yoast SEO Premium plugin v27.1 (Yoast SEO v27.4) - https:\/\/yoast.com\/product\/yoast-seo-premium-wordpress\/ -->\n<title>Angebot Der Office 365 Kontaktsynchronisierung<\/title>\n<meta name=\"description\" content=\"Sonderangebot f\u00fcr Office 365 Kontaktsynchronisierung f\u00fcr Exchange Server Pro Abonnenten. Synchronisieren Sie GAL-Kontakte automatisch.\" \/>\n<meta name=\"robots\" content=\"index, follow, max-snippet:-1, max-image-preview:large, max-video-preview:-1\" \/>\n<link rel=\"canonical\" href=\"https:\/\/cirasync.com\/de\/angebot-der-office-365-kontaktsynchronisierung-fuer-abonnenten-des-exchange-server-pro\/\" \/>\n<meta property=\"og:locale\" content=\"de_DE\" \/>\n<meta property=\"og:type\" content=\"article\" \/>\n<meta property=\"og:title\" content=\"Angebot der Office 365 Kontaktsynchronisierung f\u00fcr Abonnenten des Exchange Server Pro\" \/>\n<meta property=\"og:description\" content=\"Sonderangebot f\u00fcr Office 365 Kontaktsynchronisierung f\u00fcr Exchange Server Pro Abonnenten. Synchronisieren Sie GAL-Kontakte automatisch.\" \/>\n<meta property=\"og:url\" content=\"https:\/\/cirasync.com\/de\/angebot-der-office-365-kontaktsynchronisierung-fuer-abonnenten-des-exchange-server-pro\/\" \/>\n<meta property=\"og:site_name\" content=\"CiraSync\" \/>\n<meta property=\"article:publisher\" content=\"https:\/\/www.facebook.com\/CiraSync\/\" \/>\n<meta property=\"article:modified_time\" content=\"2026-03-05T17:00:21+00:00\" \/>\n<meta property=\"og:image\" content=\"https:\/\/cirasync.com\/wp-content\/uploads\/2019\/04\/Cirasync_share_1200x630-01.png\" \/>\n\t<meta property=\"og:image:width\" content=\"1200\" \/>\n\t<meta property=\"og:image:height\" content=\"630\" \/>\n\t<meta property=\"og:image:type\" content=\"image\/png\" \/>\n<meta name=\"twitter:card\" content=\"summary_large_image\" \/>\n<meta name=\"twitter:site\" content=\"@CiraSync\" \/>\n<meta name=\"twitter:label1\" content=\"Gesch\u00e4tzte Lesezeit\" \/>\n\t<meta name=\"twitter:data1\" content=\"1\u00a0Minute\" \/>\n<script type=\"application\/ld+json\" class=\"yoast-schema-graph\">{\"@context\":\"https:\\\/\\\/schema.org\",\"@graph\":[{\"@type\":\"WebPage\",\"@id\":\"https:\\\/\\\/cirasync.com\\\/de\\\/angebot-der-office-365-kontaktsynchronisierung-fuer-abonnenten-des-exchange-server-pro\\\/\",\"url\":\"https:\\\/\\\/cirasync.com\\\/de\\\/angebot-der-office-365-kontaktsynchronisierung-fuer-abonnenten-des-exchange-server-pro\\\/\",\"name\":\"Angebot Der Office 365 Kontaktsynchronisierung\",\"isPartOf\":{\"@id\":\"https:\\\/\\\/cirasync.com\\\/de\\\/#website\"},\"primaryImageOfPage\":{\"@id\":\"https:\\\/\\\/cirasync.com\\\/de\\\/angebot-der-office-365-kontaktsynchronisierung-fuer-abonnenten-des-exchange-server-pro\\\/#primaryimage\"},\"image\":{\"@id\":\"https:\\\/\\\/cirasync.com\\\/de\\\/angebot-der-office-365-kontaktsynchronisierung-fuer-abonnenten-des-exchange-server-pro\\\/#primaryimage\"},\"thumbnailUrl\":\"https:\\\/\\\/cirasync.com\\\/wp-content\\\/uploads\\\/2019\\\/05\\\/default-image-cirasync_p-1.png\",\"datePublished\":\"2019-12-02T20:40:13+00:00\",\"dateModified\":\"2026-03-05T17:00:21+00:00\",\"description\":\"Sonderangebot f\u00fcr Office 365 Kontaktsynchronisierung f\u00fcr Exchange Server Pro Abonnenten. Synchronisieren Sie GAL-Kontakte automatisch.\",\"breadcrumb\":{\"@id\":\"https:\\\/\\\/cirasync.com\\\/de\\\/angebot-der-office-365-kontaktsynchronisierung-fuer-abonnenten-des-exchange-server-pro\\\/#breadcrumb\"},\"inLanguage\":\"de\",\"potentialAction\":[{\"@type\":\"ReadAction\",\"target\":[\"https:\\\/\\\/cirasync.com\\\/de\\\/angebot-der-office-365-kontaktsynchronisierung-fuer-abonnenten-des-exchange-server-pro\\\/\"]}]},{\"@type\":\"ImageObject\",\"inLanguage\":\"de\",\"@id\":\"https:\\\/\\\/cirasync.com\\\/de\\\/angebot-der-office-365-kontaktsynchronisierung-fuer-abonnenten-des-exchange-server-pro\\\/#primaryimage\",\"url\":\"https:\\\/\\\/cirasync.com\\\/wp-content\\\/uploads\\\/2019\\\/05\\\/default-image-cirasync_p-1.png\",\"contentUrl\":\"https:\\\/\\\/cirasync.com\\\/wp-content\\\/uploads\\\/2019\\\/05\\\/default-image-cirasync_p-1.png\",\"width\":1200,\"height\":630,\"caption\":\"default image cirasync_p\"},{\"@type\":\"BreadcrumbList\",\"@id\":\"https:\\\/\\\/cirasync.com\\\/de\\\/angebot-der-office-365-kontaktsynchronisierung-fuer-abonnenten-des-exchange-server-pro\\\/#breadcrumb\",\"itemListElement\":[{\"@type\":\"ListItem\",\"position\":1,\"name\":\"Home\",\"item\":\"https:\\\/\\\/cirasync.com\\\/de\\\/\"},{\"@type\":\"ListItem\",\"position\":2,\"name\":\"Angebot der Office 365 Kontaktsynchronisierung f\u00fcr Abonnenten des Exchange Server Pro\"}]},{\"@type\":\"WebSite\",\"@id\":\"https:\\\/\\\/cirasync.com\\\/de\\\/#website\",\"url\":\"https:\\\/\\\/cirasync.com\\\/de\\\/\",\"name\":\"CiraSync\",\"description\":\"Sync the Office 365 GAL, public folders and calendars to smartphones.\",\"publisher\":{\"@id\":\"https:\\\/\\\/cirasync.com\\\/de\\\/#organization\"},\"potentialAction\":[{\"@type\":\"SearchAction\",\"target\":{\"@type\":\"EntryPoint\",\"urlTemplate\":\"https:\\\/\\\/cirasync.com\\\/de\\\/?s={search_term_string}\"},\"query-input\":{\"@type\":\"PropertyValueSpecification\",\"valueRequired\":true,\"valueName\":\"search_term_string\"}}],\"inLanguage\":\"de\"},{\"@type\":\"Organization\",\"@id\":\"https:\\\/\\\/cirasync.com\\\/de\\\/#organization\",\"name\":\"CiraSync\",\"url\":\"https:\\\/\\\/cirasync.com\\\/de\\\/\",\"logo\":{\"@type\":\"ImageObject\",\"inLanguage\":\"de\",\"@id\":\"https:\\\/\\\/cirasync.com\\\/de\\\/#\\\/schema\\\/logo\\\/image\\\/\",\"url\":\"https:\\\/\\\/cirasync.com\\\/wp-content\\\/uploads\\\/2019\\\/07\\\/CiraSync-Logo-.png\",\"contentUrl\":\"https:\\\/\\\/cirasync.com\\\/wp-content\\\/uploads\\\/2019\\\/07\\\/CiraSync-Logo-.png\",\"width\":1200,\"height\":671,\"caption\":\"CiraSync\"},\"image\":{\"@id\":\"https:\\\/\\\/cirasync.com\\\/de\\\/#\\\/schema\\\/logo\\\/image\\\/\"},\"sameAs\":[\"https:\\\/\\\/www.facebook.com\\\/CiraSync\\\/\",\"https:\\\/\\\/x.com\\\/CiraSync\",\"https:\\\/\\\/www.linkedin.com\\\/company\\\/cira-apps-limited\",\"https:\\\/\\\/www.youtube.com\\\/channel\\\/UCdFkOfXlRAWRadzGit3jJZA\\\/videos\"],\"description\":\"CiraSync automatically syncs CRM, contact & calendar data from M365, Exchange & many CRMs to every smartphone.\",\"email\":\"support@cirasync.com\",\"telephone\":\"1 (202) 747 0888\",\"legalName\":\"CiraSync\"}]}<\/script>\n<!-- \/ Yoast SEO Premium plugin. -->","yoast_head_json":{"title":"Angebot Der Office 365 Kontaktsynchronisierung","description":"Sonderangebot f\u00fcr Office 365 Kontaktsynchronisierung f\u00fcr Exchange Server Pro Abonnenten. Synchronisieren Sie GAL-Kontakte automatisch.","robots":{"index":"index","follow":"follow","max-snippet":"max-snippet:-1","max-image-preview":"max-image-preview:large","max-video-preview":"max-video-preview:-1"},"canonical":"https:\/\/cirasync.com\/de\/angebot-der-office-365-kontaktsynchronisierung-fuer-abonnenten-des-exchange-server-pro\/","og_locale":"de_DE","og_type":"article","og_title":"Angebot der Office 365 Kontaktsynchronisierung f\u00fcr Abonnenten des Exchange Server Pro","og_description":"Sonderangebot f\u00fcr Office 365 Kontaktsynchronisierung f\u00fcr Exchange Server Pro Abonnenten. Synchronisieren Sie GAL-Kontakte automatisch.","og_url":"https:\/\/cirasync.com\/de\/angebot-der-office-365-kontaktsynchronisierung-fuer-abonnenten-des-exchange-server-pro\/","og_site_name":"CiraSync","article_publisher":"https:\/\/www.facebook.com\/CiraSync\/","article_modified_time":"2026-03-05T17:00:21+00:00","og_image":[{"width":1200,"height":630,"url":"https:\/\/cirasync.com\/wp-content\/uploads\/2019\/04\/Cirasync_share_1200x630-01.png","type":"image\/png"}],"twitter_card":"summary_large_image","twitter_site":"@CiraSync","twitter_misc":{"Gesch\u00e4tzte Lesezeit":"1\u00a0Minute"},"schema":{"@context":"https:\/\/schema.org","@graph":[{"@type":"WebPage","@id":"https:\/\/cirasync.com\/de\/angebot-der-office-365-kontaktsynchronisierung-fuer-abonnenten-des-exchange-server-pro\/","url":"https:\/\/cirasync.com\/de\/angebot-der-office-365-kontaktsynchronisierung-fuer-abonnenten-des-exchange-server-pro\/","name":"Angebot Der Office 365 Kontaktsynchronisierung","isPartOf":{"@id":"https:\/\/cirasync.com\/de\/#website"},"primaryImageOfPage":{"@id":"https:\/\/cirasync.com\/de\/angebot-der-office-365-kontaktsynchronisierung-fuer-abonnenten-des-exchange-server-pro\/#primaryimage"},"image":{"@id":"https:\/\/cirasync.com\/de\/angebot-der-office-365-kontaktsynchronisierung-fuer-abonnenten-des-exchange-server-pro\/#primaryimage"},"thumbnailUrl":"https:\/\/cirasync.com\/wp-content\/uploads\/2019\/05\/default-image-cirasync_p-1.png","datePublished":"2019-12-02T20:40:13+00:00","dateModified":"2026-03-05T17:00:21+00:00","description":"Sonderangebot f\u00fcr Office 365 Kontaktsynchronisierung f\u00fcr Exchange Server Pro Abonnenten. Synchronisieren Sie GAL-Kontakte automatisch.","breadcrumb":{"@id":"https:\/\/cirasync.com\/de\/angebot-der-office-365-kontaktsynchronisierung-fuer-abonnenten-des-exchange-server-pro\/#breadcrumb"},"inLanguage":"de","potentialAction":[{"@type":"ReadAction","target":["https:\/\/cirasync.com\/de\/angebot-der-office-365-kontaktsynchronisierung-fuer-abonnenten-des-exchange-server-pro\/"]}]},{"@type":"ImageObject","inLanguage":"de","@id":"https:\/\/cirasync.com\/de\/angebot-der-office-365-kontaktsynchronisierung-fuer-abonnenten-des-exchange-server-pro\/#primaryimage","url":"https:\/\/cirasync.com\/wp-content\/uploads\/2019\/05\/default-image-cirasync_p-1.png","contentUrl":"https:\/\/cirasync.com\/wp-content\/uploads\/2019\/05\/default-image-cirasync_p-1.png","width":1200,"height":630,"caption":"default image cirasync_p"},{"@type":"BreadcrumbList","@id":"https:\/\/cirasync.com\/de\/angebot-der-office-365-kontaktsynchronisierung-fuer-abonnenten-des-exchange-server-pro\/#breadcrumb","itemListElement":[{"@type":"ListItem","position":1,"name":"Home","item":"https:\/\/cirasync.com\/de\/"},{"@type":"ListItem","position":2,"name":"Angebot der Office 365 Kontaktsynchronisierung f\u00fcr Abonnenten des Exchange Server Pro"}]},{"@type":"WebSite","@id":"https:\/\/cirasync.com\/de\/#website","url":"https:\/\/cirasync.com\/de\/","name":"CiraSync","description":"Sync the Office 365 GAL, public folders and calendars to smartphones.","publisher":{"@id":"https:\/\/cirasync.com\/de\/#organization"},"potentialAction":[{"@type":"SearchAction","target":{"@type":"EntryPoint","urlTemplate":"https:\/\/cirasync.com\/de\/?s={search_term_string}"},"query-input":{"@type":"PropertyValueSpecification","valueRequired":true,"valueName":"search_term_string"}}],"inLanguage":"de"},{"@type":"Organization","@id":"https:\/\/cirasync.com\/de\/#organization","name":"CiraSync","url":"https:\/\/cirasync.com\/de\/","logo":{"@type":"ImageObject","inLanguage":"de","@id":"https:\/\/cirasync.com\/de\/#\/schema\/logo\/image\/","url":"https:\/\/cirasync.com\/wp-content\/uploads\/2019\/07\/CiraSync-Logo-.png","contentUrl":"https:\/\/cirasync.com\/wp-content\/uploads\/2019\/07\/CiraSync-Logo-.png","width":1200,"height":671,"caption":"CiraSync"},"image":{"@id":"https:\/\/cirasync.com\/de\/#\/schema\/logo\/image\/"},"sameAs":["https:\/\/www.facebook.com\/CiraSync\/","https:\/\/x.com\/CiraSync","https:\/\/www.linkedin.com\/company\/cira-apps-limited","https:\/\/www.youtube.com\/channel\/UCdFkOfXlRAWRadzGit3jJZA\/videos"],"description":"CiraSync automatically syncs CRM, contact & calendar data from M365, Exchange & many CRMs to every smartphone.","email":"support@cirasync.com","telephone":"1 (202) 747 0888","legalName":"CiraSync"}]}},"_links":{"self":[{"href":"https:\/\/cirasync.com\/de\/wp-json\/wp\/v2\/pages\/18203","targetHints":{"allow":["GET"]}}],"collection":[{"href":"https:\/\/cirasync.com\/de\/wp-json\/wp\/v2\/pages"}],"about":[{"href":"https:\/\/cirasync.com\/de\/wp-json\/wp\/v2\/types\/page"}],"author":[{"embeddable":true,"href":"https:\/\/cirasync.com\/de\/wp-json\/wp\/v2\/users\/3"}],"replies":[{"embeddable":true,"href":"https:\/\/cirasync.com\/de\/wp-json\/wp\/v2\/comments?post=18203"}],"version-history":[{"count":0,"href":"https:\/\/cirasync.com\/de\/wp-json\/wp\/v2\/pages\/18203\/revisions"}],"wp:featuredmedia":[{"embeddable":true,"href":"https:\/\/cirasync.com\/de\/wp-json\/wp\/v2\/media\/9787"}],"wp:attachment":[{"href":"https:\/\/cirasync.com\/de\/wp-json\/wp\/v2\/media?parent=18203"}],"curies":[{"name":"wp","href":"https:\/\/api.w.org\/{rel}","templated":true}]}}