{"id":25793,"date":"2020-07-30T06:30:12","date_gmt":"2020-07-30T13:30:12","guid":{"rendered":"http:\/\/cirasync.com\/?page_id=25793"},"modified":"2025-10-15T15:53:27","modified_gmt":"2025-10-15T22:53:27","slug":"e-books-home","status":"publish","type":"page","link":"https:\/\/cirasync.com\/de\/e-books-home\/","title":{"rendered":"E-Books Startseite"},"content":{"rendered":"<p>[et_pb_section fb_built=&#8220;1&#8243; module_class=&#8220;res-hero&#8220; _builder_version=&#8220;4.16&#8243; background_color=&#8220;#f3fbff&#8220; global_colors_info=&#8220;{}&#8220;][et_pb_row column_structure=&#8220;1_2,1_2&#8243; _builder_version=&#8220;4.16&#8243; custom_padding=&#8220;0px||0px||false|false&#8220; global_colors_info=&#8220;{}&#8220;][et_pb_column type=&#8220;1_2&#8243; _builder_version=&#8220;4.16&#8243; global_colors_info=&#8220;{}&#8220;][et_pb_blog posts_number=&#8220;1&#8243; include_categories=&#8220;4807&#8243; show_author=&#8220;off&#8220; show_date=&#8220;off&#8220; show_categories=&#8220;off&#8220; show_excerpt=&#8220;off&#8220; show_pagination=&#8220;off&#8220; _builder_version=&#8220;4.16&#8243; custom_padding=&#8220;||0px||false|false&#8220; custom_css_title=&#8220;display:none&#8220; global_colors_info=&#8220;{}&#8220;][\/et_pb_blog][\/et_pb_column][et_pb_column type=&#8220;1_2&#8243; _builder_version=&#8220;4.16&#8243; global_colors_info=&#8220;{}&#8220;][et_pb_text module_class=&#8220;video-title&#8220; _builder_version=&#8220;4.16&#8243; global_colors_info=&#8220;{}&#8220;]E-Book[\/et_pb_text][et_pb_blog posts_number=&#8220;1&#8243; include_categories=&#8220;4807&#8243; show_thumbnail=&#8220;off&#8220; use_manual_excerpt=&#8220;off&#8220; excerpt_length=&#8220;0&#8243; show_more=&#8220;on&#8220; show_author=&#8220;off&#8220; show_date=&#8220;off&#8220; show_categories=&#8220;off&#8220; show_excerpt=&#8220;off&#8220; show_pagination=&#8220;off&#8220; module_class=&#8220;res-home-hero&#8220; _builder_version=&#8220;4.16&#8243; header_font_size=&#8220;45px&#8220; header_line_height=&#8220;1.3em&#8220; body_font=&#8220;Poppins||||||||&#8220; body_text_color=&#8220;#404040&#8243; body_font_size=&#8220;18px&#8220; body_line_height=&#8220;1.8em&#8220; read_more_font=&#8220;Poppins||||||||&#8220; read_more_text_color=&#8220;#1d80cc&#8220; custom_css_read_more=&#8220;margin-top:15px;font-weight:400; border:1px solid #1c80cc; display:inline-block!important; padding:7px 20px; border-radius:3px;&#8220; global_colors_info=&#8220;{}&#8220;][\/et_pb_blog][\/et_pb_column][\/et_pb_row][\/et_pb_section][et_pb_section fb_built=&#8220;1&#8243; _builder_version=&#8220;4.16&#8243; global_colors_info=&#8220;{}&#8220;][et_pb_row _builder_version=&#8220;4.16&#8243; global_colors_info=&#8220;{}&#8220;][et_pb_column type=&#8220;4_4&#8243; _builder_version=&#8220;4.16&#8243; global_colors_info=&#8220;{}&#8220;][et_pb_text _builder_version=&#8220;4.16&#8243; text_orientation=&#8220;center&#8220; global_colors_info=&#8220;{}&#8220;]<\/p>\n<h1><span class=\"ez-toc-section\" id=\"More_e-books\"><\/span><span dir=\"auto\" style=\"vertical-align: inherit;\"><span dir=\"auto\" style=\"vertical-align: inherit;\">More e-books<\/span><\/span><span class=\"ez-toc-section-end\"><\/span><\/h1>\n<p>[\/et_pb_text][et_pb_blog fullwidth=&#8220;off&#8220; include_categories=&#8220;4807&#8243; use_manual_excerpt=&#8220;off&#8220; show_author=&#8220;off&#8220; show_date=&#8220;off&#8220; show_excerpt=&#8220;off&#8220; offset_number=&#8220;1&#8243; _builder_version=&#8220;4.16&#8243; global_colors_info=&#8220;{}&#8220;][\/et_pb_blog][\/et_pb_column][\/et_pb_row][et_pb_row _builder_version=&#8220;4.16&#8243; global_colors_info=&#8220;{}&#8220;][et_pb_column type=&#8220;4_4&#8243; _builder_version=&#8220;4.16&#8243; global_colors_info=&#8220;{}&#8220;][et_pb_text _builder_version=&#8220;4.16&#8243; global_colors_info=&#8220;{}&#8220;]<\/p>\n<h2 style=\"text-align: center;\"><span class=\"ez-toc-section\" id=\"Kurzanleitungen\"><\/span>Kurzanleitungen<span class=\"ez-toc-section-end\"><\/span><\/h2>\n<p>[\/et_pb_text][\/et_pb_column][\/et_pb_row][et_pb_row column_structure=&#8220;1_2,1_2&#8243; _builder_version=&#8220;4.16&#8243; global_colors_info=&#8220;{}&#8220;][et_pb_column type=&#8220;1_2&#8243; _builder_version=&#8220;4.16&#8243; global_colors_info=&#8220;{}&#8220;][et_pb_image src=&#8220;https:\/\/cirasync.com\/wp-content\/uploads\/2019\/10\/qsg_thumbnail.png&#8220; url=&#8220;\/?p=8688&#8243; _builder_version=&#8220;4.16&#8243; global_colors_info=&#8220;{}&#8220;][\/et_pb_image][et_pb_text _builder_version=&#8220;4.16&#8243; link_option_url=&#8220;https:\/\/cirasync.com\/wp-content\/uploads\/2019\/08\/CiraSync-QSG_PE_EE_July_2020_Final.pdf&#8220; global_colors_info=&#8220;{}&#8220;]<\/p>\n<h5>Kurzanleitung: Personal Edition<\/h5>\n<p>[\/et_pb_text][\/et_pb_column][et_pb_column type=&#8220;1_2&#8243; _builder_version=&#8220;4.16&#8243; global_colors_info=&#8220;{}&#8220;][et_pb_image src=&#8220;https:\/\/cirasync.com\/wp-content\/uploads\/2019\/10\/qsg_thumbnail.png&#8220; url=&#8220;http:\/\/cirasync.com\/support-artikel\/it-verwaltung\/cirasync-dienstkonto-so-klappt-es-mit-der-einrichtung-in-office-365\/?lang=de&#8220; _builder_version=&#8220;4.16&#8243; global_colors_info=&#8220;{}&#8220;][\/et_pb_image][et_pb_text _builder_version=&#8220;4.16&#8243; link_option_url=&#8220;http:\/\/cirasync.com\/support-artikel\/it-verwaltung\/cirasync-dienstkonto-so-klappt-es-mit-der-einrichtung-in-office-365\/?lang=de&#8220; global_colors_info=&#8220;{}&#8220;]<\/p>\n<h5>Kurznleitung: Enterprise Edition<\/h5>\n<p>[\/et_pb_text][\/et_pb_column][\/et_pb_row][\/et_pb_section][et_pb_section fb_built=&#8220;1&#8243; _builder_version=&#8220;4.16&#8243; background_color=&#8220;#f3fbff&#8220; global_colors_info=&#8220;{}&#8220;][et_pb_row _builder_version=&#8220;4.16&#8243; global_colors_info=&#8220;{}&#8220;][et_pb_column type=&#8220;4_4&#8243; _builder_version=&#8220;4.16&#8243; global_colors_info=&#8220;{}&#8220;][et_pb_text _builder_version=&#8220;4.16&#8243; global_colors_info=&#8220;{}&#8220;]<\/p>\n<h4 style=\"text-align: center;\">Weitere Ressourcen<\/h4>\n<p>[\/et_pb_text][\/et_pb_column][\/et_pb_row][et_pb_row column_structure=&#8220;1_5,1_5,1_5,1_5,1_5&#8243; _builder_version=&#8220;4.16&#8243; global_colors_info=&#8220;{}&#8220;][et_pb_column type=&#8220;1_5&#8243; _builder_version=&#8220;4.16&#8243; global_colors_info=&#8220;{}&#8220;][et_pb_image src=&#8220;https:\/\/cirasync.com\/wp-content\/uploads\/\/2019\/10\/videos.svg&#8220; url=&#8220;http:\/\/cirasync.com\/videos-de\/?lang=de&#8220; align=&#8220;center&#8220; _builder_version=&#8220;4.16&#8243; global_colors_info=&#8220;{}&#8220;][\/et_pb_image][et_pb_text _builder_version=&#8220;4.16&#8243; link_option_url=&#8220;http:\/\/cirasync.com\/videos-de\/?lang=de&#8220; global_colors_info=&#8220;{}&#8220;]<\/p>\n<h6 style=\"text-align: center;\">Videos<\/h6>\n<p>[\/et_pb_text][\/et_pb_column][et_pb_column type=&#8220;1_5&#8243; _builder_version=&#8220;4.16&#8243; global_colors_info=&#8220;{}&#8220;][et_pb_image src=&#8220;https:\/\/cirasync.com\/wp-content\/uploads\/\/2019\/10\/ebook.svg&#8220; url=&#8220;http:\/\/cirasync.com\/ebooks-de\/?lang=de&#8220; align=&#8220;center&#8220; _builder_version=&#8220;4.16&#8243; global_colors_info=&#8220;{}&#8220;][\/et_pb_image][et_pb_text _builder_version=&#8220;4.16&#8243; link_option_url=&#8220;http:\/\/cirasync.com\/ebooks-de\/?lang=de&#8220; global_colors_info=&#8220;{}&#8220;]<\/p>\n<h6 style=\"text-align: center;\">E-Books<\/h6>\n<p>[\/et_pb_text][\/et_pb_column][et_pb_column type=&#8220;1_5&#8243; _builder_version=&#8220;4.16&#8243; global_colors_info=&#8220;{}&#8220;][et_pb_image src=&#8220;https:\/\/cirasync.com\/wp-content\/uploads\/\/2019\/10\/case-study4.svg&#8220; url=&#8220;https:\/\/cirasync.com\/de\/fallstudien\/?lang=de&#8220; align=&#8220;center&#8220; _builder_version=&#8220;4.16&#8243; global_colors_info=&#8220;{}&#8220;][\/et_pb_image][et_pb_text _builder_version=&#8220;4.16&#8243; link_option_url=&#8220;https:\/\/cirasync.com\/de\/fallstudien\/?lang=de&#8220; global_colors_info=&#8220;{}&#8220;]<\/p>\n<h6 style=\"text-align: center;\">Fallstudien<\/h6>\n<p>[\/et_pb_text][\/et_pb_column][et_pb_column type=&#8220;1_5&#8243; _builder_version=&#8220;4.16&#8243; global_colors_info=&#8220;{}&#8220;][et_pb_image src=&#8220;https:\/\/cirasync.com\/wp-content\/uploads\/\/2019\/10\/testimonial.svg&#8220; url=&#8220;https:\/\/cirasync.com\/de\/referenzen\/?lang=de&#8220; align=&#8220;center&#8220; _builder_version=&#8220;4.16&#8243; global_colors_info=&#8220;{}&#8220;][\/et_pb_image][et_pb_text _builder_version=&#8220;4.16&#8243; link_option_url=&#8220;https:\/\/cirasync.com\/de\/referenzen\/?lang=de&#8220; global_colors_info=&#8220;{}&#8220;]<\/p>\n<h6 style=\"text-align: center;\">Referenzen<\/h6>\n<p>[\/et_pb_text][\/et_pb_column][et_pb_column type=&#8220;1_5&#8243; _builder_version=&#8220;4.16&#8243; global_colors_info=&#8220;{}&#8220;][et_pb_image src=&#8220;https:\/\/cirasync.com\/wp-content\/uploads\/\/2019\/10\/support2.svg&#8220; url=&#8220;https:\/\/cirasync.com\/de\/support-startseite\/?lang=de&#8220; align=&#8220;center&#8220; _builder_version=&#8220;4.16&#8243; global_colors_info=&#8220;{}&#8220;][\/et_pb_image][et_pb_text _builder_version=&#8220;4.16&#8243; link_option_url=&#8220;https:\/\/cirasync.com\/de\/support-startseite\/?lang=de&#8220; global_colors_info=&#8220;{}&#8220;]<\/p>\n<h6 style=\"text-align: center;\">Support<\/h6>\n<p>[\/et_pb_text][\/et_pb_column][\/et_pb_row][\/et_pb_section]<\/p>\n","protected":false},"excerpt":{"rendered":"<p>E-BookMore e-booksKurzanleitungenKurzanleitung: Personal EditionKurznleitung: Enterprise EditionWeitere RessourcenVideosE-BooksFallstudienReferenzenSupport<\/p>\n","protected":false},"author":3,"featured_media":11920,"parent":0,"menu_order":0,"comment_status":"closed","ping_status":"closed","template":"","meta":{"_et_pb_use_builder":"on","_et_pb_old_content":"","_et_gb_content_width":"","_nextfly_llmd_date_locked":false,"footnotes":""},"class_list":["post-25793","page","type-page","status-publish","has-post-thumbnail","hentry"],"yoast_head":"<!-- This site is optimized with the Yoast SEO Premium plugin v27.1 (Yoast SEO v27.1.1) - https:\/\/yoast.com\/product\/yoast-seo-premium-wordpress\/ -->\n<title>E-Books Startseite &#8212; CiraSync<\/title>\n<meta name=\"description\" content=\"E\u2011Books von CiraSync: Praxisleitf\u00e4den zu GAL\u2011Sync, \u00f6ffentl. Ordnern, Governance und Mobilit\u00e4t. Laden Sie Ressourcen f\u00fcr Admins und IT\u2011Leiter kostenlos herunter.\" \/>\n<meta name=\"robots\" content=\"index, follow, max-snippet:-1, max-image-preview:large, max-video-preview:-1\" \/>\n<link rel=\"canonical\" href=\"https:\/\/cirasync.com\/de\/e-books-home\/\" \/>\n<meta property=\"og:locale\" content=\"de_DE\" \/>\n<meta property=\"og:type\" content=\"article\" \/>\n<meta property=\"og:title\" content=\"E-Books Startseite\" \/>\n<meta property=\"og:description\" content=\"E\u2011Books von CiraSync: Praxisleitf\u00e4den zu GAL\u2011Sync, \u00f6ffentl. Ordnern, Governance und Mobilit\u00e4t. Laden Sie Ressourcen f\u00fcr Admins und IT\u2011Leiter kostenlos herunter.\" \/>\n<meta property=\"og:url\" content=\"https:\/\/cirasync.com\/de\/e-books-home\/\" \/>\n<meta property=\"og:site_name\" content=\"CiraSync\" \/>\n<meta property=\"article:publisher\" content=\"https:\/\/www.facebook.com\/CiraSync\/\" \/>\n<meta property=\"article:modified_time\" content=\"2025-10-15T22:53:27+00:00\" \/>\n<meta property=\"og:image\" content=\"https:\/\/cirasync.com\/wp-content\/uploads\/2019\/05\/default-image-cirasync_p-1.png\" \/>\n\t<meta property=\"og:image:width\" content=\"1200\" \/>\n\t<meta property=\"og:image:height\" content=\"630\" \/>\n\t<meta property=\"og:image:type\" content=\"image\/png\" \/>\n<meta name=\"twitter:card\" content=\"summary_large_image\" \/>\n<meta name=\"twitter:site\" content=\"@CiraSync\" \/>\n<meta name=\"twitter:label1\" content=\"Gesch\u00e4tzte Lesezeit\" \/>\n\t<meta name=\"twitter:data1\" content=\"2\u00a0Minuten\" \/>\n<script type=\"application\/ld+json\" class=\"yoast-schema-graph\">{\"@context\":\"https:\/\/schema.org\",\"@graph\":[{\"@type\":\"WebPage\",\"@id\":\"https:\/\/cirasync.com\/de\/e-books-home\/\",\"url\":\"https:\/\/cirasync.com\/de\/e-books-home\/\",\"name\":\"E-Books Startseite &#8212; CiraSync\",\"isPartOf\":{\"@id\":\"https:\/\/cirasync.com\/de\/#website\"},\"primaryImageOfPage\":{\"@id\":\"https:\/\/cirasync.com\/de\/e-books-home\/#primaryimage\"},\"image\":{\"@id\":\"https:\/\/cirasync.com\/de\/e-books-home\/#primaryimage\"},\"thumbnailUrl\":\"https:\/\/cirasync.com\/wp-content\/uploads\/2019\/05\/default-image-cirasync_p-1.png\",\"datePublished\":\"2020-07-30T13:30:12+00:00\",\"dateModified\":\"2025-10-15T22:53:27+00:00\",\"description\":\"E\u2011Books von CiraSync: Praxisleitf\u00e4den zu GAL\u2011Sync, \u00f6ffentl. Ordnern, Governance und Mobilit\u00e4t. Laden Sie Ressourcen f\u00fcr Admins und IT\u2011Leiter kostenlos herunter.\",\"breadcrumb\":{\"@id\":\"https:\/\/cirasync.com\/de\/e-books-home\/#breadcrumb\"},\"inLanguage\":\"de\",\"potentialAction\":[{\"@type\":\"ReadAction\",\"target\":[\"https:\/\/cirasync.com\/de\/e-books-home\/\"]}]},{\"@type\":\"ImageObject\",\"inLanguage\":\"de\",\"@id\":\"https:\/\/cirasync.com\/de\/e-books-home\/#primaryimage\",\"url\":\"https:\/\/cirasync.com\/wp-content\/uploads\/2019\/05\/default-image-cirasync_p-1.png\",\"contentUrl\":\"https:\/\/cirasync.com\/wp-content\/uploads\/2019\/05\/default-image-cirasync_p-1.png\",\"width\":1200,\"height\":630,\"caption\":\"default image cirasync_p\"},{\"@type\":\"BreadcrumbList\",\"@id\":\"https:\/\/cirasync.com\/de\/e-books-home\/#breadcrumb\",\"itemListElement\":[{\"@type\":\"ListItem\",\"position\":1,\"name\":\"Home\",\"item\":\"https:\/\/cirasync.com\/de\/\"},{\"@type\":\"ListItem\",\"position\":2,\"name\":\"E-Books Startseite\"}]},{\"@type\":\"WebSite\",\"@id\":\"https:\/\/cirasync.com\/de\/#website\",\"url\":\"https:\/\/cirasync.com\/de\/\",\"name\":\"CiraSync\",\"description\":\"Sync the Office 365 GAL, public folders and calendars to smartphones.\",\"publisher\":{\"@id\":\"https:\/\/cirasync.com\/de\/#organization\"},\"potentialAction\":[{\"@type\":\"SearchAction\",\"target\":{\"@type\":\"EntryPoint\",\"urlTemplate\":\"https:\/\/cirasync.com\/de\/?s={search_term_string}\"},\"query-input\":{\"@type\":\"PropertyValueSpecification\",\"valueRequired\":true,\"valueName\":\"search_term_string\"}}],\"inLanguage\":\"de\"},{\"@type\":\"Organization\",\"@id\":\"https:\/\/cirasync.com\/de\/#organization\",\"name\":\"CiraSync\",\"url\":\"https:\/\/cirasync.com\/de\/\",\"logo\":{\"@type\":\"ImageObject\",\"inLanguage\":\"de\",\"@id\":\"https:\/\/cirasync.com\/de\/#\/schema\/logo\/image\/\",\"url\":\"https:\/\/cirasync.com\/wp-content\/uploads\/2019\/07\/CiraSync-Logo-.png\",\"contentUrl\":\"https:\/\/cirasync.com\/wp-content\/uploads\/2019\/07\/CiraSync-Logo-.png\",\"width\":1200,\"height\":671,\"caption\":\"CiraSync\"},\"image\":{\"@id\":\"https:\/\/cirasync.com\/de\/#\/schema\/logo\/image\/\"},\"sameAs\":[\"https:\/\/www.facebook.com\/CiraSync\/\",\"https:\/\/x.com\/CiraSync\",\"https:\/\/www.linkedin.com\/company\/cira-apps-limited\",\"https:\/\/www.youtube.com\/channel\/UCdFkOfXlRAWRadzGit3jJZA\/videos\"],\"description\":\"CiraSync automatically syncs CRM, contact & calendar data from M365, Exchange & many CRMs to every smartphone.\",\"email\":\"support@cirasync.com\",\"telephone\":\"1 (202) 747 0888\",\"legalName\":\"CiraSync\"}]}<\/script>\n<!-- \/ Yoast SEO Premium plugin. -->","yoast_head_json":{"title":"E-Books Startseite &#8212; CiraSync","description":"E\u2011Books von CiraSync: Praxisleitf\u00e4den zu GAL\u2011Sync, \u00f6ffentl. Ordnern, Governance und Mobilit\u00e4t. Laden Sie Ressourcen f\u00fcr Admins und IT\u2011Leiter kostenlos herunter.","robots":{"index":"index","follow":"follow","max-snippet":"max-snippet:-1","max-image-preview":"max-image-preview:large","max-video-preview":"max-video-preview:-1"},"canonical":"https:\/\/cirasync.com\/de\/e-books-home\/","og_locale":"de_DE","og_type":"article","og_title":"E-Books Startseite","og_description":"E\u2011Books von CiraSync: Praxisleitf\u00e4den zu GAL\u2011Sync, \u00f6ffentl. Ordnern, Governance und Mobilit\u00e4t. Laden Sie Ressourcen f\u00fcr Admins und IT\u2011Leiter kostenlos herunter.","og_url":"https:\/\/cirasync.com\/de\/e-books-home\/","og_site_name":"CiraSync","article_publisher":"https:\/\/www.facebook.com\/CiraSync\/","article_modified_time":"2025-10-15T22:53:27+00:00","og_image":[{"width":1200,"height":630,"url":"https:\/\/cirasync.com\/wp-content\/uploads\/2019\/05\/default-image-cirasync_p-1.png","type":"image\/png"}],"twitter_card":"summary_large_image","twitter_site":"@CiraSync","twitter_misc":{"Gesch\u00e4tzte Lesezeit":"2\u00a0Minuten"},"schema":{"@context":"https:\/\/schema.org","@graph":[{"@type":"WebPage","@id":"https:\/\/cirasync.com\/de\/e-books-home\/","url":"https:\/\/cirasync.com\/de\/e-books-home\/","name":"E-Books Startseite &#8212; CiraSync","isPartOf":{"@id":"https:\/\/cirasync.com\/de\/#website"},"primaryImageOfPage":{"@id":"https:\/\/cirasync.com\/de\/e-books-home\/#primaryimage"},"image":{"@id":"https:\/\/cirasync.com\/de\/e-books-home\/#primaryimage"},"thumbnailUrl":"https:\/\/cirasync.com\/wp-content\/uploads\/2019\/05\/default-image-cirasync_p-1.png","datePublished":"2020-07-30T13:30:12+00:00","dateModified":"2025-10-15T22:53:27+00:00","description":"E\u2011Books von CiraSync: Praxisleitf\u00e4den zu GAL\u2011Sync, \u00f6ffentl. Ordnern, Governance und Mobilit\u00e4t. Laden Sie Ressourcen f\u00fcr Admins und IT\u2011Leiter kostenlos herunter.","breadcrumb":{"@id":"https:\/\/cirasync.com\/de\/e-books-home\/#breadcrumb"},"inLanguage":"de","potentialAction":[{"@type":"ReadAction","target":["https:\/\/cirasync.com\/de\/e-books-home\/"]}]},{"@type":"ImageObject","inLanguage":"de","@id":"https:\/\/cirasync.com\/de\/e-books-home\/#primaryimage","url":"https:\/\/cirasync.com\/wp-content\/uploads\/2019\/05\/default-image-cirasync_p-1.png","contentUrl":"https:\/\/cirasync.com\/wp-content\/uploads\/2019\/05\/default-image-cirasync_p-1.png","width":1200,"height":630,"caption":"default image cirasync_p"},{"@type":"BreadcrumbList","@id":"https:\/\/cirasync.com\/de\/e-books-home\/#breadcrumb","itemListElement":[{"@type":"ListItem","position":1,"name":"Home","item":"https:\/\/cirasync.com\/de\/"},{"@type":"ListItem","position":2,"name":"E-Books Startseite"}]},{"@type":"WebSite","@id":"https:\/\/cirasync.com\/de\/#website","url":"https:\/\/cirasync.com\/de\/","name":"CiraSync","description":"Sync the Office 365 GAL, public folders and calendars to smartphones.","publisher":{"@id":"https:\/\/cirasync.com\/de\/#organization"},"potentialAction":[{"@type":"SearchAction","target":{"@type":"EntryPoint","urlTemplate":"https:\/\/cirasync.com\/de\/?s={search_term_string}"},"query-input":{"@type":"PropertyValueSpecification","valueRequired":true,"valueName":"search_term_string"}}],"inLanguage":"de"},{"@type":"Organization","@id":"https:\/\/cirasync.com\/de\/#organization","name":"CiraSync","url":"https:\/\/cirasync.com\/de\/","logo":{"@type":"ImageObject","inLanguage":"de","@id":"https:\/\/cirasync.com\/de\/#\/schema\/logo\/image\/","url":"https:\/\/cirasync.com\/wp-content\/uploads\/2019\/07\/CiraSync-Logo-.png","contentUrl":"https:\/\/cirasync.com\/wp-content\/uploads\/2019\/07\/CiraSync-Logo-.png","width":1200,"height":671,"caption":"CiraSync"},"image":{"@id":"https:\/\/cirasync.com\/de\/#\/schema\/logo\/image\/"},"sameAs":["https:\/\/www.facebook.com\/CiraSync\/","https:\/\/x.com\/CiraSync","https:\/\/www.linkedin.com\/company\/cira-apps-limited","https:\/\/www.youtube.com\/channel\/UCdFkOfXlRAWRadzGit3jJZA\/videos"],"description":"CiraSync automatically syncs CRM, contact & calendar data from M365, Exchange & many CRMs to every smartphone.","email":"support@cirasync.com","telephone":"1 (202) 747 0888","legalName":"CiraSync"}]}},"_links":{"self":[{"href":"https:\/\/cirasync.com\/de\/wp-json\/wp\/v2\/pages\/25793","targetHints":{"allow":["GET"]}}],"collection":[{"href":"https:\/\/cirasync.com\/de\/wp-json\/wp\/v2\/pages"}],"about":[{"href":"https:\/\/cirasync.com\/de\/wp-json\/wp\/v2\/types\/page"}],"author":[{"embeddable":true,"href":"https:\/\/cirasync.com\/de\/wp-json\/wp\/v2\/users\/3"}],"replies":[{"embeddable":true,"href":"https:\/\/cirasync.com\/de\/wp-json\/wp\/v2\/comments?post=25793"}],"version-history":[{"count":0,"href":"https:\/\/cirasync.com\/de\/wp-json\/wp\/v2\/pages\/25793\/revisions"}],"wp:featuredmedia":[{"embeddable":true,"href":"https:\/\/cirasync.com\/de\/wp-json\/wp\/v2\/media\/11920"}],"wp:attachment":[{"href":"https:\/\/cirasync.com\/de\/wp-json\/wp\/v2\/media?parent=25793"}],"curies":[{"name":"wp","href":"https:\/\/api.w.org\/{rel}","templated":true}]}}