{"id":25987,"date":"2020-10-02T08:03:59","date_gmt":"2020-10-02T15:03:59","guid":{"rendered":"https:\/\/ciraapps.com\/?page_id=25987"},"modified":"2025-10-23T07:23:25","modified_gmt":"2025-10-23T14:23:25","slug":"ueber-die-abrechnung-von-cirasync-partnern","status":"publish","type":"page","link":"https:\/\/cirasync.com\/de\/partner-2\/ueber-die-abrechnung-von-cirasync-partnern\/","title":{"rendered":"\u00dcber die Abrechnung von CiraSync-Partnern"},"content":{"rendered":"<p>[et_pb_section fb_built=&#8220;1&#8243; module_class=&#8220;partner-qsg&#8220; _builder_version=&#8220;4.16&#8243; global_colors_info=&#8220;{}&#8220;][et_pb_row column_structure=&#8220;1_3,2_3&#8243; _builder_version=&#8220;4.16&#8243; global_colors_info=&#8220;{}&#8220;][et_pb_column type=&#8220;1_3&#8243; _builder_version=&#8220;4.16&#8243; global_colors_info=&#8220;{}&#8220;][et_pb_sidebar area=&#8220;et_pb_widget_area_4&#8243; _builder_version=&#8220;4.16&#8243; global_colors_info=&#8220;{}&#8220;][\/et_pb_sidebar][\/et_pb_column][et_pb_column type=&#8220;2_3&#8243; _builder_version=&#8220;4.16&#8243; global_colors_info=&#8220;{}&#8220;][et_pb_text _builder_version=&#8220;4.16&#8243; global_colors_info=&#8220;{}&#8220;]<\/p>\n<h1>\u00dcber die Abrechnung von CiraSync-Partnern<\/h1>\n<p>CiraSync rechnet mit Partnern \u00fcber <strong>Daily<\/strong> <strong>Subscription Units (DSU),<\/strong> ab, die f\u00fcr einen einzelnen Nutzer sowie einen einzelnen Tag gelten und nicht ablaufen.<\/p>\n<p>DSUs werden in Paketen gekauft. Diese Pakete k\u00f6nnen \u00fcber das Partnerportal verwaltet werden. Bei Gro\u00dfeink\u00e4ufen k\u00f6nnen Mengenrabatte gew\u00e4hrt werden. Mit anderen Worten, der Kauf gr\u00f6\u00dferer Pakete ist billiger als der Kauf kleinerer Pakete.<\/p>\n<p>Partner bezahlen nur f\u00fcr die ersten 25 Tage des Monats. Die restlichen Tage des Monats sind eine True Up-Periode, die nicht berechnet wird.\n<\/p>\n<p>In der Abbildung unten sehen Sie, wie die Partner abgerechnet werden:<\/p>\n<p><img decoding=\"async\" class=\"wp-image-21695 aligncenter size-full\" src=\"https:\/\/cirasync.com\/wp-content\/uploads\/2020\/03\/DSU-Billing-Diagram-1.jpg\" alt=\"\" width=\"948\" height=\"813\" srcset=\"https:\/\/cirasync.com\/wp-content\/uploads\/2020\/03\/DSU-Billing-Diagram-1.jpg 948w, https:\/\/cirasync.com\/wp-content\/uploads\/2020\/03\/DSU-Billing-Diagram-1-480x412.jpg 480w\" sizes=\"(min-width: 0px) and (max-width: 480px) 480px, (min-width: 481px) 948px, 100vw\" \/><\/p>\n<p>CiraSync hat keine Rechnungsbeziehung mit Partnerkunden.\u00a0CiraSync-Partner k\u00f6nnen dieses Angebot mit anderen Diensten b\u00fcndeln und zus\u00e4tzliche Kunden\/Inhaber hinzuf\u00fcgen, um den gleichen Pool von DSUs zu nutzen. <\/p>\n<p>Au\u00dferdem stellt CiraSync den Partnern zu Beginn des Partnerprogramms zun\u00e4chst 2.000 kostenlose DSUs zur Verf\u00fcgung. Es steht den Partnern frei, diese Lizenzen nach Belieben zu nutzen.<\/p>\n<p><a href=\"http:\/\/cirasync.com\/?page_id=26462&#038;lang=de\" class=\"next-post\">Next Article: Purchasing CiraSync Daily Subscription Units<\/a>[\/et_pb_text][\/et_pb_column][\/et_pb_row][\/et_pb_section]<\/p>\n","protected":false},"excerpt":{"rendered":"<p>\u00dcber die Abrechnung von CiraSync-Partnern CiraSync rechnet mit Partnern \u00fcber Daily Subscription Units (DSU), ab, die f\u00fcr einen einzelnen Nutzer sowie einen einzelnen Tag gelten und nicht ablaufen. DSUs werden in Paketen gekauft. Diese Pakete k\u00f6nnen \u00fcber das Partnerportal verwaltet werden. Bei Gro\u00dfeink\u00e4ufen k\u00f6nnen Mengenrabatte gew\u00e4hrt werden. Mit anderen Worten, der Kauf gr\u00f6\u00dferer Pakete ist [&hellip;]<\/p>\n","protected":false},"author":12,"featured_media":19738,"parent":17421,"menu_order":0,"comment_status":"closed","ping_status":"closed","template":"","meta":{"_et_pb_use_builder":"on","_et_pb_old_content":"","_et_gb_content_width":"","_nextfly_llmd_date_locked":false,"footnotes":""},"class_list":["post-25987","page","type-page","status-publish","has-post-thumbnail","hentry"],"yoast_head":"<!-- This site is optimized with the Yoast SEO Premium plugin v27.1 (Yoast SEO v27.1.1) - https:\/\/yoast.com\/product\/yoast-seo-premium-wordpress\/ -->\n<title>\u00dcber die Abrechnung von CiraSync-Partnern | CiraSync<\/title>\n<meta name=\"description\" content=\"Partner\u2011Abrechnung (DE): Leitfaden zu Verfahren, Reporting und Governance \u2013 effizient, nachvollziehbar, kundenfreundlich.\" \/>\n<meta name=\"robots\" content=\"index, follow, max-snippet:-1, max-image-preview:large, max-video-preview:-1\" \/>\n<link rel=\"canonical\" href=\"https:\/\/cirasync.com\/de\/partner-2\/ueber-die-abrechnung-von-cirasync-partnern\/\" \/>\n<meta property=\"og:locale\" content=\"de_DE\" \/>\n<meta property=\"og:type\" content=\"article\" \/>\n<meta property=\"og:title\" content=\"\u00dcber die Abrechnung von CiraSync-Partnern\" \/>\n<meta property=\"og:description\" content=\"Partner\u2011Abrechnung (DE): Leitfaden zu Verfahren, Reporting und Governance \u2013 effizient, nachvollziehbar, kundenfreundlich.\" \/>\n<meta property=\"og:url\" content=\"https:\/\/cirasync.com\/de\/partner-2\/ueber-die-abrechnung-von-cirasync-partnern\/\" \/>\n<meta property=\"og:site_name\" content=\"CiraSync\" \/>\n<meta property=\"article:publisher\" content=\"https:\/\/www.facebook.com\/CiraSync\/\" \/>\n<meta property=\"article:modified_time\" content=\"2025-10-23T14:23:25+00:00\" \/>\n<meta property=\"og:image\" content=\"https:\/\/cirasync.com\/wp-content\/uploads\/2020\/01\/Partners-Man.png\" \/>\n\t<meta property=\"og:image:width\" content=\"1080\" \/>\n\t<meta property=\"og:image:height\" content=\"630\" \/>\n\t<meta property=\"og:image:type\" content=\"image\/png\" \/>\n<meta name=\"twitter:card\" content=\"summary_large_image\" \/>\n<meta name=\"twitter:site\" content=\"@CiraSync\" \/>\n<meta name=\"twitter:label1\" content=\"Gesch\u00e4tzte Lesezeit\" \/>\n\t<meta name=\"twitter:data1\" content=\"2\u00a0Minuten\" \/>\n<script type=\"application\/ld+json\" class=\"yoast-schema-graph\">{\"@context\":\"https:\/\/schema.org\",\"@graph\":[{\"@type\":\"WebPage\",\"@id\":\"https:\/\/cirasync.com\/de\/partner-2\/ueber-die-abrechnung-von-cirasync-partnern\/\",\"url\":\"https:\/\/cirasync.com\/de\/partner-2\/ueber-die-abrechnung-von-cirasync-partnern\/\",\"name\":\"\u00dcber die Abrechnung von CiraSync-Partnern | CiraSync\",\"isPartOf\":{\"@id\":\"https:\/\/cirasync.com\/de\/#website\"},\"primaryImageOfPage\":{\"@id\":\"https:\/\/cirasync.com\/de\/partner-2\/ueber-die-abrechnung-von-cirasync-partnern\/#primaryimage\"},\"image\":{\"@id\":\"https:\/\/cirasync.com\/de\/partner-2\/ueber-die-abrechnung-von-cirasync-partnern\/#primaryimage\"},\"thumbnailUrl\":\"https:\/\/cirasync.com\/wp-content\/uploads\/2020\/01\/Partners-Man.png\",\"datePublished\":\"2020-10-02T15:03:59+00:00\",\"dateModified\":\"2025-10-23T14:23:25+00:00\",\"description\":\"Partner\u2011Abrechnung (DE): Leitfaden zu Verfahren, Reporting und Governance \u2013 effizient, nachvollziehbar, kundenfreundlich.\",\"breadcrumb\":{\"@id\":\"https:\/\/cirasync.com\/de\/partner-2\/ueber-die-abrechnung-von-cirasync-partnern\/#breadcrumb\"},\"inLanguage\":\"de\",\"potentialAction\":[{\"@type\":\"ReadAction\",\"target\":[\"https:\/\/cirasync.com\/de\/partner-2\/ueber-die-abrechnung-von-cirasync-partnern\/\"]}]},{\"@type\":\"ImageObject\",\"inLanguage\":\"de\",\"@id\":\"https:\/\/cirasync.com\/de\/partner-2\/ueber-die-abrechnung-von-cirasync-partnern\/#primaryimage\",\"url\":\"https:\/\/cirasync.com\/wp-content\/uploads\/2020\/01\/Partners-Man.png\",\"contentUrl\":\"https:\/\/cirasync.com\/wp-content\/uploads\/2020\/01\/Partners-Man.png\",\"width\":1080,\"height\":630,\"caption\":\"Partners-Man\"},{\"@type\":\"BreadcrumbList\",\"@id\":\"https:\/\/cirasync.com\/de\/partner-2\/ueber-die-abrechnung-von-cirasync-partnern\/#breadcrumb\",\"itemListElement\":[{\"@type\":\"ListItem\",\"position\":1,\"name\":\"Home\",\"item\":\"https:\/\/cirasync.com\/de\/\"},{\"@type\":\"ListItem\",\"position\":2,\"name\":\"Partner\",\"item\":\"https:\/\/cirasync.com\/de\/partner-2\/\"},{\"@type\":\"ListItem\",\"position\":3,\"name\":\"\u00dcber die Abrechnung von CiraSync-Partnern\"}]},{\"@type\":\"WebSite\",\"@id\":\"https:\/\/cirasync.com\/de\/#website\",\"url\":\"https:\/\/cirasync.com\/de\/\",\"name\":\"CiraSync\",\"description\":\"Sync the Office 365 GAL, public folders and calendars to smartphones.\",\"publisher\":{\"@id\":\"https:\/\/cirasync.com\/de\/#organization\"},\"potentialAction\":[{\"@type\":\"SearchAction\",\"target\":{\"@type\":\"EntryPoint\",\"urlTemplate\":\"https:\/\/cirasync.com\/de\/?s={search_term_string}\"},\"query-input\":{\"@type\":\"PropertyValueSpecification\",\"valueRequired\":true,\"valueName\":\"search_term_string\"}}],\"inLanguage\":\"de\"},{\"@type\":\"Organization\",\"@id\":\"https:\/\/cirasync.com\/de\/#organization\",\"name\":\"CiraSync\",\"url\":\"https:\/\/cirasync.com\/de\/\",\"logo\":{\"@type\":\"ImageObject\",\"inLanguage\":\"de\",\"@id\":\"https:\/\/cirasync.com\/de\/#\/schema\/logo\/image\/\",\"url\":\"https:\/\/cirasync.com\/wp-content\/uploads\/2019\/07\/CiraSync-Logo-.png\",\"contentUrl\":\"https:\/\/cirasync.com\/wp-content\/uploads\/2019\/07\/CiraSync-Logo-.png\",\"width\":1200,\"height\":671,\"caption\":\"CiraSync\"},\"image\":{\"@id\":\"https:\/\/cirasync.com\/de\/#\/schema\/logo\/image\/\"},\"sameAs\":[\"https:\/\/www.facebook.com\/CiraSync\/\",\"https:\/\/x.com\/CiraSync\",\"https:\/\/www.linkedin.com\/company\/cira-apps-limited\",\"https:\/\/www.youtube.com\/channel\/UCdFkOfXlRAWRadzGit3jJZA\/videos\"],\"description\":\"CiraSync automatically syncs CRM, contact & calendar data from M365, Exchange & many CRMs to every smartphone.\",\"email\":\"support@cirasync.com\",\"telephone\":\"1 (202) 747 0888\",\"legalName\":\"CiraSync\"}]}<\/script>\n<!-- \/ Yoast SEO Premium plugin. -->","yoast_head_json":{"title":"\u00dcber die Abrechnung von CiraSync-Partnern | CiraSync","description":"Partner\u2011Abrechnung (DE): Leitfaden zu Verfahren, Reporting und Governance \u2013 effizient, nachvollziehbar, kundenfreundlich.","robots":{"index":"index","follow":"follow","max-snippet":"max-snippet:-1","max-image-preview":"max-image-preview:large","max-video-preview":"max-video-preview:-1"},"canonical":"https:\/\/cirasync.com\/de\/partner-2\/ueber-die-abrechnung-von-cirasync-partnern\/","og_locale":"de_DE","og_type":"article","og_title":"\u00dcber die Abrechnung von CiraSync-Partnern","og_description":"Partner\u2011Abrechnung (DE): Leitfaden zu Verfahren, Reporting und Governance \u2013 effizient, nachvollziehbar, kundenfreundlich.","og_url":"https:\/\/cirasync.com\/de\/partner-2\/ueber-die-abrechnung-von-cirasync-partnern\/","og_site_name":"CiraSync","article_publisher":"https:\/\/www.facebook.com\/CiraSync\/","article_modified_time":"2025-10-23T14:23:25+00:00","og_image":[{"width":1080,"height":630,"url":"https:\/\/cirasync.com\/wp-content\/uploads\/2020\/01\/Partners-Man.png","type":"image\/png"}],"twitter_card":"summary_large_image","twitter_site":"@CiraSync","twitter_misc":{"Gesch\u00e4tzte Lesezeit":"2\u00a0Minuten"},"schema":{"@context":"https:\/\/schema.org","@graph":[{"@type":"WebPage","@id":"https:\/\/cirasync.com\/de\/partner-2\/ueber-die-abrechnung-von-cirasync-partnern\/","url":"https:\/\/cirasync.com\/de\/partner-2\/ueber-die-abrechnung-von-cirasync-partnern\/","name":"\u00dcber die Abrechnung von CiraSync-Partnern | CiraSync","isPartOf":{"@id":"https:\/\/cirasync.com\/de\/#website"},"primaryImageOfPage":{"@id":"https:\/\/cirasync.com\/de\/partner-2\/ueber-die-abrechnung-von-cirasync-partnern\/#primaryimage"},"image":{"@id":"https:\/\/cirasync.com\/de\/partner-2\/ueber-die-abrechnung-von-cirasync-partnern\/#primaryimage"},"thumbnailUrl":"https:\/\/cirasync.com\/wp-content\/uploads\/2020\/01\/Partners-Man.png","datePublished":"2020-10-02T15:03:59+00:00","dateModified":"2025-10-23T14:23:25+00:00","description":"Partner\u2011Abrechnung (DE): Leitfaden zu Verfahren, Reporting und Governance \u2013 effizient, nachvollziehbar, kundenfreundlich.","breadcrumb":{"@id":"https:\/\/cirasync.com\/de\/partner-2\/ueber-die-abrechnung-von-cirasync-partnern\/#breadcrumb"},"inLanguage":"de","potentialAction":[{"@type":"ReadAction","target":["https:\/\/cirasync.com\/de\/partner-2\/ueber-die-abrechnung-von-cirasync-partnern\/"]}]},{"@type":"ImageObject","inLanguage":"de","@id":"https:\/\/cirasync.com\/de\/partner-2\/ueber-die-abrechnung-von-cirasync-partnern\/#primaryimage","url":"https:\/\/cirasync.com\/wp-content\/uploads\/2020\/01\/Partners-Man.png","contentUrl":"https:\/\/cirasync.com\/wp-content\/uploads\/2020\/01\/Partners-Man.png","width":1080,"height":630,"caption":"Partners-Man"},{"@type":"BreadcrumbList","@id":"https:\/\/cirasync.com\/de\/partner-2\/ueber-die-abrechnung-von-cirasync-partnern\/#breadcrumb","itemListElement":[{"@type":"ListItem","position":1,"name":"Home","item":"https:\/\/cirasync.com\/de\/"},{"@type":"ListItem","position":2,"name":"Partner","item":"https:\/\/cirasync.com\/de\/partner-2\/"},{"@type":"ListItem","position":3,"name":"\u00dcber die Abrechnung von CiraSync-Partnern"}]},{"@type":"WebSite","@id":"https:\/\/cirasync.com\/de\/#website","url":"https:\/\/cirasync.com\/de\/","name":"CiraSync","description":"Sync the Office 365 GAL, public folders and calendars to smartphones.","publisher":{"@id":"https:\/\/cirasync.com\/de\/#organization"},"potentialAction":[{"@type":"SearchAction","target":{"@type":"EntryPoint","urlTemplate":"https:\/\/cirasync.com\/de\/?s={search_term_string}"},"query-input":{"@type":"PropertyValueSpecification","valueRequired":true,"valueName":"search_term_string"}}],"inLanguage":"de"},{"@type":"Organization","@id":"https:\/\/cirasync.com\/de\/#organization","name":"CiraSync","url":"https:\/\/cirasync.com\/de\/","logo":{"@type":"ImageObject","inLanguage":"de","@id":"https:\/\/cirasync.com\/de\/#\/schema\/logo\/image\/","url":"https:\/\/cirasync.com\/wp-content\/uploads\/2019\/07\/CiraSync-Logo-.png","contentUrl":"https:\/\/cirasync.com\/wp-content\/uploads\/2019\/07\/CiraSync-Logo-.png","width":1200,"height":671,"caption":"CiraSync"},"image":{"@id":"https:\/\/cirasync.com\/de\/#\/schema\/logo\/image\/"},"sameAs":["https:\/\/www.facebook.com\/CiraSync\/","https:\/\/x.com\/CiraSync","https:\/\/www.linkedin.com\/company\/cira-apps-limited","https:\/\/www.youtube.com\/channel\/UCdFkOfXlRAWRadzGit3jJZA\/videos"],"description":"CiraSync automatically syncs CRM, contact & calendar data from M365, Exchange & many CRMs to every smartphone.","email":"support@cirasync.com","telephone":"1 (202) 747 0888","legalName":"CiraSync"}]}},"_links":{"self":[{"href":"https:\/\/cirasync.com\/de\/wp-json\/wp\/v2\/pages\/25987","targetHints":{"allow":["GET"]}}],"collection":[{"href":"https:\/\/cirasync.com\/de\/wp-json\/wp\/v2\/pages"}],"about":[{"href":"https:\/\/cirasync.com\/de\/wp-json\/wp\/v2\/types\/page"}],"author":[{"embeddable":true,"href":"https:\/\/cirasync.com\/de\/wp-json\/wp\/v2\/users\/12"}],"replies":[{"embeddable":true,"href":"https:\/\/cirasync.com\/de\/wp-json\/wp\/v2\/comments?post=25987"}],"version-history":[{"count":0,"href":"https:\/\/cirasync.com\/de\/wp-json\/wp\/v2\/pages\/25987\/revisions"}],"up":[{"embeddable":true,"href":"https:\/\/cirasync.com\/de\/wp-json\/wp\/v2\/pages\/17421"}],"wp:featuredmedia":[{"embeddable":true,"href":"https:\/\/cirasync.com\/de\/wp-json\/wp\/v2\/media\/19738"}],"wp:attachment":[{"href":"https:\/\/cirasync.com\/de\/wp-json\/wp\/v2\/media?parent=25987"}],"curies":[{"name":"wp","href":"https:\/\/api.w.org\/{rel}","templated":true}]}}