{"id":26020,"date":"2020-10-02T06:50:19","date_gmt":"2020-10-02T13:50:19","guid":{"rendered":"https:\/\/ciraapps.com\/?page_id=26020"},"modified":"2025-10-23T07:18:58","modified_gmt":"2025-10-23T14:18:58","slug":"hinzufuegen-zusaetzlicher-portalbesitzer","status":"publish","type":"page","link":"https:\/\/cirasync.com\/de\/partner-2\/hinzufuegen-zusaetzlicher-portalbesitzer\/","title":{"rendered":"Hinzuf\u00fcgen zus\u00e4tzlicher Portalbesitzer"},"content":{"rendered":"<p>[et_pb_section fb_built=&#8220;1&#8243; module_class=&#8220;partner-qsg&#8220; _builder_version=&#8220;4.6.1&#8243; _dynamic_attributes=&#8220;link_option_url&#8220; link_option_url=&#8220;@ET-DC@eyJkeW5hbWljIjp0cnVlLCJjb250ZW50IjoicG9zdF9saW5rX3VybF9wYWdlIiwic2V0dGluZ3MiOnsicG9zdF9pZCI6IjE5ODczIn19@&#8220;][et_pb_row column_structure=&#8220;1_3,2_3&#8243; _builder_version=&#8220;4.2.1&#8243;][et_pb_column type=&#8220;1_3&#8243; _builder_version=&#8220;4.2.1&#8243;][et_pb_sidebar area=&#8220;et_pb_widget_area_4&#8243; _builder_version=&#8220;4.4.0&#8243; body_font=&#8220;||||||||&#8220;][\/et_pb_sidebar][\/et_pb_column][et_pb_column type=&#8220;2_3&#8243; _builder_version=&#8220;4.2.1&#8243;][et_pb_text _builder_version=&#8220;4.4.0&#8243;]<\/p>\n<h1><span class=\"ez-toc-section\" id=\"Hinzufuegen_zusaetzlicher_Portalbesitzer\"><\/span>Hinzuf\u00fcgen zus\u00e4tzlicher Portalbesitzer<span class=\"ez-toc-section-end\"><\/span><\/h1>\n<p>Nach der Genehmigung f\u00fcr das CiraSync-Partnerprogramm wird per E-Mail eine Einladung an die Registrierungs-E-Mail geschickt. Das Konto, das zum Einloggen in das <strong>CiraSync Partner-Portal<\/strong> verwendet wird, wird zum <strong>Portalbesitzer.<\/strong> Diese Rolle verf\u00fcgt \u00fcber administrative Berechtigungen f\u00fcr das Partner-Portal und die Tenants seiner Kunden. Nach der ersten Anmeldung im Partner-Portal k\u00f6nnen weitere Portalbesitzer zum Partnerkonto hinzugef\u00fcgt werden. Nachfolgend wird die Prozedur beschrieben, wie weitere Portalbesitzer zum Partner-Portal hinzugef\u00fcgt werden k\u00f6nnen.<\/p>\n<h2><span class=\"ez-toc-section\" id=\"Anleitung\"><\/span>Anleitung<span class=\"ez-toc-section-end\"><\/span><\/h2>\n<h3><span class=\"ez-toc-section\" id=\"Hinzufuegen_zusaetzlicher_Portalbesitzer-2\"><\/span>Hinzuf\u00fcgen zus\u00e4tzlicher Portalbesitzer<span class=\"ez-toc-section-end\"><\/span><\/h3>\n<ol>\n<li>Melden Sie sich im <strong>CiraSync Partner-Portal an.<\/strong><\/li>\n<li>Klicken Sie auf den Benutzernamen in der oberen rechten Ecke des <strong>Partner-Portal Dashboards.<\/strong><\/li>\n<li>Klicken Sie auf <strong>Einstellungen. <\/strong><\/li>\n<li>Klicken Sie in der linken Navigationsleiste auf <strong>Rollen verwalten.<\/strong> <\/li>\n<li>Klicken Sie auf <strong>\u00c4NDERN<\/strong> im <strong>Partner-Portal<\/strong> Feld. (Siehe Abbildung unten.)<img decoding=\"async\" class=\"aligncenter size-large wp-image-19251\" src=\"https:\/\/cirasync.com\/wp-content\/uploads\/2020\/01\/Partner-QSG-Manage-Change-Roles-Settings_markup-1024x355.png\" alt=\"\" width=\"1024\" height=\"355\" srcset=\"https:\/\/cirasync.com\/wp-content\/uploads\/2020\/01\/Partner-QSG-Manage-Change-Roles-Settings_markup-980x340.png 980w, https:\/\/cirasync.com\/wp-content\/uploads\/2020\/01\/Partner-QSG-Manage-Change-Roles-Settings_markup-480x167.png 480w\" sizes=\"(min-width: 0px) and (max-width: 480px) 480px, (min-width: 481px) and (max-width: 980px) 980px, (min-width: 981px) 1024px, 100vw\" \/><\/li>\n<li>W\u00e4hlen Sie das gew\u00fcnschte Konto aus, das als Portalbesitzer festgelegt werden soll.<\/li>\n<li>\u00a0Klicken Sie auf\u00a0<strong>Speichern.\u00a0<\/strong><\/li>\n<\/ol>\n<p><a href=\"https:\/\/cirasync.com\/de\/?page_id=26456\" class=\"next-post\">N\u00e4chster Artikel: Verwaltung der CiraSync Kunden-Tenants von <\/a>[\/et_pb_text][et_pb_code _builder_version=&#8220;4.2.1&#8243;]<script><!-- [et_pb_line_break_holder] -->$(document).ready(function () {<!-- [et_pb_line_break_holder] -->    $(window).on(\"resize\", function (e) {<!-- [et_pb_line_break_holder] -->        checkScreenSize();<!-- [et_pb_line_break_holder] -->    });<!-- [et_pb_line_break_holder] --><!-- [et_pb_line_break_holder] -->    checkScreenSize();<!-- [et_pb_line_break_holder] --><!-- [et_pb_line_break_holder] -->    function checkScreenSize(){<!-- [et_pb_line_break_holder] -->        var newWindowWidth = $(window).width();<!-- [et_pb_line_break_holder] -->        if (newWindowWidth < 980) {<!-- [et_pb_line_break_holder] -->            $('.et_pb_column_1_3').insertAfter('.et_pb_column_2_3');<!-- [et_pb_line_break_holder] -->        } else {<!-- [et_pb_line_break_holder] -->           $('.et_pb_column_1_3').insertBefore('.et_pb_column_2_3');<!-- [et_pb_line_break_holder] -->    \t\t}<!-- [et_pb_line_break_holder] -->    }<!-- [et_pb_line_break_holder] -->});<!-- [et_pb_line_break_holder] --><\/script>[\/et_pb_code][\/et_pb_column][\/et_pb_row][\/et_pb_section]<\/p>\n","protected":false},"excerpt":{"rendered":"<p>Hinzuf\u00fcgen zus\u00e4tzlicher Portalbesitzer Nach der Genehmigung f\u00fcr das CiraSync-Partnerprogramm wird per E-Mail eine Einladung an die Registrierungs-E-Mail geschickt. Das Konto, das zum Einloggen in das CiraSync Partner-Portal verwendet wird, wird zum Portalbesitzer. Diese Rolle verf\u00fcgt \u00fcber administrative Berechtigungen f\u00fcr das Partner-Portal und die Tenants seiner Kunden. Nach der ersten Anmeldung im Partner-Portal k\u00f6nnen weitere Portalbesitzer [&hellip;]<\/p>\n","protected":false},"author":3,"featured_media":19730,"parent":17421,"menu_order":0,"comment_status":"closed","ping_status":"closed","template":"","meta":{"_et_pb_use_builder":"on","_et_pb_old_content":"","_et_gb_content_width":"","_nextfly_llmd_date_locked":false,"footnotes":""},"class_list":["post-26020","page","type-page","status-publish","has-post-thumbnail","hentry"],"yoast_head":"<!-- This site is optimized with the Yoast SEO Premium plugin v27.1 (Yoast SEO v27.1.1) - https:\/\/yoast.com\/product\/yoast-seo-premium-wordpress\/ -->\n<title>Hinzuf\u00fcgen zus\u00e4tzlicher Portalbesitzer | CiraSync<\/title>\n<meta name=\"description\" content=\"Partnerportal: Weitere Besitzer hinzuf\u00fcgen \u2013 Rollen, Rechte und Empfehlungen f\u00fcr sichere, nachvollziehbare Administration.\" \/>\n<meta name=\"robots\" content=\"index, follow, max-snippet:-1, max-image-preview:large, max-video-preview:-1\" \/>\n<link rel=\"canonical\" href=\"https:\/\/cirasync.com\/de\/partner-2\/hinzufuegen-zusaetzlicher-portalbesitzer\/\" \/>\n<meta property=\"og:locale\" content=\"de_DE\" \/>\n<meta property=\"og:type\" content=\"article\" \/>\n<meta property=\"og:title\" content=\"Hinzuf\u00fcgen zus\u00e4tzlicher Portalbesitzer\" \/>\n<meta property=\"og:description\" content=\"Partnerportal: Weitere Besitzer hinzuf\u00fcgen \u2013 Rollen, Rechte und Empfehlungen f\u00fcr sichere, nachvollziehbare Administration.\" \/>\n<meta property=\"og:url\" content=\"https:\/\/cirasync.com\/de\/partner-2\/hinzufuegen-zusaetzlicher-portalbesitzer\/\" \/>\n<meta property=\"og:site_name\" content=\"CiraSync\" \/>\n<meta property=\"article:publisher\" content=\"https:\/\/www.facebook.com\/CiraSync\/\" \/>\n<meta property=\"article:modified_time\" content=\"2025-10-23T14:18:58+00:00\" \/>\n<meta property=\"og:image\" content=\"https:\/\/cirasync.com\/wp-content\/uploads\/2020\/01\/Partners-Woman.png\" \/>\n\t<meta property=\"og:image:width\" content=\"1080\" \/>\n\t<meta property=\"og:image:height\" content=\"630\" \/>\n\t<meta property=\"og:image:type\" content=\"image\/png\" \/>\n<meta name=\"twitter:card\" content=\"summary_large_image\" \/>\n<meta name=\"twitter:site\" content=\"@CiraSync\" \/>\n<meta name=\"twitter:label1\" content=\"Gesch\u00e4tzte Lesezeit\" \/>\n\t<meta name=\"twitter:data1\" content=\"1\u00a0Minute\" \/>\n<script type=\"application\/ld+json\" class=\"yoast-schema-graph\">{\"@context\":\"https:\/\/schema.org\",\"@graph\":[{\"@type\":\"WebPage\",\"@id\":\"https:\/\/cirasync.com\/de\/partner-2\/hinzufuegen-zusaetzlicher-portalbesitzer\/\",\"url\":\"https:\/\/cirasync.com\/de\/partner-2\/hinzufuegen-zusaetzlicher-portalbesitzer\/\",\"name\":\"Hinzuf\u00fcgen zus\u00e4tzlicher Portalbesitzer | CiraSync\",\"isPartOf\":{\"@id\":\"https:\/\/cirasync.com\/de\/#website\"},\"primaryImageOfPage\":{\"@id\":\"https:\/\/cirasync.com\/de\/partner-2\/hinzufuegen-zusaetzlicher-portalbesitzer\/#primaryimage\"},\"image\":{\"@id\":\"https:\/\/cirasync.com\/de\/partner-2\/hinzufuegen-zusaetzlicher-portalbesitzer\/#primaryimage\"},\"thumbnailUrl\":\"https:\/\/cirasync.com\/wp-content\/uploads\/2020\/01\/Partners-Woman.png\",\"datePublished\":\"2020-10-02T13:50:19+00:00\",\"dateModified\":\"2025-10-23T14:18:58+00:00\",\"description\":\"Partnerportal: Weitere Besitzer hinzuf\u00fcgen \u2013 Rollen, Rechte und Empfehlungen f\u00fcr sichere, nachvollziehbare Administration.\",\"breadcrumb\":{\"@id\":\"https:\/\/cirasync.com\/de\/partner-2\/hinzufuegen-zusaetzlicher-portalbesitzer\/#breadcrumb\"},\"inLanguage\":\"de\",\"potentialAction\":[{\"@type\":\"ReadAction\",\"target\":[\"https:\/\/cirasync.com\/de\/partner-2\/hinzufuegen-zusaetzlicher-portalbesitzer\/\"]}]},{\"@type\":\"ImageObject\",\"inLanguage\":\"de\",\"@id\":\"https:\/\/cirasync.com\/de\/partner-2\/hinzufuegen-zusaetzlicher-portalbesitzer\/#primaryimage\",\"url\":\"https:\/\/cirasync.com\/wp-content\/uploads\/2020\/01\/Partners-Woman.png\",\"contentUrl\":\"https:\/\/cirasync.com\/wp-content\/uploads\/2020\/01\/Partners-Woman.png\",\"width\":1080,\"height\":630,\"caption\":\"Partners-Woman\"},{\"@type\":\"BreadcrumbList\",\"@id\":\"https:\/\/cirasync.com\/de\/partner-2\/hinzufuegen-zusaetzlicher-portalbesitzer\/#breadcrumb\",\"itemListElement\":[{\"@type\":\"ListItem\",\"position\":1,\"name\":\"Home\",\"item\":\"https:\/\/cirasync.com\/de\/\"},{\"@type\":\"ListItem\",\"position\":2,\"name\":\"Partner\",\"item\":\"https:\/\/cirasync.com\/de\/partner-2\/\"},{\"@type\":\"ListItem\",\"position\":3,\"name\":\"Hinzuf\u00fcgen zus\u00e4tzlicher Portalbesitzer\"}]},{\"@type\":\"WebSite\",\"@id\":\"https:\/\/cirasync.com\/de\/#website\",\"url\":\"https:\/\/cirasync.com\/de\/\",\"name\":\"CiraSync\",\"description\":\"Sync the Office 365 GAL, public folders and calendars to smartphones.\",\"publisher\":{\"@id\":\"https:\/\/cirasync.com\/de\/#organization\"},\"potentialAction\":[{\"@type\":\"SearchAction\",\"target\":{\"@type\":\"EntryPoint\",\"urlTemplate\":\"https:\/\/cirasync.com\/de\/?s={search_term_string}\"},\"query-input\":{\"@type\":\"PropertyValueSpecification\",\"valueRequired\":true,\"valueName\":\"search_term_string\"}}],\"inLanguage\":\"de\"},{\"@type\":\"Organization\",\"@id\":\"https:\/\/cirasync.com\/de\/#organization\",\"name\":\"CiraSync\",\"url\":\"https:\/\/cirasync.com\/de\/\",\"logo\":{\"@type\":\"ImageObject\",\"inLanguage\":\"de\",\"@id\":\"https:\/\/cirasync.com\/de\/#\/schema\/logo\/image\/\",\"url\":\"https:\/\/cirasync.com\/wp-content\/uploads\/2019\/07\/CiraSync-Logo-.png\",\"contentUrl\":\"https:\/\/cirasync.com\/wp-content\/uploads\/2019\/07\/CiraSync-Logo-.png\",\"width\":1200,\"height\":671,\"caption\":\"CiraSync\"},\"image\":{\"@id\":\"https:\/\/cirasync.com\/de\/#\/schema\/logo\/image\/\"},\"sameAs\":[\"https:\/\/www.facebook.com\/CiraSync\/\",\"https:\/\/x.com\/CiraSync\",\"https:\/\/www.linkedin.com\/company\/cira-apps-limited\",\"https:\/\/www.youtube.com\/channel\/UCdFkOfXlRAWRadzGit3jJZA\/videos\"],\"description\":\"CiraSync automatically syncs CRM, contact & calendar data from M365, Exchange & many CRMs to every smartphone.\",\"email\":\"support@cirasync.com\",\"telephone\":\"1 (202) 747 0888\",\"legalName\":\"CiraSync\"}]}<\/script>\n<!-- \/ Yoast SEO Premium plugin. -->","yoast_head_json":{"title":"Hinzuf\u00fcgen zus\u00e4tzlicher Portalbesitzer | CiraSync","description":"Partnerportal: Weitere Besitzer hinzuf\u00fcgen \u2013 Rollen, Rechte und Empfehlungen f\u00fcr sichere, nachvollziehbare Administration.","robots":{"index":"index","follow":"follow","max-snippet":"max-snippet:-1","max-image-preview":"max-image-preview:large","max-video-preview":"max-video-preview:-1"},"canonical":"https:\/\/cirasync.com\/de\/partner-2\/hinzufuegen-zusaetzlicher-portalbesitzer\/","og_locale":"de_DE","og_type":"article","og_title":"Hinzuf\u00fcgen zus\u00e4tzlicher Portalbesitzer","og_description":"Partnerportal: Weitere Besitzer hinzuf\u00fcgen \u2013 Rollen, Rechte und Empfehlungen f\u00fcr sichere, nachvollziehbare Administration.","og_url":"https:\/\/cirasync.com\/de\/partner-2\/hinzufuegen-zusaetzlicher-portalbesitzer\/","og_site_name":"CiraSync","article_publisher":"https:\/\/www.facebook.com\/CiraSync\/","article_modified_time":"2025-10-23T14:18:58+00:00","og_image":[{"width":1080,"height":630,"url":"https:\/\/cirasync.com\/wp-content\/uploads\/2020\/01\/Partners-Woman.png","type":"image\/png"}],"twitter_card":"summary_large_image","twitter_site":"@CiraSync","twitter_misc":{"Gesch\u00e4tzte Lesezeit":"1\u00a0Minute"},"schema":{"@context":"https:\/\/schema.org","@graph":[{"@type":"WebPage","@id":"https:\/\/cirasync.com\/de\/partner-2\/hinzufuegen-zusaetzlicher-portalbesitzer\/","url":"https:\/\/cirasync.com\/de\/partner-2\/hinzufuegen-zusaetzlicher-portalbesitzer\/","name":"Hinzuf\u00fcgen zus\u00e4tzlicher Portalbesitzer | CiraSync","isPartOf":{"@id":"https:\/\/cirasync.com\/de\/#website"},"primaryImageOfPage":{"@id":"https:\/\/cirasync.com\/de\/partner-2\/hinzufuegen-zusaetzlicher-portalbesitzer\/#primaryimage"},"image":{"@id":"https:\/\/cirasync.com\/de\/partner-2\/hinzufuegen-zusaetzlicher-portalbesitzer\/#primaryimage"},"thumbnailUrl":"https:\/\/cirasync.com\/wp-content\/uploads\/2020\/01\/Partners-Woman.png","datePublished":"2020-10-02T13:50:19+00:00","dateModified":"2025-10-23T14:18:58+00:00","description":"Partnerportal: Weitere Besitzer hinzuf\u00fcgen \u2013 Rollen, Rechte und Empfehlungen f\u00fcr sichere, nachvollziehbare Administration.","breadcrumb":{"@id":"https:\/\/cirasync.com\/de\/partner-2\/hinzufuegen-zusaetzlicher-portalbesitzer\/#breadcrumb"},"inLanguage":"de","potentialAction":[{"@type":"ReadAction","target":["https:\/\/cirasync.com\/de\/partner-2\/hinzufuegen-zusaetzlicher-portalbesitzer\/"]}]},{"@type":"ImageObject","inLanguage":"de","@id":"https:\/\/cirasync.com\/de\/partner-2\/hinzufuegen-zusaetzlicher-portalbesitzer\/#primaryimage","url":"https:\/\/cirasync.com\/wp-content\/uploads\/2020\/01\/Partners-Woman.png","contentUrl":"https:\/\/cirasync.com\/wp-content\/uploads\/2020\/01\/Partners-Woman.png","width":1080,"height":630,"caption":"Partners-Woman"},{"@type":"BreadcrumbList","@id":"https:\/\/cirasync.com\/de\/partner-2\/hinzufuegen-zusaetzlicher-portalbesitzer\/#breadcrumb","itemListElement":[{"@type":"ListItem","position":1,"name":"Home","item":"https:\/\/cirasync.com\/de\/"},{"@type":"ListItem","position":2,"name":"Partner","item":"https:\/\/cirasync.com\/de\/partner-2\/"},{"@type":"ListItem","position":3,"name":"Hinzuf\u00fcgen zus\u00e4tzlicher Portalbesitzer"}]},{"@type":"WebSite","@id":"https:\/\/cirasync.com\/de\/#website","url":"https:\/\/cirasync.com\/de\/","name":"CiraSync","description":"Sync the Office 365 GAL, public folders and calendars to smartphones.","publisher":{"@id":"https:\/\/cirasync.com\/de\/#organization"},"potentialAction":[{"@type":"SearchAction","target":{"@type":"EntryPoint","urlTemplate":"https:\/\/cirasync.com\/de\/?s={search_term_string}"},"query-input":{"@type":"PropertyValueSpecification","valueRequired":true,"valueName":"search_term_string"}}],"inLanguage":"de"},{"@type":"Organization","@id":"https:\/\/cirasync.com\/de\/#organization","name":"CiraSync","url":"https:\/\/cirasync.com\/de\/","logo":{"@type":"ImageObject","inLanguage":"de","@id":"https:\/\/cirasync.com\/de\/#\/schema\/logo\/image\/","url":"https:\/\/cirasync.com\/wp-content\/uploads\/2019\/07\/CiraSync-Logo-.png","contentUrl":"https:\/\/cirasync.com\/wp-content\/uploads\/2019\/07\/CiraSync-Logo-.png","width":1200,"height":671,"caption":"CiraSync"},"image":{"@id":"https:\/\/cirasync.com\/de\/#\/schema\/logo\/image\/"},"sameAs":["https:\/\/www.facebook.com\/CiraSync\/","https:\/\/x.com\/CiraSync","https:\/\/www.linkedin.com\/company\/cira-apps-limited","https:\/\/www.youtube.com\/channel\/UCdFkOfXlRAWRadzGit3jJZA\/videos"],"description":"CiraSync automatically syncs CRM, contact & calendar data from M365, Exchange & many CRMs to every smartphone.","email":"support@cirasync.com","telephone":"1 (202) 747 0888","legalName":"CiraSync"}]}},"_links":{"self":[{"href":"https:\/\/cirasync.com\/de\/wp-json\/wp\/v2\/pages\/26020","targetHints":{"allow":["GET"]}}],"collection":[{"href":"https:\/\/cirasync.com\/de\/wp-json\/wp\/v2\/pages"}],"about":[{"href":"https:\/\/cirasync.com\/de\/wp-json\/wp\/v2\/types\/page"}],"author":[{"embeddable":true,"href":"https:\/\/cirasync.com\/de\/wp-json\/wp\/v2\/users\/3"}],"replies":[{"embeddable":true,"href":"https:\/\/cirasync.com\/de\/wp-json\/wp\/v2\/comments?post=26020"}],"version-history":[{"count":0,"href":"https:\/\/cirasync.com\/de\/wp-json\/wp\/v2\/pages\/26020\/revisions"}],"up":[{"embeddable":true,"href":"https:\/\/cirasync.com\/de\/wp-json\/wp\/v2\/pages\/17421"}],"wp:featuredmedia":[{"embeddable":true,"href":"https:\/\/cirasync.com\/de\/wp-json\/wp\/v2\/media\/19730"}],"wp:attachment":[{"href":"https:\/\/cirasync.com\/de\/wp-json\/wp\/v2\/media?parent=26020"}],"curies":[{"name":"wp","href":"https:\/\/api.w.org\/{rel}","templated":true}]}}