{"id":26034,"date":"2020-10-02T08:02:09","date_gmt":"2020-10-02T15:02:09","guid":{"rendered":"https:\/\/ciraapps.com\/?page_id=26034"},"modified":"2026-01-16T12:06:56","modified_gmt":"2026-01-16T19:06:56","slug":"zuweisung-eines-persoenlichen-dienstkontos-an-einen-kunden-tenant","status":"publish","type":"page","link":"https:\/\/cirasync.com\/de\/partner-2\/zuweisung-eines-persoenlichen-dienstkontos-an-einen-kunden-tenant\/","title":{"rendered":"Zuweisung eines pers\u00f6nlichen Dienstkontos an einen Kunden-Tenant"},"content":{"rendered":"<p>[et_pb_section fb_built=&#8220;1&#8243; module_class=&#8220;partner-qsg&#8220; _builder_version=&#8220;4.16&#8243; global_colors_info=&#8220;{}&#8220;][et_pb_row column_structure=&#8220;1_3,2_3&#8243; _builder_version=&#8220;4.16&#8243; global_colors_info=&#8220;{}&#8220;][et_pb_column type=&#8220;1_3&#8243; _builder_version=&#8220;4.16&#8243; global_colors_info=&#8220;{}&#8220;][et_pb_sidebar area=&#8220;et_pb_widget_area_4&#8243; _builder_version=&#8220;4.16&#8243; global_colors_info=&#8220;{}&#8220;][\/et_pb_sidebar][\/et_pb_column][et_pb_column type=&#8220;2_3&#8243; _builder_version=&#8220;4.16&#8243; global_colors_info=&#8220;{}&#8220;][et_pb_text _builder_version=&#8220;4.16&#8243; global_colors_info=&#8220;{}&#8220;]<\/p>\n<h1><span class=\"ez-toc-section\" id=\"Zuweisung_eines_persoenlichen_Dienstkontos_an_einen_Kunden-Tenant\"><\/span>Zuweisung eines pers\u00f6nlichen Dienstkontos an einen Kunden-Tenant<span class=\"ez-toc-section-end\"><\/span><\/h1>\n<p>Portalbesitzer k\u00f6nnen ebenfalls ihre Kunden-Tenants konfigurieren. Diese Anleitung zeigt, wie man einem Kunden-Tenant ein pers\u00f6nliches Dienstkonto zuweisen kann.<\/p>\n<h2><span class=\"ez-toc-section\" id=\"Anleitung\"><\/span>Anleitung<span class=\"ez-toc-section-end\"><\/span><\/h2>\n<ol>\n<li><a href=\"http:\/\/cirasync.com\/support-artikel\/it-verwaltung\/cirasync-dienstkonto-so-klappt-es-mit-der-einrichtung-in-office-365\/?lang=de\">Ein pers\u00f6nliches Dienstkonto erstellen<\/a>.<\/li>\n<li><a href=\"http:\/\/cirasync.com\/?p=26089&#038;lang=de\">Anwendungsimitierungsmodus f\u00fcr das Dienstkonto einstellen<\/a>.<\/li>\n<li>Mit dem Dienstkonto im CiraSync Dashboard einloggen.<\/li>\n<li>Im CiraSync Partner-Portal einloggen.<\/li>\n<li>Klicken Sie auf das <strong>Stiftsymbol<\/strong> neben einem der Tenants, die im Hauptpartner-Dashboard im Bereich <strong>Tenants<\/strong> aufgelistet sind. (Siehe Abbildung unten). <img decoding=\"async\" class=\"aligncenter size-large wp-image-19266\" src=\"https:\/\/cirasync.com\/wp-content\/uploads\/2020\/01\/Partner-QSG-Defining-Tenant-Permissions_markup-2-1024x179.png\" alt=\"\" width=\"1024\" height=\"179\" srcset=\"https:\/\/cirasync.com\/wp-content\/uploads\/2020\/01\/Partner-QSG-Defining-Tenant-Permissions_markup-2-1024x179.png 1024w, https:\/\/cirasync.com\/wp-content\/uploads\/2020\/01\/Partner-QSG-Defining-Tenant-Permissions_markup-2-980x172.png 980w, https:\/\/cirasync.com\/wp-content\/uploads\/2020\/01\/Partner-QSG-Defining-Tenant-Permissions_markup-2-480x84.png 480w\" sizes=\"(min-width: 0px) and (max-width: 480px) 480px, (min-width: 481px) and (max-width: 980px) 980px, (min-width: 981px) 1024px, 100vw\" \/>Sie gelangen zum <strong>Tenant-\u00dcbersicht<\/strong> Dashboard.\u00a0 (Siehe Abbildung unten) <img decoding=\"async\" class=\"aligncenter size-large wp-image-19282\" src=\"https:\/\/cirasync.com\/wp-content\/uploads\/2020\/01\/Partner-QSG-Defining-Tenant-Permissions-Tenant-View_nomarkup-1024x522.png\" alt=\"\" width=\"1024\" height=\"522\" srcset=\"https:\/\/cirasync.com\/wp-content\/uploads\/2020\/01\/Partner-QSG-Defining-Tenant-Permissions-Tenant-View_nomarkup-1024x522.png 1024w, https:\/\/cirasync.com\/wp-content\/uploads\/2020\/01\/Partner-QSG-Defining-Tenant-Permissions-Tenant-View_nomarkup-980x500.png 980w, https:\/\/cirasync.com\/wp-content\/uploads\/2020\/01\/Partner-QSG-Defining-Tenant-Permissions-Tenant-View_nomarkup-480x245.png 480w\" sizes=\"(min-width: 0px) and (max-width: 480px) 480px, (min-width: 481px) and (max-width: 980px) 980px, (min-width: 981px) 1024px, 100vw\" \/><\/li>\n<li>Klicken Sie auf <strong>Dienstkonto <\/strong> in der linken Navigationsleiste.<\/li>\n<li>W\u00e4hlen Sie das Dienstkonto, das im <strong>1. und. 2. Schritt<\/strong> erstellt wurde im <strong>Bereich Dienstkonto angeben.\u00a0<\/strong><\/li>\n<li>Klicken Sie auf <strong>SPEICHERN<\/strong> in der rechten oberen Ecke des Dashboards.<\/li>\n<\/ol>\n<p><a href=\"http:\/\/cirasync.com\/?page_id=26121&#038;lang=de\" class=\"next-post\">N\u00e4chster Artikel: Automatische Lizenzierung von Kunden-Tenants Nutzern<\/a>[\/et_pb_text][\/et_pb_column][\/et_pb_row][\/et_pb_section]<\/p>\n","protected":false},"excerpt":{"rendered":"<p>Zuweisung eines pers\u00f6nlichen Dienstkontos an einen Kunden-Tenant Portalbesitzer k\u00f6nnen ebenfalls ihre Kunden-Tenants konfigurieren. Diese Anleitung zeigt, wie man einem Kunden-Tenant ein pers\u00f6nliches Dienstkonto zuweisen kann. Anleitung Ein pers\u00f6nliches Dienstkonto erstellen. Anwendungsimitierungsmodus f\u00fcr das Dienstkonto einstellen. Mit dem Dienstkonto im CiraSync Dashboard einloggen. Im CiraSync Partner-Portal einloggen. Klicken Sie auf das Stiftsymbol neben einem der Tenants, [&hellip;]<\/p>\n","protected":false},"author":3,"featured_media":19730,"parent":17421,"menu_order":0,"comment_status":"closed","ping_status":"closed","template":"","meta":{"_et_pb_use_builder":"on","_et_pb_old_content":"","_et_gb_content_width":"","_nextfly_llmd_date_locked":false,"footnotes":""},"class_list":["post-26034","page","type-page","status-publish","has-post-thumbnail","hentry"],"yoast_head":"<!-- This site is optimized with the Yoast SEO Premium plugin v27.1 (Yoast SEO v27.1.1) - https:\/\/yoast.com\/product\/yoast-seo-premium-wordpress\/ -->\n<title>Zuweisung pers\u00f6nliches Dienstkonto an Kunden-Tenant | CiraSync<\/title>\n<meta name=\"description\" content=\"Anleitung (DE): Pers\u00f6nliches Dienstkonto einem Kunden\u2011Tenant zuweisen \u2013 Schritt\u2011f\u00fcr\u2011Schritt mit Sicherheits\u2011Hinweisen f\u00fcr Partner.\" \/>\n<meta name=\"robots\" content=\"index, follow, max-snippet:-1, max-image-preview:large, max-video-preview:-1\" \/>\n<link rel=\"canonical\" href=\"https:\/\/cirasync.com\/de\/partner-2\/zuweisung-eines-persoenlichen-dienstkontos-an-einen-kunden-tenant\/\" \/>\n<meta property=\"og:locale\" content=\"de_DE\" \/>\n<meta property=\"og:type\" content=\"article\" \/>\n<meta property=\"og:title\" content=\"Zuweisung eines pers\u00f6nlichen Dienstkontos an einen Kunden-Tenant\" \/>\n<meta property=\"og:description\" content=\"Anleitung (DE): Pers\u00f6nliches Dienstkonto einem Kunden\u2011Tenant zuweisen \u2013 Schritt\u2011f\u00fcr\u2011Schritt mit Sicherheits\u2011Hinweisen f\u00fcr Partner.\" \/>\n<meta property=\"og:url\" content=\"https:\/\/cirasync.com\/de\/partner-2\/zuweisung-eines-persoenlichen-dienstkontos-an-einen-kunden-tenant\/\" \/>\n<meta property=\"og:site_name\" content=\"CiraSync\" \/>\n<meta property=\"article:publisher\" content=\"https:\/\/www.facebook.com\/CiraSync\/\" \/>\n<meta property=\"article:modified_time\" content=\"2026-01-16T19:06:56+00:00\" \/>\n<meta property=\"og:image\" content=\"https:\/\/cirasync.com\/wp-content\/uploads\/2020\/01\/Partners-Woman.png\" \/>\n\t<meta property=\"og:image:width\" content=\"1080\" \/>\n\t<meta property=\"og:image:height\" content=\"630\" \/>\n\t<meta property=\"og:image:type\" content=\"image\/png\" \/>\n<meta name=\"twitter:card\" content=\"summary_large_image\" \/>\n<meta name=\"twitter:site\" content=\"@CiraSync\" \/>\n<meta name=\"twitter:label1\" content=\"Gesch\u00e4tzte Lesezeit\" \/>\n\t<meta name=\"twitter:data1\" content=\"2\u00a0Minuten\" \/>\n<script type=\"application\/ld+json\" class=\"yoast-schema-graph\">{\"@context\":\"https:\/\/schema.org\",\"@graph\":[{\"@type\":\"WebPage\",\"@id\":\"https:\/\/cirasync.com\/de\/partner-2\/zuweisung-eines-persoenlichen-dienstkontos-an-einen-kunden-tenant\/\",\"url\":\"https:\/\/cirasync.com\/de\/partner-2\/zuweisung-eines-persoenlichen-dienstkontos-an-einen-kunden-tenant\/\",\"name\":\"Zuweisung pers\u00f6nliches Dienstkonto an Kunden-Tenant | CiraSync\",\"isPartOf\":{\"@id\":\"https:\/\/cirasync.com\/de\/#website\"},\"primaryImageOfPage\":{\"@id\":\"https:\/\/cirasync.com\/de\/partner-2\/zuweisung-eines-persoenlichen-dienstkontos-an-einen-kunden-tenant\/#primaryimage\"},\"image\":{\"@id\":\"https:\/\/cirasync.com\/de\/partner-2\/zuweisung-eines-persoenlichen-dienstkontos-an-einen-kunden-tenant\/#primaryimage\"},\"thumbnailUrl\":\"https:\/\/cirasync.com\/wp-content\/uploads\/2020\/01\/Partners-Woman.png\",\"datePublished\":\"2020-10-02T15:02:09+00:00\",\"dateModified\":\"2026-01-16T19:06:56+00:00\",\"description\":\"Anleitung (DE): Pers\u00f6nliches Dienstkonto einem Kunden\u2011Tenant zuweisen \u2013 Schritt\u2011f\u00fcr\u2011Schritt mit Sicherheits\u2011Hinweisen f\u00fcr Partner.\",\"breadcrumb\":{\"@id\":\"https:\/\/cirasync.com\/de\/partner-2\/zuweisung-eines-persoenlichen-dienstkontos-an-einen-kunden-tenant\/#breadcrumb\"},\"inLanguage\":\"de\",\"potentialAction\":[{\"@type\":\"ReadAction\",\"target\":[\"https:\/\/cirasync.com\/de\/partner-2\/zuweisung-eines-persoenlichen-dienstkontos-an-einen-kunden-tenant\/\"]}]},{\"@type\":\"ImageObject\",\"inLanguage\":\"de\",\"@id\":\"https:\/\/cirasync.com\/de\/partner-2\/zuweisung-eines-persoenlichen-dienstkontos-an-einen-kunden-tenant\/#primaryimage\",\"url\":\"https:\/\/cirasync.com\/wp-content\/uploads\/2020\/01\/Partners-Woman.png\",\"contentUrl\":\"https:\/\/cirasync.com\/wp-content\/uploads\/2020\/01\/Partners-Woman.png\",\"width\":1080,\"height\":630,\"caption\":\"Partners-Woman\"},{\"@type\":\"BreadcrumbList\",\"@id\":\"https:\/\/cirasync.com\/de\/partner-2\/zuweisung-eines-persoenlichen-dienstkontos-an-einen-kunden-tenant\/#breadcrumb\",\"itemListElement\":[{\"@type\":\"ListItem\",\"position\":1,\"name\":\"Home\",\"item\":\"https:\/\/cirasync.com\/de\/\"},{\"@type\":\"ListItem\",\"position\":2,\"name\":\"Partner\",\"item\":\"https:\/\/cirasync.com\/de\/partner-2\/\"},{\"@type\":\"ListItem\",\"position\":3,\"name\":\"Zuweisung eines pers\u00f6nlichen Dienstkontos an einen Kunden-Tenant\"}]},{\"@type\":\"WebSite\",\"@id\":\"https:\/\/cirasync.com\/de\/#website\",\"url\":\"https:\/\/cirasync.com\/de\/\",\"name\":\"CiraSync\",\"description\":\"Sync the Office 365 GAL, public folders and calendars to smartphones.\",\"publisher\":{\"@id\":\"https:\/\/cirasync.com\/de\/#organization\"},\"potentialAction\":[{\"@type\":\"SearchAction\",\"target\":{\"@type\":\"EntryPoint\",\"urlTemplate\":\"https:\/\/cirasync.com\/de\/?s={search_term_string}\"},\"query-input\":{\"@type\":\"PropertyValueSpecification\",\"valueRequired\":true,\"valueName\":\"search_term_string\"}}],\"inLanguage\":\"de\"},{\"@type\":\"Organization\",\"@id\":\"https:\/\/cirasync.com\/de\/#organization\",\"name\":\"CiraSync\",\"url\":\"https:\/\/cirasync.com\/de\/\",\"logo\":{\"@type\":\"ImageObject\",\"inLanguage\":\"de\",\"@id\":\"https:\/\/cirasync.com\/de\/#\/schema\/logo\/image\/\",\"url\":\"https:\/\/cirasync.com\/wp-content\/uploads\/2019\/07\/CiraSync-Logo-.png\",\"contentUrl\":\"https:\/\/cirasync.com\/wp-content\/uploads\/2019\/07\/CiraSync-Logo-.png\",\"width\":1200,\"height\":671,\"caption\":\"CiraSync\"},\"image\":{\"@id\":\"https:\/\/cirasync.com\/de\/#\/schema\/logo\/image\/\"},\"sameAs\":[\"https:\/\/www.facebook.com\/CiraSync\/\",\"https:\/\/x.com\/CiraSync\",\"https:\/\/www.linkedin.com\/company\/cira-apps-limited\",\"https:\/\/www.youtube.com\/channel\/UCdFkOfXlRAWRadzGit3jJZA\/videos\"],\"description\":\"CiraSync automatically syncs CRM, contact & calendar data from M365, Exchange & many CRMs to every smartphone.\",\"email\":\"support@cirasync.com\",\"telephone\":\"1 (202) 747 0888\",\"legalName\":\"CiraSync\"}]}<\/script>\n<!-- \/ Yoast SEO Premium plugin. -->","yoast_head_json":{"title":"Zuweisung pers\u00f6nliches Dienstkonto an Kunden-Tenant | CiraSync","description":"Anleitung (DE): Pers\u00f6nliches Dienstkonto einem Kunden\u2011Tenant zuweisen \u2013 Schritt\u2011f\u00fcr\u2011Schritt mit Sicherheits\u2011Hinweisen f\u00fcr Partner.","robots":{"index":"index","follow":"follow","max-snippet":"max-snippet:-1","max-image-preview":"max-image-preview:large","max-video-preview":"max-video-preview:-1"},"canonical":"https:\/\/cirasync.com\/de\/partner-2\/zuweisung-eines-persoenlichen-dienstkontos-an-einen-kunden-tenant\/","og_locale":"de_DE","og_type":"article","og_title":"Zuweisung eines pers\u00f6nlichen Dienstkontos an einen Kunden-Tenant","og_description":"Anleitung (DE): Pers\u00f6nliches Dienstkonto einem Kunden\u2011Tenant zuweisen \u2013 Schritt\u2011f\u00fcr\u2011Schritt mit Sicherheits\u2011Hinweisen f\u00fcr Partner.","og_url":"https:\/\/cirasync.com\/de\/partner-2\/zuweisung-eines-persoenlichen-dienstkontos-an-einen-kunden-tenant\/","og_site_name":"CiraSync","article_publisher":"https:\/\/www.facebook.com\/CiraSync\/","article_modified_time":"2026-01-16T19:06:56+00:00","og_image":[{"width":1080,"height":630,"url":"https:\/\/cirasync.com\/wp-content\/uploads\/2020\/01\/Partners-Woman.png","type":"image\/png"}],"twitter_card":"summary_large_image","twitter_site":"@CiraSync","twitter_misc":{"Gesch\u00e4tzte Lesezeit":"2\u00a0Minuten"},"schema":{"@context":"https:\/\/schema.org","@graph":[{"@type":"WebPage","@id":"https:\/\/cirasync.com\/de\/partner-2\/zuweisung-eines-persoenlichen-dienstkontos-an-einen-kunden-tenant\/","url":"https:\/\/cirasync.com\/de\/partner-2\/zuweisung-eines-persoenlichen-dienstkontos-an-einen-kunden-tenant\/","name":"Zuweisung pers\u00f6nliches Dienstkonto an Kunden-Tenant | CiraSync","isPartOf":{"@id":"https:\/\/cirasync.com\/de\/#website"},"primaryImageOfPage":{"@id":"https:\/\/cirasync.com\/de\/partner-2\/zuweisung-eines-persoenlichen-dienstkontos-an-einen-kunden-tenant\/#primaryimage"},"image":{"@id":"https:\/\/cirasync.com\/de\/partner-2\/zuweisung-eines-persoenlichen-dienstkontos-an-einen-kunden-tenant\/#primaryimage"},"thumbnailUrl":"https:\/\/cirasync.com\/wp-content\/uploads\/2020\/01\/Partners-Woman.png","datePublished":"2020-10-02T15:02:09+00:00","dateModified":"2026-01-16T19:06:56+00:00","description":"Anleitung (DE): Pers\u00f6nliches Dienstkonto einem Kunden\u2011Tenant zuweisen \u2013 Schritt\u2011f\u00fcr\u2011Schritt mit Sicherheits\u2011Hinweisen f\u00fcr Partner.","breadcrumb":{"@id":"https:\/\/cirasync.com\/de\/partner-2\/zuweisung-eines-persoenlichen-dienstkontos-an-einen-kunden-tenant\/#breadcrumb"},"inLanguage":"de","potentialAction":[{"@type":"ReadAction","target":["https:\/\/cirasync.com\/de\/partner-2\/zuweisung-eines-persoenlichen-dienstkontos-an-einen-kunden-tenant\/"]}]},{"@type":"ImageObject","inLanguage":"de","@id":"https:\/\/cirasync.com\/de\/partner-2\/zuweisung-eines-persoenlichen-dienstkontos-an-einen-kunden-tenant\/#primaryimage","url":"https:\/\/cirasync.com\/wp-content\/uploads\/2020\/01\/Partners-Woman.png","contentUrl":"https:\/\/cirasync.com\/wp-content\/uploads\/2020\/01\/Partners-Woman.png","width":1080,"height":630,"caption":"Partners-Woman"},{"@type":"BreadcrumbList","@id":"https:\/\/cirasync.com\/de\/partner-2\/zuweisung-eines-persoenlichen-dienstkontos-an-einen-kunden-tenant\/#breadcrumb","itemListElement":[{"@type":"ListItem","position":1,"name":"Home","item":"https:\/\/cirasync.com\/de\/"},{"@type":"ListItem","position":2,"name":"Partner","item":"https:\/\/cirasync.com\/de\/partner-2\/"},{"@type":"ListItem","position":3,"name":"Zuweisung eines pers\u00f6nlichen Dienstkontos an einen Kunden-Tenant"}]},{"@type":"WebSite","@id":"https:\/\/cirasync.com\/de\/#website","url":"https:\/\/cirasync.com\/de\/","name":"CiraSync","description":"Sync the Office 365 GAL, public folders and calendars to smartphones.","publisher":{"@id":"https:\/\/cirasync.com\/de\/#organization"},"potentialAction":[{"@type":"SearchAction","target":{"@type":"EntryPoint","urlTemplate":"https:\/\/cirasync.com\/de\/?s={search_term_string}"},"query-input":{"@type":"PropertyValueSpecification","valueRequired":true,"valueName":"search_term_string"}}],"inLanguage":"de"},{"@type":"Organization","@id":"https:\/\/cirasync.com\/de\/#organization","name":"CiraSync","url":"https:\/\/cirasync.com\/de\/","logo":{"@type":"ImageObject","inLanguage":"de","@id":"https:\/\/cirasync.com\/de\/#\/schema\/logo\/image\/","url":"https:\/\/cirasync.com\/wp-content\/uploads\/2019\/07\/CiraSync-Logo-.png","contentUrl":"https:\/\/cirasync.com\/wp-content\/uploads\/2019\/07\/CiraSync-Logo-.png","width":1200,"height":671,"caption":"CiraSync"},"image":{"@id":"https:\/\/cirasync.com\/de\/#\/schema\/logo\/image\/"},"sameAs":["https:\/\/www.facebook.com\/CiraSync\/","https:\/\/x.com\/CiraSync","https:\/\/www.linkedin.com\/company\/cira-apps-limited","https:\/\/www.youtube.com\/channel\/UCdFkOfXlRAWRadzGit3jJZA\/videos"],"description":"CiraSync automatically syncs CRM, contact & calendar data from M365, Exchange & many CRMs to every smartphone.","email":"support@cirasync.com","telephone":"1 (202) 747 0888","legalName":"CiraSync"}]}},"_links":{"self":[{"href":"https:\/\/cirasync.com\/de\/wp-json\/wp\/v2\/pages\/26034","targetHints":{"allow":["GET"]}}],"collection":[{"href":"https:\/\/cirasync.com\/de\/wp-json\/wp\/v2\/pages"}],"about":[{"href":"https:\/\/cirasync.com\/de\/wp-json\/wp\/v2\/types\/page"}],"author":[{"embeddable":true,"href":"https:\/\/cirasync.com\/de\/wp-json\/wp\/v2\/users\/3"}],"replies":[{"embeddable":true,"href":"https:\/\/cirasync.com\/de\/wp-json\/wp\/v2\/comments?post=26034"}],"version-history":[{"count":0,"href":"https:\/\/cirasync.com\/de\/wp-json\/wp\/v2\/pages\/26034\/revisions"}],"up":[{"embeddable":true,"href":"https:\/\/cirasync.com\/de\/wp-json\/wp\/v2\/pages\/17421"}],"wp:featuredmedia":[{"embeddable":true,"href":"https:\/\/cirasync.com\/de\/wp-json\/wp\/v2\/media\/19730"}],"wp:attachment":[{"href":"https:\/\/cirasync.com\/de\/wp-json\/wp\/v2\/media?parent=26034"}],"curies":[{"name":"wp","href":"https:\/\/api.w.org\/{rel}","templated":true}]}}