{"id":26121,"date":"2020-10-02T07:53:32","date_gmt":"2020-10-02T14:53:32","guid":{"rendered":"https:\/\/ciraapps.com\/?page_id=26121"},"modified":"2025-10-21T09:38:37","modified_gmt":"2025-10-21T16:38:37","slug":"automatische-lizenzierung-von-kunden-tenant-nutzern","status":"publish","type":"page","link":"https:\/\/cirasync.com\/de\/partner-2\/automatische-lizenzierung-von-kunden-tenant-nutzern\/","title":{"rendered":"Automatische Lizenzierung von Kunden-Tenant Nutzern"},"content":{"rendered":"<p>[et_pb_section fb_built=&#8220;1&#8243; module_class=&#8220;partner-qsg&#8220; _builder_version=&#8220;4.2.1&#8243;][et_pb_row column_structure=&#8220;1_3,2_3&#8243; _builder_version=&#8220;4.2.1&#8243;][et_pb_column type=&#8220;1_3&#8243; _builder_version=&#8220;4.2.1&#8243;][et_pb_sidebar area=&#8220;et_pb_widget_area_4&#8243; _builder_version=&#8220;4.2.1&#8243;][\/et_pb_sidebar][\/et_pb_column][et_pb_column type=&#8220;2_3&#8243; _builder_version=&#8220;4.2.1&#8243;][et_pb_text _builder_version=&#8220;4.4.0&#8243;]<\/p>\n<h1><span class=\"ez-toc-section\" id=\"Automatische_Lizenzierung_von_Kunden-Tenant_Nutzern\"><\/span>Automatische Lizenzierung von Kunden-Tenant Nutzern<span class=\"ez-toc-section-end\"><\/span><\/h1>\n<p>Portalbesitzer k\u00f6nnen die Nutzer ihrer Kunden automatisch mit CiraSync Enterprise Edition-Lizenzen lizenzieren, indem sie eine Kontaktsammlung erstellen. Dieser Leitfaden zeigt, wie Sie Client-Benutzer automatisch lizenzieren k\u00f6nnen.<\/p>\n<h2><span class=\"ez-toc-section\" id=\"Anleitung\"><\/span>Anleitung<span class=\"ez-toc-section-end\"><\/span><\/h2>\n<ol>\n<li>Klicken Sie auf <strong>\u00dcbersicht<\/strong> um zum <strong>Tenant \u00dcbersicht Dashboard<\/strong>\u00a0zu gelangen. (Siehe Abbildung unten.) <img decoding=\"async\" class=\"aligncenter size-large wp-image-19282\" src=\"https:\/\/cirasync.com\/wp-content\/uploads\/2020\/01\/Partner-QSG-Defining-Tenant-Permissions-Tenant-View_nomarkup-1024x522.png\" alt=\"\" width=\"1024\" height=\"522\" srcset=\"https:\/\/cirasync.com\/wp-content\/uploads\/2020\/01\/Partner-QSG-Defining-Tenant-Permissions-Tenant-View_nomarkup-1024x522.png 1024w, https:\/\/cirasync.com\/wp-content\/uploads\/2020\/01\/Partner-QSG-Defining-Tenant-Permissions-Tenant-View_nomarkup-980x500.png 980w, https:\/\/cirasync.com\/wp-content\/uploads\/2020\/01\/Partner-QSG-Defining-Tenant-Permissions-Tenant-View_nomarkup-480x245.png 480w\" sizes=\"(min-width: 0px) and (max-width: 480px) 480px, (min-width: 481px) and (max-width: 980px) 980px, (min-width: 981px) 1024px, 100vw\" \/><\/li>\n<li>Klicken Sie auf <strong>Sammlungen <\/strong>in der linken Navigationsleiste.<\/li>\n<li>Klicken Sie auf das <strong>+<\/strong> in der rechten oberen Ecke des Dashboards. Sie gelangen zum <strong>Sammlungen Dashboard. <\/strong>(siehe Abbildung unten.) <img decoding=\"async\" class=\"aligncenter size-large wp-image-19334\" src=\"https:\/\/cirasync.com\/wp-content\/uploads\/2020\/01\/Partner-QSG-Collection-Dashboard-1024x249.png\" alt=\"\" width=\"1024\" height=\"249\" srcset=\"https:\/\/cirasync.com\/wp-content\/uploads\/2020\/01\/Partner-QSG-Collection-Dashboard-980x238.png 980w, https:\/\/cirasync.com\/wp-content\/uploads\/2020\/01\/Partner-QSG-Collection-Dashboard-480x117.png 480w\" sizes=\"(min-width: 0px) and (max-width: 480px) 480px, (min-width: 481px) and (max-width: 980px) 980px, (min-width: 981px) 1024px, 100vw\" \/><\/li>\n<li>Benennen Sie die Sammlung. In diesem Beispiel hei\u00dft die Sammlung <strong>Benutzer.<\/strong><\/li>\n<li>Fahren Sie mit der Maus \u00fcber die gew\u00fcnschten Benutzer und klicken Sie auf das gr\u00fcne <strong>+<\/strong>, um sie zur Sammlung hinzuzuf\u00fcgen. <div class='et-box et-info'>\n\t\t\t\t\t<div class='et-box-content'>\u00a0<strong>HINWEIS:<\/strong> Mehrere Benutzer k\u00f6nnen mit einem einzigen Klick \u00fcber eine dynamische Verteilergruppe oder eine Verteilerliste\/Kontaktgruppe hinzugef\u00fcgt werden. Dynamische Verteilergruppen und Verteilerlisten werden als Ergebnis im Tab SUCHE angezeigt.<\/div><\/div><\/li>\n<li>\u00a0Klicken Sie auf\u00a0<strong>SPEICHERN.\u00a0<\/strong><\/li>\n<li>Klicken Sie auf <strong>\u00dcbersicht <\/strong> in der linken Navigationsleiste, um zum <strong>Tenant \u00dcbersicht Dashboard<\/strong> zur\u00fcckzukehren.<\/li>\n<li>Klicken Sie auf <strong>BEARBEITEN<\/strong> im Bereich <strong>Automatische Lizenzierung. <\/strong>Es erscheint das <strong>Fenster<\/strong> <strong>Automatische Lizenzierung von Benutzern.<\/strong>. (Siehe Abbildung unten.) <img decoding=\"async\" class=\"aligncenter size-full wp-image-19318\" src=\"https:\/\/cirasync.com\/wp-content\/uploads\/2020\/01\/Partner-QSG-Auto-License-Users_nomarkup.png\" alt=\"\" width=\"745\" height=\"648\" srcset=\"https:\/\/cirasync.com\/wp-content\/uploads\/2020\/01\/Partner-QSG-Auto-License-Users_nomarkup.png 745w, https:\/\/cirasync.com\/wp-content\/uploads\/2020\/01\/Partner-QSG-Auto-License-Users_nomarkup-480x418.png 480w\" sizes=\"(min-width: 0px) and (max-width: 480px) 480px, (min-width: 481px) 745px, 100vw\" \/><\/li>\n<li>Klicken Sie auf den Tab <strong>SAMMLUNGEN.\u00a0<\/strong><\/li>\n<li>W\u00e4hlen Sie die <strong>Benutzer <\/strong>Sammlung aus, die f\u00fcr diese Prozedur erstellt wurde.<\/li>\n<li>Klicken Sie auf<strong>SPEICHERN, <\/strong> und Sie kehren zur\u00fcck zum <b>Tenant \u00dcbersicht Dashboard.<\/b><\/li>\n<li>Klicken Sie auf <strong>AUSF\u00dcHREN<\/strong>im <strong>Bereich der automatischen Lizenzierung.\u00a0<\/strong><\/li>\n<\/ol>\n<p><a class=\"next-post\" href=\"http:\/\/cirasync.com\/?page_id=26212&amp;lang=de\">N\u00e4chster Artikel: Erstellung von Sync-Tunneln und Durchf\u00fchrung einer manuellen Synchronisierung<\/a>[\/et_pb_text][\/et_pb_column][\/et_pb_row][\/et_pb_section]<\/p>\n","protected":false},"excerpt":{"rendered":"<p>Automatische Lizenzierung von Kunden-Tenant Nutzern Portalbesitzer k\u00f6nnen die Nutzer ihrer Kunden automatisch mit CiraSync Enterprise Edition-Lizenzen lizenzieren, indem sie eine Kontaktsammlung erstellen. Dieser Leitfaden zeigt, wie Sie Client-Benutzer automatisch lizenzieren k\u00f6nnen. Anleitung Klicken Sie auf \u00dcbersicht um zum Tenant \u00dcbersicht Dashboard\u00a0zu gelangen. (Siehe Abbildung unten.) Klicken Sie auf Sammlungen in der linken Navigationsleiste. Klicken Sie [&hellip;]<\/p>\n","protected":false},"author":3,"featured_media":19738,"parent":17421,"menu_order":0,"comment_status":"closed","ping_status":"closed","template":"","meta":{"_et_pb_use_builder":"on","_et_pb_old_content":"","_et_gb_content_width":"","_nextfly_llmd_date_locked":false,"footnotes":""},"class_list":["post-26121","page","type-page","status-publish","has-post-thumbnail","hentry"],"yoast_head":"<!-- This site is optimized with the Yoast SEO Premium plugin v27.1 (Yoast SEO v27.1.1) - https:\/\/yoast.com\/product\/yoast-seo-premium-wordpress\/ -->\n<title>Automatische Lizenzierung von Kunden-Tenant Nutzern | CiraSync<\/title>\n<meta name=\"description\" content=\"Partnerleitfaden: Automatische Lizenzierung von Kunden\u2011Tenant\u2011Nutzern in CiraSync \u2013 Einrichtung, Zuweisung und Abrechnung effizient steuern.\" \/>\n<meta name=\"robots\" content=\"index, follow, max-snippet:-1, max-image-preview:large, max-video-preview:-1\" \/>\n<link rel=\"canonical\" href=\"https:\/\/cirasync.com\/de\/partner-2\/automatische-lizenzierung-von-kunden-tenant-nutzern\/\" \/>\n<meta property=\"og:locale\" content=\"de_DE\" \/>\n<meta property=\"og:type\" content=\"article\" \/>\n<meta property=\"og:title\" content=\"Automatische Lizenzierung von Kunden-Tenant Nutzern\" \/>\n<meta property=\"og:description\" content=\"Partnerleitfaden: Automatische Lizenzierung von Kunden\u2011Tenant\u2011Nutzern in CiraSync \u2013 Einrichtung, Zuweisung und Abrechnung effizient steuern.\" \/>\n<meta property=\"og:url\" content=\"https:\/\/cirasync.com\/de\/partner-2\/automatische-lizenzierung-von-kunden-tenant-nutzern\/\" \/>\n<meta property=\"og:site_name\" content=\"CiraSync\" \/>\n<meta property=\"article:publisher\" content=\"https:\/\/www.facebook.com\/CiraSync\/\" \/>\n<meta property=\"article:modified_time\" content=\"2025-10-21T16:38:37+00:00\" \/>\n<meta property=\"og:image\" content=\"https:\/\/cirasync.com\/wp-content\/uploads\/2020\/01\/Partners-Man.png\" \/>\n\t<meta property=\"og:image:width\" content=\"1080\" \/>\n\t<meta property=\"og:image:height\" content=\"630\" \/>\n\t<meta property=\"og:image:type\" content=\"image\/png\" \/>\n<meta name=\"twitter:card\" content=\"summary_large_image\" \/>\n<meta name=\"twitter:site\" content=\"@CiraSync\" \/>\n<meta name=\"twitter:label1\" content=\"Gesch\u00e4tzte Lesezeit\" \/>\n\t<meta name=\"twitter:data1\" content=\"2\u00a0Minuten\" \/>\n<script type=\"application\/ld+json\" class=\"yoast-schema-graph\">{\"@context\":\"https:\/\/schema.org\",\"@graph\":[{\"@type\":\"WebPage\",\"@id\":\"https:\/\/cirasync.com\/de\/partner-2\/automatische-lizenzierung-von-kunden-tenant-nutzern\/\",\"url\":\"https:\/\/cirasync.com\/de\/partner-2\/automatische-lizenzierung-von-kunden-tenant-nutzern\/\",\"name\":\"Automatische Lizenzierung von Kunden-Tenant Nutzern | CiraSync\",\"isPartOf\":{\"@id\":\"https:\/\/cirasync.com\/de\/#website\"},\"primaryImageOfPage\":{\"@id\":\"https:\/\/cirasync.com\/de\/partner-2\/automatische-lizenzierung-von-kunden-tenant-nutzern\/#primaryimage\"},\"image\":{\"@id\":\"https:\/\/cirasync.com\/de\/partner-2\/automatische-lizenzierung-von-kunden-tenant-nutzern\/#primaryimage\"},\"thumbnailUrl\":\"https:\/\/cirasync.com\/wp-content\/uploads\/2020\/01\/Partners-Man.png\",\"datePublished\":\"2020-10-02T14:53:32+00:00\",\"dateModified\":\"2025-10-21T16:38:37+00:00\",\"description\":\"Partnerleitfaden: Automatische Lizenzierung von Kunden\u2011Tenant\u2011Nutzern in CiraSync \u2013 Einrichtung, Zuweisung und Abrechnung effizient steuern.\",\"breadcrumb\":{\"@id\":\"https:\/\/cirasync.com\/de\/partner-2\/automatische-lizenzierung-von-kunden-tenant-nutzern\/#breadcrumb\"},\"inLanguage\":\"de\",\"potentialAction\":[{\"@type\":\"ReadAction\",\"target\":[\"https:\/\/cirasync.com\/de\/partner-2\/automatische-lizenzierung-von-kunden-tenant-nutzern\/\"]}]},{\"@type\":\"ImageObject\",\"inLanguage\":\"de\",\"@id\":\"https:\/\/cirasync.com\/de\/partner-2\/automatische-lizenzierung-von-kunden-tenant-nutzern\/#primaryimage\",\"url\":\"https:\/\/cirasync.com\/wp-content\/uploads\/2020\/01\/Partners-Man.png\",\"contentUrl\":\"https:\/\/cirasync.com\/wp-content\/uploads\/2020\/01\/Partners-Man.png\",\"width\":1080,\"height\":630,\"caption\":\"Partners-Man\"},{\"@type\":\"BreadcrumbList\",\"@id\":\"https:\/\/cirasync.com\/de\/partner-2\/automatische-lizenzierung-von-kunden-tenant-nutzern\/#breadcrumb\",\"itemListElement\":[{\"@type\":\"ListItem\",\"position\":1,\"name\":\"Home\",\"item\":\"https:\/\/cirasync.com\/de\/\"},{\"@type\":\"ListItem\",\"position\":2,\"name\":\"Partner\",\"item\":\"https:\/\/cirasync.com\/de\/partner-2\/\"},{\"@type\":\"ListItem\",\"position\":3,\"name\":\"Automatische Lizenzierung von Kunden-Tenant Nutzern\"}]},{\"@type\":\"WebSite\",\"@id\":\"https:\/\/cirasync.com\/de\/#website\",\"url\":\"https:\/\/cirasync.com\/de\/\",\"name\":\"CiraSync\",\"description\":\"Sync the Office 365 GAL, public folders and calendars to smartphones.\",\"publisher\":{\"@id\":\"https:\/\/cirasync.com\/de\/#organization\"},\"potentialAction\":[{\"@type\":\"SearchAction\",\"target\":{\"@type\":\"EntryPoint\",\"urlTemplate\":\"https:\/\/cirasync.com\/de\/?s={search_term_string}\"},\"query-input\":{\"@type\":\"PropertyValueSpecification\",\"valueRequired\":true,\"valueName\":\"search_term_string\"}}],\"inLanguage\":\"de\"},{\"@type\":\"Organization\",\"@id\":\"https:\/\/cirasync.com\/de\/#organization\",\"name\":\"CiraSync\",\"url\":\"https:\/\/cirasync.com\/de\/\",\"logo\":{\"@type\":\"ImageObject\",\"inLanguage\":\"de\",\"@id\":\"https:\/\/cirasync.com\/de\/#\/schema\/logo\/image\/\",\"url\":\"https:\/\/cirasync.com\/wp-content\/uploads\/2019\/07\/CiraSync-Logo-.png\",\"contentUrl\":\"https:\/\/cirasync.com\/wp-content\/uploads\/2019\/07\/CiraSync-Logo-.png\",\"width\":1200,\"height\":671,\"caption\":\"CiraSync\"},\"image\":{\"@id\":\"https:\/\/cirasync.com\/de\/#\/schema\/logo\/image\/\"},\"sameAs\":[\"https:\/\/www.facebook.com\/CiraSync\/\",\"https:\/\/x.com\/CiraSync\",\"https:\/\/www.linkedin.com\/company\/cira-apps-limited\",\"https:\/\/www.youtube.com\/channel\/UCdFkOfXlRAWRadzGit3jJZA\/videos\"],\"description\":\"CiraSync automatically syncs CRM, contact & calendar data from M365, Exchange & many CRMs to every smartphone.\",\"email\":\"support@cirasync.com\",\"telephone\":\"1 (202) 747 0888\",\"legalName\":\"CiraSync\"}]}<\/script>\n<!-- \/ Yoast SEO Premium plugin. -->","yoast_head_json":{"title":"Automatische Lizenzierung von Kunden-Tenant Nutzern | CiraSync","description":"Partnerleitfaden: Automatische Lizenzierung von Kunden\u2011Tenant\u2011Nutzern in CiraSync \u2013 Einrichtung, Zuweisung und Abrechnung effizient steuern.","robots":{"index":"index","follow":"follow","max-snippet":"max-snippet:-1","max-image-preview":"max-image-preview:large","max-video-preview":"max-video-preview:-1"},"canonical":"https:\/\/cirasync.com\/de\/partner-2\/automatische-lizenzierung-von-kunden-tenant-nutzern\/","og_locale":"de_DE","og_type":"article","og_title":"Automatische Lizenzierung von Kunden-Tenant Nutzern","og_description":"Partnerleitfaden: Automatische Lizenzierung von Kunden\u2011Tenant\u2011Nutzern in CiraSync \u2013 Einrichtung, Zuweisung und Abrechnung effizient steuern.","og_url":"https:\/\/cirasync.com\/de\/partner-2\/automatische-lizenzierung-von-kunden-tenant-nutzern\/","og_site_name":"CiraSync","article_publisher":"https:\/\/www.facebook.com\/CiraSync\/","article_modified_time":"2025-10-21T16:38:37+00:00","og_image":[{"width":1080,"height":630,"url":"https:\/\/cirasync.com\/wp-content\/uploads\/2020\/01\/Partners-Man.png","type":"image\/png"}],"twitter_card":"summary_large_image","twitter_site":"@CiraSync","twitter_misc":{"Gesch\u00e4tzte Lesezeit":"2\u00a0Minuten"},"schema":{"@context":"https:\/\/schema.org","@graph":[{"@type":"WebPage","@id":"https:\/\/cirasync.com\/de\/partner-2\/automatische-lizenzierung-von-kunden-tenant-nutzern\/","url":"https:\/\/cirasync.com\/de\/partner-2\/automatische-lizenzierung-von-kunden-tenant-nutzern\/","name":"Automatische Lizenzierung von Kunden-Tenant Nutzern | CiraSync","isPartOf":{"@id":"https:\/\/cirasync.com\/de\/#website"},"primaryImageOfPage":{"@id":"https:\/\/cirasync.com\/de\/partner-2\/automatische-lizenzierung-von-kunden-tenant-nutzern\/#primaryimage"},"image":{"@id":"https:\/\/cirasync.com\/de\/partner-2\/automatische-lizenzierung-von-kunden-tenant-nutzern\/#primaryimage"},"thumbnailUrl":"https:\/\/cirasync.com\/wp-content\/uploads\/2020\/01\/Partners-Man.png","datePublished":"2020-10-02T14:53:32+00:00","dateModified":"2025-10-21T16:38:37+00:00","description":"Partnerleitfaden: Automatische Lizenzierung von Kunden\u2011Tenant\u2011Nutzern in CiraSync \u2013 Einrichtung, Zuweisung und Abrechnung effizient steuern.","breadcrumb":{"@id":"https:\/\/cirasync.com\/de\/partner-2\/automatische-lizenzierung-von-kunden-tenant-nutzern\/#breadcrumb"},"inLanguage":"de","potentialAction":[{"@type":"ReadAction","target":["https:\/\/cirasync.com\/de\/partner-2\/automatische-lizenzierung-von-kunden-tenant-nutzern\/"]}]},{"@type":"ImageObject","inLanguage":"de","@id":"https:\/\/cirasync.com\/de\/partner-2\/automatische-lizenzierung-von-kunden-tenant-nutzern\/#primaryimage","url":"https:\/\/cirasync.com\/wp-content\/uploads\/2020\/01\/Partners-Man.png","contentUrl":"https:\/\/cirasync.com\/wp-content\/uploads\/2020\/01\/Partners-Man.png","width":1080,"height":630,"caption":"Partners-Man"},{"@type":"BreadcrumbList","@id":"https:\/\/cirasync.com\/de\/partner-2\/automatische-lizenzierung-von-kunden-tenant-nutzern\/#breadcrumb","itemListElement":[{"@type":"ListItem","position":1,"name":"Home","item":"https:\/\/cirasync.com\/de\/"},{"@type":"ListItem","position":2,"name":"Partner","item":"https:\/\/cirasync.com\/de\/partner-2\/"},{"@type":"ListItem","position":3,"name":"Automatische Lizenzierung von Kunden-Tenant Nutzern"}]},{"@type":"WebSite","@id":"https:\/\/cirasync.com\/de\/#website","url":"https:\/\/cirasync.com\/de\/","name":"CiraSync","description":"Sync the Office 365 GAL, public folders and calendars to smartphones.","publisher":{"@id":"https:\/\/cirasync.com\/de\/#organization"},"potentialAction":[{"@type":"SearchAction","target":{"@type":"EntryPoint","urlTemplate":"https:\/\/cirasync.com\/de\/?s={search_term_string}"},"query-input":{"@type":"PropertyValueSpecification","valueRequired":true,"valueName":"search_term_string"}}],"inLanguage":"de"},{"@type":"Organization","@id":"https:\/\/cirasync.com\/de\/#organization","name":"CiraSync","url":"https:\/\/cirasync.com\/de\/","logo":{"@type":"ImageObject","inLanguage":"de","@id":"https:\/\/cirasync.com\/de\/#\/schema\/logo\/image\/","url":"https:\/\/cirasync.com\/wp-content\/uploads\/2019\/07\/CiraSync-Logo-.png","contentUrl":"https:\/\/cirasync.com\/wp-content\/uploads\/2019\/07\/CiraSync-Logo-.png","width":1200,"height":671,"caption":"CiraSync"},"image":{"@id":"https:\/\/cirasync.com\/de\/#\/schema\/logo\/image\/"},"sameAs":["https:\/\/www.facebook.com\/CiraSync\/","https:\/\/x.com\/CiraSync","https:\/\/www.linkedin.com\/company\/cira-apps-limited","https:\/\/www.youtube.com\/channel\/UCdFkOfXlRAWRadzGit3jJZA\/videos"],"description":"CiraSync automatically syncs CRM, contact & calendar data from M365, Exchange & many CRMs to every smartphone.","email":"support@cirasync.com","telephone":"1 (202) 747 0888","legalName":"CiraSync"}]}},"_links":{"self":[{"href":"https:\/\/cirasync.com\/de\/wp-json\/wp\/v2\/pages\/26121","targetHints":{"allow":["GET"]}}],"collection":[{"href":"https:\/\/cirasync.com\/de\/wp-json\/wp\/v2\/pages"}],"about":[{"href":"https:\/\/cirasync.com\/de\/wp-json\/wp\/v2\/types\/page"}],"author":[{"embeddable":true,"href":"https:\/\/cirasync.com\/de\/wp-json\/wp\/v2\/users\/3"}],"replies":[{"embeddable":true,"href":"https:\/\/cirasync.com\/de\/wp-json\/wp\/v2\/comments?post=26121"}],"version-history":[{"count":0,"href":"https:\/\/cirasync.com\/de\/wp-json\/wp\/v2\/pages\/26121\/revisions"}],"up":[{"embeddable":true,"href":"https:\/\/cirasync.com\/de\/wp-json\/wp\/v2\/pages\/17421"}],"wp:featuredmedia":[{"embeddable":true,"href":"https:\/\/cirasync.com\/de\/wp-json\/wp\/v2\/media\/19738"}],"wp:attachment":[{"href":"https:\/\/cirasync.com\/de\/wp-json\/wp\/v2\/media?parent=26121"}],"curies":[{"name":"wp","href":"https:\/\/api.w.org\/{rel}","templated":true}]}}