{"id":26456,"date":"2020-10-02T06:54:34","date_gmt":"2020-10-02T13:54:34","guid":{"rendered":"https:\/\/ciraapps.com\/?page_id=26456"},"modified":"2025-10-23T07:24:09","modified_gmt":"2025-10-23T14:24:09","slug":"verwaltung-der-cirasync-kunden-tenants","status":"publish","type":"page","link":"https:\/\/cirasync.com\/de\/partner-2\/verwaltung-der-cirasync-kunden-tenants\/","title":{"rendered":"Verwaltung der CiraSync Kunden-Tenants"},"content":{"rendered":"<p>[et_pb_section fb_built=&#8220;1&#8243; module_class=&#8220;partner-qsg&#8220; _builder_version=&#8220;4.16&#8243; global_colors_info=&#8220;{}&#8220;][et_pb_row column_structure=&#8220;1_3,2_3&#8243; _builder_version=&#8220;4.16&#8243; global_colors_info=&#8220;{}&#8220;][et_pb_column type=&#8220;1_3&#8243; _builder_version=&#8220;4.16&#8243; global_colors_info=&#8220;{}&#8220;][et_pb_sidebar area=&#8220;et_pb_widget_area_4&#8243; _builder_version=&#8220;4.16&#8243; global_colors_info=&#8220;{}&#8220;][\/et_pb_sidebar][\/et_pb_column][et_pb_column type=&#8220;2_3&#8243; _builder_version=&#8220;4.16&#8243; global_colors_info=&#8220;{}&#8220;][et_pb_text _builder_version=&#8220;4.16&#8243; global_colors_info=&#8220;{}&#8220;]<\/p>\n<h1><span class=\"ez-toc-section\" id=\"Verwaltung_der_CiraSync_Kunden-Tenants\"><\/span>Verwaltung der CiraSync Kunden-Tenants<span class=\"ez-toc-section-end\"><\/span><\/h1>\n<p> Portalbesitzer k\u00f6nnen ihre Kunden verwalten, indem sie sie als Tenants zu ihrem Partnerportal hinzuf\u00fcgen. Dieser Abschnitt enth\u00e4lt Anleitungen f\u00fcr Folgendes:<\/p>\n<ol>\n<li>Einen Kunden-Tenant hinzuf\u00fcgen<\/li>\n<li>Tenant-Berechtigungen definieren<\/li>\n<li>Tenant-Administratoren hinzuf\u00fcgen<\/li>\n<\/ol>\n<h2><span class=\"ez-toc-section\" id=\"Anleitung\"><\/span>Anleitung<span class=\"ez-toc-section-end\"><\/span><\/h2>\n<h3><span class=\"ez-toc-section\" id=\"Einen_Kunden-Tenant_hinzufuegen\"><\/span>Einen Kunden-Tenant hinzuf\u00fcgen<span class=\"ez-toc-section-end\"><\/span><\/h3>\n<ol>\n<li>Klicken Sie auf das<strong>+<\/strong> im Abschnitt <strong>Tenants <\/strong>im <strong>Partner-Dashboard.<\/strong><\/li>\n<li>Geben Sie die gew\u00fcnschte Kunden-E-Mail ein, die zum CiraSync-Tenant werden soll. <div class='et-box et-info'>\n\t\t\t\t\t<div class='et-box-content'>\u00a0<strong>HINWEIS:<\/strong> Das Benutzerkonto muss die <strong>Tenant Admin Rolle<\/strong> innehaben, um die Einladung annehmen zu k\u00f6nnen und zum von Ihrem Partnerportal verwalteten Kunden-Tenant zu werden. Im Idealfall ist dieses Benutzerkonto ein Konto, auf das Sie Zugriff haben, sodass Sie die Einladung sofort annehmen k\u00f6nnen.<\/div><\/div><\/li>\n<li>Klicken Sie auf <strong>SENDEN.\u00a0<\/strong><\/li>\n<li>Melden Sie sich in dem E-Mail-Konto an, das auf dem Partner-Dashboard angegeben wurde. <\/li>\n<li>Akzeptieren Sie die Einladung. Sobald die Einladung akzeptiert wurde, sollte der Tenant im Abschnitt <strong>Tenant <\/strong>im <strong>\u00a0Partner-Dashboard<\/strong> erscheinen. <\/li>\n<\/ol>\n<h3><span class=\"ez-toc-section\" id=\"Tenant-Berechtigungen_definieren\"><\/span>Tenant-Berechtigungen definieren<span class=\"ez-toc-section-end\"><\/span><\/h3>\n<ol>\n<li>Klicken Sie auf das <strong>Stiftsymbol<\/strong> neben einem der Tenants, die im Partner-Dashboard unter dem Abschnitt <strong>Tenants <\/strong> aufgef\u00fchrt sind. (Siehe Abbildung unten.)\u00a0 <img decoding=\"async\" class=\"aligncenter size-large wp-image-19274\" src=\"https:\/\/cirasync.com\/wp-content\/uploads\/2020\/01\/Partner-QSG-Defining-Tenant-Permissions_markup-1024x179.png\" alt=\"\" width=\"1024\" height=\"179\" srcset=\"https:\/\/cirasync.com\/wp-content\/uploads\/2020\/01\/Partner-QSG-Defining-Tenant-Permissions_markup-1024x179.png 1024w, https:\/\/cirasync.com\/wp-content\/uploads\/2020\/01\/Partner-QSG-Defining-Tenant-Permissions_markup-980x172.png 980w, https:\/\/cirasync.com\/wp-content\/uploads\/2020\/01\/Partner-QSG-Defining-Tenant-Permissions_markup-480x84.png 480w\" sizes=\"(min-width: 0px) and (max-width: 480px) 480px, (min-width: 481px) and (max-width: 980px) 980px, (min-width: 981px) 1024px, 100vw\" \/> Sie gelangen zum\u00a0<strong>Tenant \u00dcbersicht\u00a0<\/strong><strong>Dashboard. <\/strong>(Siehe Abbildung unten.) <img decoding=\"async\" class=\"aligncenter size-large wp-image-19282\" src=\"https:\/\/cirasync.com\/wp-content\/uploads\/2020\/01\/Partner-QSG-Defining-Tenant-Permissions-Tenant-View_nomarkup-1024x522.png\" alt=\"\" width=\"1024\" height=\"522\" srcset=\"https:\/\/cirasync.com\/wp-content\/uploads\/2020\/01\/Partner-QSG-Defining-Tenant-Permissions-Tenant-View_nomarkup-1024x522.png 1024w, https:\/\/cirasync.com\/wp-content\/uploads\/2020\/01\/Partner-QSG-Defining-Tenant-Permissions-Tenant-View_nomarkup-980x500.png 980w, https:\/\/cirasync.com\/wp-content\/uploads\/2020\/01\/Partner-QSG-Defining-Tenant-Permissions-Tenant-View_nomarkup-480x245.png 480w\" sizes=\"(min-width: 0px) and (max-width: 480px) 480px, (min-width: 481px) and (max-width: 980px) 980px, (min-width: 981px) 1024px, 100vw\" \/><\/li>\n<li>Klicken Sie auf <strong>Tenant Berechtigungen<\/strong> oben im Dashboard. Ein Fenster mit der Liste aller Tenant Berechtigungen erscheint. <\/li>\n<li>Markieren und entmarkieren Sie die K\u00e4stchen, um Tenant Berechtigungen entweder zu gew\u00e4hren oder zu entziehen. Im Folgenden finden Sie eine Liste der Tenant Berechtigungen, die gew\u00e4hrt werden k\u00f6nnen:\n<ul>\n<li>M\u00f6glichkeit die Benutzerlizenz und die Sammlung von AutoLizenzen zu bearbeiten.<\/li>\n<li>M\u00f6glichkeit die folgenden Aufgaben auszuf\u00fchren: Sync Tenant, Sync Mailbox, Auto-License, Bereinigen, Wiederherstellen und Aufr\u00e4umen.<\/li>\n<li>M\u00f6glichkeit den Zeitplan, die Berichte, die Kontaktfelder, das Dienstkonto zu bearbeiten. <\/li>\n<li>M\u00f6glichkeit Sync Tunnel und Sammlungen zu bearbeiten.<\/li>\n<\/ul>\n<\/li>\n<li>Klicken Sie auf\u00a0<strong>SPEICHERN.\u00a0<\/strong><\/li>\n<\/ol>\n<h3><span class=\"ez-toc-section\" id=\"Tenant_Administratoren_hinzufuegen\"><\/span>Tenant Administratoren hinzuf\u00fcgen<span class=\"ez-toc-section-end\"><\/span><\/h3>\n<ol>\n<li>Klicken Sie auf den Benutzernamen in der rechten oberen Ecke des <strong>Partnerportal Dashboards.<\/strong><\/li>\n<li>Klicken Sie auf\u00a0<strong>Einstellungen.\u00a0<\/strong><\/li>\n<li>Klicken Sie auf <strong> Rollen verwalten<\/strong> in der linken Navigationsleiste.<\/li>\n<li>W\u00e4hlen Sie den gew\u00fcnschten Tenant zum Hinzuf\u00fcgen von Administratoren im Bereich <strong>Tenant Admins.\u00a0<\/strong><\/li>\n<li>Klicken Sie auf <strong>BEARBEITEN.<\/strong> (Siehe Abbildung unten.) <img decoding=\"async\" class=\"aligncenter size-large wp-image-19293\" src=\"https:\/\/cirasync.com\/wp-content\/uploads\/2020\/01\/Partner-QSG-Tenant-Admins_markup-1024x355.png\" alt=\"\" width=\"1024\" height=\"355\" srcset=\"https:\/\/cirasync.com\/wp-content\/uploads\/2020\/01\/Partner-QSG-Tenant-Admins_markup-980x339.png 980w, https:\/\/cirasync.com\/wp-content\/uploads\/2020\/01\/Partner-QSG-Tenant-Admins_markup-480x166.png 480w\" sizes=\"(min-width: 0px) and (max-width: 480px) 480px, (min-width: 481px) and (max-width: 980px) 980px, (min-width: 981px) 1024px, 100vw\" \/>Das <strong>Admins ausw\u00e4hlen<\/strong> Fenster wird erscheinen. (Siehe Abbildung unten.) <img decoding=\"async\" class=\"aligncenter size-full wp-image-19302\" src=\"https:\/\/cirasync.com\/wp-content\/uploads\/2020\/01\/Partner-QSG-Select-Admins_nomarkup.png\" alt=\"\" width=\"717\" height=\"646\" srcset=\"https:\/\/cirasync.com\/wp-content\/uploads\/2020\/01\/Partner-QSG-Select-Admins_nomarkup.png 717w, https:\/\/cirasync.com\/wp-content\/uploads\/2020\/01\/Partner-QSG-Select-Admins_nomarkup-480x432.png 480w\" sizes=\"(min-width: 0px) and (max-width: 480px) 480px, (min-width: 481px) 717px, 100vw\" \/><\/li>\n<li>W\u00e4hlen Sie die gew\u00fcnschten Benutzer aus, um sie zu Tenant-Admins zu machen. Der ausgew\u00e4hlte Benutzer wird in der Spalte <strong>Benutzer Kolumne <\/strong> auftauchen.<\/li>\n<li>Klicken Sie auf <strong>SPEICHERN.\u00a0<\/strong><\/li>\n<\/ol>\n<p><a href=\"http:\/\/cirasync.com\/?page_id=26034&#038;lang=de\" class=\"next-post\">N\u00e4chster Artikel: Zuweisung eines pers\u00f6nlichen Dienstkontos an einen Kunden-Tenant<\/a>[\/et_pb_text][\/et_pb_column][\/et_pb_row][\/et_pb_section]<\/p>\n","protected":false},"excerpt":{"rendered":"<p>Verwaltung der CiraSync Kunden-Tenants Portalbesitzer k\u00f6nnen ihre Kunden verwalten, indem sie sie als Tenants zu ihrem Partnerportal hinzuf\u00fcgen. Dieser Abschnitt enth\u00e4lt Anleitungen f\u00fcr Folgendes: Einen Kunden-Tenant hinzuf\u00fcgen Tenant-Berechtigungen definieren Tenant-Administratoren hinzuf\u00fcgen Anleitung Einen Kunden-Tenant hinzuf\u00fcgen Klicken Sie auf das+ im Abschnitt Tenants im Partner-Dashboard. Geben Sie die gew\u00fcnschte Kunden-E-Mail ein, die zum CiraSync-Tenant werden soll. [&hellip;]<\/p>\n","protected":false},"author":3,"featured_media":19738,"parent":17421,"menu_order":0,"comment_status":"closed","ping_status":"closed","template":"","meta":{"_et_pb_use_builder":"on","_et_pb_old_content":"","_et_gb_content_width":"","_nextfly_llmd_date_locked":false,"footnotes":""},"class_list":["post-26456","page","type-page","status-publish","has-post-thumbnail","hentry"],"yoast_head":"<!-- This site is optimized with the Yoast SEO Premium plugin v27.1 (Yoast SEO v27.1.1) - https:\/\/yoast.com\/product\/yoast-seo-premium-wordpress\/ -->\n<title>Verwaltung der CiraSync Kunden-Tenants | CiraSync<\/title>\n<meta name=\"description\" content=\"Kunden\u2011Tenants verwalten: Partner\u2011Best\u2011Practices f\u00fcr Onboarding, Rollen, Sicherheit und laufendes Monitoring in CiraSync.\" \/>\n<meta name=\"robots\" content=\"index, follow, max-snippet:-1, max-image-preview:large, max-video-preview:-1\" \/>\n<link rel=\"canonical\" href=\"https:\/\/cirasync.com\/de\/partner-2\/verwaltung-der-cirasync-kunden-tenants\/\" \/>\n<meta property=\"og:locale\" content=\"de_DE\" \/>\n<meta property=\"og:type\" content=\"article\" \/>\n<meta property=\"og:title\" content=\"Verwaltung der CiraSync Kunden-Tenants\" \/>\n<meta property=\"og:description\" content=\"Kunden\u2011Tenants verwalten: Partner\u2011Best\u2011Practices f\u00fcr Onboarding, Rollen, Sicherheit und laufendes Monitoring in CiraSync.\" \/>\n<meta property=\"og:url\" content=\"https:\/\/cirasync.com\/de\/partner-2\/verwaltung-der-cirasync-kunden-tenants\/\" \/>\n<meta property=\"og:site_name\" content=\"CiraSync\" \/>\n<meta property=\"article:publisher\" content=\"https:\/\/www.facebook.com\/CiraSync\/\" \/>\n<meta property=\"article:modified_time\" content=\"2025-10-23T14:24:09+00:00\" \/>\n<meta property=\"og:image\" content=\"https:\/\/cirasync.com\/wp-content\/uploads\/2020\/01\/Partners-Man.png\" \/>\n\t<meta property=\"og:image:width\" content=\"1080\" \/>\n\t<meta property=\"og:image:height\" content=\"630\" \/>\n\t<meta property=\"og:image:type\" content=\"image\/png\" \/>\n<meta name=\"twitter:card\" content=\"summary_large_image\" \/>\n<meta name=\"twitter:site\" content=\"@CiraSync\" \/>\n<meta name=\"twitter:label1\" content=\"Gesch\u00e4tzte Lesezeit\" \/>\n\t<meta name=\"twitter:data1\" content=\"3\u00a0Minuten\" \/>\n<script type=\"application\/ld+json\" class=\"yoast-schema-graph\">{\"@context\":\"https:\/\/schema.org\",\"@graph\":[{\"@type\":\"WebPage\",\"@id\":\"https:\/\/cirasync.com\/de\/partner-2\/verwaltung-der-cirasync-kunden-tenants\/\",\"url\":\"https:\/\/cirasync.com\/de\/partner-2\/verwaltung-der-cirasync-kunden-tenants\/\",\"name\":\"Verwaltung der CiraSync Kunden-Tenants | CiraSync\",\"isPartOf\":{\"@id\":\"https:\/\/cirasync.com\/de\/#website\"},\"primaryImageOfPage\":{\"@id\":\"https:\/\/cirasync.com\/de\/partner-2\/verwaltung-der-cirasync-kunden-tenants\/#primaryimage\"},\"image\":{\"@id\":\"https:\/\/cirasync.com\/de\/partner-2\/verwaltung-der-cirasync-kunden-tenants\/#primaryimage\"},\"thumbnailUrl\":\"https:\/\/cirasync.com\/wp-content\/uploads\/2020\/01\/Partners-Man.png\",\"datePublished\":\"2020-10-02T13:54:34+00:00\",\"dateModified\":\"2025-10-23T14:24:09+00:00\",\"description\":\"Kunden\u2011Tenants verwalten: Partner\u2011Best\u2011Practices f\u00fcr Onboarding, Rollen, Sicherheit und laufendes Monitoring in CiraSync.\",\"breadcrumb\":{\"@id\":\"https:\/\/cirasync.com\/de\/partner-2\/verwaltung-der-cirasync-kunden-tenants\/#breadcrumb\"},\"inLanguage\":\"de\",\"potentialAction\":[{\"@type\":\"ReadAction\",\"target\":[\"https:\/\/cirasync.com\/de\/partner-2\/verwaltung-der-cirasync-kunden-tenants\/\"]}]},{\"@type\":\"ImageObject\",\"inLanguage\":\"de\",\"@id\":\"https:\/\/cirasync.com\/de\/partner-2\/verwaltung-der-cirasync-kunden-tenants\/#primaryimage\",\"url\":\"https:\/\/cirasync.com\/wp-content\/uploads\/2020\/01\/Partners-Man.png\",\"contentUrl\":\"https:\/\/cirasync.com\/wp-content\/uploads\/2020\/01\/Partners-Man.png\",\"width\":1080,\"height\":630,\"caption\":\"Partners-Man\"},{\"@type\":\"BreadcrumbList\",\"@id\":\"https:\/\/cirasync.com\/de\/partner-2\/verwaltung-der-cirasync-kunden-tenants\/#breadcrumb\",\"itemListElement\":[{\"@type\":\"ListItem\",\"position\":1,\"name\":\"Home\",\"item\":\"https:\/\/cirasync.com\/de\/\"},{\"@type\":\"ListItem\",\"position\":2,\"name\":\"Partner\",\"item\":\"https:\/\/cirasync.com\/de\/partner-2\/\"},{\"@type\":\"ListItem\",\"position\":3,\"name\":\"Verwaltung der CiraSync Kunden-Tenants\"}]},{\"@type\":\"WebSite\",\"@id\":\"https:\/\/cirasync.com\/de\/#website\",\"url\":\"https:\/\/cirasync.com\/de\/\",\"name\":\"CiraSync\",\"description\":\"Sync the Office 365 GAL, public folders and calendars to smartphones.\",\"publisher\":{\"@id\":\"https:\/\/cirasync.com\/de\/#organization\"},\"potentialAction\":[{\"@type\":\"SearchAction\",\"target\":{\"@type\":\"EntryPoint\",\"urlTemplate\":\"https:\/\/cirasync.com\/de\/?s={search_term_string}\"},\"query-input\":{\"@type\":\"PropertyValueSpecification\",\"valueRequired\":true,\"valueName\":\"search_term_string\"}}],\"inLanguage\":\"de\"},{\"@type\":\"Organization\",\"@id\":\"https:\/\/cirasync.com\/de\/#organization\",\"name\":\"CiraSync\",\"url\":\"https:\/\/cirasync.com\/de\/\",\"logo\":{\"@type\":\"ImageObject\",\"inLanguage\":\"de\",\"@id\":\"https:\/\/cirasync.com\/de\/#\/schema\/logo\/image\/\",\"url\":\"https:\/\/cirasync.com\/wp-content\/uploads\/2019\/07\/CiraSync-Logo-.png\",\"contentUrl\":\"https:\/\/cirasync.com\/wp-content\/uploads\/2019\/07\/CiraSync-Logo-.png\",\"width\":1200,\"height\":671,\"caption\":\"CiraSync\"},\"image\":{\"@id\":\"https:\/\/cirasync.com\/de\/#\/schema\/logo\/image\/\"},\"sameAs\":[\"https:\/\/www.facebook.com\/CiraSync\/\",\"https:\/\/x.com\/CiraSync\",\"https:\/\/www.linkedin.com\/company\/cira-apps-limited\",\"https:\/\/www.youtube.com\/channel\/UCdFkOfXlRAWRadzGit3jJZA\/videos\"],\"description\":\"CiraSync automatically syncs CRM, contact & calendar data from M365, Exchange & many CRMs to every smartphone.\",\"email\":\"support@cirasync.com\",\"telephone\":\"1 (202) 747 0888\",\"legalName\":\"CiraSync\"}]}<\/script>\n<!-- \/ Yoast SEO Premium plugin. -->","yoast_head_json":{"title":"Verwaltung der CiraSync Kunden-Tenants | CiraSync","description":"Kunden\u2011Tenants verwalten: Partner\u2011Best\u2011Practices f\u00fcr Onboarding, Rollen, Sicherheit und laufendes Monitoring in CiraSync.","robots":{"index":"index","follow":"follow","max-snippet":"max-snippet:-1","max-image-preview":"max-image-preview:large","max-video-preview":"max-video-preview:-1"},"canonical":"https:\/\/cirasync.com\/de\/partner-2\/verwaltung-der-cirasync-kunden-tenants\/","og_locale":"de_DE","og_type":"article","og_title":"Verwaltung der CiraSync Kunden-Tenants","og_description":"Kunden\u2011Tenants verwalten: Partner\u2011Best\u2011Practices f\u00fcr Onboarding, Rollen, Sicherheit und laufendes Monitoring in CiraSync.","og_url":"https:\/\/cirasync.com\/de\/partner-2\/verwaltung-der-cirasync-kunden-tenants\/","og_site_name":"CiraSync","article_publisher":"https:\/\/www.facebook.com\/CiraSync\/","article_modified_time":"2025-10-23T14:24:09+00:00","og_image":[{"width":1080,"height":630,"url":"https:\/\/cirasync.com\/wp-content\/uploads\/2020\/01\/Partners-Man.png","type":"image\/png"}],"twitter_card":"summary_large_image","twitter_site":"@CiraSync","twitter_misc":{"Gesch\u00e4tzte Lesezeit":"3\u00a0Minuten"},"schema":{"@context":"https:\/\/schema.org","@graph":[{"@type":"WebPage","@id":"https:\/\/cirasync.com\/de\/partner-2\/verwaltung-der-cirasync-kunden-tenants\/","url":"https:\/\/cirasync.com\/de\/partner-2\/verwaltung-der-cirasync-kunden-tenants\/","name":"Verwaltung der CiraSync Kunden-Tenants | CiraSync","isPartOf":{"@id":"https:\/\/cirasync.com\/de\/#website"},"primaryImageOfPage":{"@id":"https:\/\/cirasync.com\/de\/partner-2\/verwaltung-der-cirasync-kunden-tenants\/#primaryimage"},"image":{"@id":"https:\/\/cirasync.com\/de\/partner-2\/verwaltung-der-cirasync-kunden-tenants\/#primaryimage"},"thumbnailUrl":"https:\/\/cirasync.com\/wp-content\/uploads\/2020\/01\/Partners-Man.png","datePublished":"2020-10-02T13:54:34+00:00","dateModified":"2025-10-23T14:24:09+00:00","description":"Kunden\u2011Tenants verwalten: Partner\u2011Best\u2011Practices f\u00fcr Onboarding, Rollen, Sicherheit und laufendes Monitoring in CiraSync.","breadcrumb":{"@id":"https:\/\/cirasync.com\/de\/partner-2\/verwaltung-der-cirasync-kunden-tenants\/#breadcrumb"},"inLanguage":"de","potentialAction":[{"@type":"ReadAction","target":["https:\/\/cirasync.com\/de\/partner-2\/verwaltung-der-cirasync-kunden-tenants\/"]}]},{"@type":"ImageObject","inLanguage":"de","@id":"https:\/\/cirasync.com\/de\/partner-2\/verwaltung-der-cirasync-kunden-tenants\/#primaryimage","url":"https:\/\/cirasync.com\/wp-content\/uploads\/2020\/01\/Partners-Man.png","contentUrl":"https:\/\/cirasync.com\/wp-content\/uploads\/2020\/01\/Partners-Man.png","width":1080,"height":630,"caption":"Partners-Man"},{"@type":"BreadcrumbList","@id":"https:\/\/cirasync.com\/de\/partner-2\/verwaltung-der-cirasync-kunden-tenants\/#breadcrumb","itemListElement":[{"@type":"ListItem","position":1,"name":"Home","item":"https:\/\/cirasync.com\/de\/"},{"@type":"ListItem","position":2,"name":"Partner","item":"https:\/\/cirasync.com\/de\/partner-2\/"},{"@type":"ListItem","position":3,"name":"Verwaltung der CiraSync Kunden-Tenants"}]},{"@type":"WebSite","@id":"https:\/\/cirasync.com\/de\/#website","url":"https:\/\/cirasync.com\/de\/","name":"CiraSync","description":"Sync the Office 365 GAL, public folders and calendars to smartphones.","publisher":{"@id":"https:\/\/cirasync.com\/de\/#organization"},"potentialAction":[{"@type":"SearchAction","target":{"@type":"EntryPoint","urlTemplate":"https:\/\/cirasync.com\/de\/?s={search_term_string}"},"query-input":{"@type":"PropertyValueSpecification","valueRequired":true,"valueName":"search_term_string"}}],"inLanguage":"de"},{"@type":"Organization","@id":"https:\/\/cirasync.com\/de\/#organization","name":"CiraSync","url":"https:\/\/cirasync.com\/de\/","logo":{"@type":"ImageObject","inLanguage":"de","@id":"https:\/\/cirasync.com\/de\/#\/schema\/logo\/image\/","url":"https:\/\/cirasync.com\/wp-content\/uploads\/2019\/07\/CiraSync-Logo-.png","contentUrl":"https:\/\/cirasync.com\/wp-content\/uploads\/2019\/07\/CiraSync-Logo-.png","width":1200,"height":671,"caption":"CiraSync"},"image":{"@id":"https:\/\/cirasync.com\/de\/#\/schema\/logo\/image\/"},"sameAs":["https:\/\/www.facebook.com\/CiraSync\/","https:\/\/x.com\/CiraSync","https:\/\/www.linkedin.com\/company\/cira-apps-limited","https:\/\/www.youtube.com\/channel\/UCdFkOfXlRAWRadzGit3jJZA\/videos"],"description":"CiraSync automatically syncs CRM, contact & calendar data from M365, Exchange & many CRMs to every smartphone.","email":"support@cirasync.com","telephone":"1 (202) 747 0888","legalName":"CiraSync"}]}},"_links":{"self":[{"href":"https:\/\/cirasync.com\/de\/wp-json\/wp\/v2\/pages\/26456","targetHints":{"allow":["GET"]}}],"collection":[{"href":"https:\/\/cirasync.com\/de\/wp-json\/wp\/v2\/pages"}],"about":[{"href":"https:\/\/cirasync.com\/de\/wp-json\/wp\/v2\/types\/page"}],"author":[{"embeddable":true,"href":"https:\/\/cirasync.com\/de\/wp-json\/wp\/v2\/users\/3"}],"replies":[{"embeddable":true,"href":"https:\/\/cirasync.com\/de\/wp-json\/wp\/v2\/comments?post=26456"}],"version-history":[{"count":0,"href":"https:\/\/cirasync.com\/de\/wp-json\/wp\/v2\/pages\/26456\/revisions"}],"up":[{"embeddable":true,"href":"https:\/\/cirasync.com\/de\/wp-json\/wp\/v2\/pages\/17421"}],"wp:featuredmedia":[{"embeddable":true,"href":"https:\/\/cirasync.com\/de\/wp-json\/wp\/v2\/media\/19738"}],"wp:attachment":[{"href":"https:\/\/cirasync.com\/de\/wp-json\/wp\/v2\/media?parent=26456"}],"curies":[{"name":"wp","href":"https:\/\/api.w.org\/{rel}","templated":true}]}}