{"id":26462,"date":"2020-10-02T06:52:59","date_gmt":"2020-10-02T13:52:59","guid":{"rendered":"https:\/\/ciraapps.com\/?page_id=26462"},"modified":"2025-10-23T07:21:41","modified_gmt":"2025-10-23T14:21:41","slug":"kauf-von-cirasync-daily-subscription-units","status":"publish","type":"page","link":"https:\/\/cirasync.com\/de\/partner-2\/kauf-von-cirasync-daily-subscription-units\/","title":{"rendered":"Kauf von CiraSync Daily Subscription Units"},"content":{"rendered":"<p>[et_pb_section fb_built=&#8220;1&#8243; module_class=&#8220;partner-qsg&#8220; _builder_version=&#8220;4.16&#8243; global_colors_info=&#8220;{}&#8220;][et_pb_row column_structure=&#8220;1_3,2_3&#8243; _builder_version=&#8220;4.16&#8243; global_colors_info=&#8220;{}&#8220;][et_pb_column type=&#8220;1_3&#8243; _builder_version=&#8220;4.16&#8243; global_colors_info=&#8220;{}&#8220;][et_pb_sidebar area=&#8220;et_pb_widget_area_4&#8243; _builder_version=&#8220;4.16&#8243; global_colors_info=&#8220;{}&#8220;][\/et_pb_sidebar][\/et_pb_column][et_pb_column type=&#8220;2_3&#8243; _builder_version=&#8220;4.16&#8243; global_colors_info=&#8220;{}&#8220;][et_pb_text _builder_version=&#8220;4.16&#8243; global_colors_info=&#8220;{}&#8220;]<\/p>\n<h1><span class=\"ez-toc-section\" id=\"Kauf_von_CiraSync_Daily_Subscription_Units\"><\/span>Kauf von CiraSync Daily Subscription Units<span class=\"ez-toc-section-end\"><\/span><\/h1>\n<p>&nbsp;<\/p>\n<p>Es gibt zwei M\u00f6glichkeiten f\u00fcr CiraSync Partner, um DSUs zu kaufen:<\/p>\n<ol>\n<li>Durch die Einrichtung eines automatisierten Abrechnungsplans f\u00fcr alle DSU-Pakete.<\/li>\n<li>Durch manuelle Auswahl bestimmter Pakete und die Durchf\u00fchrung einer einmaligen Kreditkartentransaktion. <\/li>\n<\/ol>\n<p>Diese Anleitung zeigt, wie man CiraSync DSUs kaufen kann.<\/p>\n<h2><span class=\"ez-toc-section\" id=\"Anleitung\"><\/span>Anleitung<span class=\"ez-toc-section-end\"><\/span><\/h2>\n<h3><span class=\"ez-toc-section\" id=\"Einrichtung_eines_automatisierten_Abrechnungsplans\"><\/span>Einrichtung eines automatisierten Abrechnungsplans<span class=\"ez-toc-section-end\"><\/span><\/h3>\n<p>Der automatisierte Abrechnungsplan erm\u00f6glicht es Partner mit einem neuen DSU-Paket auszustatten, wenn das Paket aufgebraucht ist. Dies gew\u00e4hrleistet einen unterbrechungsfreien Service f\u00fcr Partnerkunden. Partner werden nach dem <strong>Rechnungskontaktpunkt <\/strong> abgerechnet, der auf dem Partnerportal eingerichtet werden kann. Die folgende Anleitung zeigt, wie Sie einen automatisierten Abrechnungsplan einrichten.<\/p>\n<ol>\n<li>Klicken Sie auf den Benutzernamen in der rechten oberen Ecke des Partnerportal-Dashboards.<\/li>\n<li>Klicken Sie auf\u00a0<strong>EINSTELLUNGEN.\u00a0<\/strong><\/li>\n<li>Klicken Sie auf <strong>Rechnungs-Info<\/strong> in der linken Navigationsleiste.<\/li>\n<li>Klicken Sie auf <strong>BEARBEITEN <\/strong>im Bereich <strong>Kreditkarte und Rechnungsadresse.<\/strong> (Siehe Abbildung unten.) <img decoding=\"async\" class=\"aligncenter size-large wp-image-19351\" src=\"https:\/\/cirasync.com\/wp-content\/uploads\/2020\/01\/Partner-QSG-Billing-Info_markup-1024x331.png\" alt=\"\" width=\"1024\" height=\"331\" srcset=\"https:\/\/cirasync.com\/wp-content\/uploads\/2020\/01\/Partner-QSG-Billing-Info_markup-980x317.png 980w, https:\/\/cirasync.com\/wp-content\/uploads\/2020\/01\/Partner-QSG-Billing-Info_markup-480x155.png 480w\" sizes=\"(min-width: 0px) and (max-width: 480px) 480px, (min-width: 481px) and (max-width: 980px) 980px, (min-width: 981px) 1024px, 100vw\" \/>Das <strong>Rechnungs-Informationen<\/strong> Fenster wird erscheinen. (Siehe Abbildung unten.) <img decoding=\"async\" class=\"aligncenter size-full wp-image-19359\" src=\"https:\/\/cirasync.com\/wp-content\/uploads\/2020\/01\/Partner-QSG-Billing-Info-Window_nomarkup.png\" alt=\"\" width=\"676\" height=\"537\" srcset=\"https:\/\/cirasync.com\/wp-content\/uploads\/2020\/01\/Partner-QSG-Billing-Info-Window_nomarkup.png 676w, https:\/\/cirasync.com\/wp-content\/uploads\/2020\/01\/Partner-QSG-Billing-Info-Window_nomarkup-480x381.png 480w\" sizes=\"(min-width: 0px) and (max-width: 480px) 480px, (min-width: 481px) 676px, 100vw\" \/><\/li>\n<li>F\u00fcllen Sie alle Felder aus.<\/li>\n<li>Klicken Sie auf\u00a0<strong>OK.\u00a0<\/strong><\/li>\n<\/ol>\n<h3><span class=\"ez-toc-section\" id=\"Manueller_Kauf\"><\/span>Manueller Kauf<span class=\"ez-toc-section-end\"><\/span><\/h3>\n<p>CiraSync DSUs k\u00f6nnen auch manuell erworben werden. Die folgende Anleitung zeigt, wie Sie einen einmaligen Kauf von CiraSync DSUs durchf\u00fchren k\u00f6nnen.<\/p>\n<ol>\n<li>Klicken Sie auf den Benutzernamen in der rechten oberen Ecke des Partnerportal-Dashboards.<\/li>\n<li>Klicken Sie auf <strong>EINSTELLUNGEN.\u00a0<\/strong><\/li>\n<li>Klicken Sie auf <strong>Standard-Paket. <\/strong><\/li>\n<li>Klicken SIe auf <strong>DSU-PAKETE KAUFEN. <\/strong>(Siehe Abbildung unten.) <img decoding=\"async\" class=\"aligncenter size-large wp-image-19367\" src=\"https:\/\/cirasync.com\/wp-content\/uploads\/2020\/01\/Partner-QSG-DSU-Packages_markup-1024x230.png\" alt=\"\" width=\"1024\" height=\"230\" srcset=\"https:\/\/cirasync.com\/wp-content\/uploads\/2020\/01\/Partner-QSG-DSU-Packages_markup-980x221.png 980w, https:\/\/cirasync.com\/wp-content\/uploads\/2020\/01\/Partner-QSG-DSU-Packages_markup-480x108.png 480w\" sizes=\"(min-width: 0px) and (max-width: 480px) 480px, (min-width: 481px) and (max-width: 980px) 980px, (min-width: 981px) 1024px, 100vw\" \/>Das <strong>DSU-Pakete kaufen <\/strong>Fenster wird erscheinen. (Siehe Abbildung unten.) <img decoding=\"async\" class=\"aligncenter size-full wp-image-19375\" src=\"https:\/\/cirasync.com\/wp-content\/uploads\/2020\/01\/Partner-QSG-Buying-DSU-Packages_nomarkup.png\" alt=\"\" width=\"628\" height=\"601\" srcset=\"https:\/\/cirasync.com\/wp-content\/uploads\/2020\/01\/Partner-QSG-Buying-DSU-Packages_nomarkup.png 628w, https:\/\/cirasync.com\/wp-content\/uploads\/2020\/01\/Partner-QSG-Buying-DSU-Packages_nomarkup-480x459.png 480w\" sizes=\"(min-width: 0px) and (max-width: 480px) 480px, (min-width: 481px) 628px, 100vw\" \/><\/li>\n<li>Klicken Sie auf das + neben dem gew\u00fcnschten Paket, um es zum Gesamtkauf hinzuzuf\u00fcgen.\n<div class=\"et-fb-loader\" style=\"position: relative; margin-bottom: 40px;\"><\/div>\n<\/li>\n<li>Klicken Sie auf <strong>WEITER.\u00a0<\/strong> Das <strong>DSU-Pakete kaufen Fenster<\/strong> wird erscheinen. (Siehe Abbildung unten.) <img decoding=\"async\" class=\"aligncenter size-full wp-image-19383\" src=\"https:\/\/cirasync.com\/wp-content\/uploads\/2020\/01\/Partner-QSG-Buy-DSU-Packages-Billing_nomarkup.png\" alt=\"\" width=\"624\" height=\"602\" srcset=\"https:\/\/cirasync.com\/wp-content\/uploads\/2020\/01\/Partner-QSG-Buy-DSU-Packages-Billing_nomarkup.png 624w, https:\/\/cirasync.com\/wp-content\/uploads\/2020\/01\/Partner-QSG-Buy-DSU-Packages-Billing_nomarkup-480x463.png 480w\" sizes=\"(min-width: 0px) and (max-width: 480px) 480px, (min-width: 481px) 624px, 100vw\" \/><\/li>\n<li>F\u00fcllen Sie alle Felder aus.<\/li>\n<li>Klicken Sie auf <strong>KAUFEN.\u00a0<\/strong><\/li>\n<\/ol>\n<p>[\/et_pb_text][\/et_pb_column][\/et_pb_row][\/et_pb_section]<\/p>\n","protected":false},"excerpt":{"rendered":"<p>Kauf von CiraSync Daily Subscription Units &nbsp; Es gibt zwei M\u00f6glichkeiten f\u00fcr CiraSync Partner, um DSUs zu kaufen: Durch die Einrichtung eines automatisierten Abrechnungsplans f\u00fcr alle DSU-Pakete. Durch manuelle Auswahl bestimmter Pakete und die Durchf\u00fchrung einer einmaligen Kreditkartentransaktion. Diese Anleitung zeigt, wie man CiraSync DSUs kaufen kann. Anleitung Einrichtung eines automatisierten Abrechnungsplans Der automatisierte Abrechnungsplan [&hellip;]<\/p>\n","protected":false},"author":3,"featured_media":19730,"parent":17421,"menu_order":0,"comment_status":"closed","ping_status":"closed","template":"","meta":{"_et_pb_use_builder":"on","_et_pb_old_content":"","_et_gb_content_width":"","_nextfly_llmd_date_locked":false,"footnotes":""},"class_list":["post-26462","page","type-page","status-publish","has-post-thumbnail","hentry"],"yoast_head":"<!-- This site is optimized with the Yoast SEO Premium plugin v27.1 (Yoast SEO v27.1.1) - https:\/\/yoast.com\/product\/yoast-seo-premium-wordpress\/ -->\n<title>Kauf von CiraSync Daily Subscription Units | CiraSync<\/title>\n<meta name=\"description\" content=\"Partnerkauf: Daily Subscription Units \u2013 Beschaffung, Abrechnung und typische Anwendungsf\u00e4lle \u00fcbersichtlich erkl\u00e4rt.\" \/>\n<meta name=\"robots\" content=\"index, follow, max-snippet:-1, max-image-preview:large, max-video-preview:-1\" \/>\n<link rel=\"canonical\" href=\"https:\/\/cirasync.com\/de\/partner-2\/kauf-von-cirasync-daily-subscription-units\/\" \/>\n<meta property=\"og:locale\" content=\"de_DE\" \/>\n<meta property=\"og:type\" content=\"article\" \/>\n<meta property=\"og:title\" content=\"Kauf von CiraSync Daily Subscription Units\" \/>\n<meta property=\"og:description\" content=\"Partnerkauf: Daily Subscription Units \u2013 Beschaffung, Abrechnung und typische Anwendungsf\u00e4lle \u00fcbersichtlich erkl\u00e4rt.\" \/>\n<meta property=\"og:url\" content=\"https:\/\/cirasync.com\/de\/partner-2\/kauf-von-cirasync-daily-subscription-units\/\" \/>\n<meta property=\"og:site_name\" content=\"CiraSync\" \/>\n<meta property=\"article:publisher\" content=\"https:\/\/www.facebook.com\/CiraSync\/\" \/>\n<meta property=\"article:modified_time\" content=\"2025-10-23T14:21:41+00:00\" \/>\n<meta property=\"og:image\" content=\"https:\/\/cirasync.com\/wp-content\/uploads\/2020\/01\/Partners-Woman.png\" \/>\n\t<meta property=\"og:image:width\" content=\"1080\" \/>\n\t<meta property=\"og:image:height\" content=\"630\" \/>\n\t<meta property=\"og:image:type\" content=\"image\/png\" \/>\n<meta name=\"twitter:card\" content=\"summary_large_image\" \/>\n<meta name=\"twitter:site\" content=\"@CiraSync\" \/>\n<meta name=\"twitter:label1\" content=\"Gesch\u00e4tzte Lesezeit\" \/>\n\t<meta name=\"twitter:data1\" content=\"3\u00a0Minuten\" \/>\n<script type=\"application\/ld+json\" class=\"yoast-schema-graph\">{\"@context\":\"https:\/\/schema.org\",\"@graph\":[{\"@type\":\"WebPage\",\"@id\":\"https:\/\/cirasync.com\/de\/partner-2\/kauf-von-cirasync-daily-subscription-units\/\",\"url\":\"https:\/\/cirasync.com\/de\/partner-2\/kauf-von-cirasync-daily-subscription-units\/\",\"name\":\"Kauf von CiraSync Daily Subscription Units | CiraSync\",\"isPartOf\":{\"@id\":\"https:\/\/cirasync.com\/de\/#website\"},\"primaryImageOfPage\":{\"@id\":\"https:\/\/cirasync.com\/de\/partner-2\/kauf-von-cirasync-daily-subscription-units\/#primaryimage\"},\"image\":{\"@id\":\"https:\/\/cirasync.com\/de\/partner-2\/kauf-von-cirasync-daily-subscription-units\/#primaryimage\"},\"thumbnailUrl\":\"https:\/\/cirasync.com\/wp-content\/uploads\/2020\/01\/Partners-Woman.png\",\"datePublished\":\"2020-10-02T13:52:59+00:00\",\"dateModified\":\"2025-10-23T14:21:41+00:00\",\"description\":\"Partnerkauf: Daily Subscription Units \u2013 Beschaffung, Abrechnung und typische Anwendungsf\u00e4lle \u00fcbersichtlich erkl\u00e4rt.\",\"breadcrumb\":{\"@id\":\"https:\/\/cirasync.com\/de\/partner-2\/kauf-von-cirasync-daily-subscription-units\/#breadcrumb\"},\"inLanguage\":\"de\",\"potentialAction\":[{\"@type\":\"ReadAction\",\"target\":[\"https:\/\/cirasync.com\/de\/partner-2\/kauf-von-cirasync-daily-subscription-units\/\"]}]},{\"@type\":\"ImageObject\",\"inLanguage\":\"de\",\"@id\":\"https:\/\/cirasync.com\/de\/partner-2\/kauf-von-cirasync-daily-subscription-units\/#primaryimage\",\"url\":\"https:\/\/cirasync.com\/wp-content\/uploads\/2020\/01\/Partners-Woman.png\",\"contentUrl\":\"https:\/\/cirasync.com\/wp-content\/uploads\/2020\/01\/Partners-Woman.png\",\"width\":1080,\"height\":630,\"caption\":\"Partners-Woman\"},{\"@type\":\"BreadcrumbList\",\"@id\":\"https:\/\/cirasync.com\/de\/partner-2\/kauf-von-cirasync-daily-subscription-units\/#breadcrumb\",\"itemListElement\":[{\"@type\":\"ListItem\",\"position\":1,\"name\":\"Home\",\"item\":\"https:\/\/cirasync.com\/de\/\"},{\"@type\":\"ListItem\",\"position\":2,\"name\":\"Partner\",\"item\":\"https:\/\/cirasync.com\/de\/partner-2\/\"},{\"@type\":\"ListItem\",\"position\":3,\"name\":\"Kauf von CiraSync Daily Subscription Units\"}]},{\"@type\":\"WebSite\",\"@id\":\"https:\/\/cirasync.com\/de\/#website\",\"url\":\"https:\/\/cirasync.com\/de\/\",\"name\":\"CiraSync\",\"description\":\"Sync the Office 365 GAL, public folders and calendars to smartphones.\",\"publisher\":{\"@id\":\"https:\/\/cirasync.com\/de\/#organization\"},\"potentialAction\":[{\"@type\":\"SearchAction\",\"target\":{\"@type\":\"EntryPoint\",\"urlTemplate\":\"https:\/\/cirasync.com\/de\/?s={search_term_string}\"},\"query-input\":{\"@type\":\"PropertyValueSpecification\",\"valueRequired\":true,\"valueName\":\"search_term_string\"}}],\"inLanguage\":\"de\"},{\"@type\":\"Organization\",\"@id\":\"https:\/\/cirasync.com\/de\/#organization\",\"name\":\"CiraSync\",\"url\":\"https:\/\/cirasync.com\/de\/\",\"logo\":{\"@type\":\"ImageObject\",\"inLanguage\":\"de\",\"@id\":\"https:\/\/cirasync.com\/de\/#\/schema\/logo\/image\/\",\"url\":\"https:\/\/cirasync.com\/wp-content\/uploads\/2019\/07\/CiraSync-Logo-.png\",\"contentUrl\":\"https:\/\/cirasync.com\/wp-content\/uploads\/2019\/07\/CiraSync-Logo-.png\",\"width\":1200,\"height\":671,\"caption\":\"CiraSync\"},\"image\":{\"@id\":\"https:\/\/cirasync.com\/de\/#\/schema\/logo\/image\/\"},\"sameAs\":[\"https:\/\/www.facebook.com\/CiraSync\/\",\"https:\/\/x.com\/CiraSync\",\"https:\/\/www.linkedin.com\/company\/cira-apps-limited\",\"https:\/\/www.youtube.com\/channel\/UCdFkOfXlRAWRadzGit3jJZA\/videos\"],\"description\":\"CiraSync automatically syncs CRM, contact & calendar data from M365, Exchange & many CRMs to every smartphone.\",\"email\":\"support@cirasync.com\",\"telephone\":\"1 (202) 747 0888\",\"legalName\":\"CiraSync\"}]}<\/script>\n<!-- \/ Yoast SEO Premium plugin. -->","yoast_head_json":{"title":"Kauf von CiraSync Daily Subscription Units | CiraSync","description":"Partnerkauf: Daily Subscription Units \u2013 Beschaffung, Abrechnung und typische Anwendungsf\u00e4lle \u00fcbersichtlich erkl\u00e4rt.","robots":{"index":"index","follow":"follow","max-snippet":"max-snippet:-1","max-image-preview":"max-image-preview:large","max-video-preview":"max-video-preview:-1"},"canonical":"https:\/\/cirasync.com\/de\/partner-2\/kauf-von-cirasync-daily-subscription-units\/","og_locale":"de_DE","og_type":"article","og_title":"Kauf von CiraSync Daily Subscription Units","og_description":"Partnerkauf: Daily Subscription Units \u2013 Beschaffung, Abrechnung und typische Anwendungsf\u00e4lle \u00fcbersichtlich erkl\u00e4rt.","og_url":"https:\/\/cirasync.com\/de\/partner-2\/kauf-von-cirasync-daily-subscription-units\/","og_site_name":"CiraSync","article_publisher":"https:\/\/www.facebook.com\/CiraSync\/","article_modified_time":"2025-10-23T14:21:41+00:00","og_image":[{"width":1080,"height":630,"url":"https:\/\/cirasync.com\/wp-content\/uploads\/2020\/01\/Partners-Woman.png","type":"image\/png"}],"twitter_card":"summary_large_image","twitter_site":"@CiraSync","twitter_misc":{"Gesch\u00e4tzte Lesezeit":"3\u00a0Minuten"},"schema":{"@context":"https:\/\/schema.org","@graph":[{"@type":"WebPage","@id":"https:\/\/cirasync.com\/de\/partner-2\/kauf-von-cirasync-daily-subscription-units\/","url":"https:\/\/cirasync.com\/de\/partner-2\/kauf-von-cirasync-daily-subscription-units\/","name":"Kauf von CiraSync Daily Subscription Units | CiraSync","isPartOf":{"@id":"https:\/\/cirasync.com\/de\/#website"},"primaryImageOfPage":{"@id":"https:\/\/cirasync.com\/de\/partner-2\/kauf-von-cirasync-daily-subscription-units\/#primaryimage"},"image":{"@id":"https:\/\/cirasync.com\/de\/partner-2\/kauf-von-cirasync-daily-subscription-units\/#primaryimage"},"thumbnailUrl":"https:\/\/cirasync.com\/wp-content\/uploads\/2020\/01\/Partners-Woman.png","datePublished":"2020-10-02T13:52:59+00:00","dateModified":"2025-10-23T14:21:41+00:00","description":"Partnerkauf: Daily Subscription Units \u2013 Beschaffung, Abrechnung und typische Anwendungsf\u00e4lle \u00fcbersichtlich erkl\u00e4rt.","breadcrumb":{"@id":"https:\/\/cirasync.com\/de\/partner-2\/kauf-von-cirasync-daily-subscription-units\/#breadcrumb"},"inLanguage":"de","potentialAction":[{"@type":"ReadAction","target":["https:\/\/cirasync.com\/de\/partner-2\/kauf-von-cirasync-daily-subscription-units\/"]}]},{"@type":"ImageObject","inLanguage":"de","@id":"https:\/\/cirasync.com\/de\/partner-2\/kauf-von-cirasync-daily-subscription-units\/#primaryimage","url":"https:\/\/cirasync.com\/wp-content\/uploads\/2020\/01\/Partners-Woman.png","contentUrl":"https:\/\/cirasync.com\/wp-content\/uploads\/2020\/01\/Partners-Woman.png","width":1080,"height":630,"caption":"Partners-Woman"},{"@type":"BreadcrumbList","@id":"https:\/\/cirasync.com\/de\/partner-2\/kauf-von-cirasync-daily-subscription-units\/#breadcrumb","itemListElement":[{"@type":"ListItem","position":1,"name":"Home","item":"https:\/\/cirasync.com\/de\/"},{"@type":"ListItem","position":2,"name":"Partner","item":"https:\/\/cirasync.com\/de\/partner-2\/"},{"@type":"ListItem","position":3,"name":"Kauf von CiraSync Daily Subscription Units"}]},{"@type":"WebSite","@id":"https:\/\/cirasync.com\/de\/#website","url":"https:\/\/cirasync.com\/de\/","name":"CiraSync","description":"Sync the Office 365 GAL, public folders and calendars to smartphones.","publisher":{"@id":"https:\/\/cirasync.com\/de\/#organization"},"potentialAction":[{"@type":"SearchAction","target":{"@type":"EntryPoint","urlTemplate":"https:\/\/cirasync.com\/de\/?s={search_term_string}"},"query-input":{"@type":"PropertyValueSpecification","valueRequired":true,"valueName":"search_term_string"}}],"inLanguage":"de"},{"@type":"Organization","@id":"https:\/\/cirasync.com\/de\/#organization","name":"CiraSync","url":"https:\/\/cirasync.com\/de\/","logo":{"@type":"ImageObject","inLanguage":"de","@id":"https:\/\/cirasync.com\/de\/#\/schema\/logo\/image\/","url":"https:\/\/cirasync.com\/wp-content\/uploads\/2019\/07\/CiraSync-Logo-.png","contentUrl":"https:\/\/cirasync.com\/wp-content\/uploads\/2019\/07\/CiraSync-Logo-.png","width":1200,"height":671,"caption":"CiraSync"},"image":{"@id":"https:\/\/cirasync.com\/de\/#\/schema\/logo\/image\/"},"sameAs":["https:\/\/www.facebook.com\/CiraSync\/","https:\/\/x.com\/CiraSync","https:\/\/www.linkedin.com\/company\/cira-apps-limited","https:\/\/www.youtube.com\/channel\/UCdFkOfXlRAWRadzGit3jJZA\/videos"],"description":"CiraSync automatically syncs CRM, contact & calendar data from M365, Exchange & many CRMs to every smartphone.","email":"support@cirasync.com","telephone":"1 (202) 747 0888","legalName":"CiraSync"}]}},"_links":{"self":[{"href":"https:\/\/cirasync.com\/de\/wp-json\/wp\/v2\/pages\/26462","targetHints":{"allow":["GET"]}}],"collection":[{"href":"https:\/\/cirasync.com\/de\/wp-json\/wp\/v2\/pages"}],"about":[{"href":"https:\/\/cirasync.com\/de\/wp-json\/wp\/v2\/types\/page"}],"author":[{"embeddable":true,"href":"https:\/\/cirasync.com\/de\/wp-json\/wp\/v2\/users\/3"}],"replies":[{"embeddable":true,"href":"https:\/\/cirasync.com\/de\/wp-json\/wp\/v2\/comments?post=26462"}],"version-history":[{"count":0,"href":"https:\/\/cirasync.com\/de\/wp-json\/wp\/v2\/pages\/26462\/revisions"}],"up":[{"embeddable":true,"href":"https:\/\/cirasync.com\/de\/wp-json\/wp\/v2\/pages\/17421"}],"wp:featuredmedia":[{"embeddable":true,"href":"https:\/\/cirasync.com\/de\/wp-json\/wp\/v2\/media\/19730"}],"wp:attachment":[{"href":"https:\/\/cirasync.com\/de\/wp-json\/wp\/v2\/media?parent=26462"}],"curies":[{"name":"wp","href":"https:\/\/api.w.org\/{rel}","templated":true}]}}