{"id":26523,"date":"2020-07-22T11:35:11","date_gmt":"2020-07-22T18:35:11","guid":{"rendered":"https:\/\/ciraapps.com\/?page_id=26523"},"modified":"2020-08-29T20:45:47","modified_gmt":"2020-08-30T03:45:47","slug":"recursos","status":"publish","type":"page","link":"https:\/\/cirasync.com\/es\/recursos\/","title":{"rendered":"Biblioteca de recursos sincronizaci\u00f3n Office 365"},"content":{"rendered":"<p>[et_pb_section fb_built=\u00bb1&#8243; module_class=\u00bbhero\u00bb _builder_version=\u00bb3.29.2&#8243; background_color=\u00bb#f3fbff\u00bb][et_pb_row column_structure=\u00bb1_2,1_2&#8243; _builder_version=\u00bb3.29.2&#8243; custom_padding=\u00bb0px||||false|false\u00bb][et_pb_column type=\u00bb1_2&#8243; _builder_version=\u00bb3.29.2&#8243;][et_pb_image src=\u00bbhttps:\/\/cirasync.com\/wp-content\/uploads\/2019\/09\/rocket.svg\u00bb url=\u00bbhttp:\/\/cirasync.com\/ebooks\/cirasync-customer-success-ebook\/\u00bb _builder_version=\u00bb3.29.2&#8243;][\/et_pb_image][\/et_pb_column][et_pb_column type=\u00bb1_2&#8243; _builder_version=\u00bb3.29.2&#8243;][et_pb_text module_class=\u00bbvideo-title\u00bb _builder_version=\u00bb3.29.2&#8243; custom_padding=\u00bb20px||||false|false\u00bb]E-book destacado[\/et_pb_text][et_pb_text _builder_version=\u00bb3.29.2&#8243; header_font_size=\u00bb45px\u00bb header_line_height=\u00bb1.3em\u00bb header_6_font_size=\u00bb19px\u00bb custom_margin=\u00bb15px||||false|false\u00bb link_option_url=\u00bbhttp:\/\/cirasync.com\/ebooks\/cirasync-customer-success-ebook\/\u00bb]<\/p>\n<h1><span class=\"ez-toc-section\" id=\"E-Book_de_casos_de_exito_de_clientes_de_CiraSync\"><\/span><span style=\"color: #37474f;\">E-Book de casos de \u00e9xito de clientes de CiraSync<\/span><span class=\"ez-toc-section-end\"><\/span><\/h1>\n<h6 style=\"margin-top: 20px; line-height: 1.8;\">Este libro electr\u00f3nico de casos de \u00e9xito de clientes de CiraSync proporciona casos de uso reales para las cuatro soluciones para tel\u00e9fonos m\u00f3viles que ofrece Cira Apps.<\/h6>\n<p>[\/et_pb_text][et_pb_button button_url=\u00bb\/?p=15319&#8243; button_text=\u00bbObtenga el e-Book gratis\u00bb module_class=\u00bbblue-primary\u00bb _builder_version=\u00bb3.29.2&#8243;][\/et_pb_button][\/et_pb_column][\/et_pb_row][\/et_pb_section][et_pb_section fb_built=\u00bb1&#8243; disabled_on=\u00bbon|off|off\u00bb module_id=\u00bbres-link-panel\u00bb _builder_version=\u00bb3.29.2&#8243;][et_pb_row column_structure=\u00bb1_3,1_3,1_3&#8243; _builder_version=\u00bb3.29.2&#8243; max_width=\u00bb600px\u00bb][et_pb_column type=\u00bb1_3&#8243; _builder_version=\u00bb3.29.2&#8243;][et_pb_text _builder_version=\u00bb3.29.2&#8243; link_option_url=\u00bb#1&#8243;]<\/p>\n<h6>\u00bfPor qu\u00e9 usar CiraSync?<\/h6>\n<p>[\/et_pb_text][\/et_pb_column][et_pb_column type=\u00bb1_3&#8243; _builder_version=\u00bb3.29.2&#8243;][et_pb_text _builder_version=\u00bb3.29.2&#8243; link_option_url=\u00bb#2&#8243;]<\/p>\n<h6>C\u00f3mo empezar<\/h6>\n<p>[\/et_pb_text][\/et_pb_column][et_pb_column type=\u00bb1_3&#8243; _builder_version=\u00bb3.29.2&#8243;][et_pb_text _builder_version=\u00bb3.29.2&#8243; link_option_url=\u00bb#3&#8243;]<\/p>\n<h6>Mejores practicas<\/h6>\n<p>[\/et_pb_text][\/et_pb_column][\/et_pb_row][\/et_pb_section][et_pb_section fb_built=\u00bb1&#8243; module_id=\u00bbmore-res\u00bb _builder_version=\u00bb3.29.2&#8243; custom_padding=\u00bb0px||||false|false\u00bb][et_pb_row module_id=\u00bb1&#8243; _builder_version=\u00bb3.29.2&#8243;][et_pb_column type=\u00bb4_4&#8243; _builder_version=\u00bb3.29.2&#8243;][et_pb_text _builder_version=\u00bb3.29.2&#8243; header_6_font=\u00bb|300|on||||||\u00bb]<\/p>\n<h2><span class=\"ez-toc-section\" id=\"%C2%BFPor_que_usar_CiraSync\"><\/span>\u00bfPor qu\u00e9 usar CiraSync?<span class=\"ez-toc-section-end\"><\/span><\/h2>\n<h6>Aprenda c\u00f3mo los contactos sincronizados autom\u00e1ticamente y los calendarios compartidos en los tel\u00e9fonos m\u00f3viles ayudan a aumentar la productividad y a ahorrar dinero a las empresas y organizaciones.<\/h6>\n<p>[\/et_pb_text][\/et_pb_column][\/et_pb_row][et_pb_row column_structure=\u00bb1_3,1_3,1_3&#8243; module_class=\u00bbwhy-use-cs\u00bb _builder_version=\u00bb3.29.2&#8243; custom_padding=\u00bb||0px||false|false\u00bb][et_pb_column type=\u00bb1_3&#8243; _builder_version=\u00bb3.29.2&#8243;][et_pb_image src=\u00bbhttps:\/\/cirasync.com\/wp-content\/uploads\/2019\/09\/O_ebook-success-stories-features-image.jpg\u00bb url=\u00bb\/?p=15319&#8243; _builder_version=\u00bb3.29.2&#8243;][\/et_pb_image][et_pb_text _builder_version=\u00bb3.29.2&#8243; link_option_url=\u00bb\/?p=15319&#8243;]<\/p>\n<h2>E-Book de casos de \u00e9xito de clientes de CiraSync<\/2>[\/et_pb_text][\/et_pb_column][et_pb_column type=\u00bb1_3&#8243; _builder_version=\u00bb3.29.2&#8243;][et_pb_blog posts_number=\u00bb1&#8243; include_categories=\u00bb4732&#8243; use_manual_excerpt=\u00bboff\u00bb excerpt_length=\u00bb0&#8243; show_author=\u00bboff\u00bb show_date=\u00bboff\u00bb show_categories=\u00bboff\u00bb show_excerpt=\u00bboff\u00bb show_pagination=\u00bboff\u00bb _builder_version=\u00bb3.29.2&#8243;][\/et_pb_blog][\/et_pb_column][et_pb_column type=\u00bb1_3&#8243; _builder_version=\u00bb3.29.2&#8243;][et_pb_blog posts_number=\u00bb1&#8243; include_categories=\u00bb4732&#8243; use_manual_excerpt=\u00bboff\u00bb excerpt_length=\u00bb0&#8243; show_author=\u00bboff\u00bb show_date=\u00bboff\u00bb show_categories=\u00bboff\u00bb show_excerpt=\u00bboff\u00bb show_pagination=\u00bboff\u00bb offset_number=\u00bb1&#8243; _builder_version=\u00bb3.29.2&#8243;][\/et_pb_blog][\/et_pb_column][\/et_pb_row][et_pb_row module_id=\u00bb2&#8243; module_class=\u00bbnew-sec\u00bb _builder_version=\u00bb3.29.2&#8243;][et_pb_column type=\u00bb4_4&#8243; _builder_version=\u00bb3.29.2&#8243;][et_pb_text _builder_version=\u00bb3.29.2&#8243; header_6_font=\u00bb|300|on||||||\u00bb]<\/p>\n<h2>Empiece a usar CiraSync<\/h2>\n<h6>Empiece a sincronizar contactos y calendarios compartidos con sus tel\u00e9fonos m\u00f3viles en menos de 2 minutos.<\/h6>\n<p>[\/et_pb_text][\/et_pb_column][\/et_pb_row][et_pb_row module_class=\u00bbget-started\u00bb _builder_version=\u00bb3.29.2&#8243; custom_padding=\u00bb||0px||false|false\u00bb][et_pb_column type=\u00bb4_4&#8243; _builder_version=\u00bb3.29.2&#8243;][et_pb_blog fullwidth=\u00bboff\u00bb posts_number=\u00bb3&#8243; include_categories=\u00bb4733&#8243; show_author=\u00bboff\u00bb show_date=\u00bboff\u00bb show_categories=\u00bboff\u00bb show_excerpt=\u00bboff\u00bb show_pagination=\u00bboff\u00bb _builder_version=\u00bb3.29.2&#8243;][\/et_pb_blog][\/et_pb_column][\/et_pb_row][et_pb_row column_structure=\u00bb1_3,1_3,1_3&#8243; module_class=\u00bbget-started\u00bb _builder_version=\u00bb3.29.2&#8243; custom_padding=\u00bb0px||||false|false\u00bb][et_pb_column type=\u00bb1_3&#8243; _builder_version=\u00bb3.29.2&#8243;][et_pb_image src=\u00bbhttps:\/\/cirasync.com\/wp-content\/uploads\/2019\/10\/qsg_thumbnail.png\u00bb url=\u00bb\/?p=8688&#8243; _builder_version=\u00bb4.4.8&#8243; hover_enabled=\u00bb0&#8243;][\/et_pb_image][et_pb_text _builder_version=\u00bb4.4.8&#8243; link_option_url=\u00bb\/?p=8688&#8243; hover_enabled=\u00bb0&#8243;]<\/p>\n<h2 class=\"entry-title\"><span class=\"ez-toc-section\" id=\"CiraSync_Edicion_Personal_Guia_de_inicio_rapido\"><\/span>CiraSync Edici\u00f3n Personal: Gu\u00eda de inicio r\u00e1pido<span class=\"ez-toc-section-end\"><\/span><\/h2>\n<p>[\/et_pb_text][\/et_pb_column][et_pb_column type=\u00bb1_3&#8243; _builder_version=\u00bb3.29.2&#8243;][et_pb_image src=\u00bbhttps:\/\/cirasync.com\/wp-content\/uploads\/2019\/10\/qsg_thumbnail.png\u00bb url=\u00bbhttps:\/\/cirasync.com\/es\/soporte\/configurar-cuenta-de-servicio\/\u00bb _builder_version=\u00bb3.29.2&#8243;][\/et_pb_image][et_pb_text _builder_version=\u00bb3.29.2&#8243; link_option_url=\u00bbhttps:\/\/cirasync.com\/es\/soporte\/configurar-cuenta-de-servicio\/\u00bb]<\/p>\n<h2 class=\"entry-title\"><span class=\"ez-toc-section\" id=\"CiraSync_Edicion_Empresarial_Guia_de_inicio_rapido\"><\/span>CiraSync Edici\u00f3n Empresarial: Gu\u00eda de inicio r\u00e1pido<span class=\"ez-toc-section-end\"><\/span><\/h2>\n<p>[\/et_pb_text][\/et_pb_column][et_pb_column type=\u00bb1_3&#8243; _builder_version=\u00bb3.29.2&#8243;][et_pb_image src=\u00bbhttps:\/\/cirasync.com\/wp-content\/uploads\/2019\/11\/solutionBrief_FI_2.svg\u00bb url=\u00bbhttps:\/\/cirasync.com\/wp-content\/uploads\/2020\/06\/CiraSync-Personal-Edition-Solution-Brief-ES.pdf\u00bb _builder_version=\u00bb3.29.2&#8243;][\/et_pb_image][et_pb_text _builder_version=\u00bb3.29.2&#8243; link_option_url=\u00bbhttps:\/\/cirasync.com\/wp-content\/uploads\/2020\/06\/CiraSync-Personal-Edition-Solution-Brief-ES.pdf\u00bb]<\/p>\n<h2 class=\"entry-title\"><span class=\"ez-toc-section\" id=\"Resumen_de_la_solucion_%E2%80%93_Edicion_personal_CiraSync\"><\/span>Resumen de la soluci\u00f3n &#8211; Edici\u00f3n personal CiraSync<span class=\"ez-toc-section-end\"><\/span><\/h2>\n<p>[\/et_pb_text][\/et_pb_column][\/et_pb_row][et_pb_row column_structure=\u00bb1_3,1_3,1_3&#8243; module_class=\u00bbget-started\u00bb _builder_version=\u00bb3.29.2&#8243; custom_padding=\u00bb0px||||false|false\u00bb][et_pb_column type=\u00bb1_3&#8243; _builder_version=\u00bb3.29.2&#8243;][et_pb_image src=\u00bbhttps:\/\/cirasync.com\/wp-content\/uploads\/2019\/11\/solutionBrief_FI_2.svg\u00bb url=\u00bbhttps:\/\/cirasync.com\/wp-content\/uploads\/2020\/06\/CiraSync-Enterprise-Edition-Solution-Brief-ES.pdf\u00bb _builder_version=\u00bb3.29.2&#8243;][\/et_pb_image][et_pb_text _builder_version=\u00bb3.29.2&#8243; link_option_url=\u00bbhttps:\/\/cirasync.com\/wp-content\/uploads\/2020\/06\/CiraSync-Enterprise-Edition-Solution-Brief-ES.pdf\u00bb]<\/p>\n<h2 class=\"entry-title\"><span class=\"ez-toc-section\" id=\"Resumen_de_la_solucion_%E2%80%93_Edicion_Empresarial_CiraSync\"><\/span>Resumen de la soluci\u00f3n &#8211; Edici\u00f3n Empresarial CiraSync<span class=\"ez-toc-section-end\"><\/span><\/h2>\n<p>[\/et_pb_text][\/et_pb_column][et_pb_column type=\u00bb1_3&#8243; _builder_version=\u00bb3.29.2&#8243;][\/et_pb_column][et_pb_column type=\u00bb1_3&#8243; _builder_version=\u00bb3.29.2&#8243;][\/et_pb_column][\/et_pb_row][et_pb_row module_id=\u00bb3&#8243; module_class=\u00bbnew-sec\u00bb _builder_version=\u00bb3.29.2&#8243;][et_pb_column type=\u00bb4_4&#8243; _builder_version=\u00bb3.29.2&#8243;][et_pb_text _builder_version=\u00bb3.29.2&#8243; header_6_font=\u00bb|300|on||||||\u00bb]<\/p>\n<h2><span class=\"ez-toc-section\" id=\"Mejores_practicas\"><\/span>Mejores pr\u00e1cticas<span class=\"ez-toc-section-end\"><\/span><\/h2>\n<h6>Benef\u00edciese de las mejores pr\u00e1cticas generales de productividad y automatizaci\u00f3n de Microsoft Office 365.<\/h6>\n<p>[\/et_pb_text][\/et_pb_column][\/et_pb_row][et_pb_row column_structure=\u00bb1_3,1_3,1_3&#8243; module_class=\u00bbbest-practice\u00bb _builder_version=\u00bb3.29.2&#8243;][et_pb_column type=\u00bb1_3&#8243; _builder_version=\u00bb3.29.2&#8243;][et_pb_blog posts_number=\u00bb1&#8243; include_categories=\u00bb4807&#8243; use_manual_excerpt=\u00bboff\u00bb show_author=\u00bboff\u00bb show_date=\u00bboff\u00bb show_categories=\u00bboff\u00bb show_excerpt=\u00bboff\u00bb show_pagination=\u00bboff\u00bb _builder_version=\u00bb3.29.2&#8243;][\/et_pb_blog][\/et_pb_column][et_pb_column type=\u00bb1_3&#8243; _builder_version=\u00bb3.29.2&#8243;][et_pb_image src=\u00bbhttps:\/\/cirasync.com\/wp-content\/uploads\/2019\/09\/Infographic-featuredI.png\u00bb url=\u00bb\/?p=16427&#8243; _builder_version=\u00bb3.29.2&#8243;][\/et_pb_image][et_pb_text _builder_version=\u00bb3.29.2&#8243; link_option_url=\u00bb\/?p=16427&#8243;]<\/p>\n<h2 class=\"entry-title\"><span class=\"ez-toc-section\" id=\"Soluciones_de_sincronizacion_para_Office_365_Guia_para_el_consumidor\"><\/span> Soluciones de sincronizaci\u00f3n para Office 365: Gu\u00eda para el consumidor<span class=\"ez-toc-section-end\"><\/span><\/h2>\n<p>[\/et_pb_text][\/et_pb_column][et_pb_column type=\u00bb1_3&#8243; _builder_version=\u00bb3.29.2&#8243;][et_pb_image src=\u00bbhttps:\/\/cirasync.com\/wp-content\/uploads\/2019\/09\/pf-ebook-featured_.jpg\u00bb url=\u00bb\/?p=14956&#8243; _builder_version=\u00bb3.29.2&#8243;][\/et_pb_image][et_pb_text _builder_version=\u00bb3.29.2&#8243; link_option_url=\u00bb\/?p=14956&#8243;]<\/p>\n<h2 class=\"entry-title\"><span class=\"ez-toc-section\" id=\"Guia_de_inicio_rapido_Carpetas_publica\"><\/span>Gu\u00eda de inicio r\u00e1pido: Carpetas p\u00fablica<span class=\"ez-toc-section-end\"><\/span><\/h2>\n<p>[\/et_pb_text][\/et_pb_column][\/et_pb_row][\/et_pb_section][et_pb_section fb_built=\u00bb1&#8243; _builder_version=\u00bb3.29.2&#8243; background_color=\u00bb#f3fbff\u00bb global_module=\u00bb16783&#8243; saved_tabs=\u00bball\u00bb][et_pb_row _builder_version=\u00bb3.29.2&#8243;][et_pb_column type=\u00bb4_4&#8243; _builder_version=\u00bb3.29.2&#8243;][et_pb_text _builder_version=\u00bb3.29.2&#8243;]<\/p>\n<h4 style=\"text-align: center;\">M\u00e1s recursos<\/h4>\n<p>[\/et_pb_text][\/et_pb_column][\/et_pb_row][et_pb_row column_structure=\u00bb1_5,1_5,1_5,1_5,1_5&#8243; _builder_version=\u00bb3.29.2&#8243;][et_pb_column type=\u00bb1_5&#8243; _builder_version=\u00bb3.29.2&#8243;][et_pb_image src=\u00bbhttps:\/\/cirasync.com\/wp-content\/uploads\/\/2019\/10\/videos.svg\u00bb url=\u00bbhttp:\/\/cirasync.com\/videos-es\/?lang=es\u00bb align=\u00bbcenter\u00bb _builder_version=\u00bb3.29.2&#8243;][\/et_pb_image][et_pb_text _builder_version=\u00bb3.29.2&#8243; link_option_url=\u00bbhttp:\/\/cirasync.com\/videos-es\/?lang=es\u00bb]<\/p>\n<h6 style=\"text-align: center;\">V\u00eddeos<\/h6>\n<p>[\/et_pb_text][\/et_pb_column][et_pb_column type=\u00bb1_5&#8243; _builder_version=\u00bb3.29.2&#8243;][et_pb_image src=\u00bbhttps:\/\/cirasync.com\/wp-content\/uploads\/\/2019\/10\/ebook.svg\u00bb url=\u00bbhttp:\/\/cirasync.com\/libros-electronicos\/?lang=es\u00bb align=\u00bbcenter\u00bb _builder_version=\u00bb3.29.2&#8243;][\/et_pb_image][et_pb_text _builder_version=\u00bb3.29.2&#8243; link_option_url=\u00bbhttp:\/\/cirasync.com\/libros-electronicos\/?lang=es\u00bb]<\/p>\n<h6 style=\"text-align: center;\">Libros electr\u00f3nicos<\/h6>\n<p>[\/et_pb_text][\/et_pb_column][et_pb_column type=\u00bb1_5&#8243; _builder_version=\u00bb3.29.2&#8243;][et_pb_image src=\u00bbhttps:\/\/cirasync.com\/wp-content\/uploads\/\/2019\/10\/case-study4.svg\u00bb url=\u00bbhttps:\/\/cirasync.com\/es\/casos-de-estudio-inicio\/?lang=es\u00bb align=\u00bbcenter\u00bb _builder_version=\u00bb3.29.2&#8243;][\/et_pb_image][et_pb_text _builder_version=\u00bb3.29.2&#8243; link_option_url=\u00bbhttps:\/\/cirasync.com\/es\/casos-de-estudio-inicio\/?lang=es\u00bb]<\/p>\n<h6 style=\"text-align: center;\">Casos de estudio<\/h6>\n<p>[\/et_pb_text][\/et_pb_column][et_pb_column type=\u00bb1_5&#8243; _builder_version=\u00bb3.29.2&#8243;][et_pb_image src=\u00bbhttps:\/\/cirasync.com\/wp-content\/uploads\/\/2019\/10\/testimonial.svg\u00bb url=\u00bbhttps:\/\/cirasync.com\/es\/testimonios-cirasync\/?lang=es\u00bb align=\u00bbcenter\u00bb _builder_version=\u00bb3.29.2&#8243;][\/et_pb_image][et_pb_text _builder_version=\u00bb3.29.2&#8243; link_option_url=\u00bbhttps:\/\/cirasync.com\/es\/testimonios-cirasync\/?lang=es\u00bb]<\/p>\n<h6 style=\"text-align: center;\">Testimonios<\/h6>\n<p>[\/et_pb_text][\/et_pb_column][et_pb_column type=\u00bb1_5&#8243; _builder_version=\u00bb3.29.2&#8243;][et_pb_image src=\u00bbhttps:\/\/cirasync.com\/wp-content\/uploads\/\/2019\/10\/support2.svg\u00bb url=\u00bb\/support\u00bb align=\u00bbcenter\u00bb _builder_version=\u00bb3.29.2&#8243;][\/et_pb_image][et_pb_text _builder_version=\u00bb3.29.2&#8243; link_option_url=\u00bb\/support\u00bb]<\/p>\n<h6 style=\"text-align: center;\">Soporte<\/h6>\n<p>[\/et_pb_text][\/et_pb_column][\/et_pb_row][\/et_pb_section]<\/p>\n","protected":false},"excerpt":{"rendered":"<p>E-book destacadoE-Book de casos de \u00e9xito de clientes de CiraSync Este libro electr\u00f3nico de casos de \u00e9xito de clientes de CiraSync proporciona casos de uso reales para las cuatro soluciones para tel\u00e9fonos m\u00f3viles que ofrece Cira Apps. \u00bfPor qu\u00e9 usar CiraSync? C\u00f3mo empezar Mejores practicas \u00bfPor qu\u00e9 usar CiraSync? Aprenda c\u00f3mo los contactos sincronizados autom\u00e1ticamente [&hellip;]<\/p>\n","protected":false},"author":3,"featured_media":26187,"parent":0,"menu_order":0,"comment_status":"closed","ping_status":"closed","template":"","meta":{"_et_pb_use_builder":"on","_et_pb_old_content":"","_et_gb_content_width":"","_nextfly_llmd_date_locked":false,"footnotes":""},"class_list":["post-26523","page","type-page","status-publish","has-post-thumbnail","hentry"],"yoast_head":"<!-- This site is optimized with the Yoast SEO Premium plugin v27.1 (Yoast SEO v27.1.1) - https:\/\/yoast.com\/product\/yoast-seo-premium-wordpress\/ -->\n<title>Biblioteca de recursos sincronizaci\u00f3n Office 365 &#8212; CiraSync<\/title>\n<meta name=\"description\" content=\"Recursos para aprender a usar CiraSync y mejores pr\u00e1cticas generales de productividad y automatizaci\u00f3n de Microsoft Office 365\" \/>\n<meta name=\"robots\" content=\"index, follow, max-snippet:-1, max-image-preview:large, max-video-preview:-1\" \/>\n<link rel=\"canonical\" href=\"https:\/\/cirasync.com\/es\/recursos\/\" \/>\n<meta property=\"og:locale\" content=\"es_ES\" \/>\n<meta property=\"og:type\" content=\"article\" \/>\n<meta property=\"og:title\" content=\"Biblioteca de recursos sincronizaci\u00f3n Office 365\" \/>\n<meta property=\"og:description\" content=\"Recursos para aprender a usar CiraSync y mejores pr\u00e1cticas generales de productividad y automatizaci\u00f3n de Microsoft Office 365\" \/>\n<meta property=\"og:url\" content=\"https:\/\/cirasync.com\/es\/recursos\/\" \/>\n<meta property=\"og:site_name\" content=\"CiraSync\" \/>\n<meta property=\"article:publisher\" content=\"https:\/\/www.facebook.com\/CiraSync\/\" \/>\n<meta property=\"article:modified_time\" content=\"2020-08-30T03:45:47+00:00\" \/>\n<meta property=\"og:image\" content=\"https:\/\/cirasync.com\/wp-content\/uploads\/2019\/10\/resources-FI.png\" \/>\n\t<meta property=\"og:image:width\" content=\"1080\" \/>\n\t<meta property=\"og:image:height\" content=\"630\" \/>\n\t<meta property=\"og:image:type\" content=\"image\/png\" \/>\n<meta name=\"twitter:card\" content=\"summary_large_image\" \/>\n<meta name=\"twitter:site\" content=\"@CiraSync\" \/>\n<meta name=\"twitter:label1\" content=\"Tiempo de lectura\" \/>\n\t<meta name=\"twitter:data1\" content=\"7 minutos\" \/>\n<script type=\"application\/ld+json\" class=\"yoast-schema-graph\">{\"@context\":\"https:\/\/schema.org\",\"@graph\":[{\"@type\":\"WebPage\",\"@id\":\"https:\/\/cirasync.com\/es\/recursos\/\",\"url\":\"https:\/\/cirasync.com\/es\/recursos\/\",\"name\":\"Biblioteca de recursos sincronizaci\u00f3n Office 365 &#8212; CiraSync\",\"isPartOf\":{\"@id\":\"https:\/\/cirasync.com\/es\/#website\"},\"primaryImageOfPage\":{\"@id\":\"https:\/\/cirasync.com\/es\/recursos\/#primaryimage\"},\"image\":{\"@id\":\"https:\/\/cirasync.com\/es\/recursos\/#primaryimage\"},\"thumbnailUrl\":\"https:\/\/cirasync.com\/wp-content\/uploads\/2019\/10\/resources-FI.png\",\"datePublished\":\"2020-07-22T18:35:11+00:00\",\"dateModified\":\"2020-08-30T03:45:47+00:00\",\"description\":\"Recursos para aprender a usar CiraSync y mejores pr\u00e1cticas generales de productividad y automatizaci\u00f3n de Microsoft Office 365\",\"breadcrumb\":{\"@id\":\"https:\/\/cirasync.com\/es\/recursos\/#breadcrumb\"},\"inLanguage\":\"es\",\"potentialAction\":[{\"@type\":\"ReadAction\",\"target\":[\"https:\/\/cirasync.com\/es\/recursos\/\"]}]},{\"@type\":\"ImageObject\",\"inLanguage\":\"es\",\"@id\":\"https:\/\/cirasync.com\/es\/recursos\/#primaryimage\",\"url\":\"https:\/\/cirasync.com\/wp-content\/uploads\/2019\/10\/resources-FI.png\",\"contentUrl\":\"https:\/\/cirasync.com\/wp-content\/uploads\/2019\/10\/resources-FI.png\",\"width\":1080,\"height\":630,\"caption\":\"resources-FI\"},{\"@type\":\"BreadcrumbList\",\"@id\":\"https:\/\/cirasync.com\/es\/recursos\/#breadcrumb\",\"itemListElement\":[{\"@type\":\"ListItem\",\"position\":1,\"name\":\"Home\",\"item\":\"https:\/\/cirasync.com\/es\/home-2024-sp-2-2-2-2\/\"},{\"@type\":\"ListItem\",\"position\":2,\"name\":\"Biblioteca de recursos sincronizaci\u00f3n Office 365\"}]},{\"@type\":\"WebSite\",\"@id\":\"https:\/\/cirasync.com\/es\/#website\",\"url\":\"https:\/\/cirasync.com\/es\/\",\"name\":\"CiraSync\",\"description\":\"Sync the Office 365 GAL, public folders and calendars to smartphones.\",\"publisher\":{\"@id\":\"https:\/\/cirasync.com\/es\/#organization\"},\"potentialAction\":[{\"@type\":\"SearchAction\",\"target\":{\"@type\":\"EntryPoint\",\"urlTemplate\":\"https:\/\/cirasync.com\/es\/?s={search_term_string}\"},\"query-input\":{\"@type\":\"PropertyValueSpecification\",\"valueRequired\":true,\"valueName\":\"search_term_string\"}}],\"inLanguage\":\"es\"},{\"@type\":\"Organization\",\"@id\":\"https:\/\/cirasync.com\/es\/#organization\",\"name\":\"CiraSync\",\"url\":\"https:\/\/cirasync.com\/es\/\",\"logo\":{\"@type\":\"ImageObject\",\"inLanguage\":\"es\",\"@id\":\"https:\/\/cirasync.com\/es\/#\/schema\/logo\/image\/\",\"url\":\"https:\/\/cirasync.com\/wp-content\/uploads\/2019\/07\/CiraSync-Logo-.png\",\"contentUrl\":\"https:\/\/cirasync.com\/wp-content\/uploads\/2019\/07\/CiraSync-Logo-.png\",\"width\":1200,\"height\":671,\"caption\":\"CiraSync\"},\"image\":{\"@id\":\"https:\/\/cirasync.com\/es\/#\/schema\/logo\/image\/\"},\"sameAs\":[\"https:\/\/www.facebook.com\/CiraSync\/\",\"https:\/\/x.com\/CiraSync\",\"https:\/\/www.linkedin.com\/company\/cira-apps-limited\",\"https:\/\/www.youtube.com\/channel\/UCdFkOfXlRAWRadzGit3jJZA\/videos\"],\"description\":\"CiraSync automatically syncs CRM, contact & calendar data from M365, Exchange & many CRMs to every smartphone.\",\"email\":\"support@cirasync.com\",\"telephone\":\"1 (202) 747 0888\",\"legalName\":\"CiraSync\"}]}<\/script>\n<!-- \/ Yoast SEO Premium plugin. -->","yoast_head_json":{"title":"Biblioteca de recursos sincronizaci\u00f3n Office 365 &#8212; CiraSync","description":"Recursos para aprender a usar CiraSync y mejores pr\u00e1cticas generales de productividad y automatizaci\u00f3n de Microsoft Office 365","robots":{"index":"index","follow":"follow","max-snippet":"max-snippet:-1","max-image-preview":"max-image-preview:large","max-video-preview":"max-video-preview:-1"},"canonical":"https:\/\/cirasync.com\/es\/recursos\/","og_locale":"es_ES","og_type":"article","og_title":"Biblioteca de recursos sincronizaci\u00f3n Office 365","og_description":"Recursos para aprender a usar CiraSync y mejores pr\u00e1cticas generales de productividad y automatizaci\u00f3n de Microsoft Office 365","og_url":"https:\/\/cirasync.com\/es\/recursos\/","og_site_name":"CiraSync","article_publisher":"https:\/\/www.facebook.com\/CiraSync\/","article_modified_time":"2020-08-30T03:45:47+00:00","og_image":[{"width":1080,"height":630,"url":"https:\/\/cirasync.com\/wp-content\/uploads\/2019\/10\/resources-FI.png","type":"image\/png"}],"twitter_card":"summary_large_image","twitter_site":"@CiraSync","twitter_misc":{"Tiempo de lectura":"7 minutos"},"schema":{"@context":"https:\/\/schema.org","@graph":[{"@type":"WebPage","@id":"https:\/\/cirasync.com\/es\/recursos\/","url":"https:\/\/cirasync.com\/es\/recursos\/","name":"Biblioteca de recursos sincronizaci\u00f3n Office 365 &#8212; CiraSync","isPartOf":{"@id":"https:\/\/cirasync.com\/es\/#website"},"primaryImageOfPage":{"@id":"https:\/\/cirasync.com\/es\/recursos\/#primaryimage"},"image":{"@id":"https:\/\/cirasync.com\/es\/recursos\/#primaryimage"},"thumbnailUrl":"https:\/\/cirasync.com\/wp-content\/uploads\/2019\/10\/resources-FI.png","datePublished":"2020-07-22T18:35:11+00:00","dateModified":"2020-08-30T03:45:47+00:00","description":"Recursos para aprender a usar CiraSync y mejores pr\u00e1cticas generales de productividad y automatizaci\u00f3n de Microsoft Office 365","breadcrumb":{"@id":"https:\/\/cirasync.com\/es\/recursos\/#breadcrumb"},"inLanguage":"es","potentialAction":[{"@type":"ReadAction","target":["https:\/\/cirasync.com\/es\/recursos\/"]}]},{"@type":"ImageObject","inLanguage":"es","@id":"https:\/\/cirasync.com\/es\/recursos\/#primaryimage","url":"https:\/\/cirasync.com\/wp-content\/uploads\/2019\/10\/resources-FI.png","contentUrl":"https:\/\/cirasync.com\/wp-content\/uploads\/2019\/10\/resources-FI.png","width":1080,"height":630,"caption":"resources-FI"},{"@type":"BreadcrumbList","@id":"https:\/\/cirasync.com\/es\/recursos\/#breadcrumb","itemListElement":[{"@type":"ListItem","position":1,"name":"Home","item":"https:\/\/cirasync.com\/es\/home-2024-sp-2-2-2-2\/"},{"@type":"ListItem","position":2,"name":"Biblioteca de recursos sincronizaci\u00f3n Office 365"}]},{"@type":"WebSite","@id":"https:\/\/cirasync.com\/es\/#website","url":"https:\/\/cirasync.com\/es\/","name":"CiraSync","description":"Sync the Office 365 GAL, public folders and calendars to smartphones.","publisher":{"@id":"https:\/\/cirasync.com\/es\/#organization"},"potentialAction":[{"@type":"SearchAction","target":{"@type":"EntryPoint","urlTemplate":"https:\/\/cirasync.com\/es\/?s={search_term_string}"},"query-input":{"@type":"PropertyValueSpecification","valueRequired":true,"valueName":"search_term_string"}}],"inLanguage":"es"},{"@type":"Organization","@id":"https:\/\/cirasync.com\/es\/#organization","name":"CiraSync","url":"https:\/\/cirasync.com\/es\/","logo":{"@type":"ImageObject","inLanguage":"es","@id":"https:\/\/cirasync.com\/es\/#\/schema\/logo\/image\/","url":"https:\/\/cirasync.com\/wp-content\/uploads\/2019\/07\/CiraSync-Logo-.png","contentUrl":"https:\/\/cirasync.com\/wp-content\/uploads\/2019\/07\/CiraSync-Logo-.png","width":1200,"height":671,"caption":"CiraSync"},"image":{"@id":"https:\/\/cirasync.com\/es\/#\/schema\/logo\/image\/"},"sameAs":["https:\/\/www.facebook.com\/CiraSync\/","https:\/\/x.com\/CiraSync","https:\/\/www.linkedin.com\/company\/cira-apps-limited","https:\/\/www.youtube.com\/channel\/UCdFkOfXlRAWRadzGit3jJZA\/videos"],"description":"CiraSync automatically syncs CRM, contact & calendar data from M365, Exchange & many CRMs to every smartphone.","email":"support@cirasync.com","telephone":"1 (202) 747 0888","legalName":"CiraSync"}]}},"_links":{"self":[{"href":"https:\/\/cirasync.com\/es\/wp-json\/wp\/v2\/pages\/26523","targetHints":{"allow":["GET"]}}],"collection":[{"href":"https:\/\/cirasync.com\/es\/wp-json\/wp\/v2\/pages"}],"about":[{"href":"https:\/\/cirasync.com\/es\/wp-json\/wp\/v2\/types\/page"}],"author":[{"embeddable":true,"href":"https:\/\/cirasync.com\/es\/wp-json\/wp\/v2\/users\/3"}],"replies":[{"embeddable":true,"href":"https:\/\/cirasync.com\/es\/wp-json\/wp\/v2\/comments?post=26523"}],"version-history":[{"count":0,"href":"https:\/\/cirasync.com\/es\/wp-json\/wp\/v2\/pages\/26523\/revisions"}],"wp:featuredmedia":[{"embeddable":true,"href":"https:\/\/cirasync.com\/es\/wp-json\/wp\/v2\/media\/26187"}],"wp:attachment":[{"href":"https:\/\/cirasync.com\/es\/wp-json\/wp\/v2\/media?parent=26523"}],"curies":[{"name":"wp","href":"https:\/\/api.w.org\/{rel}","templated":true}]}}