{"id":26531,"date":"2020-07-22T12:43:14","date_gmt":"2020-07-22T19:43:14","guid":{"rendered":"https:\/\/ciraapps.com\/?page_id=26531"},"modified":"2026-02-20T07:31:28","modified_gmt":"2026-02-20T14:31:28","slug":"casos-de-estudio-inicio","status":"publish","type":"page","link":"https:\/\/cirasync.com\/es\/casos-de-estudio-inicio\/","title":{"rendered":"Casos pr\u00e1cticos"},"content":{"rendered":"<p>[et_pb_section fb_built=\u00bb1&#8243; _builder_version=\u00bb4.16&#8243; global_colors_info=\u00bb{}\u00bb][et_pb_row _builder_version=\u00bb4.16&#8243; custom_padding=\u00bb||29px||false|false\u00bb global_colors_info=\u00bb{}\u00bb][et_pb_column type=\u00bb4_4&#8243; _builder_version=\u00bb4.16&#8243; global_colors_info=\u00bb{}\u00bb][et_pb_text _builder_version=\u00bb4.27.5&#8243; header_5_font=\u00bb|300|on||||||\u00bb header_6_font=\u00bb|300|on||||||\u00bb global_colors_info=\u00bb{}\u00bb]<\/p>\n<h1 style=\"text-align: center;\"><span class=\"ez-toc-section\" id=\"Los_clientes_ahorran_cientos_de_valiosas_horas_de_IT\"><\/span>Los clientes ahorran cientos de valiosas horas de IT.<span class=\"ez-toc-section-end\"><\/span><\/h1>\n<h6 style=\"text-align: center;\">Clientes destacados<\/h6>\n<p>[\/et_pb_text][\/et_pb_column][\/et_pb_row][et_pb_row column_structure=\u00bb1_3,1_3,1_3&#8243; module_id=\u00bbCS-hero\u00bb _builder_version=\u00bb4.16&#8243; max_width=\u00bb80%\u00bb custom_css_main_element=\u00bbtext-align:center\u00bb global_colors_info=\u00bb{}\u00bb width__hover_enabled=\u00bbon|desktop\u00bb][et_pb_column type=\u00bb1_3&#8243; _builder_version=\u00bb4.16&#8243; link_option_url=\u00bb\/?p=18087&#8243; global_colors_info=\u00bb{}\u00bb][et_pb_image src=\u00bbhttps:\/\/cirasync.com\/wp-content\/uploads\/2019\/11\/Skender-logo.png\u00bb url=\u00bbhttp:\/\/cirasync.com\/case-studies\/chicago-construction-company-contact-sync\/\u00bb url_new_window=\u00bbon\u00bb module_class=\u00bblogo\u00bb _builder_version=\u00bb4.16&#8243; global_colors_info=\u00bb{}\u00bb][\/et_pb_image][et_pb_image src=\u00bbhttps:\/\/cirasync.com\/wp-content\/uploads\/2019\/12\/Skender-featured.jpg\u00bb url=\u00bbhttp:\/\/cirasync.com\/case-studies\/chicago-construction-company-contact-sync\/\u00bb url_new_window=\u00bbon\u00bb _builder_version=\u00bb4.16&#8243; global_colors_info=\u00bb{}\u00bb][\/et_pb_image][et_pb_text _builder_version=\u00bb4.27.5&#8243; hover_enabled=\u00bb0&#8243; global_colors_info=\u00bb{}\u00bb sticky_enabled=\u00bb0&#8243;]<\/p>\n<h2><span class=\"ez-toc-section\" id=\"Skender_ahorra_mas_de_1500_horas_al_ano_en_mano_de_obra_de_IT_con_CiraSync\"><\/span>Skender ahorra m\u00e1s de 1500 horas al a\u00f1o en mano de obra de IT con CiraSync<span class=\"ez-toc-section-end\"><\/span><\/h2>\n<p>\u00abUna vez que se registra un nuevo usuario, ni siquiera tenemos que pensar en ello; simplemente funciona a la perfecci\u00f3n&#8230;\u00bb<\/p>\n<p><a href=\"https:\/\/cirasync.com\/es\/casos-de-estudio\/sincronizacion-contactos-compania-construccion-chicago-2\/\">Leer caso pr\u00e1ctico<\/a><\/p>\n<p>[\/et_pb_text][\/et_pb_column][et_pb_column type=\u00bb1_3&#8243; _builder_version=\u00bb4.16&#8243; link_option_url=\u00bbhttp:\/\/cirasync.com\/case-studies\/morse-group-automated-contact-sync\/\u00bb global_colors_info=\u00bb{}\u00bb][et_pb_image src=\u00bbhttps:\/\/cirasync.com\/wp-content\/uploads\/2019\/12\/The-Morse-Group-logo.png\u00bb module_class=\u00bblogo\u00bb _builder_version=\u00bb4.16&#8243; global_colors_info=\u00bb{}\u00bb][\/et_pb_image][et_pb_image src=\u00bbhttps:\/\/cirasync.com\/wp-content\/uploads\/2019\/12\/The-Morse-Group-featured.jpg\u00bb _builder_version=\u00bb4.16&#8243; global_colors_info=\u00bb{}\u00bb][\/et_pb_image][et_pb_text _builder_version=\u00bb4.27.5&#8243; hover_enabled=\u00bb0&#8243; global_colors_info=\u00bb{}\u00bb sticky_enabled=\u00bb0&#8243;]<\/p>\n<h2><span class=\"ez-toc-section\" id=\"El_Grupo_Morse_ahorra_mas_de_500_horas_de_IT_al_ano_con_CiraSync\"><\/span>El Grupo Morse ahorra m\u00e1s de 500 horas de IT al a\u00f1o con CiraSync<span class=\"ez-toc-section-end\"><\/span><\/h2>\n<h2><span class=\"ez-toc-section\" id=\"%C2%ABCiraSync_es_una_solucion_que_consideramos_indispensable_ninguna_otra_solucion_de_sincronizacion_se_le_acerca%E2%80%A6%C2%BB\"><\/span><span style=\"color: #666666; font-size: 14px;\">\u00abCiraSync es una soluci\u00f3n que consideramos indispensable; ninguna otra soluci\u00f3n de sincronizaci\u00f3n se le acerca&#8230;\u00bb<\/span><span class=\"ez-toc-section-end\"><\/span><\/h2>\n<p><a href=\"https:\/\/cirasync.com\/es\/casos-de-estudio\/the-morse-group-sincronizacion-automatica-de-contactos-con-los-telefonos-moviles\/\"><span class=\"et-pb-icon\">Leer caso pr\u00e1ctico<\/span> <\/a><\/p>\n<p>[\/et_pb_text][\/et_pb_column][et_pb_column type=\u00bb1_3&#8243; _builder_version=\u00bb4.16&#8243; link_option_url=\u00bbhttp:\/\/cirasync.com\/case-studies\/chicago-construction-company-contact-sync\/\u00bb global_colors_info=\u00bb{}\u00bb][et_pb_image src=\u00bbhttps:\/\/cirasync.com\/wp-content\/uploads\/2020\/01\/download.png\u00bb module_class=\u00bblogo\u00bb _builder_version=\u00bb4.16&#8243; global_colors_info=\u00bb{}\u00bb][\/et_pb_image][et_pb_image src=\u00bbhttps:\/\/cirasync.com\/wp-content\/uploads\/2019\/08\/Non-Profit-Office-365-Public-Folder-Sync-1200&#215;630.jpg\u00bb url=\u00bbhttp:\/\/cirasync.com\/case-studies\/non-profit-office-365-public-folder-sync\/\u00bb url_new_window=\u00bbon\u00bb _builder_version=\u00bb4.16&#8243; global_colors_info=\u00bb{}\u00bb][\/et_pb_image][et_pb_text _builder_version=\u00bb4.27.5&#8243; link_option_url=\u00bbhttp:\/\/cirasync.com\/case-studies\/non-profit-office-365-public-folder-sync\/\u00bb hover_enabled=\u00bb0&#8243; global_colors_info=\u00bb{}\u00bb sticky_enabled=\u00bb0&#8243;]<\/p>\n<h2><span class=\"ez-toc-section\" id=\"Una_organizacion_canadiense_sin_fines_de_lucro_dedicada_a_la_conservacion_resuelve_los_retos_de_la_sincronizacion_de_contactos_en_telefonos_inteligentes\"><\/span>Una organizaci\u00f3n canadiense sin fines de lucro dedicada a la conservaci\u00f3n resuelve los retos de la sincronizaci\u00f3n de contactos en tel\u00e9fonos inteligentes<span class=\"ez-toc-section-end\"><\/span><\/h2>\n<h2><span class=\"ez-toc-section\" id=\"%C2%ABMe_puse_en_contacto_con_el_amable_y_servicial_personal_de_asistencia_de_Cira_Apps_para_que_me_ayudaran_a_configurar_CiraSync_y%E2%80%A6%C2%BB\"><\/span><span style=\"color: #666666; font-size: 14px;\">\u00abMe puse en contacto con el amable y servicial personal de asistencia de Cira Apps para que me ayudaran a configurar CiraSync, y&#8230;\u00bb<\/span><span class=\"ez-toc-section-end\"><\/span><\/h2>\n<p><a href=\"https:\/\/cirasync.com\/es\/casos-de-estudio\/ong-sincronizacion-carpetas-publicas\/\">Leer caso pr\u00e1ctico <\/a><\/p>\n<p>[\/et_pb_text][\/et_pb_column][\/et_pb_row][\/et_pb_section][et_pb_section fb_built=\u00bb1&#8243; _builder_version=\u00bb4.16&#8243; background_enable_color=\u00bboff\u00bb custom_padding=\u00bb7px|0px|0|0px|false|false\u00bb global_colors_info=\u00bb{}\u00bb][et_pb_row _builder_version=\u00bb4.16&#8243; global_colors_info=\u00bb{}\u00bb][et_pb_column type=\u00bb4_4&#8243; _builder_version=\u00bb4.16&#8243; custom_padding=\u00bb|||\u00bb global_colors_info=\u00bb{}\u00bb custom_padding__hover=\u00bb|||\u00bb][et_pb_text _builder_version=\u00bb4.27.5&#8243; text_font=\u00bb||||||||\u00bb background_layout=\u00bbdark\u00bb global_colors_info=\u00bb{}\u00bb]<\/p>\n<h2 style=\"text-align: center;\"><span class=\"ez-toc-section\" id=\"Mas_casos_practicos\"><\/span><span style=\"color: #37474f;\">M\u00e1s casos pr\u00e1cticos<\/span><span class=\"ez-toc-section-end\"><\/span><\/h2>\n<p>[\/et_pb_text][\/et_pb_column][\/et_pb_row][\/et_pb_section][et_pb_section fb_built=\u00bb1&#8243; admin_label=\u00bbBlog Section\u00bb _builder_version=\u00bb4.16&#8243; background_enable_color=\u00bboff\u00bb background_position=\u00bbbottom_center\u00bb custom_margin=\u00bb|||\u00bb custom_padding=\u00bb0px||||false|false\u00bb global_colors_info=\u00bb{}\u00bb][et_pb_row admin_label=\u00bbBlog Area\u00bb _builder_version=\u00bb4.16&#8243; custom_padding=\u00bb||10px|\u00bb global_colors_info=\u00bb{}\u00bb][et_pb_column type=\u00bb4_4&#8243; _builder_version=\u00bb4.16&#8243; custom_padding=\u00bb|||\u00bb global_colors_info=\u00bb{}\u00bb custom_padding__hover=\u00bb|||\u00bb][et_pb_blog fullwidth=\u00bboff\u00bb posts_number=\u00bb6&#8243; include_categories=\u00bb1363&#8243; use_manual_excerpt=\u00bboff\u00bb show_author=\u00bboff\u00bb show_categories=\u00bboff\u00bb show_excerpt=\u00bboff\u00bb offset_number=\u00bb1&#8243; use_overlay=\u00bbon\u00bb module_id=\u00bbcase-study-index\u00bb _builder_version=\u00bb4.27.5&#8243; header_level=\u00bbh4&#8243; header_font=\u00bbPoppins|600|||||||\u00bb header_font_size=\u00bb20px\u00bb header_letter_spacing=\u00bb0.5px\u00bb header_line_height=\u00bb1.2em\u00bb body_font=\u00bbPoppins||||||||\u00bb body_line_height=\u00bb1.8em\u00bb meta_font=\u00bbPoppins||||||||\u00bb meta_text_color=\u00bb#9e9e9e\u00bb meta_font_size=\u00bb16px\u00bb pagination_font=\u00bbPoppins||||||||\u00bb pagination_text_color=\u00bb#1ecfaa\u00bb pagination_font_size=\u00bb16px\u00bb custom_margin=\u00bb||100px\u00bb custom_margin_tablet=\u00bb\u00bb custom_margin_phone=\u00bb\u00bb custom_margin_last_edited=\u00bbon|phone\u00bb border_width_all=\u00bb0px\u00bb global_colors_info=\u00bb{}\u00bb][\/et_pb_blog][\/et_pb_column][\/et_pb_row][\/et_pb_section][et_pb_section fb_built=\u00bb1&#8243; _builder_version=\u00bb4.16&#8243; background_color=\u00bb#f3fbff\u00bb global_colors_info=\u00bb{}\u00bb][et_pb_row _builder_version=\u00bb4.16&#8243; global_colors_info=\u00bb{}\u00bb][et_pb_column type=\u00bb4_4&#8243; _builder_version=\u00bb4.16&#8243; global_colors_info=\u00bb{}\u00bb][et_pb_text _builder_version=\u00bb4.16&#8243; global_colors_info=\u00bb{}\u00bb]<\/p>\n<h4 style=\"text-align: center;\">M\u00e1s recursos<\/h4>\n<p>[\/et_pb_text][\/et_pb_column][\/et_pb_row][et_pb_row column_structure=\u00bb1_5,1_5,1_5,1_5,1_5&#8243; _builder_version=\u00bb4.16&#8243; global_colors_info=\u00bb{}\u00bb][et_pb_column type=\u00bb1_5&#8243; _builder_version=\u00bb4.16&#8243; global_colors_info=\u00bb{}\u00bb][et_pb_image src=\u00bbhttps:\/\/cirasync.com\/wp-content\/uploads\/\/2019\/10\/videos.svg\u00bb url=\u00bbhttp:\/\/cirasync.com\/videos-es\/?lang=es\u00bb align=\u00bbcenter\u00bb _builder_version=\u00bb4.16&#8243; global_colors_info=\u00bb{}\u00bb][\/et_pb_image][et_pb_text _builder_version=\u00bb4.27.5&#8243; link_option_url=\u00bbhttp:\/\/cirasync.com\/videos-es\/?lang=es\u00bb global_colors_info=\u00bb{}\u00bb]<\/p>\n<h6 style=\"text-align: center;\">Videos<\/h6>\n<p>[\/et_pb_text][\/et_pb_column][et_pb_column type=\u00bb1_5&#8243; _builder_version=\u00bb4.16&#8243; global_colors_info=\u00bb{}\u00bb][et_pb_image src=\u00bbhttps:\/\/cirasync.com\/wp-content\/uploads\/\/2019\/10\/ebook.svg\u00bb url=\u00bbhttp:\/\/cirasync.com\/libros-electronicos\/?lang=es\u00bb align=\u00bbcenter\u00bb _builder_version=\u00bb4.16&#8243; global_colors_info=\u00bb{}\u00bb][\/et_pb_image][et_pb_text _builder_version=\u00bb4.27.5&#8243; link_option_url=\u00bbhttp:\/\/cirasync.com\/libros-electronicos\/?lang=es\u00bb global_colors_info=\u00bb{}\u00bb]<\/p>\n<h6 style=\"text-align: center;\">eBooks<\/h6>\n<p>[\/et_pb_text][\/et_pb_column][et_pb_column type=\u00bb1_5&#8243; _builder_version=\u00bb4.16&#8243; global_colors_info=\u00bb{}\u00bb][et_pb_image src=\u00bbhttps:\/\/cirasync.com\/wp-content\/uploads\/\/2019\/10\/case-study4.svg\u00bb url=\u00bbhttps:\/\/cirasync.com\/es\/casos-de-estudio-inicio\/?lang=es\u00bb align=\u00bbcenter\u00bb _builder_version=\u00bb4.16&#8243; global_colors_info=\u00bb{}\u00bb][\/et_pb_image][et_pb_text _builder_version=\u00bb4.27.5&#8243; link_option_url=\u00bbhttps:\/\/cirasync.com\/es\/casos-de-estudio-inicio\/?lang=es\u00bb global_colors_info=\u00bb{}\u00bb]<\/p>\n<h6 style=\"text-align: center;\">Casos pr\u00e1cticos<\/h6>\n<p>[\/et_pb_text][\/et_pb_column][et_pb_column type=\u00bb1_5&#8243; _builder_version=\u00bb4.16&#8243; global_colors_info=\u00bb{}\u00bb][et_pb_image src=\u00bbhttps:\/\/cirasync.com\/wp-content\/uploads\/\/2019\/10\/testimonial.svg\u00bb url=\u00bbhttps:\/\/cirasync.com\/es\/testimonios-cirasync\/?lang=es\u00bb align=\u00bbcenter\u00bb _builder_version=\u00bb4.16&#8243; global_colors_info=\u00bb{}\u00bb][\/et_pb_image][et_pb_text _builder_version=\u00bb4.16&#8243; link_option_url=\u00bbhttps:\/\/cirasync.com\/es\/testimonios-cirasync\/?lang=es\u00bb global_colors_info=\u00bb{}\u00bb]<\/p>\n<h6 style=\"text-align: center;\">Testimonios<\/h6>\n<p>[\/et_pb_text][\/et_pb_column][et_pb_column type=\u00bb1_5&#8243; _builder_version=\u00bb4.16&#8243; global_colors_info=\u00bb{}\u00bb][et_pb_image src=\u00bbhttps:\/\/cirasync.com\/wp-content\/uploads\/\/2019\/10\/support2.svg\u00bb url=\u00bbhttps:\/\/cirasync.com\/es\/articulos-soporte\/\u00bb align=\u00bbcenter\u00bb _builder_version=\u00bb4.16&#8243; global_colors_info=\u00bb{}\u00bb][\/et_pb_image][et_pb_text _builder_version=\u00bb4.27.5&#8243; link_option_url=\u00bbhttps:\/\/cirasync.com\/es\/articulos-soporte\/\u00bb global_colors_info=\u00bb{}\u00bb]<\/p>\n<h6 style=\"text-align: center;\">Soporte<\/h6>\n<p>[\/et_pb_text][\/et_pb_column][\/et_pb_row][\/et_pb_section]<\/p>\n","protected":false},"excerpt":{"rendered":"<p>Los clientes ahorran cientos de valiosas horas de IT. Clientes destacadosSkender ahorra m\u00e1s de 1500 horas al a\u00f1o en mano de obra de IT con CiraSync \u00abUna vez que se registra un nuevo usuario, ni siquiera tenemos que pensar en ello; simplemente funciona a la perfecci\u00f3n&#8230;\u00bb Leer caso pr\u00e1cticoEl Grupo Morse ahorra m\u00e1s de 500 [&hellip;]<\/p>\n","protected":false},"author":3,"featured_media":25472,"parent":0,"menu_order":0,"comment_status":"closed","ping_status":"closed","template":"","meta":{"_et_pb_use_builder":"on","_et_pb_old_content":"","_et_gb_content_width":"","_nextfly_llmd_date_locked":false,"footnotes":""},"class_list":["post-26531","page","type-page","status-publish","has-post-thumbnail","hentry"],"yoast_head":"<!-- This site is optimized with the Yoast SEO Premium plugin v27.1 (Yoast SEO v27.1.1) - https:\/\/yoast.com\/product\/yoast-seo-premium-wordpress\/ -->\n<title>Casos de estudio soluciones de sincronizaci\u00f3n Office 365 &#8212; CiraSync<\/title>\n<meta name=\"description\" content=\"Aqu\u00ed encontrar\u00e1 una colecci\u00f3n de casos de estudio de CiraSync. Clientes y socios empresariales que han encontrado formas \u00fanicas de implementar CiraSync comparten sus historias.\" \/>\n<meta name=\"robots\" content=\"index, follow, max-snippet:-1, max-image-preview:large, max-video-preview:-1\" \/>\n<link rel=\"canonical\" href=\"https:\/\/cirasync.com\/es\/casos-de-estudio-inicio\/\" \/>\n<meta property=\"og:locale\" content=\"es_ES\" \/>\n<meta property=\"og:type\" content=\"article\" \/>\n<meta property=\"og:title\" content=\"Casos pr\u00e1cticos\" \/>\n<meta property=\"og:description\" content=\"Aqu\u00ed encontrar\u00e1 una colecci\u00f3n de casos de estudio de CiraSync. Clientes y socios empresariales que han encontrado formas \u00fanicas de implementar CiraSync comparten sus historias.\" \/>\n<meta property=\"og:url\" content=\"https:\/\/cirasync.com\/es\/casos-de-estudio-inicio\/\" \/>\n<meta property=\"og:site_name\" content=\"CiraSync\" \/>\n<meta property=\"article:publisher\" content=\"https:\/\/www.facebook.com\/CiraSync\/\" \/>\n<meta property=\"article:modified_time\" content=\"2026-02-20T14:31:28+00:00\" \/>\n<meta property=\"og:image\" content=\"https:\/\/cirasync.com\/wp-content\/uploads\/2019\/07\/case-studies-social.jpg\" \/>\n<meta name=\"twitter:card\" content=\"summary_large_image\" \/>\n<meta name=\"twitter:site\" content=\"@CiraSync\" \/>\n<meta name=\"twitter:label1\" content=\"Tiempo de lectura\" \/>\n\t<meta name=\"twitter:data1\" content=\"6 minutos\" \/>\n<script type=\"application\/ld+json\" class=\"yoast-schema-graph\">{\"@context\":\"https:\/\/schema.org\",\"@graph\":[{\"@type\":\"WebPage\",\"@id\":\"https:\/\/cirasync.com\/es\/casos-de-estudio-inicio\/\",\"url\":\"https:\/\/cirasync.com\/es\/casos-de-estudio-inicio\/\",\"name\":\"Casos de estudio soluciones de sincronizaci\u00f3n Office 365 &#8212; CiraSync\",\"isPartOf\":{\"@id\":\"https:\/\/cirasync.com\/es\/#website\"},\"primaryImageOfPage\":{\"@id\":\"https:\/\/cirasync.com\/es\/casos-de-estudio-inicio\/#primaryimage\"},\"image\":{\"@id\":\"https:\/\/cirasync.com\/es\/casos-de-estudio-inicio\/#primaryimage\"},\"thumbnailUrl\":\"https:\/\/cirasync.com\/wp-content\/uploads\/2019\/05\/default-image-cirasync_p-1.png\",\"datePublished\":\"2020-07-22T19:43:14+00:00\",\"dateModified\":\"2026-02-20T14:31:28+00:00\",\"description\":\"Aqu\u00ed encontrar\u00e1 una colecci\u00f3n de casos de estudio de CiraSync. Clientes y socios empresariales que han encontrado formas \u00fanicas de implementar CiraSync comparten sus historias.\",\"breadcrumb\":{\"@id\":\"https:\/\/cirasync.com\/es\/casos-de-estudio-inicio\/#breadcrumb\"},\"inLanguage\":\"es\",\"potentialAction\":[{\"@type\":\"ReadAction\",\"target\":[\"https:\/\/cirasync.com\/es\/casos-de-estudio-inicio\/\"]}]},{\"@type\":\"ImageObject\",\"inLanguage\":\"es\",\"@id\":\"https:\/\/cirasync.com\/es\/casos-de-estudio-inicio\/#primaryimage\",\"url\":\"https:\/\/cirasync.com\/wp-content\/uploads\/2019\/05\/default-image-cirasync_p-1.png\",\"contentUrl\":\"https:\/\/cirasync.com\/wp-content\/uploads\/2019\/05\/default-image-cirasync_p-1.png\",\"width\":1200,\"height\":630,\"caption\":\"default image cirasync_p\"},{\"@type\":\"BreadcrumbList\",\"@id\":\"https:\/\/cirasync.com\/es\/casos-de-estudio-inicio\/#breadcrumb\",\"itemListElement\":[{\"@type\":\"ListItem\",\"position\":1,\"name\":\"Home\",\"item\":\"https:\/\/cirasync.com\/es\/home-2024-sp-2-2-2-2\/\"},{\"@type\":\"ListItem\",\"position\":2,\"name\":\"Casos pr\u00e1cticos\"}]},{\"@type\":\"WebSite\",\"@id\":\"https:\/\/cirasync.com\/es\/#website\",\"url\":\"https:\/\/cirasync.com\/es\/\",\"name\":\"CiraSync\",\"description\":\"Sync the Office 365 GAL, public folders and calendars to smartphones.\",\"publisher\":{\"@id\":\"https:\/\/cirasync.com\/es\/#organization\"},\"potentialAction\":[{\"@type\":\"SearchAction\",\"target\":{\"@type\":\"EntryPoint\",\"urlTemplate\":\"https:\/\/cirasync.com\/es\/?s={search_term_string}\"},\"query-input\":{\"@type\":\"PropertyValueSpecification\",\"valueRequired\":true,\"valueName\":\"search_term_string\"}}],\"inLanguage\":\"es\"},{\"@type\":\"Organization\",\"@id\":\"https:\/\/cirasync.com\/es\/#organization\",\"name\":\"CiraSync\",\"url\":\"https:\/\/cirasync.com\/es\/\",\"logo\":{\"@type\":\"ImageObject\",\"inLanguage\":\"es\",\"@id\":\"https:\/\/cirasync.com\/es\/#\/schema\/logo\/image\/\",\"url\":\"https:\/\/cirasync.com\/wp-content\/uploads\/2019\/07\/CiraSync-Logo-.png\",\"contentUrl\":\"https:\/\/cirasync.com\/wp-content\/uploads\/2019\/07\/CiraSync-Logo-.png\",\"width\":1200,\"height\":671,\"caption\":\"CiraSync\"},\"image\":{\"@id\":\"https:\/\/cirasync.com\/es\/#\/schema\/logo\/image\/\"},\"sameAs\":[\"https:\/\/www.facebook.com\/CiraSync\/\",\"https:\/\/x.com\/CiraSync\",\"https:\/\/www.linkedin.com\/company\/cira-apps-limited\",\"https:\/\/www.youtube.com\/channel\/UCdFkOfXlRAWRadzGit3jJZA\/videos\"],\"description\":\"CiraSync automatically syncs CRM, contact & calendar data from M365, Exchange & many CRMs to every smartphone.\",\"email\":\"support@cirasync.com\",\"telephone\":\"1 (202) 747 0888\",\"legalName\":\"CiraSync\"}]}<\/script>\n<!-- \/ Yoast SEO Premium plugin. -->","yoast_head_json":{"title":"Casos de estudio soluciones de sincronizaci\u00f3n Office 365 &#8212; CiraSync","description":"Aqu\u00ed encontrar\u00e1 una colecci\u00f3n de casos de estudio de CiraSync. Clientes y socios empresariales que han encontrado formas \u00fanicas de implementar CiraSync comparten sus historias.","robots":{"index":"index","follow":"follow","max-snippet":"max-snippet:-1","max-image-preview":"max-image-preview:large","max-video-preview":"max-video-preview:-1"},"canonical":"https:\/\/cirasync.com\/es\/casos-de-estudio-inicio\/","og_locale":"es_ES","og_type":"article","og_title":"Casos pr\u00e1cticos","og_description":"Aqu\u00ed encontrar\u00e1 una colecci\u00f3n de casos de estudio de CiraSync. Clientes y socios empresariales que han encontrado formas \u00fanicas de implementar CiraSync comparten sus historias.","og_url":"https:\/\/cirasync.com\/es\/casos-de-estudio-inicio\/","og_site_name":"CiraSync","article_publisher":"https:\/\/www.facebook.com\/CiraSync\/","article_modified_time":"2026-02-20T14:31:28+00:00","og_image":[{"url":"https:\/\/cirasync.com\/wp-content\/uploads\/2019\/07\/case-studies-social.jpg","type":"","width":"","height":""}],"twitter_card":"summary_large_image","twitter_site":"@CiraSync","twitter_misc":{"Tiempo de lectura":"6 minutos"},"schema":{"@context":"https:\/\/schema.org","@graph":[{"@type":"WebPage","@id":"https:\/\/cirasync.com\/es\/casos-de-estudio-inicio\/","url":"https:\/\/cirasync.com\/es\/casos-de-estudio-inicio\/","name":"Casos de estudio soluciones de sincronizaci\u00f3n Office 365 &#8212; CiraSync","isPartOf":{"@id":"https:\/\/cirasync.com\/es\/#website"},"primaryImageOfPage":{"@id":"https:\/\/cirasync.com\/es\/casos-de-estudio-inicio\/#primaryimage"},"image":{"@id":"https:\/\/cirasync.com\/es\/casos-de-estudio-inicio\/#primaryimage"},"thumbnailUrl":"https:\/\/cirasync.com\/wp-content\/uploads\/2019\/05\/default-image-cirasync_p-1.png","datePublished":"2020-07-22T19:43:14+00:00","dateModified":"2026-02-20T14:31:28+00:00","description":"Aqu\u00ed encontrar\u00e1 una colecci\u00f3n de casos de estudio de CiraSync. Clientes y socios empresariales que han encontrado formas \u00fanicas de implementar CiraSync comparten sus historias.","breadcrumb":{"@id":"https:\/\/cirasync.com\/es\/casos-de-estudio-inicio\/#breadcrumb"},"inLanguage":"es","potentialAction":[{"@type":"ReadAction","target":["https:\/\/cirasync.com\/es\/casos-de-estudio-inicio\/"]}]},{"@type":"ImageObject","inLanguage":"es","@id":"https:\/\/cirasync.com\/es\/casos-de-estudio-inicio\/#primaryimage","url":"https:\/\/cirasync.com\/wp-content\/uploads\/2019\/05\/default-image-cirasync_p-1.png","contentUrl":"https:\/\/cirasync.com\/wp-content\/uploads\/2019\/05\/default-image-cirasync_p-1.png","width":1200,"height":630,"caption":"default image cirasync_p"},{"@type":"BreadcrumbList","@id":"https:\/\/cirasync.com\/es\/casos-de-estudio-inicio\/#breadcrumb","itemListElement":[{"@type":"ListItem","position":1,"name":"Home","item":"https:\/\/cirasync.com\/es\/home-2024-sp-2-2-2-2\/"},{"@type":"ListItem","position":2,"name":"Casos pr\u00e1cticos"}]},{"@type":"WebSite","@id":"https:\/\/cirasync.com\/es\/#website","url":"https:\/\/cirasync.com\/es\/","name":"CiraSync","description":"Sync the Office 365 GAL, public folders and calendars to smartphones.","publisher":{"@id":"https:\/\/cirasync.com\/es\/#organization"},"potentialAction":[{"@type":"SearchAction","target":{"@type":"EntryPoint","urlTemplate":"https:\/\/cirasync.com\/es\/?s={search_term_string}"},"query-input":{"@type":"PropertyValueSpecification","valueRequired":true,"valueName":"search_term_string"}}],"inLanguage":"es"},{"@type":"Organization","@id":"https:\/\/cirasync.com\/es\/#organization","name":"CiraSync","url":"https:\/\/cirasync.com\/es\/","logo":{"@type":"ImageObject","inLanguage":"es","@id":"https:\/\/cirasync.com\/es\/#\/schema\/logo\/image\/","url":"https:\/\/cirasync.com\/wp-content\/uploads\/2019\/07\/CiraSync-Logo-.png","contentUrl":"https:\/\/cirasync.com\/wp-content\/uploads\/2019\/07\/CiraSync-Logo-.png","width":1200,"height":671,"caption":"CiraSync"},"image":{"@id":"https:\/\/cirasync.com\/es\/#\/schema\/logo\/image\/"},"sameAs":["https:\/\/www.facebook.com\/CiraSync\/","https:\/\/x.com\/CiraSync","https:\/\/www.linkedin.com\/company\/cira-apps-limited","https:\/\/www.youtube.com\/channel\/UCdFkOfXlRAWRadzGit3jJZA\/videos"],"description":"CiraSync automatically syncs CRM, contact & calendar data from M365, Exchange & many CRMs to every smartphone.","email":"support@cirasync.com","telephone":"1 (202) 747 0888","legalName":"CiraSync"}]}},"_links":{"self":[{"href":"https:\/\/cirasync.com\/es\/wp-json\/wp\/v2\/pages\/26531","targetHints":{"allow":["GET"]}}],"collection":[{"href":"https:\/\/cirasync.com\/es\/wp-json\/wp\/v2\/pages"}],"about":[{"href":"https:\/\/cirasync.com\/es\/wp-json\/wp\/v2\/types\/page"}],"author":[{"embeddable":true,"href":"https:\/\/cirasync.com\/es\/wp-json\/wp\/v2\/users\/3"}],"replies":[{"embeddable":true,"href":"https:\/\/cirasync.com\/es\/wp-json\/wp\/v2\/comments?post=26531"}],"version-history":[{"count":11,"href":"https:\/\/cirasync.com\/es\/wp-json\/wp\/v2\/pages\/26531\/revisions"}],"predecessor-version":[{"id":66700,"href":"https:\/\/cirasync.com\/es\/wp-json\/wp\/v2\/pages\/26531\/revisions\/66700"}],"wp:featuredmedia":[{"embeddable":true,"href":"https:\/\/cirasync.com\/es\/wp-json\/wp\/v2\/media\/25472"}],"wp:attachment":[{"href":"https:\/\/cirasync.com\/es\/wp-json\/wp\/v2\/media?parent=26531"}],"curies":[{"name":"wp","href":"https:\/\/api.w.org\/{rel}","templated":true}]}}