{"id":26688,"date":"2020-07-27T13:51:19","date_gmt":"2020-07-27T20:51:19","guid":{"rendered":"https:\/\/ciraapps.com\/?page_id=26688"},"modified":"2026-02-05T00:43:33","modified_gmt":"2026-02-05T07:43:33","slug":"libros-electronicos-inicio","status":"publish","type":"page","link":"https:\/\/cirasync.com\/es\/libros-electronicos-inicio\/","title":{"rendered":"Libros electr\u00f3nicos"},"content":{"rendered":"<p>[et_pb_section fb_built=\u00bb1&#8243; module_class=\u00bbres-hero\u00bb _builder_version=\u00bb4.16&#8243; background_color=\u00bb#f3fbff\u00bb global_colors_info=\u00bb{}\u00bb][et_pb_row column_structure=\u00bb1_2,1_2&#8243; _builder_version=\u00bb4.16&#8243; custom_padding=\u00bb0px||0px||false|false\u00bb global_colors_info=\u00bb{}\u00bb][et_pb_column type=\u00bb1_2&#8243; _builder_version=\u00bb4.16&#8243; global_colors_info=\u00bb{}\u00bb][et_pb_blog posts_number=\u00bb1&#8243; include_categories=\u00bb4807&#8243; show_author=\u00bboff\u00bb show_date=\u00bboff\u00bb show_categories=\u00bboff\u00bb show_excerpt=\u00bboff\u00bb show_pagination=\u00bboff\u00bb _builder_version=\u00bb4.16&#8243; custom_padding=\u00bb||0px||false|false\u00bb custom_css_title=\u00bbdisplay:none\u00bb global_colors_info=\u00bb{}\u00bb][\/et_pb_blog][\/et_pb_column][et_pb_column type=\u00bb1_2&#8243; _builder_version=\u00bb4.16&#8243; global_colors_info=\u00bb{}\u00bb][et_pb_text module_class=\u00bbvideo-title\u00bb _builder_version=\u00bb4.16&#8243; global_colors_info=\u00bb{}\u00bb]Libro electr\u00f3nico[\/et_pb_text][et_pb_blog posts_number=\u00bb1&#8243; include_categories=\u00bb4807&#8243; show_thumbnail=\u00bboff\u00bb use_manual_excerpt=\u00bboff\u00bb excerpt_length=\u00bb0&#8243; show_more=\u00bbon\u00bb show_author=\u00bboff\u00bb show_date=\u00bboff\u00bb show_categories=\u00bboff\u00bb show_excerpt=\u00bboff\u00bb show_pagination=\u00bboff\u00bb module_class=\u00bbres-home-hero\u00bb _builder_version=\u00bb4.16&#8243; header_font_size=\u00bb45px\u00bb header_line_height=\u00bb1.3em\u00bb body_font=\u00bbPoppins||||||||\u00bb body_text_color=\u00bb#404040&#8243; body_font_size=\u00bb18px\u00bb body_line_height=\u00bb1.8em\u00bb read_more_font=\u00bbPoppins||||||||\u00bb read_more_text_color=\u00bb#1d80cc\u00bb custom_css_read_more=\u00bbmargin-top:15px;font-weight:400; border:1px solid #1c80cc; display:inline-block!important; padding:7px 20px; border-radius:3px;\u00bb global_colors_info=\u00bb{}\u00bb][\/et_pb_blog][\/et_pb_column][\/et_pb_row][\/et_pb_section][et_pb_section fb_built=\u00bb1&#8243; _builder_version=\u00bb4.16&#8243; global_colors_info=\u00bb{}\u00bb][et_pb_row _builder_version=\u00bb4.16&#8243; global_colors_info=\u00bb{}\u00bb][et_pb_column type=\u00bb4_4&#8243; _builder_version=\u00bb4.16&#8243; global_colors_info=\u00bb{}\u00bb][et_pb_text _builder_version=\u00bb4.16&#8243; text_orientation=\u00bbcenter\u00bb global_colors_info=\u00bb{}\u00bb]<\/p>\n<h1><span class=\"ez-toc-section\" id=\"More_eBooks\"><\/span><span dir=\"auto\" style=\"vertical-align: inherit;\"><span dir=\"auto\" style=\"vertical-align: inherit;\">More eBooks<\/span><\/span><span class=\"ez-toc-section-end\"><\/span><\/h1>\n<p>[\/et_pb_text][et_pb_blog fullwidth=\u00bboff\u00bb include_categories=\u00bb4807&#8243; use_manual_excerpt=\u00bboff\u00bb show_author=\u00bboff\u00bb show_date=\u00bboff\u00bb show_excerpt=\u00bboff\u00bb offset_number=\u00bb1&#8243; _builder_version=\u00bb4.16&#8243; global_colors_info=\u00bb{}\u00bb][\/et_pb_blog][\/et_pb_column][\/et_pb_row][et_pb_row _builder_version=\u00bb4.16&#8243; global_colors_info=\u00bb{}\u00bb][et_pb_column type=\u00bb4_4&#8243; _builder_version=\u00bb4.16&#8243; global_colors_info=\u00bb{}\u00bb][et_pb_text _builder_version=\u00bb4.16&#8243; global_colors_info=\u00bb{}\u00bb]<\/p>\n<h2 style=\"text-align: center;\"><span class=\"ez-toc-section\" id=\"Guias_de_inicio_rapido\"><\/span>Gu\u00edas de inicio r\u00e1pido<span class=\"ez-toc-section-end\"><\/span><\/h2>\n<p>[\/et_pb_text][\/et_pb_column][\/et_pb_row][et_pb_row column_structure=\u00bb1_2,1_2&#8243; _builder_version=\u00bb4.16&#8243; global_colors_info=\u00bb{}\u00bb][et_pb_column type=\u00bb1_2&#8243; _builder_version=\u00bb4.16&#8243; global_colors_info=\u00bb{}\u00bb][et_pb_image src=\u00bbhttps:\/\/cirasync.com\/wp-content\/uploads\/2019\/10\/qsg_thumbnail.png\u00bb url=\u00bb\/?p=8688&#8243; _builder_version=\u00bb4.16&#8243; global_colors_info=\u00bb{}\u00bb][\/et_pb_image][et_pb_text _builder_version=\u00bb4.16&#8243; link_option_url=\u00bbhttps:\/\/cirasync.com\/wp-content\/uploads\/2019\/08\/CiraSync-QSG_PE_EE_July_2020_Final.pdf\u00bb global_colors_info=\u00bb{}\u00bb]<\/p>\n<h5>Gu\u00eda de inicio r\u00e1pido &#8211; Edici\u00f3n personal<\/h5>\n<p>[\/et_pb_text][\/et_pb_column][et_pb_column type=\u00bb1_2&#8243; _builder_version=\u00bb4.16&#8243; global_colors_info=\u00bb{}\u00bb][et_pb_image src=\u00bbhttps:\/\/cirasync.com\/wp-content\/uploads\/2019\/10\/qsg_thumbnail.png\u00bb url=\u00bbhttps:\/\/cirasync.com\/es\/soporte\/configurar-cuenta-de-servicio\/\u00bb _builder_version=\u00bb4.16&#8243; global_colors_info=\u00bb{}\u00bb][\/et_pb_image][et_pb_text _builder_version=\u00bb4.16&#8243; link_option_url=\u00bbhttps:\/\/cirasync.com\/es\/soporte\/configurar-cuenta-de-servicio\/\u00bb global_colors_info=\u00bb{}\u00bb]<\/p>\n<h5>Gu\u00eda de inicio r\u00e1pido &#8211; Edici\u00f3n empresarial<\/h5>\n<p>[\/et_pb_text][\/et_pb_column][\/et_pb_row][\/et_pb_section][et_pb_section fb_built=\u00bb1&#8243; _builder_version=\u00bb4.16&#8243; background_color=\u00bb#f3fbff\u00bb global_colors_info=\u00bb{}\u00bb][et_pb_row _builder_version=\u00bb4.16&#8243; global_colors_info=\u00bb{}\u00bb][et_pb_column type=\u00bb4_4&#8243; _builder_version=\u00bb4.16&#8243; global_colors_info=\u00bb{}\u00bb][et_pb_text _builder_version=\u00bb4.16&#8243; global_colors_info=\u00bb{}\u00bb]<\/p>\n<h4 style=\"text-align: center;\">M\u00e1s recursos<\/h4>\n<p>[\/et_pb_text][\/et_pb_column][\/et_pb_row][et_pb_row column_structure=\u00bb1_5,1_5,1_5,1_5,1_5&#8243; _builder_version=\u00bb4.16&#8243; global_colors_info=\u00bb{}\u00bb][et_pb_column type=\u00bb1_5&#8243; _builder_version=\u00bb4.16&#8243; global_colors_info=\u00bb{}\u00bb][et_pb_image src=\u00bbhttps:\/\/cirasync.com\/wp-content\/uploads\/\/2019\/10\/videos.svg\u00bb url=\u00bbhttp:\/\/cirasync.com\/videos-es\/?lang=es\u00bb align=\u00bbcenter\u00bb _builder_version=\u00bb4.16&#8243; global_colors_info=\u00bb{}\u00bb][\/et_pb_image][et_pb_text _builder_version=\u00bb4.16&#8243; link_option_url=\u00bbhttp:\/\/cirasync.com\/videos-es\/?lang=es\u00bb global_colors_info=\u00bb{}\u00bb]<\/p>\n<h6 style=\"text-align: center;\">V\u00eddeos<\/h6>\n<p>[\/et_pb_text][\/et_pb_column][et_pb_column type=\u00bb1_5&#8243; _builder_version=\u00bb4.16&#8243; global_colors_info=\u00bb{}\u00bb][et_pb_image src=\u00bbhttps:\/\/cirasync.com\/wp-content\/uploads\/\/2019\/10\/ebook.svg\u00bb url=\u00bbhttp:\/\/cirasync.com\/libros-electronicos\/?lang=es\u00bb align=\u00bbcenter\u00bb _builder_version=\u00bb4.16&#8243; global_colors_info=\u00bb{}\u00bb][\/et_pb_image][et_pb_text _builder_version=\u00bb4.16&#8243; link_option_url=\u00bbhttp:\/\/cirasync.com\/libros-electronicos\/?lang=es\u00bb global_colors_info=\u00bb{}\u00bb]<\/p>\n<h6 style=\"text-align: center;\">Libros electr\u00f3nicos<\/h6>\n<p>[\/et_pb_text][\/et_pb_column][et_pb_column type=\u00bb1_5&#8243; _builder_version=\u00bb4.16&#8243; global_colors_info=\u00bb{}\u00bb][et_pb_image src=\u00bbhttps:\/\/cirasync.com\/wp-content\/uploads\/\/2019\/10\/case-study4.svg\u00bb url=\u00bbhttps:\/\/cirasync.com\/es\/casos-de-estudio-inicio\/?lang=es\u00bb align=\u00bbcenter\u00bb _builder_version=\u00bb4.16&#8243; global_colors_info=\u00bb{}\u00bb][\/et_pb_image][et_pb_text _builder_version=\u00bb4.16&#8243; link_option_url=\u00bbhttps:\/\/cirasync.com\/es\/casos-de-estudio-inicio\/?lang=es\u00bb global_colors_info=\u00bb{}\u00bb]<\/p>\n<h6 style=\"text-align: center;\">Casos de estudio<\/h6>\n<p>[\/et_pb_text][\/et_pb_column][et_pb_column type=\u00bb1_5&#8243; _builder_version=\u00bb4.16&#8243; global_colors_info=\u00bb{}\u00bb][et_pb_image src=\u00bbhttps:\/\/cirasync.com\/wp-content\/uploads\/\/2019\/10\/testimonial.svg\u00bb url=\u00bbhttps:\/\/cirasync.com\/es\/testimonios-cirasync\/?lang=es\u00bb align=\u00bbcenter\u00bb _builder_version=\u00bb4.16&#8243; global_colors_info=\u00bb{}\u00bb][\/et_pb_image][et_pb_text _builder_version=\u00bb4.16&#8243; link_option_url=\u00bbhttps:\/\/cirasync.com\/es\/testimonios-cirasync\/?lang=es\u00bb global_colors_info=\u00bb{}\u00bb]<\/p>\n<h6 style=\"text-align: center;\">Testimonios<\/h6>\n<p>[\/et_pb_text][\/et_pb_column][et_pb_column type=\u00bb1_5&#8243; _builder_version=\u00bb4.16&#8243; global_colors_info=\u00bb{}\u00bb][et_pb_image src=\u00bbhttps:\/\/cirasync.com\/wp-content\/uploads\/\/2019\/10\/support2.svg\u00bb url=\u00bbhttps:\/\/cirasync.com\/es\/articulos-soporte\/?lang=es\u00bb align=\u00bbcenter\u00bb _builder_version=\u00bb4.16&#8243; global_colors_info=\u00bb{}\u00bb][\/et_pb_image][et_pb_text _builder_version=\u00bb4.16&#8243; link_option_url=\u00bbhttps:\/\/cirasync.com\/es\/articulos-soporte\/?lang=es\u00bb global_colors_info=\u00bb{}\u00bb]<\/p>\n<h6 style=\"text-align: center;\">Soporte<\/h6>\n<p>[\/et_pb_text][\/et_pb_column][\/et_pb_row][\/et_pb_section]<\/p>\n","protected":false},"excerpt":{"rendered":"<p>Libro electr\u00f3nicoMore eBooksGu\u00edas de inicio r\u00e1pidoGu\u00eda de inicio r\u00e1pido &#8211; Edici\u00f3n personalGu\u00eda de inicio r\u00e1pido &#8211; Edici\u00f3n empresarialM\u00e1s recursosV\u00eddeosLibros electr\u00f3nicosCasos de estudioTestimoniosSoporte<\/p>\n","protected":false},"author":3,"featured_media":25472,"parent":0,"menu_order":0,"comment_status":"closed","ping_status":"closed","template":"","meta":{"_et_pb_use_builder":"on","_et_pb_old_content":"","_et_gb_content_width":"","_nextfly_llmd_date_locked":false,"footnotes":""},"class_list":["post-26688","page","type-page","status-publish","has-post-thumbnail","hentry"],"yoast_head":"<!-- This site is optimized with the Yoast SEO Premium plugin v27.1 (Yoast SEO v27.1.1) - https:\/\/yoast.com\/product\/yoast-seo-premium-wordpress\/ -->\n<title>Libros electr\u00f3nicos - | Cirasync<\/title>\n<meta name=\"description\" content=\"eBooks de CiraSync: gu\u00edas pr\u00e1cticas sobre sincronizaci\u00f3n de contactos y calendarios, gobernanza y movilidad para Microsoft 365. M\u00e1s detalles. Ver gu\u00eda.\" \/>\n<meta name=\"robots\" content=\"index, follow, max-snippet:-1, max-image-preview:large, max-video-preview:-1\" \/>\n<link rel=\"canonical\" href=\"https:\/\/cirasync.com\/es\/libros-electronicos-inicio\/\" \/>\n<meta property=\"og:locale\" content=\"es_ES\" \/>\n<meta property=\"og:type\" content=\"article\" \/>\n<meta property=\"og:title\" content=\"Libros electr\u00f3nicos\" \/>\n<meta property=\"og:description\" content=\"eBooks de CiraSync: gu\u00edas pr\u00e1cticas sobre sincronizaci\u00f3n de contactos y calendarios, gobernanza y movilidad para Microsoft 365. M\u00e1s detalles. Ver gu\u00eda.\" \/>\n<meta property=\"og:url\" content=\"https:\/\/cirasync.com\/es\/libros-electronicos-inicio\/\" \/>\n<meta property=\"og:site_name\" content=\"CiraSync\" \/>\n<meta property=\"article:publisher\" content=\"https:\/\/www.facebook.com\/CiraSync\/\" \/>\n<meta property=\"article:modified_time\" content=\"2026-02-05T07:43:33+00:00\" \/>\n<meta property=\"og:image\" content=\"https:\/\/cirasync.com\/wp-content\/uploads\/2019\/05\/default-image-cirasync_p-1.png\" \/>\n\t<meta property=\"og:image:width\" content=\"1200\" \/>\n\t<meta property=\"og:image:height\" content=\"630\" \/>\n\t<meta property=\"og:image:type\" content=\"image\/png\" \/>\n<meta name=\"twitter:card\" content=\"summary_large_image\" \/>\n<meta name=\"twitter:site\" content=\"@CiraSync\" \/>\n<meta name=\"twitter:label1\" content=\"Tiempo de lectura\" \/>\n\t<meta name=\"twitter:data1\" content=\"6 minutos\" \/>\n<script type=\"application\/ld+json\" class=\"yoast-schema-graph\">{\"@context\":\"https:\/\/schema.org\",\"@graph\":[{\"@type\":\"WebPage\",\"@id\":\"https:\/\/cirasync.com\/es\/libros-electronicos-inicio\/\",\"url\":\"https:\/\/cirasync.com\/es\/libros-electronicos-inicio\/\",\"name\":\"Libros electr\u00f3nicos - | Cirasync\",\"isPartOf\":{\"@id\":\"https:\/\/cirasync.com\/es\/#website\"},\"primaryImageOfPage\":{\"@id\":\"https:\/\/cirasync.com\/es\/libros-electronicos-inicio\/#primaryimage\"},\"image\":{\"@id\":\"https:\/\/cirasync.com\/es\/libros-electronicos-inicio\/#primaryimage\"},\"thumbnailUrl\":\"https:\/\/cirasync.com\/wp-content\/uploads\/2019\/05\/default-image-cirasync_p-1.png\",\"datePublished\":\"2020-07-27T20:51:19+00:00\",\"dateModified\":\"2026-02-05T07:43:33+00:00\",\"description\":\"eBooks de CiraSync: gu\u00edas pr\u00e1cticas sobre sincronizaci\u00f3n de contactos y calendarios, gobernanza y movilidad para Microsoft 365. M\u00e1s detalles. Ver gu\u00eda.\",\"breadcrumb\":{\"@id\":\"https:\/\/cirasync.com\/es\/libros-electronicos-inicio\/#breadcrumb\"},\"inLanguage\":\"es\",\"potentialAction\":[{\"@type\":\"ReadAction\",\"target\":[\"https:\/\/cirasync.com\/es\/libros-electronicos-inicio\/\"]}]},{\"@type\":\"ImageObject\",\"inLanguage\":\"es\",\"@id\":\"https:\/\/cirasync.com\/es\/libros-electronicos-inicio\/#primaryimage\",\"url\":\"https:\/\/cirasync.com\/wp-content\/uploads\/2019\/05\/default-image-cirasync_p-1.png\",\"contentUrl\":\"https:\/\/cirasync.com\/wp-content\/uploads\/2019\/05\/default-image-cirasync_p-1.png\",\"width\":1200,\"height\":630,\"caption\":\"default image cirasync_p\"},{\"@type\":\"BreadcrumbList\",\"@id\":\"https:\/\/cirasync.com\/es\/libros-electronicos-inicio\/#breadcrumb\",\"itemListElement\":[{\"@type\":\"ListItem\",\"position\":1,\"name\":\"Home\",\"item\":\"https:\/\/cirasync.com\/es\/home-2024-sp-2-2-2-2\/\"},{\"@type\":\"ListItem\",\"position\":2,\"name\":\"Libros electr\u00f3nicos\"}]},{\"@type\":\"WebSite\",\"@id\":\"https:\/\/cirasync.com\/es\/#website\",\"url\":\"https:\/\/cirasync.com\/es\/\",\"name\":\"CiraSync\",\"description\":\"Sync the Office 365 GAL, public folders and calendars to smartphones.\",\"publisher\":{\"@id\":\"https:\/\/cirasync.com\/es\/#organization\"},\"potentialAction\":[{\"@type\":\"SearchAction\",\"target\":{\"@type\":\"EntryPoint\",\"urlTemplate\":\"https:\/\/cirasync.com\/es\/?s={search_term_string}\"},\"query-input\":{\"@type\":\"PropertyValueSpecification\",\"valueRequired\":true,\"valueName\":\"search_term_string\"}}],\"inLanguage\":\"es\"},{\"@type\":\"Organization\",\"@id\":\"https:\/\/cirasync.com\/es\/#organization\",\"name\":\"CiraSync\",\"url\":\"https:\/\/cirasync.com\/es\/\",\"logo\":{\"@type\":\"ImageObject\",\"inLanguage\":\"es\",\"@id\":\"https:\/\/cirasync.com\/es\/#\/schema\/logo\/image\/\",\"url\":\"https:\/\/cirasync.com\/wp-content\/uploads\/2019\/07\/CiraSync-Logo-.png\",\"contentUrl\":\"https:\/\/cirasync.com\/wp-content\/uploads\/2019\/07\/CiraSync-Logo-.png\",\"width\":1200,\"height\":671,\"caption\":\"CiraSync\"},\"image\":{\"@id\":\"https:\/\/cirasync.com\/es\/#\/schema\/logo\/image\/\"},\"sameAs\":[\"https:\/\/www.facebook.com\/CiraSync\/\",\"https:\/\/x.com\/CiraSync\",\"https:\/\/www.linkedin.com\/company\/cira-apps-limited\",\"https:\/\/www.youtube.com\/channel\/UCdFkOfXlRAWRadzGit3jJZA\/videos\"],\"description\":\"CiraSync automatically syncs CRM, contact & calendar data from M365, Exchange & many CRMs to every smartphone.\",\"email\":\"support@cirasync.com\",\"telephone\":\"1 (202) 747 0888\",\"legalName\":\"CiraSync\"}]}<\/script>\n<!-- \/ Yoast SEO Premium plugin. -->","yoast_head_json":{"title":"Libros electr\u00f3nicos - | Cirasync","description":"eBooks de CiraSync: gu\u00edas pr\u00e1cticas sobre sincronizaci\u00f3n de contactos y calendarios, gobernanza y movilidad para Microsoft 365. M\u00e1s detalles. Ver gu\u00eda.","robots":{"index":"index","follow":"follow","max-snippet":"max-snippet:-1","max-image-preview":"max-image-preview:large","max-video-preview":"max-video-preview:-1"},"canonical":"https:\/\/cirasync.com\/es\/libros-electronicos-inicio\/","og_locale":"es_ES","og_type":"article","og_title":"Libros electr\u00f3nicos","og_description":"eBooks de CiraSync: gu\u00edas pr\u00e1cticas sobre sincronizaci\u00f3n de contactos y calendarios, gobernanza y movilidad para Microsoft 365. M\u00e1s detalles. Ver gu\u00eda.","og_url":"https:\/\/cirasync.com\/es\/libros-electronicos-inicio\/","og_site_name":"CiraSync","article_publisher":"https:\/\/www.facebook.com\/CiraSync\/","article_modified_time":"2026-02-05T07:43:33+00:00","og_image":[{"width":1200,"height":630,"url":"https:\/\/cirasync.com\/wp-content\/uploads\/2019\/05\/default-image-cirasync_p-1.png","type":"image\/png"}],"twitter_card":"summary_large_image","twitter_site":"@CiraSync","twitter_misc":{"Tiempo de lectura":"6 minutos"},"schema":{"@context":"https:\/\/schema.org","@graph":[{"@type":"WebPage","@id":"https:\/\/cirasync.com\/es\/libros-electronicos-inicio\/","url":"https:\/\/cirasync.com\/es\/libros-electronicos-inicio\/","name":"Libros electr\u00f3nicos - | Cirasync","isPartOf":{"@id":"https:\/\/cirasync.com\/es\/#website"},"primaryImageOfPage":{"@id":"https:\/\/cirasync.com\/es\/libros-electronicos-inicio\/#primaryimage"},"image":{"@id":"https:\/\/cirasync.com\/es\/libros-electronicos-inicio\/#primaryimage"},"thumbnailUrl":"https:\/\/cirasync.com\/wp-content\/uploads\/2019\/05\/default-image-cirasync_p-1.png","datePublished":"2020-07-27T20:51:19+00:00","dateModified":"2026-02-05T07:43:33+00:00","description":"eBooks de CiraSync: gu\u00edas pr\u00e1cticas sobre sincronizaci\u00f3n de contactos y calendarios, gobernanza y movilidad para Microsoft 365. M\u00e1s detalles. Ver gu\u00eda.","breadcrumb":{"@id":"https:\/\/cirasync.com\/es\/libros-electronicos-inicio\/#breadcrumb"},"inLanguage":"es","potentialAction":[{"@type":"ReadAction","target":["https:\/\/cirasync.com\/es\/libros-electronicos-inicio\/"]}]},{"@type":"ImageObject","inLanguage":"es","@id":"https:\/\/cirasync.com\/es\/libros-electronicos-inicio\/#primaryimage","url":"https:\/\/cirasync.com\/wp-content\/uploads\/2019\/05\/default-image-cirasync_p-1.png","contentUrl":"https:\/\/cirasync.com\/wp-content\/uploads\/2019\/05\/default-image-cirasync_p-1.png","width":1200,"height":630,"caption":"default image cirasync_p"},{"@type":"BreadcrumbList","@id":"https:\/\/cirasync.com\/es\/libros-electronicos-inicio\/#breadcrumb","itemListElement":[{"@type":"ListItem","position":1,"name":"Home","item":"https:\/\/cirasync.com\/es\/home-2024-sp-2-2-2-2\/"},{"@type":"ListItem","position":2,"name":"Libros electr\u00f3nicos"}]},{"@type":"WebSite","@id":"https:\/\/cirasync.com\/es\/#website","url":"https:\/\/cirasync.com\/es\/","name":"CiraSync","description":"Sync the Office 365 GAL, public folders and calendars to smartphones.","publisher":{"@id":"https:\/\/cirasync.com\/es\/#organization"},"potentialAction":[{"@type":"SearchAction","target":{"@type":"EntryPoint","urlTemplate":"https:\/\/cirasync.com\/es\/?s={search_term_string}"},"query-input":{"@type":"PropertyValueSpecification","valueRequired":true,"valueName":"search_term_string"}}],"inLanguage":"es"},{"@type":"Organization","@id":"https:\/\/cirasync.com\/es\/#organization","name":"CiraSync","url":"https:\/\/cirasync.com\/es\/","logo":{"@type":"ImageObject","inLanguage":"es","@id":"https:\/\/cirasync.com\/es\/#\/schema\/logo\/image\/","url":"https:\/\/cirasync.com\/wp-content\/uploads\/2019\/07\/CiraSync-Logo-.png","contentUrl":"https:\/\/cirasync.com\/wp-content\/uploads\/2019\/07\/CiraSync-Logo-.png","width":1200,"height":671,"caption":"CiraSync"},"image":{"@id":"https:\/\/cirasync.com\/es\/#\/schema\/logo\/image\/"},"sameAs":["https:\/\/www.facebook.com\/CiraSync\/","https:\/\/x.com\/CiraSync","https:\/\/www.linkedin.com\/company\/cira-apps-limited","https:\/\/www.youtube.com\/channel\/UCdFkOfXlRAWRadzGit3jJZA\/videos"],"description":"CiraSync automatically syncs CRM, contact & calendar data from M365, Exchange & many CRMs to every smartphone.","email":"support@cirasync.com","telephone":"1 (202) 747 0888","legalName":"CiraSync"}]}},"_links":{"self":[{"href":"https:\/\/cirasync.com\/es\/wp-json\/wp\/v2\/pages\/26688","targetHints":{"allow":["GET"]}}],"collection":[{"href":"https:\/\/cirasync.com\/es\/wp-json\/wp\/v2\/pages"}],"about":[{"href":"https:\/\/cirasync.com\/es\/wp-json\/wp\/v2\/types\/page"}],"author":[{"embeddable":true,"href":"https:\/\/cirasync.com\/es\/wp-json\/wp\/v2\/users\/3"}],"replies":[{"embeddable":true,"href":"https:\/\/cirasync.com\/es\/wp-json\/wp\/v2\/comments?post=26688"}],"version-history":[{"count":1,"href":"https:\/\/cirasync.com\/es\/wp-json\/wp\/v2\/pages\/26688\/revisions"}],"predecessor-version":[{"id":65895,"href":"https:\/\/cirasync.com\/es\/wp-json\/wp\/v2\/pages\/26688\/revisions\/65895"}],"wp:featuredmedia":[{"embeddable":true,"href":"https:\/\/cirasync.com\/es\/wp-json\/wp\/v2\/media\/25472"}],"wp:attachment":[{"href":"https:\/\/cirasync.com\/es\/wp-json\/wp\/v2\/media?parent=26688"}],"curies":[{"name":"wp","href":"https:\/\/api.w.org\/{rel}","templated":true}]}}