{"id":29769,"date":"2020-09-07T06:29:37","date_gmt":"2020-09-07T13:29:37","guid":{"rendered":"https:\/\/ciraapps.com\/?page_id=29769"},"modified":"2025-10-24T17:39:03","modified_gmt":"2025-10-25T00:39:03","slug":"anadir-propietarios-del-portal-de-socios-adicionales","status":"publish","type":"page","link":"https:\/\/cirasync.com\/es\/socios-2\/anadir-propietarios-del-portal-de-socios-adicionales\/","title":{"rendered":"A\u00f1adir propietarios de portal adicionales"},"content":{"rendered":"<p>[et_pb_section fb_built=\u00bb1&#8243; module_class=\u00bbpartner-qsg\u00bb _builder_version=\u00bb4.2.1&#8243;][et_pb_row column_structure=\u00bb1_3,2_3&#8243; _builder_version=\u00bb4.2.1&#8243;][et_pb_column type=\u00bb1_3&#8243; _builder_version=\u00bb4.2.1&#8243;][et_pb_sidebar area=\u00bbet_pb_widget_area_4&#8243; _builder_version=\u00bb4.4.0&#8243; body_font=\u00bb||||||||\u00bb][\/et_pb_sidebar][\/et_pb_column][et_pb_column type=\u00bb2_3&#8243; _builder_version=\u00bb4.2.1&#8243;][et_pb_text _builder_version=\u00bb4.4.0&#8243;]<\/p>\n<h1><span class=\"ez-toc-section\" id=\"Anadir_propietarios_de_portal_adicionales\"><\/span>A\u00f1adir propietarios de portal adicionales<span class=\"ez-toc-section-end\"><\/span><\/h1>\n<p>Despu\u00e9s de ser aprobado para el Programa de Socios de CiraSync, se env\u00eda un correo de invitaci\u00f3n al correo electr\u00f3nico de registro inicial. La cuenta utilizada para acceder al Portal de Socios de CiraSync se convertir\u00e1 en <strong>propietaria del portal<\/strong>.\u00a0Esta funci\u00f3n tiene permisos administrativos sobre el Portal de Socios y sus clientes inquilinos. Tras el inicio de sesi\u00f3n inicial en el Portal de Socios, se pueden establecer m\u00e1s Propietarios de Portal en la Cuenta de Socios. El siguiente procedimiento muestra c\u00f3mo agregar m\u00e1s Propietarios de Portal al Portal de Socios.<\/p>\n<h2><span class=\"ez-toc-section\" id=\"Instrucciones\"><\/span>Instrucciones<span class=\"ez-toc-section-end\"><\/span><\/h2>\n<h3><span class=\"ez-toc-section\" id=\"Anadir_propietarios_de_portal_adicionales-2\"><\/span>A\u00f1adir propietarios de portal adicionales<span class=\"ez-toc-section-end\"><\/span><\/h3>\n<ol>\n<li>Acceda al <strong>portal de socios de CiraSync<\/strong>.<\/li>\n<li>Haga clic en el nombre de usuario en la esquina superior derecha del <strong>panel del Portal de Socios<\/strong>.<\/li>\n<li>Haga clic en <strong>Configuraci\u00f3n.<\/strong><\/li>\n<li>Haga clic en <strong>Administrar roles<\/strong> en el panel de navegaci\u00f3n de la izquierda.<\/li>\n<li>Haga clic en <strong>CAMBIAR<\/strong> en el panel del <strong>Portal de socios.<\/strong> (Consulte la imagen a continuaci\u00f3n).<img decoding=\"async\" class=\"aligncenter size-large wp-image-19251\" src=\"https:\/\/cirasync.com\/wp-content\/uploads\/2020\/01\/Partner-QSG-Manage-Change-Roles-Settings_markup-1024x355.png\" alt=\"\" width=\"1024\" height=\"355\" srcset=\"https:\/\/cirasync.com\/wp-content\/uploads\/2020\/01\/Partner-QSG-Manage-Change-Roles-Settings_markup-980x340.png 980w, https:\/\/cirasync.com\/wp-content\/uploads\/2020\/01\/Partner-QSG-Manage-Change-Roles-Settings_markup-480x167.png 480w\" sizes=\"(min-width: 0px) and (max-width: 480px) 480px, (min-width: 481px) and (max-width: 980px) 980px, (min-width: 981px) 1024px, 100vw\" \/><\/li>\n<li>Seleccione la cuenta deseada para establecer como Propietario del Portal.<\/li>\n<li>Haga clic en Guardar.<\/li>\n<\/ol>\n<p><a href=\"\/?page_id=19887\" class=\"next-post\">Pr\u00f3ximo art\u00edculo: Gesti\u00f3n de los inquilinos de los clientes de CiraSync<\/a><\/p>\n<p>[\/et_pb_text][et_pb_code _builder_version=\u00bb4.2.1&#8243;]<script><!-- [et_pb_line_break_holder] -->$(document).ready(function () {<!-- [et_pb_line_break_holder] -->    $(window).on(\"resize\", function (e) {<!-- [et_pb_line_break_holder] -->        checkScreenSize();<!-- [et_pb_line_break_holder] -->    });<!-- [et_pb_line_break_holder] --><!-- [et_pb_line_break_holder] -->    checkScreenSize();<!-- [et_pb_line_break_holder] --><!-- [et_pb_line_break_holder] -->    function checkScreenSize(){<!-- [et_pb_line_break_holder] -->        var newWindowWidth = $(window).width();<!-- [et_pb_line_break_holder] -->        if (newWindowWidth < 980) {<!-- [et_pb_line_break_holder] -->            $('.et_pb_column_1_3').insertAfter('.et_pb_column_2_3');<!-- [et_pb_line_break_holder] -->        } else {<!-- [et_pb_line_break_holder] -->           $('.et_pb_column_1_3').insertBefore('.et_pb_column_2_3');<!-- [et_pb_line_break_holder] -->    \t\t}<!-- [et_pb_line_break_holder] -->    }<!-- [et_pb_line_break_holder] -->});<!-- [et_pb_line_break_holder] --><\/script>[\/et_pb_code][\/et_pb_column][\/et_pb_row][\/et_pb_section]<\/p>\n","protected":false},"excerpt":{"rendered":"<p>A\u00f1adir propietarios de portal adicionales Despu\u00e9s de ser aprobado para el Programa de Socios de CiraSync, se env\u00eda un correo de invitaci\u00f3n al correo electr\u00f3nico de registro inicial. La cuenta utilizada para acceder al Portal de Socios de CiraSync se convertir\u00e1 en propietaria del portal.\u00a0Esta funci\u00f3n tiene permisos administrativos sobre el Portal de Socios y [&hellip;]<\/p>\n","protected":false},"author":3,"featured_media":19732,"parent":26971,"menu_order":0,"comment_status":"closed","ping_status":"closed","template":"","meta":{"_et_pb_use_builder":"on","_et_pb_old_content":"","_et_gb_content_width":"","_nextfly_llmd_date_locked":false,"footnotes":""},"class_list":["post-29769","page","type-page","status-publish","has-post-thumbnail","hentry"],"yoast_head":"<!-- This site is optimized with the Yoast SEO Premium plugin v27.1 (Yoast SEO v27.1.1) - https:\/\/yoast.com\/product\/yoast-seo-premium-wordpress\/ -->\n<title>A\u00f1adir propietarios de portal adicionales | CiraSync<\/title>\n<meta name=\"description\" content=\"A\u00f1adir propietarios adicionales del portal: gobernanza y control de acceso para cuentas de socios de CiraSync con procedimientos claros. M\u00e1s detalles.\" \/>\n<meta name=\"robots\" content=\"index, follow, max-snippet:-1, max-image-preview:large, max-video-preview:-1\" \/>\n<link rel=\"canonical\" href=\"https:\/\/cirasync.com\/es\/socios-2\/anadir-propietarios-del-portal-de-socios-adicionales\/\" \/>\n<meta property=\"og:locale\" content=\"es_ES\" \/>\n<meta property=\"og:type\" content=\"article\" \/>\n<meta property=\"og:title\" content=\"A\u00f1adir propietarios de portal adicionales\" \/>\n<meta property=\"og:description\" content=\"A\u00f1adir propietarios adicionales del portal: gobernanza y control de acceso para cuentas de socios de CiraSync con procedimientos claros. M\u00e1s detalles.\" \/>\n<meta property=\"og:url\" content=\"https:\/\/cirasync.com\/es\/socios-2\/anadir-propietarios-del-portal-de-socios-adicionales\/\" \/>\n<meta property=\"og:site_name\" content=\"CiraSync\" \/>\n<meta property=\"article:publisher\" content=\"https:\/\/www.facebook.com\/CiraSync\/\" \/>\n<meta property=\"article:modified_time\" content=\"2025-10-25T00:39:03+00:00\" \/>\n<meta property=\"og:image\" content=\"https:\/\/cirasync.com\/wp-content\/uploads\/2020\/01\/Partners-Woman.png\" \/>\n\t<meta property=\"og:image:width\" content=\"1080\" \/>\n\t<meta property=\"og:image:height\" content=\"630\" \/>\n\t<meta property=\"og:image:type\" content=\"image\/png\" \/>\n<meta name=\"twitter:card\" content=\"summary_large_image\" \/>\n<meta name=\"twitter:site\" content=\"@CiraSync\" \/>\n<meta name=\"twitter:label1\" content=\"Tiempo de lectura\" \/>\n\t<meta name=\"twitter:data1\" content=\"2 minutos\" \/>\n<script type=\"application\/ld+json\" class=\"yoast-schema-graph\">{\"@context\":\"https:\/\/schema.org\",\"@graph\":[{\"@type\":\"WebPage\",\"@id\":\"https:\/\/cirasync.com\/es\/socios-2\/anadir-propietarios-del-portal-de-socios-adicionales\/\",\"url\":\"https:\/\/cirasync.com\/es\/socios-2\/anadir-propietarios-del-portal-de-socios-adicionales\/\",\"name\":\"A\u00f1adir propietarios de portal adicionales | CiraSync\",\"isPartOf\":{\"@id\":\"https:\/\/cirasync.com\/es\/#website\"},\"primaryImageOfPage\":{\"@id\":\"https:\/\/cirasync.com\/es\/socios-2\/anadir-propietarios-del-portal-de-socios-adicionales\/#primaryimage\"},\"image\":{\"@id\":\"https:\/\/cirasync.com\/es\/socios-2\/anadir-propietarios-del-portal-de-socios-adicionales\/#primaryimage\"},\"thumbnailUrl\":\"https:\/\/cirasync.com\/wp-content\/uploads\/2020\/01\/Partners-Woman.png\",\"datePublished\":\"2020-09-07T13:29:37+00:00\",\"dateModified\":\"2025-10-25T00:39:03+00:00\",\"description\":\"A\u00f1adir propietarios adicionales del portal: gobernanza y control de acceso para cuentas de socios de CiraSync con procedimientos claros. M\u00e1s detalles.\",\"breadcrumb\":{\"@id\":\"https:\/\/cirasync.com\/es\/socios-2\/anadir-propietarios-del-portal-de-socios-adicionales\/#breadcrumb\"},\"inLanguage\":\"es\",\"potentialAction\":[{\"@type\":\"ReadAction\",\"target\":[\"https:\/\/cirasync.com\/es\/socios-2\/anadir-propietarios-del-portal-de-socios-adicionales\/\"]}]},{\"@type\":\"ImageObject\",\"inLanguage\":\"es\",\"@id\":\"https:\/\/cirasync.com\/es\/socios-2\/anadir-propietarios-del-portal-de-socios-adicionales\/#primaryimage\",\"url\":\"https:\/\/cirasync.com\/wp-content\/uploads\/2020\/01\/Partners-Woman.png\",\"contentUrl\":\"https:\/\/cirasync.com\/wp-content\/uploads\/2020\/01\/Partners-Woman.png\",\"width\":1080,\"height\":630,\"caption\":\"Partners-Woman\"},{\"@type\":\"BreadcrumbList\",\"@id\":\"https:\/\/cirasync.com\/es\/socios-2\/anadir-propietarios-del-portal-de-socios-adicionales\/#breadcrumb\",\"itemListElement\":[{\"@type\":\"ListItem\",\"position\":1,\"name\":\"Home\",\"item\":\"https:\/\/cirasync.com\/es\/home-2024-sp-2-2-2-2\/\"},{\"@type\":\"ListItem\",\"position\":2,\"name\":\"Socios\",\"item\":\"https:\/\/cirasync.com\/es\/socios-2\/\"},{\"@type\":\"ListItem\",\"position\":3,\"name\":\"A\u00f1adir propietarios de portal adicionales\"}]},{\"@type\":\"WebSite\",\"@id\":\"https:\/\/cirasync.com\/es\/#website\",\"url\":\"https:\/\/cirasync.com\/es\/\",\"name\":\"CiraSync\",\"description\":\"Sync the Office 365 GAL, public folders and calendars to smartphones.\",\"publisher\":{\"@id\":\"https:\/\/cirasync.com\/es\/#organization\"},\"potentialAction\":[{\"@type\":\"SearchAction\",\"target\":{\"@type\":\"EntryPoint\",\"urlTemplate\":\"https:\/\/cirasync.com\/es\/?s={search_term_string}\"},\"query-input\":{\"@type\":\"PropertyValueSpecification\",\"valueRequired\":true,\"valueName\":\"search_term_string\"}}],\"inLanguage\":\"es\"},{\"@type\":\"Organization\",\"@id\":\"https:\/\/cirasync.com\/es\/#organization\",\"name\":\"CiraSync\",\"url\":\"https:\/\/cirasync.com\/es\/\",\"logo\":{\"@type\":\"ImageObject\",\"inLanguage\":\"es\",\"@id\":\"https:\/\/cirasync.com\/es\/#\/schema\/logo\/image\/\",\"url\":\"https:\/\/cirasync.com\/wp-content\/uploads\/2019\/07\/CiraSync-Logo-.png\",\"contentUrl\":\"https:\/\/cirasync.com\/wp-content\/uploads\/2019\/07\/CiraSync-Logo-.png\",\"width\":1200,\"height\":671,\"caption\":\"CiraSync\"},\"image\":{\"@id\":\"https:\/\/cirasync.com\/es\/#\/schema\/logo\/image\/\"},\"sameAs\":[\"https:\/\/www.facebook.com\/CiraSync\/\",\"https:\/\/x.com\/CiraSync\",\"https:\/\/www.linkedin.com\/company\/cira-apps-limited\",\"https:\/\/www.youtube.com\/channel\/UCdFkOfXlRAWRadzGit3jJZA\/videos\"],\"description\":\"CiraSync automatically syncs CRM, contact & calendar data from M365, Exchange & many CRMs to every smartphone.\",\"email\":\"support@cirasync.com\",\"telephone\":\"1 (202) 747 0888\",\"legalName\":\"CiraSync\"}]}<\/script>\n<!-- \/ Yoast SEO Premium plugin. -->","yoast_head_json":{"title":"A\u00f1adir propietarios de portal adicionales | CiraSync","description":"A\u00f1adir propietarios adicionales del portal: gobernanza y control de acceso para cuentas de socios de CiraSync con procedimientos claros. M\u00e1s detalles.","robots":{"index":"index","follow":"follow","max-snippet":"max-snippet:-1","max-image-preview":"max-image-preview:large","max-video-preview":"max-video-preview:-1"},"canonical":"https:\/\/cirasync.com\/es\/socios-2\/anadir-propietarios-del-portal-de-socios-adicionales\/","og_locale":"es_ES","og_type":"article","og_title":"A\u00f1adir propietarios de portal adicionales","og_description":"A\u00f1adir propietarios adicionales del portal: gobernanza y control de acceso para cuentas de socios de CiraSync con procedimientos claros. M\u00e1s detalles.","og_url":"https:\/\/cirasync.com\/es\/socios-2\/anadir-propietarios-del-portal-de-socios-adicionales\/","og_site_name":"CiraSync","article_publisher":"https:\/\/www.facebook.com\/CiraSync\/","article_modified_time":"2025-10-25T00:39:03+00:00","og_image":[{"width":1080,"height":630,"url":"https:\/\/cirasync.com\/wp-content\/uploads\/2020\/01\/Partners-Woman.png","type":"image\/png"}],"twitter_card":"summary_large_image","twitter_site":"@CiraSync","twitter_misc":{"Tiempo de lectura":"2 minutos"},"schema":{"@context":"https:\/\/schema.org","@graph":[{"@type":"WebPage","@id":"https:\/\/cirasync.com\/es\/socios-2\/anadir-propietarios-del-portal-de-socios-adicionales\/","url":"https:\/\/cirasync.com\/es\/socios-2\/anadir-propietarios-del-portal-de-socios-adicionales\/","name":"A\u00f1adir propietarios de portal adicionales | CiraSync","isPartOf":{"@id":"https:\/\/cirasync.com\/es\/#website"},"primaryImageOfPage":{"@id":"https:\/\/cirasync.com\/es\/socios-2\/anadir-propietarios-del-portal-de-socios-adicionales\/#primaryimage"},"image":{"@id":"https:\/\/cirasync.com\/es\/socios-2\/anadir-propietarios-del-portal-de-socios-adicionales\/#primaryimage"},"thumbnailUrl":"https:\/\/cirasync.com\/wp-content\/uploads\/2020\/01\/Partners-Woman.png","datePublished":"2020-09-07T13:29:37+00:00","dateModified":"2025-10-25T00:39:03+00:00","description":"A\u00f1adir propietarios adicionales del portal: gobernanza y control de acceso para cuentas de socios de CiraSync con procedimientos claros. M\u00e1s detalles.","breadcrumb":{"@id":"https:\/\/cirasync.com\/es\/socios-2\/anadir-propietarios-del-portal-de-socios-adicionales\/#breadcrumb"},"inLanguage":"es","potentialAction":[{"@type":"ReadAction","target":["https:\/\/cirasync.com\/es\/socios-2\/anadir-propietarios-del-portal-de-socios-adicionales\/"]}]},{"@type":"ImageObject","inLanguage":"es","@id":"https:\/\/cirasync.com\/es\/socios-2\/anadir-propietarios-del-portal-de-socios-adicionales\/#primaryimage","url":"https:\/\/cirasync.com\/wp-content\/uploads\/2020\/01\/Partners-Woman.png","contentUrl":"https:\/\/cirasync.com\/wp-content\/uploads\/2020\/01\/Partners-Woman.png","width":1080,"height":630,"caption":"Partners-Woman"},{"@type":"BreadcrumbList","@id":"https:\/\/cirasync.com\/es\/socios-2\/anadir-propietarios-del-portal-de-socios-adicionales\/#breadcrumb","itemListElement":[{"@type":"ListItem","position":1,"name":"Home","item":"https:\/\/cirasync.com\/es\/home-2024-sp-2-2-2-2\/"},{"@type":"ListItem","position":2,"name":"Socios","item":"https:\/\/cirasync.com\/es\/socios-2\/"},{"@type":"ListItem","position":3,"name":"A\u00f1adir propietarios de portal adicionales"}]},{"@type":"WebSite","@id":"https:\/\/cirasync.com\/es\/#website","url":"https:\/\/cirasync.com\/es\/","name":"CiraSync","description":"Sync the Office 365 GAL, public folders and calendars to smartphones.","publisher":{"@id":"https:\/\/cirasync.com\/es\/#organization"},"potentialAction":[{"@type":"SearchAction","target":{"@type":"EntryPoint","urlTemplate":"https:\/\/cirasync.com\/es\/?s={search_term_string}"},"query-input":{"@type":"PropertyValueSpecification","valueRequired":true,"valueName":"search_term_string"}}],"inLanguage":"es"},{"@type":"Organization","@id":"https:\/\/cirasync.com\/es\/#organization","name":"CiraSync","url":"https:\/\/cirasync.com\/es\/","logo":{"@type":"ImageObject","inLanguage":"es","@id":"https:\/\/cirasync.com\/es\/#\/schema\/logo\/image\/","url":"https:\/\/cirasync.com\/wp-content\/uploads\/2019\/07\/CiraSync-Logo-.png","contentUrl":"https:\/\/cirasync.com\/wp-content\/uploads\/2019\/07\/CiraSync-Logo-.png","width":1200,"height":671,"caption":"CiraSync"},"image":{"@id":"https:\/\/cirasync.com\/es\/#\/schema\/logo\/image\/"},"sameAs":["https:\/\/www.facebook.com\/CiraSync\/","https:\/\/x.com\/CiraSync","https:\/\/www.linkedin.com\/company\/cira-apps-limited","https:\/\/www.youtube.com\/channel\/UCdFkOfXlRAWRadzGit3jJZA\/videos"],"description":"CiraSync automatically syncs CRM, contact & calendar data from M365, Exchange & many CRMs to every smartphone.","email":"support@cirasync.com","telephone":"1 (202) 747 0888","legalName":"CiraSync"}]}},"_links":{"self":[{"href":"https:\/\/cirasync.com\/es\/wp-json\/wp\/v2\/pages\/29769","targetHints":{"allow":["GET"]}}],"collection":[{"href":"https:\/\/cirasync.com\/es\/wp-json\/wp\/v2\/pages"}],"about":[{"href":"https:\/\/cirasync.com\/es\/wp-json\/wp\/v2\/types\/page"}],"author":[{"embeddable":true,"href":"https:\/\/cirasync.com\/es\/wp-json\/wp\/v2\/users\/3"}],"replies":[{"embeddable":true,"href":"https:\/\/cirasync.com\/es\/wp-json\/wp\/v2\/comments?post=29769"}],"version-history":[{"count":0,"href":"https:\/\/cirasync.com\/es\/wp-json\/wp\/v2\/pages\/29769\/revisions"}],"up":[{"embeddable":true,"href":"https:\/\/cirasync.com\/es\/wp-json\/wp\/v2\/pages\/26971"}],"wp:featuredmedia":[{"embeddable":true,"href":"https:\/\/cirasync.com\/es\/wp-json\/wp\/v2\/media\/19732"}],"wp:attachment":[{"href":"https:\/\/cirasync.com\/es\/wp-json\/wp\/v2\/media?parent=29769"}],"curies":[{"name":"wp","href":"https:\/\/api.w.org\/{rel}","templated":true}]}}