{"id":29796,"date":"2020-09-07T08:14:58","date_gmt":"2020-09-07T15:14:58","guid":{"rendered":"https:\/\/ciraapps.com\/?page_id=29796"},"modified":"2025-10-24T17:44:27","modified_gmt":"2025-10-25T00:44:27","slug":"gestionando-inquilinos-clientes-cirasync","status":"publish","type":"page","link":"https:\/\/cirasync.com\/es\/socios-2\/gestionando-inquilinos-clientes-cirasync\/","title":{"rendered":"Gestionando a los inquilinos clientes de CiraSync"},"content":{"rendered":"<p>[et_pb_section fb_built=\u00bb1&#8243; module_class=\u00bbpartner-qsg\u00bb _builder_version=\u00bb4.16&#8243; global_colors_info=\u00bb{}\u00bb][et_pb_row column_structure=\u00bb1_3,2_3&#8243; _builder_version=\u00bb4.16&#8243; global_colors_info=\u00bb{}\u00bb][et_pb_column type=\u00bb1_3&#8243; _builder_version=\u00bb4.16&#8243; global_colors_info=\u00bb{}\u00bb][et_pb_sidebar area=\u00bbet_pb_widget_area_4&#8243; _builder_version=\u00bb4.16&#8243; global_colors_info=\u00bb{}\u00bb][\/et_pb_sidebar][\/et_pb_column][et_pb_column type=\u00bb2_3&#8243; _builder_version=\u00bb4.16&#8243; global_colors_info=\u00bb{}\u00bb][et_pb_text _builder_version=\u00bb4.16&#8243; global_colors_info=\u00bb{}\u00bb]<\/p>\n<h1><span class=\"ez-toc-section\" id=\"Gestionando_a_los_inquilinos_de_los_clientes_de_CiraSync\"><\/span>Gestionando a los inquilinos de los clientes de CiraSync<span class=\"ez-toc-section-end\"><\/span><\/h1>\n<p>Los due\u00f1os de los portales pueden comenzar a administrar sus clientes agreg\u00e1ndolos como inquilinos a su Portal de Socios. Esta secci\u00f3n tiene instrucciones para lo siguiente:<\/p>\n<ol>\n<li>A\u00f1adir un cliente inquilino<\/li>\n<li>Definici\u00f3n de los permisos del inquilino<\/li>\n<li>A\u00f1adiendo inquilinos administradores<\/li>\n<\/ol>\n<h2><span class=\"ez-toc-section\" id=\"Instrucciones\"><\/span>Instrucciones<span class=\"ez-toc-section-end\"><\/span><\/h2>\n<h3><span class=\"ez-toc-section\" id=\"Anadir_un_cliente_inquilino\"><\/span>A\u00f1adir un cliente inquilino<span class=\"ez-toc-section-end\"><\/span><\/h3>\n<ol>\n<li>Haga clic en el <strong>+<\/strong> en el panel de <strong>Inquilinos<\/strong> en el <strong>Panel de Socios.<\/strong><\/li>\n<li>Proporcionar el correo electr\u00f3nico deseado del cliente para convertirlo en un inquilino de CiraSync. <div class='et-box et-info'>\n\t\t\t\t\t<div class='et-box-content'><strong>NOTA:<\/strong> La cuenta de usuario debe tener el <strong>rol de administrador de inquilinos<\/strong>para poder aceptar la invitaci\u00f3n de convertirse en un cliente inquilino administrado por su Portal de Socios. Lo ideal es que esta cuenta de usuario sea una cuenta a la que tenga acceso para que pueda aceptar inmediatamente la invitaci\u00f3n.<\/div><\/div><\/li>\n<li>Haga clic en <strong>ENVIAR.<\/strong> <\/li>\n<li>Ingrese al correo electr\u00f3nico que se proporcion\u00f3 en el panel de Socios.<\/li>\n<li>Acepte la invitaci\u00f3n. Una vez aceptada la invitaci\u00f3n, el inquilino debe aparecer en el panel de <strong>Inquilinos<\/strong> del <strong>Panel de Socios.<\/strong> <\/li>\n<\/ol>\n<h3><span class=\"ez-toc-section\" id=\"Definicion_de_los_permisos_del_inquilino\"><\/span>Definici\u00f3n de los permisos del inquilino<span class=\"ez-toc-section-end\"><\/span><\/h3>\n<ol>\n<li>Haga clic en el icono del <strong>L\u00e1piz<\/strong> junto a cualquiera de los <strong>inquilinos<\/strong> que aparecen en el panel de Inquilinos en el panel principal de Socios. (Vea la imagen a continuaci\u00f3n.) <img decoding=\"async\" class=\"aligncenter size-large wp-image-19274\" src=\"https:\/\/cirasync.com\/wp-content\/uploads\/2020\/01\/Partner-QSG-Defining-Tenant-Permissions_markup-1024x179.png\" alt=\"\" width=\"1024\" height=\"179\" srcset=\"https:\/\/cirasync.com\/wp-content\/uploads\/2020\/01\/Partner-QSG-Defining-Tenant-Permissions_markup-1024x179.png 1024w, https:\/\/cirasync.com\/wp-content\/uploads\/2020\/01\/Partner-QSG-Defining-Tenant-Permissions_markup-980x172.png 980w, https:\/\/cirasync.com\/wp-content\/uploads\/2020\/01\/Partner-QSG-Defining-Tenant-Permissions_markup-480x84.png 480w\" sizes=\"(min-width: 0px) and (max-width: 480px) 480px, (min-width: 481px) and (max-width: 980px) 980px, (min-width: 981px) 1024px, 100vw\" \/> Se le llevar\u00e1 al <strong>Panel<\/strong> de <strong>Resumen de Inquilinos.<\/strong> (Vea la imagen a continuaci\u00f3n). <img decoding=\"async\" class=\"aligncenter size-large wp-image-19282\" src=\"https:\/\/cirasync.com\/wp-content\/uploads\/2020\/01\/Partner-QSG-Defining-Tenant-Permissions-Tenant-View_nomarkup-1024x522.png\" alt=\"\" width=\"1024\" height=\"522\" srcset=\"https:\/\/cirasync.com\/wp-content\/uploads\/2020\/01\/Partner-QSG-Defining-Tenant-Permissions-Tenant-View_nomarkup-1024x522.png 1024w, https:\/\/cirasync.com\/wp-content\/uploads\/2020\/01\/Partner-QSG-Defining-Tenant-Permissions-Tenant-View_nomarkup-980x500.png 980w, https:\/\/cirasync.com\/wp-content\/uploads\/2020\/01\/Partner-QSG-Defining-Tenant-Permissions-Tenant-View_nomarkup-480x245.png 480w\" sizes=\"(min-width: 0px) and (max-width: 480px) 480px, (min-width: 481px) and (max-width: 980px) 980px, (min-width: 981px) 1024px, 100vw\" \/><\/li>\n<li>Haga clic en <strong>Permisos de Inquilino<\/strong> en la parte superior del panel. Aparecer\u00e1 una ventana con una lista de todos los permisos de los inquilinos.<\/li>\n<li>Marque y desmarque las casillas para conceder o revocar los permisos del inquilino. La siguiente es una lista de los permisos de los inquilinos que pueden ser concedidos:\n<ul>\n<li>Capacidad de cambiar la colecci\u00f3n de licencias de usuario y de licencias autom\u00e1ticas.<\/li>\n<li>Habilidad para ejecutar tareas: Sincronizar el inquilino, sincronizar el buz\u00f3n, auto-licenciar, purgar, restaurar y limpiar.<\/li>\n<li>Capacidad de cambiar el cronograma de sincronizaci\u00f3n, informes, campos de contacto, cuenta de servicio.<\/li>\n<li>Capacidad para manejar los t\u00faneles de sincronizaci\u00f3n y las colecciones.<\/li>\n<\/ul>\n<\/li>\n<li>Haga clic en <strong>GUARDAR<\/strong>. <\/li>\n<\/ol>\n<h3><span class=\"ez-toc-section\" id=\"Anadiendo_inquilinos_administradores\"><\/span>A\u00f1adiendo inquilinos administradores<span class=\"ez-toc-section-end\"><\/span><\/h3>\n<ol>\n<li>Haga clic en el nombre de usuario en la esquina superior derecha del <strong>panel del portal de socios.<\/strong><\/li>\n<li>Haga clic en <strong>Configuraci\u00f3n.<\/strong> <\/li>\n<li>Haga clic en <strong>Administrar roles<\/strong> en el panel de navegaci\u00f3n de la izquierda.<\/li>\n<li>Seleccione el inquilino deseado para a\u00f1adir administradores en el <strong>panel de administraci\u00f3n de inquilinos.<\/strong> <\/li>\n<li>Haga clic en <strong>EDITAR.<\/strong> (Vea la imagen a continuaci\u00f3n). <img decoding=\"async\" class=\"aligncenter size-large wp-image-19293\" src=\"https:\/\/cirasync.com\/wp-content\/uploads\/2020\/01\/Partner-QSG-Tenant-Admins_markup-1024x355.png\" alt=\"\" width=\"1024\" height=\"355\" srcset=\"https:\/\/cirasync.com\/wp-content\/uploads\/2020\/01\/Partner-QSG-Tenant-Admins_markup-980x339.png 980w, https:\/\/cirasync.com\/wp-content\/uploads\/2020\/01\/Partner-QSG-Tenant-Admins_markup-480x166.png 480w\" sizes=\"(min-width: 0px) and (max-width: 480px) 480px, (min-width: 481px) and (max-width: 980px) 980px, (min-width: 981px) 1024px, 100vw\" \/> Aparecer\u00e1 la ventana <strong>Seleccionar administradores.<\/strong> (Vea la imagen a continuaci\u00f3n) <img decoding=\"async\" class=\"aligncenter size-full wp-image-19302\" src=\"https:\/\/cirasync.com\/wp-content\/uploads\/2020\/01\/Partner-QSG-Select-Admins_nomarkup.png\" alt=\"\" width=\"717\" height=\"646\" srcset=\"https:\/\/cirasync.com\/wp-content\/uploads\/2020\/01\/Partner-QSG-Select-Admins_nomarkup.png 717w, https:\/\/cirasync.com\/wp-content\/uploads\/2020\/01\/Partner-QSG-Select-Admins_nomarkup-480x432.png 480w\" sizes=\"(min-width: 0px) and (max-width: 480px) 480px, (min-width: 481px) 717px, 100vw\" \/><\/li>\n<li>Seleccione los usuarios deseados para convertirlos en inquilinos administradores. El usuario seleccionado aparecer\u00e1 en la <strong>columna de usuarios.<\/strong> <\/li>\n<li>Haga clic en <strong>GUARDAR.<\/strong><div class='et-box et-info'>\n\t\t\t\t\t<div class='et-box-content'><strong>NOTA:<\/strong> Si eres un socio que quiere poner fin a su sociedad con CiraSync, consulte estas <a href=\"\/?p=13413\">preguntas frecuentes.<\/a><\/div><\/div><\/li>\n<\/ol>\n<p><a href=\"\/?page_id=19896\" class=\"next-post\">Pr\u00f3ximo art\u00edculo: Asignar una cuenta de servicio dedicada a un cliente inquilino<\/a><\/p>\n<p>[\/et_pb_text][\/et_pb_column][\/et_pb_row][\/et_pb_section]<\/p>\n","protected":false},"excerpt":{"rendered":"<p>Gestionando a los inquilinos de los clientes de CiraSync Los due\u00f1os de los portales pueden comenzar a administrar sus clientes agreg\u00e1ndolos como inquilinos a su Portal de Socios. Esta secci\u00f3n tiene instrucciones para lo siguiente: A\u00f1adir un cliente inquilino Definici\u00f3n de los permisos del inquilino A\u00f1adiendo inquilinos administradores Instrucciones A\u00f1adir un cliente inquilino Haga clic [&hellip;]<\/p>\n","protected":false},"author":3,"featured_media":19740,"parent":26971,"menu_order":0,"comment_status":"closed","ping_status":"closed","template":"","meta":{"_et_pb_use_builder":"on","_et_pb_old_content":"","_et_gb_content_width":"","_nextfly_llmd_date_locked":false,"footnotes":""},"class_list":["post-29796","page","type-page","status-publish","has-post-thumbnail","hentry"],"yoast_head":"<!-- This site is optimized with the Yoast SEO Premium plugin v27.1 (Yoast SEO v27.1.1) - https:\/\/yoast.com\/product\/yoast-seo-premium-wordpress\/ -->\n<title>Gestionando a los inquilinos clientes de CiraSync | CiraSync<\/title>\n<meta name=\"description\" content=\"Gestionar inquilinos cliente de CiraSync: roles, accesos y supervisi\u00f3n para un control claro y seguro. M\u00e1s detalles. Ver gu\u00eda. Para admins de Microsoft 365.\" \/>\n<meta name=\"robots\" content=\"index, follow, max-snippet:-1, max-image-preview:large, max-video-preview:-1\" \/>\n<link rel=\"canonical\" href=\"https:\/\/cirasync.com\/es\/socios-2\/gestionando-inquilinos-clientes-cirasync\/\" \/>\n<meta property=\"og:locale\" content=\"es_ES\" \/>\n<meta property=\"og:type\" content=\"article\" \/>\n<meta property=\"og:title\" content=\"Gestionando a los inquilinos clientes de CiraSync\" \/>\n<meta property=\"og:description\" content=\"Gestionar inquilinos cliente de CiraSync: roles, accesos y supervisi\u00f3n para un control claro y seguro. M\u00e1s detalles. Ver gu\u00eda. Para admins de Microsoft 365.\" \/>\n<meta property=\"og:url\" content=\"https:\/\/cirasync.com\/es\/socios-2\/gestionando-inquilinos-clientes-cirasync\/\" \/>\n<meta property=\"og:site_name\" content=\"CiraSync\" \/>\n<meta property=\"article:publisher\" content=\"https:\/\/www.facebook.com\/CiraSync\/\" \/>\n<meta property=\"article:modified_time\" content=\"2025-10-25T00:44:27+00:00\" \/>\n<meta property=\"og:image\" content=\"https:\/\/cirasync.com\/wp-content\/uploads\/2020\/01\/Partners-Man.png\" \/>\n\t<meta property=\"og:image:width\" content=\"1080\" \/>\n\t<meta property=\"og:image:height\" content=\"630\" \/>\n\t<meta property=\"og:image:type\" content=\"image\/png\" \/>\n<meta name=\"twitter:card\" content=\"summary_large_image\" \/>\n<meta name=\"twitter:site\" content=\"@CiraSync\" \/>\n<meta name=\"twitter:label1\" content=\"Tiempo de lectura\" \/>\n\t<meta name=\"twitter:data1\" content=\"4 minutos\" \/>\n<script type=\"application\/ld+json\" class=\"yoast-schema-graph\">{\"@context\":\"https:\/\/schema.org\",\"@graph\":[{\"@type\":\"WebPage\",\"@id\":\"https:\/\/cirasync.com\/es\/socios-2\/gestionando-inquilinos-clientes-cirasync\/\",\"url\":\"https:\/\/cirasync.com\/es\/socios-2\/gestionando-inquilinos-clientes-cirasync\/\",\"name\":\"Gestionando a los inquilinos clientes de CiraSync | CiraSync\",\"isPartOf\":{\"@id\":\"https:\/\/cirasync.com\/es\/#website\"},\"primaryImageOfPage\":{\"@id\":\"https:\/\/cirasync.com\/es\/socios-2\/gestionando-inquilinos-clientes-cirasync\/#primaryimage\"},\"image\":{\"@id\":\"https:\/\/cirasync.com\/es\/socios-2\/gestionando-inquilinos-clientes-cirasync\/#primaryimage\"},\"thumbnailUrl\":\"https:\/\/cirasync.com\/wp-content\/uploads\/2020\/01\/Partners-Man.png\",\"datePublished\":\"2020-09-07T15:14:58+00:00\",\"dateModified\":\"2025-10-25T00:44:27+00:00\",\"description\":\"Gestionar inquilinos cliente de CiraSync: roles, accesos y supervisi\u00f3n para un control claro y seguro. M\u00e1s detalles. Ver gu\u00eda. Para admins de Microsoft 365.\",\"breadcrumb\":{\"@id\":\"https:\/\/cirasync.com\/es\/socios-2\/gestionando-inquilinos-clientes-cirasync\/#breadcrumb\"},\"inLanguage\":\"es\",\"potentialAction\":[{\"@type\":\"ReadAction\",\"target\":[\"https:\/\/cirasync.com\/es\/socios-2\/gestionando-inquilinos-clientes-cirasync\/\"]}]},{\"@type\":\"ImageObject\",\"inLanguage\":\"es\",\"@id\":\"https:\/\/cirasync.com\/es\/socios-2\/gestionando-inquilinos-clientes-cirasync\/#primaryimage\",\"url\":\"https:\/\/cirasync.com\/wp-content\/uploads\/2020\/01\/Partners-Man.png\",\"contentUrl\":\"https:\/\/cirasync.com\/wp-content\/uploads\/2020\/01\/Partners-Man.png\",\"width\":1080,\"height\":630,\"caption\":\"Partners-Man\"},{\"@type\":\"BreadcrumbList\",\"@id\":\"https:\/\/cirasync.com\/es\/socios-2\/gestionando-inquilinos-clientes-cirasync\/#breadcrumb\",\"itemListElement\":[{\"@type\":\"ListItem\",\"position\":1,\"name\":\"Home\",\"item\":\"https:\/\/cirasync.com\/es\/home-2024-sp-2-2-2-2\/\"},{\"@type\":\"ListItem\",\"position\":2,\"name\":\"Socios\",\"item\":\"https:\/\/cirasync.com\/es\/socios-2\/\"},{\"@type\":\"ListItem\",\"position\":3,\"name\":\"Gestionando a los inquilinos clientes de CiraSync\"}]},{\"@type\":\"WebSite\",\"@id\":\"https:\/\/cirasync.com\/es\/#website\",\"url\":\"https:\/\/cirasync.com\/es\/\",\"name\":\"CiraSync\",\"description\":\"Sync the Office 365 GAL, public folders and calendars to smartphones.\",\"publisher\":{\"@id\":\"https:\/\/cirasync.com\/es\/#organization\"},\"potentialAction\":[{\"@type\":\"SearchAction\",\"target\":{\"@type\":\"EntryPoint\",\"urlTemplate\":\"https:\/\/cirasync.com\/es\/?s={search_term_string}\"},\"query-input\":{\"@type\":\"PropertyValueSpecification\",\"valueRequired\":true,\"valueName\":\"search_term_string\"}}],\"inLanguage\":\"es\"},{\"@type\":\"Organization\",\"@id\":\"https:\/\/cirasync.com\/es\/#organization\",\"name\":\"CiraSync\",\"url\":\"https:\/\/cirasync.com\/es\/\",\"logo\":{\"@type\":\"ImageObject\",\"inLanguage\":\"es\",\"@id\":\"https:\/\/cirasync.com\/es\/#\/schema\/logo\/image\/\",\"url\":\"https:\/\/cirasync.com\/wp-content\/uploads\/2019\/07\/CiraSync-Logo-.png\",\"contentUrl\":\"https:\/\/cirasync.com\/wp-content\/uploads\/2019\/07\/CiraSync-Logo-.png\",\"width\":1200,\"height\":671,\"caption\":\"CiraSync\"},\"image\":{\"@id\":\"https:\/\/cirasync.com\/es\/#\/schema\/logo\/image\/\"},\"sameAs\":[\"https:\/\/www.facebook.com\/CiraSync\/\",\"https:\/\/x.com\/CiraSync\",\"https:\/\/www.linkedin.com\/company\/cira-apps-limited\",\"https:\/\/www.youtube.com\/channel\/UCdFkOfXlRAWRadzGit3jJZA\/videos\"],\"description\":\"CiraSync automatically syncs CRM, contact & calendar data from M365, Exchange & many CRMs to every smartphone.\",\"email\":\"support@cirasync.com\",\"telephone\":\"1 (202) 747 0888\",\"legalName\":\"CiraSync\"}]}<\/script>\n<!-- \/ Yoast SEO Premium plugin. -->","yoast_head_json":{"title":"Gestionando a los inquilinos clientes de CiraSync | CiraSync","description":"Gestionar inquilinos cliente de CiraSync: roles, accesos y supervisi\u00f3n para un control claro y seguro. M\u00e1s detalles. Ver gu\u00eda. Para admins de Microsoft 365.","robots":{"index":"index","follow":"follow","max-snippet":"max-snippet:-1","max-image-preview":"max-image-preview:large","max-video-preview":"max-video-preview:-1"},"canonical":"https:\/\/cirasync.com\/es\/socios-2\/gestionando-inquilinos-clientes-cirasync\/","og_locale":"es_ES","og_type":"article","og_title":"Gestionando a los inquilinos clientes de CiraSync","og_description":"Gestionar inquilinos cliente de CiraSync: roles, accesos y supervisi\u00f3n para un control claro y seguro. M\u00e1s detalles. Ver gu\u00eda. Para admins de Microsoft 365.","og_url":"https:\/\/cirasync.com\/es\/socios-2\/gestionando-inquilinos-clientes-cirasync\/","og_site_name":"CiraSync","article_publisher":"https:\/\/www.facebook.com\/CiraSync\/","article_modified_time":"2025-10-25T00:44:27+00:00","og_image":[{"width":1080,"height":630,"url":"https:\/\/cirasync.com\/wp-content\/uploads\/2020\/01\/Partners-Man.png","type":"image\/png"}],"twitter_card":"summary_large_image","twitter_site":"@CiraSync","twitter_misc":{"Tiempo de lectura":"4 minutos"},"schema":{"@context":"https:\/\/schema.org","@graph":[{"@type":"WebPage","@id":"https:\/\/cirasync.com\/es\/socios-2\/gestionando-inquilinos-clientes-cirasync\/","url":"https:\/\/cirasync.com\/es\/socios-2\/gestionando-inquilinos-clientes-cirasync\/","name":"Gestionando a los inquilinos clientes de CiraSync | CiraSync","isPartOf":{"@id":"https:\/\/cirasync.com\/es\/#website"},"primaryImageOfPage":{"@id":"https:\/\/cirasync.com\/es\/socios-2\/gestionando-inquilinos-clientes-cirasync\/#primaryimage"},"image":{"@id":"https:\/\/cirasync.com\/es\/socios-2\/gestionando-inquilinos-clientes-cirasync\/#primaryimage"},"thumbnailUrl":"https:\/\/cirasync.com\/wp-content\/uploads\/2020\/01\/Partners-Man.png","datePublished":"2020-09-07T15:14:58+00:00","dateModified":"2025-10-25T00:44:27+00:00","description":"Gestionar inquilinos cliente de CiraSync: roles, accesos y supervisi\u00f3n para un control claro y seguro. M\u00e1s detalles. Ver gu\u00eda. Para admins de Microsoft 365.","breadcrumb":{"@id":"https:\/\/cirasync.com\/es\/socios-2\/gestionando-inquilinos-clientes-cirasync\/#breadcrumb"},"inLanguage":"es","potentialAction":[{"@type":"ReadAction","target":["https:\/\/cirasync.com\/es\/socios-2\/gestionando-inquilinos-clientes-cirasync\/"]}]},{"@type":"ImageObject","inLanguage":"es","@id":"https:\/\/cirasync.com\/es\/socios-2\/gestionando-inquilinos-clientes-cirasync\/#primaryimage","url":"https:\/\/cirasync.com\/wp-content\/uploads\/2020\/01\/Partners-Man.png","contentUrl":"https:\/\/cirasync.com\/wp-content\/uploads\/2020\/01\/Partners-Man.png","width":1080,"height":630,"caption":"Partners-Man"},{"@type":"BreadcrumbList","@id":"https:\/\/cirasync.com\/es\/socios-2\/gestionando-inquilinos-clientes-cirasync\/#breadcrumb","itemListElement":[{"@type":"ListItem","position":1,"name":"Home","item":"https:\/\/cirasync.com\/es\/home-2024-sp-2-2-2-2\/"},{"@type":"ListItem","position":2,"name":"Socios","item":"https:\/\/cirasync.com\/es\/socios-2\/"},{"@type":"ListItem","position":3,"name":"Gestionando a los inquilinos clientes de CiraSync"}]},{"@type":"WebSite","@id":"https:\/\/cirasync.com\/es\/#website","url":"https:\/\/cirasync.com\/es\/","name":"CiraSync","description":"Sync the Office 365 GAL, public folders and calendars to smartphones.","publisher":{"@id":"https:\/\/cirasync.com\/es\/#organization"},"potentialAction":[{"@type":"SearchAction","target":{"@type":"EntryPoint","urlTemplate":"https:\/\/cirasync.com\/es\/?s={search_term_string}"},"query-input":{"@type":"PropertyValueSpecification","valueRequired":true,"valueName":"search_term_string"}}],"inLanguage":"es"},{"@type":"Organization","@id":"https:\/\/cirasync.com\/es\/#organization","name":"CiraSync","url":"https:\/\/cirasync.com\/es\/","logo":{"@type":"ImageObject","inLanguage":"es","@id":"https:\/\/cirasync.com\/es\/#\/schema\/logo\/image\/","url":"https:\/\/cirasync.com\/wp-content\/uploads\/2019\/07\/CiraSync-Logo-.png","contentUrl":"https:\/\/cirasync.com\/wp-content\/uploads\/2019\/07\/CiraSync-Logo-.png","width":1200,"height":671,"caption":"CiraSync"},"image":{"@id":"https:\/\/cirasync.com\/es\/#\/schema\/logo\/image\/"},"sameAs":["https:\/\/www.facebook.com\/CiraSync\/","https:\/\/x.com\/CiraSync","https:\/\/www.linkedin.com\/company\/cira-apps-limited","https:\/\/www.youtube.com\/channel\/UCdFkOfXlRAWRadzGit3jJZA\/videos"],"description":"CiraSync automatically syncs CRM, contact & calendar data from M365, Exchange & many CRMs to every smartphone.","email":"support@cirasync.com","telephone":"1 (202) 747 0888","legalName":"CiraSync"}]}},"_links":{"self":[{"href":"https:\/\/cirasync.com\/es\/wp-json\/wp\/v2\/pages\/29796","targetHints":{"allow":["GET"]}}],"collection":[{"href":"https:\/\/cirasync.com\/es\/wp-json\/wp\/v2\/pages"}],"about":[{"href":"https:\/\/cirasync.com\/es\/wp-json\/wp\/v2\/types\/page"}],"author":[{"embeddable":true,"href":"https:\/\/cirasync.com\/es\/wp-json\/wp\/v2\/users\/3"}],"replies":[{"embeddable":true,"href":"https:\/\/cirasync.com\/es\/wp-json\/wp\/v2\/comments?post=29796"}],"version-history":[{"count":0,"href":"https:\/\/cirasync.com\/es\/wp-json\/wp\/v2\/pages\/29796\/revisions"}],"up":[{"embeddable":true,"href":"https:\/\/cirasync.com\/es\/wp-json\/wp\/v2\/pages\/26971"}],"wp:featuredmedia":[{"embeddable":true,"href":"https:\/\/cirasync.com\/es\/wp-json\/wp\/v2\/media\/19740"}],"wp:attachment":[{"href":"https:\/\/cirasync.com\/es\/wp-json\/wp\/v2\/media?parent=29796"}],"curies":[{"name":"wp","href":"https:\/\/api.w.org\/{rel}","templated":true}]}}