{"id":29808,"date":"2020-09-07T09:08:17","date_gmt":"2020-09-07T16:08:17","guid":{"rendered":"https:\/\/ciraapps.com\/?page_id=29808"},"modified":"2026-01-16T13:38:15","modified_gmt":"2026-01-16T20:38:15","slug":"asignar-cuenta-de-servicio-dedicada-cliente-inquilino","status":"publish","type":"page","link":"https:\/\/cirasync.com\/es\/socios-2\/asignar-cuenta-de-servicio-dedicada-cliente-inquilino\/","title":{"rendered":"Asignar una cuenta de servicio dedicada a un cliente inquilino"},"content":{"rendered":"<p>[et_pb_section fb_built=\u00bb1&#8243; module_class=\u00bbpartner-qsg\u00bb _builder_version=\u00bb4.16&#8243; global_colors_info=\u00bb{}\u00bb][et_pb_row column_structure=\u00bb1_3,2_3&#8243; _builder_version=\u00bb4.16&#8243; global_colors_info=\u00bb{}\u00bb][et_pb_column type=\u00bb1_3&#8243; _builder_version=\u00bb4.16&#8243; global_colors_info=\u00bb{}\u00bb][et_pb_sidebar area=\u00bbet_pb_widget_area_4&#8243; _builder_version=\u00bb4.16&#8243; global_colors_info=\u00bb{}\u00bb][\/et_pb_sidebar][\/et_pb_column][et_pb_column type=\u00bb2_3&#8243; _builder_version=\u00bb4.16&#8243; global_colors_info=\u00bb{}\u00bb][et_pb_text _builder_version=\u00bb4.16&#8243; global_colors_info=\u00bb{}\u00bb]<\/p>\n<h1><span class=\"ez-toc-section\" id=\"Asignar_una_cuenta_de_servicio_dedicada_a_un_cliente_inquilino\"><\/span>Asignar una cuenta de servicio dedicada a un cliente inquilino<span class=\"ez-toc-section-end\"><\/span><\/h1>\n<p>Los due\u00f1os de los portales tambi\u00e9n pueden configurar a sus clientes inquilinos. Esta gu\u00eda muestra c\u00f3mo asignar una cuenta de servicio a un cliente inquilino.<\/p>\n<h2><span class=\"ez-toc-section\" id=\"Instrucciones\"><\/span>Instrucciones<span class=\"ez-toc-section-end\"><\/span><\/h2>\n<ol>\n<li><a href=\"https:\/\/cirasync.com\/es\/soporte\/guia-de-inicio-rapido\/configurar-cuenta-de-servicio\/\">Crea una cuenta de servicio dedicada.<\/a><\/li>\n<li><a href=\"https:\/\/cirasync.com\/es\/soporte\/guia-de-inicio-rapido\/configurar-modo-suplantacion-office-365\/\">Establezca el modo de suplantaci\u00f3n de identidad de la aplicaci\u00f3n en la cuenta de servicio.<\/a><\/li>\n<li>Acceda al panel de control de CiraSync con la cuenta de servicio.<\/li>\n<li>Acceda al portal de socios de CiraSync.<\/li>\n<li>Haga clic en el icono del <strong>l\u00e1piz<\/strong> situado junto a cualquiera de los inquilinos que aparecen en el <strong>panel de inquilinos<\/strong> dentro del panel principal de socios. (Vea la imagen a continuaci\u00f3n).<img decoding=\"async\" class=\"aligncenter size-large wp-image-19266\" src=\"https:\/\/cirasync.com\/wp-content\/uploads\/2020\/01\/Partner-QSG-Defining-Tenant-Permissions_markup-2-1024x179.png\" alt=\"\" width=\"1024\" height=\"179\" srcset=\"https:\/\/cirasync.com\/wp-content\/uploads\/2020\/01\/Partner-QSG-Defining-Tenant-Permissions_markup-2-1024x179.png 1024w, https:\/\/cirasync.com\/wp-content\/uploads\/2020\/01\/Partner-QSG-Defining-Tenant-Permissions_markup-2-980x172.png 980w, https:\/\/cirasync.com\/wp-content\/uploads\/2020\/01\/Partner-QSG-Defining-Tenant-Permissions_markup-2-480x84.png 480w\" sizes=\"(min-width: 0px) and (max-width: 480px) 480px, (min-width: 481px) and (max-width: 980px) 980px, (min-width: 981px) 1024px, 100vw\" \/><\/li>\n<li>Se le llevar\u00e1 al <strong>panel de visi\u00f3n general del inquilino.<\/strong>\u00a0(Vea la imagen a continuaci\u00f3n).<br \/>\n<img decoding=\"async\" class=\"aligncenter size-large wp-image-19282\" src=\"https:\/\/cirasync.com\/wp-content\/uploads\/2020\/01\/Partner-QSG-Defining-Tenant-Permissions-Tenant-View_nomarkup-1024x522.png\" alt=\"\" width=\"1024\" height=\"522\" srcset=\"https:\/\/cirasync.com\/wp-content\/uploads\/2020\/01\/Partner-QSG-Defining-Tenant-Permissions-Tenant-View_nomarkup-1024x522.png 1024w, https:\/\/cirasync.com\/wp-content\/uploads\/2020\/01\/Partner-QSG-Defining-Tenant-Permissions-Tenant-View_nomarkup-980x500.png 980w, https:\/\/cirasync.com\/wp-content\/uploads\/2020\/01\/Partner-QSG-Defining-Tenant-Permissions-Tenant-View_nomarkup-480x245.png 480w\" sizes=\"(min-width: 0px) and (max-width: 480px) 480px, (min-width: 481px) and (max-width: 980px) 980px, (min-width: 981px) 1024px, 100vw\" \/><\/li>\n<li>Haga clic en <strong>Cuenta de servicio<\/strong> en el panel de navegaci\u00f3n de la izquierda.<\/li>\n<li>Seleccione la Cuenta de servicio que se cre\u00f3 en los <strong>pasos 1 y 2<\/strong> en el panel de<strong> Especificar cuenta de servicio.\u00a0<\/strong><\/li>\n<li>Haga clic en <strong>GUARDAR<\/strong> en la esquina superior derecha del panel de navegaci\u00f3n.<\/li>\n<\/ol>\n<p><a href=\"\/?page_id=19903\" class=\"next-post\">Pr\u00f3ximo art\u00edculo: Autolicencias para los usuarios de clientes inquilinos<\/a>[\/et_pb_text][\/et_pb_column][\/et_pb_row][\/et_pb_section]<\/p>\n","protected":false},"excerpt":{"rendered":"<p>Asignar una cuenta de servicio dedicada a un cliente inquilino Los due\u00f1os de los portales tambi\u00e9n pueden configurar a sus clientes inquilinos. Esta gu\u00eda muestra c\u00f3mo asignar una cuenta de servicio a un cliente inquilino. Instrucciones Crea una cuenta de servicio dedicada. Establezca el modo de suplantaci\u00f3n de identidad de la aplicaci\u00f3n en la cuenta [&hellip;]<\/p>\n","protected":false},"author":3,"featured_media":19732,"parent":26971,"menu_order":0,"comment_status":"closed","ping_status":"closed","template":"","meta":{"_et_pb_use_builder":"on","_et_pb_old_content":"","_et_gb_content_width":"","_nextfly_llmd_date_locked":false,"footnotes":""},"class_list":["post-29808","page","type-page","status-publish","has-post-thumbnail","hentry"],"yoast_head":"<!-- This site is optimized with the Yoast SEO Premium plugin v27.1 (Yoast SEO v27.1.1) - https:\/\/yoast.com\/product\/yoast-seo-premium-wordpress\/ -->\n<title>Asignar Cuenta De Servicio Dedicada En CiraSync<\/title>\n<meta name=\"description\" content=\"Asignar una cuenta de servicio dedicada a un inquilino cliente: mejores pr\u00e1cticas, permisos y pasos de configuraci\u00f3n en CiraSync. M\u00e1s detalles. Ver gu\u00eda.\" \/>\n<meta name=\"robots\" content=\"index, follow, max-snippet:-1, max-image-preview:large, max-video-preview:-1\" \/>\n<link rel=\"canonical\" href=\"https:\/\/cirasync.com\/es\/socios-2\/asignar-cuenta-de-servicio-dedicada-cliente-inquilino\/\" \/>\n<meta property=\"og:locale\" content=\"es_ES\" \/>\n<meta property=\"og:type\" content=\"article\" \/>\n<meta property=\"og:title\" content=\"Asignar una cuenta de servicio dedicada a un cliente inquilino\" \/>\n<meta property=\"og:description\" content=\"Asignar una cuenta de servicio dedicada a un inquilino cliente: mejores pr\u00e1cticas, permisos y pasos de configuraci\u00f3n en CiraSync. M\u00e1s detalles. Ver gu\u00eda.\" \/>\n<meta property=\"og:url\" content=\"https:\/\/cirasync.com\/es\/socios-2\/asignar-cuenta-de-servicio-dedicada-cliente-inquilino\/\" \/>\n<meta property=\"og:site_name\" content=\"CiraSync\" \/>\n<meta property=\"article:publisher\" content=\"https:\/\/www.facebook.com\/CiraSync\/\" \/>\n<meta property=\"article:modified_time\" content=\"2026-01-16T20:38:15+00:00\" \/>\n<meta property=\"og:image\" content=\"https:\/\/cirasync.com\/wp-content\/uploads\/2020\/01\/Partners-Woman.png\" \/>\n\t<meta property=\"og:image:width\" content=\"1080\" \/>\n\t<meta property=\"og:image:height\" content=\"630\" \/>\n\t<meta property=\"og:image:type\" content=\"image\/png\" \/>\n<meta name=\"twitter:card\" content=\"summary_large_image\" \/>\n<meta name=\"twitter:site\" content=\"@CiraSync\" \/>\n<meta name=\"twitter:label1\" content=\"Tiempo de lectura\" \/>\n\t<meta name=\"twitter:data1\" content=\"2 minutos\" \/>\n<script type=\"application\/ld+json\" class=\"yoast-schema-graph\">{\"@context\":\"https:\/\/schema.org\",\"@graph\":[{\"@type\":\"WebPage\",\"@id\":\"https:\/\/cirasync.com\/es\/socios-2\/asignar-cuenta-de-servicio-dedicada-cliente-inquilino\/\",\"url\":\"https:\/\/cirasync.com\/es\/socios-2\/asignar-cuenta-de-servicio-dedicada-cliente-inquilino\/\",\"name\":\"Asignar Cuenta De Servicio Dedicada En CiraSync\",\"isPartOf\":{\"@id\":\"https:\/\/cirasync.com\/es\/#website\"},\"primaryImageOfPage\":{\"@id\":\"https:\/\/cirasync.com\/es\/socios-2\/asignar-cuenta-de-servicio-dedicada-cliente-inquilino\/#primaryimage\"},\"image\":{\"@id\":\"https:\/\/cirasync.com\/es\/socios-2\/asignar-cuenta-de-servicio-dedicada-cliente-inquilino\/#primaryimage\"},\"thumbnailUrl\":\"https:\/\/cirasync.com\/wp-content\/uploads\/2020\/01\/Partners-Woman.png\",\"datePublished\":\"2020-09-07T16:08:17+00:00\",\"dateModified\":\"2026-01-16T20:38:15+00:00\",\"description\":\"Asignar una cuenta de servicio dedicada a un inquilino cliente: mejores pr\u00e1cticas, permisos y pasos de configuraci\u00f3n en CiraSync. M\u00e1s detalles. Ver gu\u00eda.\",\"breadcrumb\":{\"@id\":\"https:\/\/cirasync.com\/es\/socios-2\/asignar-cuenta-de-servicio-dedicada-cliente-inquilino\/#breadcrumb\"},\"inLanguage\":\"es\",\"potentialAction\":[{\"@type\":\"ReadAction\",\"target\":[\"https:\/\/cirasync.com\/es\/socios-2\/asignar-cuenta-de-servicio-dedicada-cliente-inquilino\/\"]}]},{\"@type\":\"ImageObject\",\"inLanguage\":\"es\",\"@id\":\"https:\/\/cirasync.com\/es\/socios-2\/asignar-cuenta-de-servicio-dedicada-cliente-inquilino\/#primaryimage\",\"url\":\"https:\/\/cirasync.com\/wp-content\/uploads\/2020\/01\/Partners-Woman.png\",\"contentUrl\":\"https:\/\/cirasync.com\/wp-content\/uploads\/2020\/01\/Partners-Woman.png\",\"width\":1080,\"height\":630,\"caption\":\"Partners-Woman\"},{\"@type\":\"BreadcrumbList\",\"@id\":\"https:\/\/cirasync.com\/es\/socios-2\/asignar-cuenta-de-servicio-dedicada-cliente-inquilino\/#breadcrumb\",\"itemListElement\":[{\"@type\":\"ListItem\",\"position\":1,\"name\":\"Home\",\"item\":\"https:\/\/cirasync.com\/es\/home-2024-sp-2-2-2-2\/\"},{\"@type\":\"ListItem\",\"position\":2,\"name\":\"Socios\",\"item\":\"https:\/\/cirasync.com\/es\/socios-2\/\"},{\"@type\":\"ListItem\",\"position\":3,\"name\":\"Asignar una cuenta de servicio dedicada a un cliente inquilino\"}]},{\"@type\":\"WebSite\",\"@id\":\"https:\/\/cirasync.com\/es\/#website\",\"url\":\"https:\/\/cirasync.com\/es\/\",\"name\":\"CiraSync\",\"description\":\"Sync the Office 365 GAL, public folders and calendars to smartphones.\",\"publisher\":{\"@id\":\"https:\/\/cirasync.com\/es\/#organization\"},\"potentialAction\":[{\"@type\":\"SearchAction\",\"target\":{\"@type\":\"EntryPoint\",\"urlTemplate\":\"https:\/\/cirasync.com\/es\/?s={search_term_string}\"},\"query-input\":{\"@type\":\"PropertyValueSpecification\",\"valueRequired\":true,\"valueName\":\"search_term_string\"}}],\"inLanguage\":\"es\"},{\"@type\":\"Organization\",\"@id\":\"https:\/\/cirasync.com\/es\/#organization\",\"name\":\"CiraSync\",\"url\":\"https:\/\/cirasync.com\/es\/\",\"logo\":{\"@type\":\"ImageObject\",\"inLanguage\":\"es\",\"@id\":\"https:\/\/cirasync.com\/es\/#\/schema\/logo\/image\/\",\"url\":\"https:\/\/cirasync.com\/wp-content\/uploads\/2019\/07\/CiraSync-Logo-.png\",\"contentUrl\":\"https:\/\/cirasync.com\/wp-content\/uploads\/2019\/07\/CiraSync-Logo-.png\",\"width\":1200,\"height\":671,\"caption\":\"CiraSync\"},\"image\":{\"@id\":\"https:\/\/cirasync.com\/es\/#\/schema\/logo\/image\/\"},\"sameAs\":[\"https:\/\/www.facebook.com\/CiraSync\/\",\"https:\/\/x.com\/CiraSync\",\"https:\/\/www.linkedin.com\/company\/cira-apps-limited\",\"https:\/\/www.youtube.com\/channel\/UCdFkOfXlRAWRadzGit3jJZA\/videos\"],\"description\":\"CiraSync automatically syncs CRM, contact & calendar data from M365, Exchange & many CRMs to every smartphone.\",\"email\":\"support@cirasync.com\",\"telephone\":\"1 (202) 747 0888\",\"legalName\":\"CiraSync\"}]}<\/script>\n<!-- \/ Yoast SEO Premium plugin. -->","yoast_head_json":{"title":"Asignar Cuenta De Servicio Dedicada En CiraSync","description":"Asignar una cuenta de servicio dedicada a un inquilino cliente: mejores pr\u00e1cticas, permisos y pasos de configuraci\u00f3n en CiraSync. M\u00e1s detalles. Ver gu\u00eda.","robots":{"index":"index","follow":"follow","max-snippet":"max-snippet:-1","max-image-preview":"max-image-preview:large","max-video-preview":"max-video-preview:-1"},"canonical":"https:\/\/cirasync.com\/es\/socios-2\/asignar-cuenta-de-servicio-dedicada-cliente-inquilino\/","og_locale":"es_ES","og_type":"article","og_title":"Asignar una cuenta de servicio dedicada a un cliente inquilino","og_description":"Asignar una cuenta de servicio dedicada a un inquilino cliente: mejores pr\u00e1cticas, permisos y pasos de configuraci\u00f3n en CiraSync. M\u00e1s detalles. Ver gu\u00eda.","og_url":"https:\/\/cirasync.com\/es\/socios-2\/asignar-cuenta-de-servicio-dedicada-cliente-inquilino\/","og_site_name":"CiraSync","article_publisher":"https:\/\/www.facebook.com\/CiraSync\/","article_modified_time":"2026-01-16T20:38:15+00:00","og_image":[{"width":1080,"height":630,"url":"https:\/\/cirasync.com\/wp-content\/uploads\/2020\/01\/Partners-Woman.png","type":"image\/png"}],"twitter_card":"summary_large_image","twitter_site":"@CiraSync","twitter_misc":{"Tiempo de lectura":"2 minutos"},"schema":{"@context":"https:\/\/schema.org","@graph":[{"@type":"WebPage","@id":"https:\/\/cirasync.com\/es\/socios-2\/asignar-cuenta-de-servicio-dedicada-cliente-inquilino\/","url":"https:\/\/cirasync.com\/es\/socios-2\/asignar-cuenta-de-servicio-dedicada-cliente-inquilino\/","name":"Asignar Cuenta De Servicio Dedicada En CiraSync","isPartOf":{"@id":"https:\/\/cirasync.com\/es\/#website"},"primaryImageOfPage":{"@id":"https:\/\/cirasync.com\/es\/socios-2\/asignar-cuenta-de-servicio-dedicada-cliente-inquilino\/#primaryimage"},"image":{"@id":"https:\/\/cirasync.com\/es\/socios-2\/asignar-cuenta-de-servicio-dedicada-cliente-inquilino\/#primaryimage"},"thumbnailUrl":"https:\/\/cirasync.com\/wp-content\/uploads\/2020\/01\/Partners-Woman.png","datePublished":"2020-09-07T16:08:17+00:00","dateModified":"2026-01-16T20:38:15+00:00","description":"Asignar una cuenta de servicio dedicada a un inquilino cliente: mejores pr\u00e1cticas, permisos y pasos de configuraci\u00f3n en CiraSync. M\u00e1s detalles. Ver gu\u00eda.","breadcrumb":{"@id":"https:\/\/cirasync.com\/es\/socios-2\/asignar-cuenta-de-servicio-dedicada-cliente-inquilino\/#breadcrumb"},"inLanguage":"es","potentialAction":[{"@type":"ReadAction","target":["https:\/\/cirasync.com\/es\/socios-2\/asignar-cuenta-de-servicio-dedicada-cliente-inquilino\/"]}]},{"@type":"ImageObject","inLanguage":"es","@id":"https:\/\/cirasync.com\/es\/socios-2\/asignar-cuenta-de-servicio-dedicada-cliente-inquilino\/#primaryimage","url":"https:\/\/cirasync.com\/wp-content\/uploads\/2020\/01\/Partners-Woman.png","contentUrl":"https:\/\/cirasync.com\/wp-content\/uploads\/2020\/01\/Partners-Woman.png","width":1080,"height":630,"caption":"Partners-Woman"},{"@type":"BreadcrumbList","@id":"https:\/\/cirasync.com\/es\/socios-2\/asignar-cuenta-de-servicio-dedicada-cliente-inquilino\/#breadcrumb","itemListElement":[{"@type":"ListItem","position":1,"name":"Home","item":"https:\/\/cirasync.com\/es\/home-2024-sp-2-2-2-2\/"},{"@type":"ListItem","position":2,"name":"Socios","item":"https:\/\/cirasync.com\/es\/socios-2\/"},{"@type":"ListItem","position":3,"name":"Asignar una cuenta de servicio dedicada a un cliente inquilino"}]},{"@type":"WebSite","@id":"https:\/\/cirasync.com\/es\/#website","url":"https:\/\/cirasync.com\/es\/","name":"CiraSync","description":"Sync the Office 365 GAL, public folders and calendars to smartphones.","publisher":{"@id":"https:\/\/cirasync.com\/es\/#organization"},"potentialAction":[{"@type":"SearchAction","target":{"@type":"EntryPoint","urlTemplate":"https:\/\/cirasync.com\/es\/?s={search_term_string}"},"query-input":{"@type":"PropertyValueSpecification","valueRequired":true,"valueName":"search_term_string"}}],"inLanguage":"es"},{"@type":"Organization","@id":"https:\/\/cirasync.com\/es\/#organization","name":"CiraSync","url":"https:\/\/cirasync.com\/es\/","logo":{"@type":"ImageObject","inLanguage":"es","@id":"https:\/\/cirasync.com\/es\/#\/schema\/logo\/image\/","url":"https:\/\/cirasync.com\/wp-content\/uploads\/2019\/07\/CiraSync-Logo-.png","contentUrl":"https:\/\/cirasync.com\/wp-content\/uploads\/2019\/07\/CiraSync-Logo-.png","width":1200,"height":671,"caption":"CiraSync"},"image":{"@id":"https:\/\/cirasync.com\/es\/#\/schema\/logo\/image\/"},"sameAs":["https:\/\/www.facebook.com\/CiraSync\/","https:\/\/x.com\/CiraSync","https:\/\/www.linkedin.com\/company\/cira-apps-limited","https:\/\/www.youtube.com\/channel\/UCdFkOfXlRAWRadzGit3jJZA\/videos"],"description":"CiraSync automatically syncs CRM, contact & calendar data from M365, Exchange & many CRMs to every smartphone.","email":"support@cirasync.com","telephone":"1 (202) 747 0888","legalName":"CiraSync"}]}},"_links":{"self":[{"href":"https:\/\/cirasync.com\/es\/wp-json\/wp\/v2\/pages\/29808","targetHints":{"allow":["GET"]}}],"collection":[{"href":"https:\/\/cirasync.com\/es\/wp-json\/wp\/v2\/pages"}],"about":[{"href":"https:\/\/cirasync.com\/es\/wp-json\/wp\/v2\/types\/page"}],"author":[{"embeddable":true,"href":"https:\/\/cirasync.com\/es\/wp-json\/wp\/v2\/users\/3"}],"replies":[{"embeddable":true,"href":"https:\/\/cirasync.com\/es\/wp-json\/wp\/v2\/comments?post=29808"}],"version-history":[{"count":0,"href":"https:\/\/cirasync.com\/es\/wp-json\/wp\/v2\/pages\/29808\/revisions"}],"up":[{"embeddable":true,"href":"https:\/\/cirasync.com\/es\/wp-json\/wp\/v2\/pages\/26971"}],"wp:featuredmedia":[{"embeddable":true,"href":"https:\/\/cirasync.com\/es\/wp-json\/wp\/v2\/media\/19732"}],"wp:attachment":[{"href":"https:\/\/cirasync.com\/es\/wp-json\/wp\/v2\/media?parent=29808"}],"curies":[{"name":"wp","href":"https:\/\/api.w.org\/{rel}","templated":true}]}}