{"id":29812,"date":"2020-09-07T10:32:52","date_gmt":"2020-09-07T17:32:52","guid":{"rendered":"https:\/\/ciraapps.com\/?page_id=29812"},"modified":"2025-10-24T17:40:42","modified_gmt":"2025-10-25T00:40:42","slug":"auto-licencias-para-los-usuarios-de-clientes-inquilinos","status":"publish","type":"page","link":"https:\/\/cirasync.com\/es\/socios-2\/auto-licencias-para-los-usuarios-de-clientes-inquilinos\/","title":{"rendered":"Auto-licencias para los usuarios de clientes inquilinos"},"content":{"rendered":"<p>[et_pb_section fb_built=\u00bb1&#8243; module_class=\u00bbpartner-qsg\u00bb _builder_version=\u00bb4.16&#8243; global_colors_info=\u00bb{}\u00bb][et_pb_row column_structure=\u00bb1_3,2_3&#8243; _builder_version=\u00bb4.16&#8243; global_colors_info=\u00bb{}\u00bb][et_pb_column type=\u00bb1_3&#8243; _builder_version=\u00bb4.16&#8243; global_colors_info=\u00bb{}\u00bb][et_pb_sidebar area=\u00bbet_pb_widget_area_4&#8243; _builder_version=\u00bb4.16&#8243; global_colors_info=\u00bb{}\u00bb][\/et_pb_sidebar][\/et_pb_column][et_pb_column type=\u00bb2_3&#8243; _builder_version=\u00bb4.16&#8243; global_colors_info=\u00bb{}\u00bb][et_pb_text _builder_version=\u00bb4.16&#8243; global_colors_info=\u00bb{}\u00bb]<\/p>\n<h1><span class=\"ez-toc-section\" id=\"_Autolicencias_para_los_usuarios_de_clientes_inquilinos\"><\/span>\u00a0Autolicencias para los usuarios de clientes inquilinos<span class=\"ez-toc-section-end\"><\/span><\/h1>\n<p>Los due\u00f1os de portales pueden otorgar auto-licencias a los usuarios de sus clientes con licencias CiraSync Edici\u00f3n Empresarial creando una Colecci\u00f3n de Contactos. Esta gu\u00eda muestra c\u00f3mo conceder licencias autom\u00e1ticas a los usuarios de los clientes.<\/p>\n<h2><span class=\"ez-toc-section\" id=\"Instrucciones\"><\/span>Instrucciones<span class=\"ez-toc-section-end\"><\/span><\/h2>\n<ol>\n<li>Haga clic en <strong>Resumen<\/strong> para volver al <strong>panel de resumen de inquilinos<\/strong>.\u00a0(Vea la imagen a continuaci\u00f3n).<br \/>\n<img decoding=\"async\" class=\"aligncenter size-large wp-image-19282\" src=\"https:\/\/cirasync.com\/wp-content\/uploads\/2020\/01\/Partner-QSG-Defining-Tenant-Permissions-Tenant-View_nomarkup-1024x522.png\" alt=\"\" width=\"1024\" height=\"522\" srcset=\"https:\/\/cirasync.com\/wp-content\/uploads\/2020\/01\/Partner-QSG-Defining-Tenant-Permissions-Tenant-View_nomarkup-1024x522.png 1024w, https:\/\/cirasync.com\/wp-content\/uploads\/2020\/01\/Partner-QSG-Defining-Tenant-Permissions-Tenant-View_nomarkup-980x500.png 980w, https:\/\/cirasync.com\/wp-content\/uploads\/2020\/01\/Partner-QSG-Defining-Tenant-Permissions-Tenant-View_nomarkup-480x245.png 480w\" sizes=\"(min-width: 0px) and (max-width: 480px) 480px, (min-width: 481px) and (max-width: 980px) 980px, (min-width: 981px) 1024px, 100vw\" \/><\/li>\n<li>Haga clic en <strong>Colecciones<\/strong> en el panel de navegaci\u00f3n de la izquierda.<\/li>\n<li>Haga clic en el + en la esquina superior derecha del panel de control. Se le llevar\u00e1 al <strong>panel de control de las colecci\u00f3nes<\/strong>. (Vea la imagen a continuaci\u00f3n).<br \/>\n<img decoding=\"async\" class=\"aligncenter size-large wp-image-19334\" src=\"https:\/\/cirasync.com\/wp-content\/uploads\/2020\/01\/Partner-QSG-Collection-Dashboard-1024x249.png\" alt=\"\" width=\"1024\" height=\"249\" srcset=\"https:\/\/cirasync.com\/wp-content\/uploads\/2020\/01\/Partner-QSG-Collection-Dashboard-980x238.png 980w, https:\/\/cirasync.com\/wp-content\/uploads\/2020\/01\/Partner-QSG-Collection-Dashboard-480x117.png 480w\" sizes=\"(min-width: 0px) and (max-width: 480px) 480px, (min-width: 481px) and (max-width: 980px) 980px, (min-width: 981px) 1024px, 100vw\" \/><\/li>\n<li>Nombre la colecci\u00f3n. En este ejemplo, la colecci\u00f3n se llama <strong>Usuarios.<\/strong><\/li>\n<li>Ponga el rat\u00f3n sobre los usuarios deseados y haga clic en el + verde para a\u00f1adirlos a la colecci\u00f3n. <div class='et-box et-info'>\n\t\t\t\t\t<div class='et-box-content'>NOTA: Se pueden a\u00f1adir m\u00faltiples usuarios con un solo clic usando un Grupo de Distribuci\u00f3n Din\u00e1mico o una Lista de Distribuci\u00f3n\/Grupo de Contacto. Los Grupos de Distribuci\u00f3n Din\u00e1micos y las Listas de Distribuci\u00f3n aparecer\u00e1n como un resultado en la pesta\u00f1a BUSCAR.\u00a0<\/div><\/div><\/li>\n<li>\u00a0Haga clic en <strong>GUARDAR<\/strong><strong>.\u00a0<\/strong><\/li>\n<li>Haga clic en <strong>Resumen<\/strong> en el panel de navegaci\u00f3n de la izquierda para volver al <strong>Panel de resumen del inquilino<\/strong>.<\/li>\n<li>Haga clic en <strong>EDITAR<\/strong> en el <strong>panel de licencias autom\u00e1ticas<\/strong>. Aparecer\u00e1 la <strong>ventana de usuarios de licencias autom\u00e1ticas.<\/strong> (Vea la imagen a continuaci\u00f3n).<br \/>\n<img decoding=\"async\" class=\"aligncenter size-full wp-image-19318\" src=\"https:\/\/cirasync.com\/wp-content\/uploads\/2020\/01\/Partner-QSG-Auto-License-Users_nomarkup.png\" alt=\"\" width=\"745\" height=\"648\" srcset=\"https:\/\/cirasync.com\/wp-content\/uploads\/2020\/01\/Partner-QSG-Auto-License-Users_nomarkup.png 745w, https:\/\/cirasync.com\/wp-content\/uploads\/2020\/01\/Partner-QSG-Auto-License-Users_nomarkup-480x418.png 480w\" sizes=\"(min-width: 0px) and (max-width: 480px) 480px, (min-width: 481px) 745px, 100vw\" \/><\/li>\n<li>Haga clic en la pesta\u00f1a <strong>COLECCIONES.<\/strong><\/li>\n<li>Seleccione la Colecci\u00f3n de <strong>Usuarios<\/strong> creada para este procedimiento.<\/li>\n<li>Haga clic en <strong>GUARDAR<\/strong>, y volver\u00e1 al <strong>Panel de resumen del inquilino.<\/strong><\/li>\n<li>Haga clic en <strong>EJECUTAR<\/strong> en el <strong>panel de licencias autom\u00e1ticas.\u00a0<\/strong><\/li>\n<\/ol>\n<p><a href=\"\/?page_id=19910\" class=\"next-post\">Pr\u00f3ximo art\u00edculo: Creaci\u00f3n de t\u00faneles de sincronizaci\u00f3n y ejecuci\u00f3n de una sincronizaci\u00f3n manual<\/a>[\/et_pb_text][\/et_pb_column][\/et_pb_row][\/et_pb_section]<\/p>\n","protected":false},"excerpt":{"rendered":"<p>\u00a0Autolicencias para los usuarios de clientes inquilinos Los due\u00f1os de portales pueden otorgar auto-licencias a los usuarios de sus clientes con licencias CiraSync Edici\u00f3n Empresarial creando una Colecci\u00f3n de Contactos. Esta gu\u00eda muestra c\u00f3mo conceder licencias autom\u00e1ticas a los usuarios de los clientes. Instrucciones Haga clic en Resumen para volver al panel de resumen de [&hellip;]<\/p>\n","protected":false},"author":3,"featured_media":19740,"parent":26971,"menu_order":0,"comment_status":"closed","ping_status":"closed","template":"","meta":{"_et_pb_use_builder":"on","_et_pb_old_content":"","_et_gb_content_width":"","_nextfly_llmd_date_locked":false,"footnotes":""},"class_list":["post-29812","page","type-page","status-publish","has-post-thumbnail","hentry"],"yoast_head":"<!-- This site is optimized with the Yoast SEO Premium plugin v27.1 (Yoast SEO v27.1.1) - https:\/\/yoast.com\/product\/yoast-seo-premium-wordpress\/ -->\n<title>Auto-licencias para los usuarios de clientes inquilinos | CiraSync<\/title>\n<meta name=\"description\" content=\"Auto-licencias para usuarios de inquilinos cliente: configuraci\u00f3n y control de asignaci\u00f3n autom\u00e1tica de licencias en CiraSync. M\u00e1s detalles. Ver gu\u00eda.\" \/>\n<meta name=\"robots\" content=\"index, follow, max-snippet:-1, max-image-preview:large, max-video-preview:-1\" \/>\n<link rel=\"canonical\" href=\"https:\/\/cirasync.com\/es\/socios-2\/auto-licencias-para-los-usuarios-de-clientes-inquilinos\/\" \/>\n<meta property=\"og:locale\" content=\"es_ES\" \/>\n<meta property=\"og:type\" content=\"article\" \/>\n<meta property=\"og:title\" content=\"Auto-licencias para los usuarios de clientes inquilinos\" \/>\n<meta property=\"og:description\" content=\"Auto-licencias para usuarios de inquilinos cliente: configuraci\u00f3n y control de asignaci\u00f3n autom\u00e1tica de licencias en CiraSync. M\u00e1s detalles. Ver gu\u00eda.\" \/>\n<meta property=\"og:url\" content=\"https:\/\/cirasync.com\/es\/socios-2\/auto-licencias-para-los-usuarios-de-clientes-inquilinos\/\" \/>\n<meta property=\"og:site_name\" content=\"CiraSync\" \/>\n<meta property=\"article:publisher\" content=\"https:\/\/www.facebook.com\/CiraSync\/\" \/>\n<meta property=\"article:modified_time\" content=\"2025-10-25T00:40:42+00:00\" \/>\n<meta property=\"og:image\" content=\"https:\/\/cirasync.com\/wp-content\/uploads\/2020\/01\/Partners-Man.png\" \/>\n\t<meta property=\"og:image:width\" content=\"1080\" \/>\n\t<meta property=\"og:image:height\" content=\"630\" \/>\n\t<meta property=\"og:image:type\" content=\"image\/png\" \/>\n<meta name=\"twitter:card\" content=\"summary_large_image\" \/>\n<meta name=\"twitter:site\" content=\"@CiraSync\" \/>\n<meta name=\"twitter:label1\" content=\"Tiempo de lectura\" \/>\n\t<meta name=\"twitter:data1\" content=\"3 minutos\" \/>\n<script type=\"application\/ld+json\" class=\"yoast-schema-graph\">{\"@context\":\"https:\/\/schema.org\",\"@graph\":[{\"@type\":\"WebPage\",\"@id\":\"https:\/\/cirasync.com\/es\/socios-2\/auto-licencias-para-los-usuarios-de-clientes-inquilinos\/\",\"url\":\"https:\/\/cirasync.com\/es\/socios-2\/auto-licencias-para-los-usuarios-de-clientes-inquilinos\/\",\"name\":\"Auto-licencias para los usuarios de clientes inquilinos | CiraSync\",\"isPartOf\":{\"@id\":\"https:\/\/cirasync.com\/es\/#website\"},\"primaryImageOfPage\":{\"@id\":\"https:\/\/cirasync.com\/es\/socios-2\/auto-licencias-para-los-usuarios-de-clientes-inquilinos\/#primaryimage\"},\"image\":{\"@id\":\"https:\/\/cirasync.com\/es\/socios-2\/auto-licencias-para-los-usuarios-de-clientes-inquilinos\/#primaryimage\"},\"thumbnailUrl\":\"https:\/\/cirasync.com\/wp-content\/uploads\/2020\/01\/Partners-Man.png\",\"datePublished\":\"2020-09-07T17:32:52+00:00\",\"dateModified\":\"2025-10-25T00:40:42+00:00\",\"description\":\"Auto-licencias para usuarios de inquilinos cliente: configuraci\u00f3n y control de asignaci\u00f3n autom\u00e1tica de licencias en CiraSync. M\u00e1s detalles. Ver gu\u00eda.\",\"breadcrumb\":{\"@id\":\"https:\/\/cirasync.com\/es\/socios-2\/auto-licencias-para-los-usuarios-de-clientes-inquilinos\/#breadcrumb\"},\"inLanguage\":\"es\",\"potentialAction\":[{\"@type\":\"ReadAction\",\"target\":[\"https:\/\/cirasync.com\/es\/socios-2\/auto-licencias-para-los-usuarios-de-clientes-inquilinos\/\"]}]},{\"@type\":\"ImageObject\",\"inLanguage\":\"es\",\"@id\":\"https:\/\/cirasync.com\/es\/socios-2\/auto-licencias-para-los-usuarios-de-clientes-inquilinos\/#primaryimage\",\"url\":\"https:\/\/cirasync.com\/wp-content\/uploads\/2020\/01\/Partners-Man.png\",\"contentUrl\":\"https:\/\/cirasync.com\/wp-content\/uploads\/2020\/01\/Partners-Man.png\",\"width\":1080,\"height\":630,\"caption\":\"Partners-Man\"},{\"@type\":\"BreadcrumbList\",\"@id\":\"https:\/\/cirasync.com\/es\/socios-2\/auto-licencias-para-los-usuarios-de-clientes-inquilinos\/#breadcrumb\",\"itemListElement\":[{\"@type\":\"ListItem\",\"position\":1,\"name\":\"Home\",\"item\":\"https:\/\/cirasync.com\/es\/home-2024-sp-2-2-2-2\/\"},{\"@type\":\"ListItem\",\"position\":2,\"name\":\"Socios\",\"item\":\"https:\/\/cirasync.com\/es\/socios-2\/\"},{\"@type\":\"ListItem\",\"position\":3,\"name\":\"Auto-licencias para los usuarios de clientes inquilinos\"}]},{\"@type\":\"WebSite\",\"@id\":\"https:\/\/cirasync.com\/es\/#website\",\"url\":\"https:\/\/cirasync.com\/es\/\",\"name\":\"CiraSync\",\"description\":\"Sync the Office 365 GAL, public folders and calendars to smartphones.\",\"publisher\":{\"@id\":\"https:\/\/cirasync.com\/es\/#organization\"},\"potentialAction\":[{\"@type\":\"SearchAction\",\"target\":{\"@type\":\"EntryPoint\",\"urlTemplate\":\"https:\/\/cirasync.com\/es\/?s={search_term_string}\"},\"query-input\":{\"@type\":\"PropertyValueSpecification\",\"valueRequired\":true,\"valueName\":\"search_term_string\"}}],\"inLanguage\":\"es\"},{\"@type\":\"Organization\",\"@id\":\"https:\/\/cirasync.com\/es\/#organization\",\"name\":\"CiraSync\",\"url\":\"https:\/\/cirasync.com\/es\/\",\"logo\":{\"@type\":\"ImageObject\",\"inLanguage\":\"es\",\"@id\":\"https:\/\/cirasync.com\/es\/#\/schema\/logo\/image\/\",\"url\":\"https:\/\/cirasync.com\/wp-content\/uploads\/2019\/07\/CiraSync-Logo-.png\",\"contentUrl\":\"https:\/\/cirasync.com\/wp-content\/uploads\/2019\/07\/CiraSync-Logo-.png\",\"width\":1200,\"height\":671,\"caption\":\"CiraSync\"},\"image\":{\"@id\":\"https:\/\/cirasync.com\/es\/#\/schema\/logo\/image\/\"},\"sameAs\":[\"https:\/\/www.facebook.com\/CiraSync\/\",\"https:\/\/x.com\/CiraSync\",\"https:\/\/www.linkedin.com\/company\/cira-apps-limited\",\"https:\/\/www.youtube.com\/channel\/UCdFkOfXlRAWRadzGit3jJZA\/videos\"],\"description\":\"CiraSync automatically syncs CRM, contact & calendar data from M365, Exchange & many CRMs to every smartphone.\",\"email\":\"support@cirasync.com\",\"telephone\":\"1 (202) 747 0888\",\"legalName\":\"CiraSync\"}]}<\/script>\n<!-- \/ Yoast SEO Premium plugin. -->","yoast_head_json":{"title":"Auto-licencias para los usuarios de clientes inquilinos | CiraSync","description":"Auto-licencias para usuarios de inquilinos cliente: configuraci\u00f3n y control de asignaci\u00f3n autom\u00e1tica de licencias en CiraSync. M\u00e1s detalles. Ver gu\u00eda.","robots":{"index":"index","follow":"follow","max-snippet":"max-snippet:-1","max-image-preview":"max-image-preview:large","max-video-preview":"max-video-preview:-1"},"canonical":"https:\/\/cirasync.com\/es\/socios-2\/auto-licencias-para-los-usuarios-de-clientes-inquilinos\/","og_locale":"es_ES","og_type":"article","og_title":"Auto-licencias para los usuarios de clientes inquilinos","og_description":"Auto-licencias para usuarios de inquilinos cliente: configuraci\u00f3n y control de asignaci\u00f3n autom\u00e1tica de licencias en CiraSync. M\u00e1s detalles. Ver gu\u00eda.","og_url":"https:\/\/cirasync.com\/es\/socios-2\/auto-licencias-para-los-usuarios-de-clientes-inquilinos\/","og_site_name":"CiraSync","article_publisher":"https:\/\/www.facebook.com\/CiraSync\/","article_modified_time":"2025-10-25T00:40:42+00:00","og_image":[{"width":1080,"height":630,"url":"https:\/\/cirasync.com\/wp-content\/uploads\/2020\/01\/Partners-Man.png","type":"image\/png"}],"twitter_card":"summary_large_image","twitter_site":"@CiraSync","twitter_misc":{"Tiempo de lectura":"3 minutos"},"schema":{"@context":"https:\/\/schema.org","@graph":[{"@type":"WebPage","@id":"https:\/\/cirasync.com\/es\/socios-2\/auto-licencias-para-los-usuarios-de-clientes-inquilinos\/","url":"https:\/\/cirasync.com\/es\/socios-2\/auto-licencias-para-los-usuarios-de-clientes-inquilinos\/","name":"Auto-licencias para los usuarios de clientes inquilinos | CiraSync","isPartOf":{"@id":"https:\/\/cirasync.com\/es\/#website"},"primaryImageOfPage":{"@id":"https:\/\/cirasync.com\/es\/socios-2\/auto-licencias-para-los-usuarios-de-clientes-inquilinos\/#primaryimage"},"image":{"@id":"https:\/\/cirasync.com\/es\/socios-2\/auto-licencias-para-los-usuarios-de-clientes-inquilinos\/#primaryimage"},"thumbnailUrl":"https:\/\/cirasync.com\/wp-content\/uploads\/2020\/01\/Partners-Man.png","datePublished":"2020-09-07T17:32:52+00:00","dateModified":"2025-10-25T00:40:42+00:00","description":"Auto-licencias para usuarios de inquilinos cliente: configuraci\u00f3n y control de asignaci\u00f3n autom\u00e1tica de licencias en CiraSync. M\u00e1s detalles. Ver gu\u00eda.","breadcrumb":{"@id":"https:\/\/cirasync.com\/es\/socios-2\/auto-licencias-para-los-usuarios-de-clientes-inquilinos\/#breadcrumb"},"inLanguage":"es","potentialAction":[{"@type":"ReadAction","target":["https:\/\/cirasync.com\/es\/socios-2\/auto-licencias-para-los-usuarios-de-clientes-inquilinos\/"]}]},{"@type":"ImageObject","inLanguage":"es","@id":"https:\/\/cirasync.com\/es\/socios-2\/auto-licencias-para-los-usuarios-de-clientes-inquilinos\/#primaryimage","url":"https:\/\/cirasync.com\/wp-content\/uploads\/2020\/01\/Partners-Man.png","contentUrl":"https:\/\/cirasync.com\/wp-content\/uploads\/2020\/01\/Partners-Man.png","width":1080,"height":630,"caption":"Partners-Man"},{"@type":"BreadcrumbList","@id":"https:\/\/cirasync.com\/es\/socios-2\/auto-licencias-para-los-usuarios-de-clientes-inquilinos\/#breadcrumb","itemListElement":[{"@type":"ListItem","position":1,"name":"Home","item":"https:\/\/cirasync.com\/es\/home-2024-sp-2-2-2-2\/"},{"@type":"ListItem","position":2,"name":"Socios","item":"https:\/\/cirasync.com\/es\/socios-2\/"},{"@type":"ListItem","position":3,"name":"Auto-licencias para los usuarios de clientes inquilinos"}]},{"@type":"WebSite","@id":"https:\/\/cirasync.com\/es\/#website","url":"https:\/\/cirasync.com\/es\/","name":"CiraSync","description":"Sync the Office 365 GAL, public folders and calendars to smartphones.","publisher":{"@id":"https:\/\/cirasync.com\/es\/#organization"},"potentialAction":[{"@type":"SearchAction","target":{"@type":"EntryPoint","urlTemplate":"https:\/\/cirasync.com\/es\/?s={search_term_string}"},"query-input":{"@type":"PropertyValueSpecification","valueRequired":true,"valueName":"search_term_string"}}],"inLanguage":"es"},{"@type":"Organization","@id":"https:\/\/cirasync.com\/es\/#organization","name":"CiraSync","url":"https:\/\/cirasync.com\/es\/","logo":{"@type":"ImageObject","inLanguage":"es","@id":"https:\/\/cirasync.com\/es\/#\/schema\/logo\/image\/","url":"https:\/\/cirasync.com\/wp-content\/uploads\/2019\/07\/CiraSync-Logo-.png","contentUrl":"https:\/\/cirasync.com\/wp-content\/uploads\/2019\/07\/CiraSync-Logo-.png","width":1200,"height":671,"caption":"CiraSync"},"image":{"@id":"https:\/\/cirasync.com\/es\/#\/schema\/logo\/image\/"},"sameAs":["https:\/\/www.facebook.com\/CiraSync\/","https:\/\/x.com\/CiraSync","https:\/\/www.linkedin.com\/company\/cira-apps-limited","https:\/\/www.youtube.com\/channel\/UCdFkOfXlRAWRadzGit3jJZA\/videos"],"description":"CiraSync automatically syncs CRM, contact & calendar data from M365, Exchange & many CRMs to every smartphone.","email":"support@cirasync.com","telephone":"1 (202) 747 0888","legalName":"CiraSync"}]}},"_links":{"self":[{"href":"https:\/\/cirasync.com\/es\/wp-json\/wp\/v2\/pages\/29812","targetHints":{"allow":["GET"]}}],"collection":[{"href":"https:\/\/cirasync.com\/es\/wp-json\/wp\/v2\/pages"}],"about":[{"href":"https:\/\/cirasync.com\/es\/wp-json\/wp\/v2\/types\/page"}],"author":[{"embeddable":true,"href":"https:\/\/cirasync.com\/es\/wp-json\/wp\/v2\/users\/3"}],"replies":[{"embeddable":true,"href":"https:\/\/cirasync.com\/es\/wp-json\/wp\/v2\/comments?post=29812"}],"version-history":[{"count":0,"href":"https:\/\/cirasync.com\/es\/wp-json\/wp\/v2\/pages\/29812\/revisions"}],"up":[{"embeddable":true,"href":"https:\/\/cirasync.com\/es\/wp-json\/wp\/v2\/pages\/26971"}],"wp:featuredmedia":[{"embeddable":true,"href":"https:\/\/cirasync.com\/es\/wp-json\/wp\/v2\/media\/19740"}],"wp:attachment":[{"href":"https:\/\/cirasync.com\/es\/wp-json\/wp\/v2\/media?parent=29812"}],"curies":[{"name":"wp","href":"https:\/\/api.w.org\/{rel}","templated":true}]}}