{"id":29843,"date":"2020-09-07T12:37:52","date_gmt":"2020-09-07T19:37:52","guid":{"rendered":"https:\/\/ciraapps.com\/?page_id=29843"},"modified":"2026-01-15T12:29:32","modified_gmt":"2026-01-15T19:29:32","slug":"creando-tuneles-de-sincronizacion","status":"publish","type":"page","link":"https:\/\/cirasync.com\/es\/socios-2\/creando-tuneles-de-sincronizacion\/","title":{"rendered":"Creando t\u00faneles de sincronizaci\u00f3n y ejecutando una sincronizaci\u00f3n manual"},"content":{"rendered":"<p>[et_pb_section fb_built=\u00bb1&#8243; module_class=\u00bbpartner-qsg\u00bb _builder_version=\u00bb4.16&#8243; global_colors_info=\u00bb{}\u00bb][et_pb_row column_structure=\u00bb1_3,2_3&#8243; _builder_version=\u00bb4.16&#8243; global_colors_info=\u00bb{}\u00bb][et_pb_column type=\u00bb1_3&#8243; _builder_version=\u00bb4.16&#8243; global_colors_info=\u00bb{}\u00bb][et_pb_sidebar area=\u00bbet_pb_widget_area_4&#8243; _builder_version=\u00bb4.16&#8243; global_colors_info=\u00bb{}\u00bb][\/et_pb_sidebar][\/et_pb_column][et_pb_column type=\u00bb2_3&#8243; _builder_version=\u00bb4.16&#8243; global_colors_info=\u00bb{}\u00bb][et_pb_text _builder_version=\u00bb4.16&#8243; global_colors_info=\u00bb{}\u00bb]<\/p>\n<h1><span class=\"ez-toc-section\" id=\"Creando_tuneles_de_sincronizacion_y_ejecutando_una_sincronizacion_manual\"><\/span>Creando t\u00faneles de sincronizaci\u00f3n y ejecutando una sincronizaci\u00f3n manual<span class=\"ez-toc-section-end\"><\/span><\/h1>\n<p>Los t\u00faneles de sincronizaci\u00f3n son tareas que le dicen a CiraSync qu\u00e9 elementos deben ser sincronizados y con qui\u00e9n deben ser sincronizados. El siguiente procedimiento explica brevemente c\u00f3mo crear un t\u00fanel de sincronizaci\u00f3n y ejecutar una sincronizaci\u00f3n manual.<\/p>\n<h2><span class=\"ez-toc-section\" id=\"Instructions\"><\/span>Instructions<span class=\"ez-toc-section-end\"><\/span><\/h2>\n<ol>\n<li>Navegue hasta el <strong>panel de resumen de inquilinos<\/strong>.\u00a0(Vea la imagen a continuaci\u00f3n).<br \/>\n<img decoding=\"async\" class=\"aligncenter size-large wp-image-19282\" src=\"https:\/\/cirasync.com\/wp-content\/uploads\/2020\/01\/Partner-QSG-Defining-Tenant-Permissions-Tenant-View_nomarkup-1024x522.png\" alt=\"\" width=\"1024\" height=\"522\" srcset=\"https:\/\/cirasync.com\/wp-content\/uploads\/2020\/01\/Partner-QSG-Defining-Tenant-Permissions-Tenant-View_nomarkup-1024x522.png 1024w, https:\/\/cirasync.com\/wp-content\/uploads\/2020\/01\/Partner-QSG-Defining-Tenant-Permissions-Tenant-View_nomarkup-980x500.png 980w, https:\/\/cirasync.com\/wp-content\/uploads\/2020\/01\/Partner-QSG-Defining-Tenant-Permissions-Tenant-View_nomarkup-480x245.png 480w\" sizes=\"(min-width: 0px) and (max-width: 480px) 480px, (min-width: 481px) and (max-width: 980px) 980px, (min-width: 981px) 1024px, 100vw\" \/><\/li>\n<li>Haga clic en <strong>Sincronizar t\u00faneles<\/strong> en el panel de navegaci\u00f3n de la izquierda. Se le llevar\u00e1 al panel de control del T\u00fanel de Sincronizaci\u00f3n. (Vea la imagen a continuaci\u00f3n).<br \/>\n<img decoding=\"async\" class=\"aligncenter size-large wp-image-19715\" src=\"https:\/\/cirasync.com\/wp-content\/uploads\/2020\/01\/Partner-QSG-Sync-Tunnels-Dashboard-1024x228.png\" alt=\"\" width=\"1024\" height=\"228\" srcset=\"https:\/\/cirasync.com\/wp-content\/uploads\/2020\/01\/Partner-QSG-Sync-Tunnels-Dashboard-980x218.png 980w, https:\/\/cirasync.com\/wp-content\/uploads\/2020\/01\/Partner-QSG-Sync-Tunnels-Dashboard-480x107.png 480w\" sizes=\"(min-width: 0px) and (max-width: 480px) 480px, (min-width: 481px) and (max-width: 980px) 980px, (min-width: 981px) 1024px, 100vw\" \/><\/li>\n<li>Haga clic en el + para abrir una lista desplegable.<\/li>\n<li>Seleccione un tipo de t\u00fanel de sincronizaci\u00f3n para crear. Para este ejemplo, haga clic en <strong>A\u00f1adir una nueva lista de contactos.<\/strong><\/li>\n<li>Seleccione un tipo de fuente. Para este ejemplo, haga clic en <strong>Lista global de direcciones.<\/strong><\/li>\n<li>Seleccione una fuente para el t\u00fanel de sincronizaci\u00f3n <div class='et-box et-info'>\n\t\t\t\t\t<div class='et-box-content'><strong>NOTA:<\/strong> Una fuente de una sincronizaci\u00f3n GAL puede ser Todos los Contactos y\/o Todos los Buzones, un buz\u00f3n de un solo usuario, un Grupo de Distribuci\u00f3n Din\u00e1mica, o una Colecci\u00f3n de Contactos.\u00a0<\/div><\/div><\/li>\n<li>Seleccione el destino del t\u00fanel de sincronizaci\u00f3n. <div class='et-box et-info'>\n\t\t\t\t\t<div class='et-box-content'><strong>NOTA:<\/strong> Una fuente de una sincronizaci\u00f3n GAL puede ser Todos los Contactos y\/o Todos los Buzones, un buz\u00f3n de un solo usuario, un Grupo de Distribuci\u00f3n Din\u00e1mica, o una Colecci\u00f3n de Contactos.<\/div><\/div><\/li>\n<li>Especifique las opciones de la lista de contactos.<\/li>\n<li>Vuelva al Panel de Resumen de Inquilinos.<\/li>\n<li>Haga clic en <strong>Actualizar cach\u00e9<\/strong> en el <strong>estado de sincronizaci\u00f3n<\/strong><\/li>\n<li>Haga clic en <strong>Sincronizar ahora<\/strong> para ejecutar una sincronizaci\u00f3n manual.<\/li>\n<\/ol>\n<p><a href=\"\/?page_id=21683\" class=\"next-post\">Pr\u00f3ximo art\u00edculo: Sobre la facturaci\u00f3n de los socios de CiraSync<\/a>[\/et_pb_text][\/et_pb_column][\/et_pb_row][\/et_pb_section]<\/p>\n","protected":false},"excerpt":{"rendered":"<p>Creando t\u00faneles de sincronizaci\u00f3n y ejecutando una sincronizaci\u00f3n manual Los t\u00faneles de sincronizaci\u00f3n son tareas que le dicen a CiraSync qu\u00e9 elementos deben ser sincronizados y con qui\u00e9n deben ser sincronizados. El siguiente procedimiento explica brevemente c\u00f3mo crear un t\u00fanel de sincronizaci\u00f3n y ejecutar una sincronizaci\u00f3n manual. Instructions Navegue hasta el panel de resumen de [&hellip;]<\/p>\n","protected":false},"author":3,"featured_media":19732,"parent":26971,"menu_order":0,"comment_status":"closed","ping_status":"closed","template":"","meta":{"_et_pb_use_builder":"on","_et_pb_old_content":"","_et_gb_content_width":"","_nextfly_llmd_date_locked":false,"footnotes":""},"class_list":["post-29843","page","type-page","status-publish","has-post-thumbnail","hentry"],"yoast_head":"<!-- This site is optimized with the Yoast SEO Premium plugin v27.1 (Yoast SEO v27.1.1) - https:\/\/yoast.com\/product\/yoast-seo-premium-wordpress\/ -->\n<title>Cr\u00e9er Sync Tunnels Et Lancer Synchronisation Manuelle<\/title>\n<meta name=\"description\" content=\"Crear t\u00faneles de sincronizaci\u00f3n y ejecutar una sincronizaci\u00f3n manual: pasos esenciales y comprobaciones en CiraSync. M\u00e1s detalles. Ver gu\u00eda. M\u00e1s detalles.\" \/>\n<meta name=\"robots\" content=\"index, follow, max-snippet:-1, max-image-preview:large, max-video-preview:-1\" \/>\n<link rel=\"canonical\" href=\"https:\/\/cirasync.com\/es\/socios-2\/creando-tuneles-de-sincronizacion\/\" \/>\n<meta property=\"og:locale\" content=\"es_ES\" \/>\n<meta property=\"og:type\" content=\"article\" \/>\n<meta property=\"og:title\" content=\"Creando t\u00faneles de sincronizaci\u00f3n y ejecutando una sincronizaci\u00f3n manual\" \/>\n<meta property=\"og:description\" content=\"Crear t\u00faneles de sincronizaci\u00f3n y ejecutar una sincronizaci\u00f3n manual: pasos esenciales y comprobaciones en CiraSync. M\u00e1s detalles. Ver gu\u00eda. M\u00e1s detalles.\" \/>\n<meta property=\"og:url\" content=\"https:\/\/cirasync.com\/es\/socios-2\/creando-tuneles-de-sincronizacion\/\" \/>\n<meta property=\"og:site_name\" content=\"CiraSync\" \/>\n<meta property=\"article:publisher\" content=\"https:\/\/www.facebook.com\/CiraSync\/\" \/>\n<meta property=\"article:modified_time\" content=\"2026-01-15T19:29:32+00:00\" \/>\n<meta property=\"og:image\" content=\"https:\/\/cirasync.com\/wp-content\/uploads\/2020\/01\/Partners-Woman.png\" \/>\n\t<meta property=\"og:image:width\" content=\"1080\" \/>\n\t<meta property=\"og:image:height\" content=\"630\" \/>\n\t<meta property=\"og:image:type\" content=\"image\/png\" \/>\n<meta name=\"twitter:card\" content=\"summary_large_image\" \/>\n<meta name=\"twitter:site\" content=\"@CiraSync\" \/>\n<meta name=\"twitter:label1\" content=\"Tiempo de lectura\" \/>\n\t<meta name=\"twitter:data1\" content=\"2 minutos\" \/>\n<script type=\"application\/ld+json\" class=\"yoast-schema-graph\">{\"@context\":\"https:\/\/schema.org\",\"@graph\":[{\"@type\":\"WebPage\",\"@id\":\"https:\/\/cirasync.com\/es\/socios-2\/creando-tuneles-de-sincronizacion\/\",\"url\":\"https:\/\/cirasync.com\/es\/socios-2\/creando-tuneles-de-sincronizacion\/\",\"name\":\"Cr\u00e9er Sync Tunnels Et Lancer Synchronisation Manuelle\",\"isPartOf\":{\"@id\":\"https:\/\/cirasync.com\/es\/#website\"},\"primaryImageOfPage\":{\"@id\":\"https:\/\/cirasync.com\/es\/socios-2\/creando-tuneles-de-sincronizacion\/#primaryimage\"},\"image\":{\"@id\":\"https:\/\/cirasync.com\/es\/socios-2\/creando-tuneles-de-sincronizacion\/#primaryimage\"},\"thumbnailUrl\":\"https:\/\/cirasync.com\/wp-content\/uploads\/2020\/01\/Partners-Woman.png\",\"datePublished\":\"2020-09-07T19:37:52+00:00\",\"dateModified\":\"2026-01-15T19:29:32+00:00\",\"description\":\"Crear t\u00faneles de sincronizaci\u00f3n y ejecutar una sincronizaci\u00f3n manual: pasos esenciales y comprobaciones en CiraSync. M\u00e1s detalles. Ver gu\u00eda. M\u00e1s detalles.\",\"breadcrumb\":{\"@id\":\"https:\/\/cirasync.com\/es\/socios-2\/creando-tuneles-de-sincronizacion\/#breadcrumb\"},\"inLanguage\":\"es\",\"potentialAction\":[{\"@type\":\"ReadAction\",\"target\":[\"https:\/\/cirasync.com\/es\/socios-2\/creando-tuneles-de-sincronizacion\/\"]}]},{\"@type\":\"ImageObject\",\"inLanguage\":\"es\",\"@id\":\"https:\/\/cirasync.com\/es\/socios-2\/creando-tuneles-de-sincronizacion\/#primaryimage\",\"url\":\"https:\/\/cirasync.com\/wp-content\/uploads\/2020\/01\/Partners-Woman.png\",\"contentUrl\":\"https:\/\/cirasync.com\/wp-content\/uploads\/2020\/01\/Partners-Woman.png\",\"width\":1080,\"height\":630,\"caption\":\"Partners-Woman\"},{\"@type\":\"BreadcrumbList\",\"@id\":\"https:\/\/cirasync.com\/es\/socios-2\/creando-tuneles-de-sincronizacion\/#breadcrumb\",\"itemListElement\":[{\"@type\":\"ListItem\",\"position\":1,\"name\":\"Home\",\"item\":\"https:\/\/cirasync.com\/es\/home-2024-sp-2-2-2-2\/\"},{\"@type\":\"ListItem\",\"position\":2,\"name\":\"Socios\",\"item\":\"https:\/\/cirasync.com\/es\/socios-2\/\"},{\"@type\":\"ListItem\",\"position\":3,\"name\":\"Creando t\u00faneles de sincronizaci\u00f3n y ejecutando una sincronizaci\u00f3n manual\"}]},{\"@type\":\"WebSite\",\"@id\":\"https:\/\/cirasync.com\/es\/#website\",\"url\":\"https:\/\/cirasync.com\/es\/\",\"name\":\"CiraSync\",\"description\":\"Sync the Office 365 GAL, public folders and calendars to smartphones.\",\"publisher\":{\"@id\":\"https:\/\/cirasync.com\/es\/#organization\"},\"potentialAction\":[{\"@type\":\"SearchAction\",\"target\":{\"@type\":\"EntryPoint\",\"urlTemplate\":\"https:\/\/cirasync.com\/es\/?s={search_term_string}\"},\"query-input\":{\"@type\":\"PropertyValueSpecification\",\"valueRequired\":true,\"valueName\":\"search_term_string\"}}],\"inLanguage\":\"es\"},{\"@type\":\"Organization\",\"@id\":\"https:\/\/cirasync.com\/es\/#organization\",\"name\":\"CiraSync\",\"url\":\"https:\/\/cirasync.com\/es\/\",\"logo\":{\"@type\":\"ImageObject\",\"inLanguage\":\"es\",\"@id\":\"https:\/\/cirasync.com\/es\/#\/schema\/logo\/image\/\",\"url\":\"https:\/\/cirasync.com\/wp-content\/uploads\/2019\/07\/CiraSync-Logo-.png\",\"contentUrl\":\"https:\/\/cirasync.com\/wp-content\/uploads\/2019\/07\/CiraSync-Logo-.png\",\"width\":1200,\"height\":671,\"caption\":\"CiraSync\"},\"image\":{\"@id\":\"https:\/\/cirasync.com\/es\/#\/schema\/logo\/image\/\"},\"sameAs\":[\"https:\/\/www.facebook.com\/CiraSync\/\",\"https:\/\/x.com\/CiraSync\",\"https:\/\/www.linkedin.com\/company\/cira-apps-limited\",\"https:\/\/www.youtube.com\/channel\/UCdFkOfXlRAWRadzGit3jJZA\/videos\"],\"description\":\"CiraSync automatically syncs CRM, contact & calendar data from M365, Exchange & many CRMs to every smartphone.\",\"email\":\"support@cirasync.com\",\"telephone\":\"1 (202) 747 0888\",\"legalName\":\"CiraSync\"}]}<\/script>\n<!-- \/ Yoast SEO Premium plugin. -->","yoast_head_json":{"title":"Cr\u00e9er Sync Tunnels Et Lancer Synchronisation Manuelle","description":"Crear t\u00faneles de sincronizaci\u00f3n y ejecutar una sincronizaci\u00f3n manual: pasos esenciales y comprobaciones en CiraSync. M\u00e1s detalles. Ver gu\u00eda. M\u00e1s detalles.","robots":{"index":"index","follow":"follow","max-snippet":"max-snippet:-1","max-image-preview":"max-image-preview:large","max-video-preview":"max-video-preview:-1"},"canonical":"https:\/\/cirasync.com\/es\/socios-2\/creando-tuneles-de-sincronizacion\/","og_locale":"es_ES","og_type":"article","og_title":"Creando t\u00faneles de sincronizaci\u00f3n y ejecutando una sincronizaci\u00f3n manual","og_description":"Crear t\u00faneles de sincronizaci\u00f3n y ejecutar una sincronizaci\u00f3n manual: pasos esenciales y comprobaciones en CiraSync. M\u00e1s detalles. Ver gu\u00eda. M\u00e1s detalles.","og_url":"https:\/\/cirasync.com\/es\/socios-2\/creando-tuneles-de-sincronizacion\/","og_site_name":"CiraSync","article_publisher":"https:\/\/www.facebook.com\/CiraSync\/","article_modified_time":"2026-01-15T19:29:32+00:00","og_image":[{"width":1080,"height":630,"url":"https:\/\/cirasync.com\/wp-content\/uploads\/2020\/01\/Partners-Woman.png","type":"image\/png"}],"twitter_card":"summary_large_image","twitter_site":"@CiraSync","twitter_misc":{"Tiempo de lectura":"2 minutos"},"schema":{"@context":"https:\/\/schema.org","@graph":[{"@type":"WebPage","@id":"https:\/\/cirasync.com\/es\/socios-2\/creando-tuneles-de-sincronizacion\/","url":"https:\/\/cirasync.com\/es\/socios-2\/creando-tuneles-de-sincronizacion\/","name":"Cr\u00e9er Sync Tunnels Et Lancer Synchronisation Manuelle","isPartOf":{"@id":"https:\/\/cirasync.com\/es\/#website"},"primaryImageOfPage":{"@id":"https:\/\/cirasync.com\/es\/socios-2\/creando-tuneles-de-sincronizacion\/#primaryimage"},"image":{"@id":"https:\/\/cirasync.com\/es\/socios-2\/creando-tuneles-de-sincronizacion\/#primaryimage"},"thumbnailUrl":"https:\/\/cirasync.com\/wp-content\/uploads\/2020\/01\/Partners-Woman.png","datePublished":"2020-09-07T19:37:52+00:00","dateModified":"2026-01-15T19:29:32+00:00","description":"Crear t\u00faneles de sincronizaci\u00f3n y ejecutar una sincronizaci\u00f3n manual: pasos esenciales y comprobaciones en CiraSync. M\u00e1s detalles. Ver gu\u00eda. M\u00e1s detalles.","breadcrumb":{"@id":"https:\/\/cirasync.com\/es\/socios-2\/creando-tuneles-de-sincronizacion\/#breadcrumb"},"inLanguage":"es","potentialAction":[{"@type":"ReadAction","target":["https:\/\/cirasync.com\/es\/socios-2\/creando-tuneles-de-sincronizacion\/"]}]},{"@type":"ImageObject","inLanguage":"es","@id":"https:\/\/cirasync.com\/es\/socios-2\/creando-tuneles-de-sincronizacion\/#primaryimage","url":"https:\/\/cirasync.com\/wp-content\/uploads\/2020\/01\/Partners-Woman.png","contentUrl":"https:\/\/cirasync.com\/wp-content\/uploads\/2020\/01\/Partners-Woman.png","width":1080,"height":630,"caption":"Partners-Woman"},{"@type":"BreadcrumbList","@id":"https:\/\/cirasync.com\/es\/socios-2\/creando-tuneles-de-sincronizacion\/#breadcrumb","itemListElement":[{"@type":"ListItem","position":1,"name":"Home","item":"https:\/\/cirasync.com\/es\/home-2024-sp-2-2-2-2\/"},{"@type":"ListItem","position":2,"name":"Socios","item":"https:\/\/cirasync.com\/es\/socios-2\/"},{"@type":"ListItem","position":3,"name":"Creando t\u00faneles de sincronizaci\u00f3n y ejecutando una sincronizaci\u00f3n manual"}]},{"@type":"WebSite","@id":"https:\/\/cirasync.com\/es\/#website","url":"https:\/\/cirasync.com\/es\/","name":"CiraSync","description":"Sync the Office 365 GAL, public folders and calendars to smartphones.","publisher":{"@id":"https:\/\/cirasync.com\/es\/#organization"},"potentialAction":[{"@type":"SearchAction","target":{"@type":"EntryPoint","urlTemplate":"https:\/\/cirasync.com\/es\/?s={search_term_string}"},"query-input":{"@type":"PropertyValueSpecification","valueRequired":true,"valueName":"search_term_string"}}],"inLanguage":"es"},{"@type":"Organization","@id":"https:\/\/cirasync.com\/es\/#organization","name":"CiraSync","url":"https:\/\/cirasync.com\/es\/","logo":{"@type":"ImageObject","inLanguage":"es","@id":"https:\/\/cirasync.com\/es\/#\/schema\/logo\/image\/","url":"https:\/\/cirasync.com\/wp-content\/uploads\/2019\/07\/CiraSync-Logo-.png","contentUrl":"https:\/\/cirasync.com\/wp-content\/uploads\/2019\/07\/CiraSync-Logo-.png","width":1200,"height":671,"caption":"CiraSync"},"image":{"@id":"https:\/\/cirasync.com\/es\/#\/schema\/logo\/image\/"},"sameAs":["https:\/\/www.facebook.com\/CiraSync\/","https:\/\/x.com\/CiraSync","https:\/\/www.linkedin.com\/company\/cira-apps-limited","https:\/\/www.youtube.com\/channel\/UCdFkOfXlRAWRadzGit3jJZA\/videos"],"description":"CiraSync automatically syncs CRM, contact & calendar data from M365, Exchange & many CRMs to every smartphone.","email":"support@cirasync.com","telephone":"1 (202) 747 0888","legalName":"CiraSync"}]}},"_links":{"self":[{"href":"https:\/\/cirasync.com\/es\/wp-json\/wp\/v2\/pages\/29843","targetHints":{"allow":["GET"]}}],"collection":[{"href":"https:\/\/cirasync.com\/es\/wp-json\/wp\/v2\/pages"}],"about":[{"href":"https:\/\/cirasync.com\/es\/wp-json\/wp\/v2\/types\/page"}],"author":[{"embeddable":true,"href":"https:\/\/cirasync.com\/es\/wp-json\/wp\/v2\/users\/3"}],"replies":[{"embeddable":true,"href":"https:\/\/cirasync.com\/es\/wp-json\/wp\/v2\/comments?post=29843"}],"version-history":[{"count":0,"href":"https:\/\/cirasync.com\/es\/wp-json\/wp\/v2\/pages\/29843\/revisions"}],"up":[{"embeddable":true,"href":"https:\/\/cirasync.com\/es\/wp-json\/wp\/v2\/pages\/26971"}],"wp:featuredmedia":[{"embeddable":true,"href":"https:\/\/cirasync.com\/es\/wp-json\/wp\/v2\/media\/19732"}],"wp:attachment":[{"href":"https:\/\/cirasync.com\/es\/wp-json\/wp\/v2\/media?parent=29843"}],"curies":[{"name":"wp","href":"https:\/\/api.w.org\/{rel}","templated":true}]}}