{"id":29851,"date":"2020-09-07T13:03:22","date_gmt":"2020-09-07T20:03:22","guid":{"rendered":"https:\/\/ciraapps.com\/?page_id=29851"},"modified":"2025-10-24T17:44:59","modified_gmt":"2025-10-25T00:44:59","slug":"sobre-la-facturacion-de-los-socios-de-cirasync","status":"publish","type":"page","link":"https:\/\/cirasync.com\/es\/socios-2\/sobre-la-facturacion-de-los-socios-de-cirasync\/","title":{"rendered":"Sobre la facturaci\u00f3n de los socios de CiraSync"},"content":{"rendered":"<p>[et_pb_section fb_built=\u00bb1&#8243; module_class=\u00bbpartner-qsg\u00bb _builder_version=\u00bb4.16&#8243; global_colors_info=\u00bb{}\u00bb][et_pb_row column_structure=\u00bb1_3,2_3&#8243; _builder_version=\u00bb4.16&#8243; global_colors_info=\u00bb{}\u00bb][et_pb_column type=\u00bb1_3&#8243; _builder_version=\u00bb4.16&#8243; global_colors_info=\u00bb{}\u00bb][et_pb_sidebar area=\u00bbet_pb_widget_area_4&#8243; _builder_version=\u00bb4.16&#8243; global_colors_info=\u00bb{}\u00bb][\/et_pb_sidebar][\/et_pb_column][et_pb_column type=\u00bb2_3&#8243; _builder_version=\u00bb4.16&#8243; global_colors_info=\u00bb{}\u00bb][et_pb_text _builder_version=\u00bb4.16&#8243; global_colors_info=\u00bb{}\u00bb]<\/p>\n<h1>Sobre la facturaci\u00f3n de los socios de CiraSync<\/h1>\n<p>CiraSync factura a sus socios utilizando las Unidades de Suscripci\u00f3n Diaria (DSU), que son suscripciones de un solo usuario y de un solo d\u00eda que no caducan.<\/p>\n<p>Los DSU se compran en paquetes. Estos paquetes pueden ser administrados a trav\u00e9s del Portal de Socios. Las compras en grandes cantidades son elegibles para descuentos por volumen. En otras palabras, las compras de paquetes grandes ser\u00e1n m\u00e1s baratas que las compras de paquetes peque\u00f1os.<\/p>\n<p>A los socios s\u00f3lo se les cobra por los primeros 25 d\u00edas del mes. Los d\u00edas restantes del mes son un per\u00edodo de nivelaci\u00f3n que no se cobra.<\/p>\n<p>Vea la imagen de abajo para ver c\u00f3mo se cobra a los socios:<\/p>\n<p><img decoding=\"async\" class=\"wp-image-21695 aligncenter size-full\" src=\"https:\/\/cirasync.com\/wp-content\/uploads\/2020\/03\/DSU-Billing-Diagram-1.jpg\" alt=\"\" width=\"948\" height=\"813\" srcset=\"https:\/\/cirasync.com\/wp-content\/uploads\/2020\/03\/DSU-Billing-Diagram-1.jpg 948w, https:\/\/cirasync.com\/wp-content\/uploads\/2020\/03\/DSU-Billing-Diagram-1-480x412.jpg 480w\" sizes=\"(min-width: 0px) and (max-width: 480px) 480px, (min-width: 481px) 948px, 100vw\" \/><\/p>\n<p>CiraSync no tiene ninguna relaci\u00f3n de facturaci\u00f3n con los clientes de los socios.\u00a0Los socios de CiraSync pueden combinar esta oferta con otros servicios y pueden a\u00f1adir clientes\/inquilinos adicionales para compartir el mismo grupo de DSU.<\/p>\n<p>Adem\u00e1s, al comienzo del Programa de Socios, CiraSync ofrece a los Socios una cantidad inicial de 2.000 DSUs de forma gratuita. Los socios son libres de usar estas licencias como deseen.<\/p>\n<p><a href=\"\/?page_id=19915\" class=\"next-post\">Pr\u00f3ximo art\u00edculo: Compra de unidades de suscripci\u00f3n diaria CiraSync<\/a>[\/et_pb_text][\/et_pb_column][\/et_pb_row][\/et_pb_section]<\/p>\n","protected":false},"excerpt":{"rendered":"<p>Sobre la facturaci\u00f3n de los socios de CiraSync CiraSync factura a sus socios utilizando las Unidades de Suscripci\u00f3n Diaria (DSU), que son suscripciones de un solo usuario y de un solo d\u00eda que no caducan. Los DSU se compran en paquetes. Estos paquetes pueden ser administrados a trav\u00e9s del Portal de Socios. Las compras en [&hellip;]<\/p>\n","protected":false},"author":12,"featured_media":19740,"parent":26971,"menu_order":0,"comment_status":"closed","ping_status":"closed","template":"","meta":{"_et_pb_use_builder":"on","_et_pb_old_content":"","_et_gb_content_width":"","_nextfly_llmd_date_locked":false,"footnotes":""},"class_list":["post-29851","page","type-page","status-publish","has-post-thumbnail","hentry"],"yoast_head":"<!-- This site is optimized with the Yoast SEO Premium plugin v27.1 (Yoast SEO v27.1.1) - https:\/\/yoast.com\/product\/yoast-seo-premium-wordpress\/ -->\n<title>Sobre la facturaci\u00f3n de los socios de CiraSync | CiraSync<\/title>\n<meta name=\"description\" content=\"Facturaci\u00f3n de socios: planes, facturas y gesti\u00f3n de suscripciones para partners de CiraSync con transparencia y control. M\u00e1s detalles. Ver gu\u00eda. M\u00e1s detalles.\" \/>\n<meta name=\"robots\" content=\"index, follow, max-snippet:-1, max-image-preview:large, max-video-preview:-1\" \/>\n<link rel=\"canonical\" href=\"https:\/\/cirasync.com\/es\/socios-2\/sobre-la-facturacion-de-los-socios-de-cirasync\/\" \/>\n<meta property=\"og:locale\" content=\"es_ES\" \/>\n<meta property=\"og:type\" content=\"article\" \/>\n<meta property=\"og:title\" content=\"Sobre la facturaci\u00f3n de los socios de CiraSync\" \/>\n<meta property=\"og:description\" content=\"Facturaci\u00f3n de socios: planes, facturas y gesti\u00f3n de suscripciones para partners de CiraSync con transparencia y control. M\u00e1s detalles. Ver gu\u00eda. M\u00e1s detalles.\" \/>\n<meta property=\"og:url\" content=\"https:\/\/cirasync.com\/es\/socios-2\/sobre-la-facturacion-de-los-socios-de-cirasync\/\" \/>\n<meta property=\"og:site_name\" content=\"CiraSync\" \/>\n<meta property=\"article:publisher\" content=\"https:\/\/www.facebook.com\/CiraSync\/\" \/>\n<meta property=\"article:modified_time\" content=\"2025-10-25T00:44:59+00:00\" \/>\n<meta property=\"og:image\" content=\"https:\/\/cirasync.com\/wp-content\/uploads\/2020\/01\/Partners-Man.png\" \/>\n\t<meta property=\"og:image:width\" content=\"1080\" \/>\n\t<meta property=\"og:image:height\" content=\"630\" \/>\n\t<meta property=\"og:image:type\" content=\"image\/png\" \/>\n<meta name=\"twitter:card\" content=\"summary_large_image\" \/>\n<meta name=\"twitter:site\" content=\"@CiraSync\" \/>\n<meta name=\"twitter:label1\" content=\"Tiempo de lectura\" \/>\n\t<meta name=\"twitter:data1\" content=\"2 minutos\" \/>\n<script type=\"application\/ld+json\" class=\"yoast-schema-graph\">{\"@context\":\"https:\/\/schema.org\",\"@graph\":[{\"@type\":\"WebPage\",\"@id\":\"https:\/\/cirasync.com\/es\/socios-2\/sobre-la-facturacion-de-los-socios-de-cirasync\/\",\"url\":\"https:\/\/cirasync.com\/es\/socios-2\/sobre-la-facturacion-de-los-socios-de-cirasync\/\",\"name\":\"Sobre la facturaci\u00f3n de los socios de CiraSync | CiraSync\",\"isPartOf\":{\"@id\":\"https:\/\/cirasync.com\/es\/#website\"},\"primaryImageOfPage\":{\"@id\":\"https:\/\/cirasync.com\/es\/socios-2\/sobre-la-facturacion-de-los-socios-de-cirasync\/#primaryimage\"},\"image\":{\"@id\":\"https:\/\/cirasync.com\/es\/socios-2\/sobre-la-facturacion-de-los-socios-de-cirasync\/#primaryimage\"},\"thumbnailUrl\":\"https:\/\/cirasync.com\/wp-content\/uploads\/2020\/01\/Partners-Man.png\",\"datePublished\":\"2020-09-07T20:03:22+00:00\",\"dateModified\":\"2025-10-25T00:44:59+00:00\",\"description\":\"Facturaci\u00f3n de socios: planes, facturas y gesti\u00f3n de suscripciones para partners de CiraSync con transparencia y control. M\u00e1s detalles. Ver gu\u00eda. M\u00e1s detalles.\",\"breadcrumb\":{\"@id\":\"https:\/\/cirasync.com\/es\/socios-2\/sobre-la-facturacion-de-los-socios-de-cirasync\/#breadcrumb\"},\"inLanguage\":\"es\",\"potentialAction\":[{\"@type\":\"ReadAction\",\"target\":[\"https:\/\/cirasync.com\/es\/socios-2\/sobre-la-facturacion-de-los-socios-de-cirasync\/\"]}]},{\"@type\":\"ImageObject\",\"inLanguage\":\"es\",\"@id\":\"https:\/\/cirasync.com\/es\/socios-2\/sobre-la-facturacion-de-los-socios-de-cirasync\/#primaryimage\",\"url\":\"https:\/\/cirasync.com\/wp-content\/uploads\/2020\/01\/Partners-Man.png\",\"contentUrl\":\"https:\/\/cirasync.com\/wp-content\/uploads\/2020\/01\/Partners-Man.png\",\"width\":1080,\"height\":630,\"caption\":\"Partners-Man\"},{\"@type\":\"BreadcrumbList\",\"@id\":\"https:\/\/cirasync.com\/es\/socios-2\/sobre-la-facturacion-de-los-socios-de-cirasync\/#breadcrumb\",\"itemListElement\":[{\"@type\":\"ListItem\",\"position\":1,\"name\":\"Home\",\"item\":\"https:\/\/cirasync.com\/es\/home-2024-sp-2-2-2-2\/\"},{\"@type\":\"ListItem\",\"position\":2,\"name\":\"Socios\",\"item\":\"https:\/\/cirasync.com\/es\/socios-2\/\"},{\"@type\":\"ListItem\",\"position\":3,\"name\":\"Sobre la facturaci\u00f3n de los socios de CiraSync\"}]},{\"@type\":\"WebSite\",\"@id\":\"https:\/\/cirasync.com\/es\/#website\",\"url\":\"https:\/\/cirasync.com\/es\/\",\"name\":\"CiraSync\",\"description\":\"Sync the Office 365 GAL, public folders and calendars to smartphones.\",\"publisher\":{\"@id\":\"https:\/\/cirasync.com\/es\/#organization\"},\"potentialAction\":[{\"@type\":\"SearchAction\",\"target\":{\"@type\":\"EntryPoint\",\"urlTemplate\":\"https:\/\/cirasync.com\/es\/?s={search_term_string}\"},\"query-input\":{\"@type\":\"PropertyValueSpecification\",\"valueRequired\":true,\"valueName\":\"search_term_string\"}}],\"inLanguage\":\"es\"},{\"@type\":\"Organization\",\"@id\":\"https:\/\/cirasync.com\/es\/#organization\",\"name\":\"CiraSync\",\"url\":\"https:\/\/cirasync.com\/es\/\",\"logo\":{\"@type\":\"ImageObject\",\"inLanguage\":\"es\",\"@id\":\"https:\/\/cirasync.com\/es\/#\/schema\/logo\/image\/\",\"url\":\"https:\/\/cirasync.com\/wp-content\/uploads\/2019\/07\/CiraSync-Logo-.png\",\"contentUrl\":\"https:\/\/cirasync.com\/wp-content\/uploads\/2019\/07\/CiraSync-Logo-.png\",\"width\":1200,\"height\":671,\"caption\":\"CiraSync\"},\"image\":{\"@id\":\"https:\/\/cirasync.com\/es\/#\/schema\/logo\/image\/\"},\"sameAs\":[\"https:\/\/www.facebook.com\/CiraSync\/\",\"https:\/\/x.com\/CiraSync\",\"https:\/\/www.linkedin.com\/company\/cira-apps-limited\",\"https:\/\/www.youtube.com\/channel\/UCdFkOfXlRAWRadzGit3jJZA\/videos\"],\"description\":\"CiraSync automatically syncs CRM, contact & calendar data from M365, Exchange & many CRMs to every smartphone.\",\"email\":\"support@cirasync.com\",\"telephone\":\"1 (202) 747 0888\",\"legalName\":\"CiraSync\"}]}<\/script>\n<!-- \/ Yoast SEO Premium plugin. -->","yoast_head_json":{"title":"Sobre la facturaci\u00f3n de los socios de CiraSync | CiraSync","description":"Facturaci\u00f3n de socios: planes, facturas y gesti\u00f3n de suscripciones para partners de CiraSync con transparencia y control. M\u00e1s detalles. Ver gu\u00eda. M\u00e1s detalles.","robots":{"index":"index","follow":"follow","max-snippet":"max-snippet:-1","max-image-preview":"max-image-preview:large","max-video-preview":"max-video-preview:-1"},"canonical":"https:\/\/cirasync.com\/es\/socios-2\/sobre-la-facturacion-de-los-socios-de-cirasync\/","og_locale":"es_ES","og_type":"article","og_title":"Sobre la facturaci\u00f3n de los socios de CiraSync","og_description":"Facturaci\u00f3n de socios: planes, facturas y gesti\u00f3n de suscripciones para partners de CiraSync con transparencia y control. M\u00e1s detalles. Ver gu\u00eda. M\u00e1s detalles.","og_url":"https:\/\/cirasync.com\/es\/socios-2\/sobre-la-facturacion-de-los-socios-de-cirasync\/","og_site_name":"CiraSync","article_publisher":"https:\/\/www.facebook.com\/CiraSync\/","article_modified_time":"2025-10-25T00:44:59+00:00","og_image":[{"width":1080,"height":630,"url":"https:\/\/cirasync.com\/wp-content\/uploads\/2020\/01\/Partners-Man.png","type":"image\/png"}],"twitter_card":"summary_large_image","twitter_site":"@CiraSync","twitter_misc":{"Tiempo de lectura":"2 minutos"},"schema":{"@context":"https:\/\/schema.org","@graph":[{"@type":"WebPage","@id":"https:\/\/cirasync.com\/es\/socios-2\/sobre-la-facturacion-de-los-socios-de-cirasync\/","url":"https:\/\/cirasync.com\/es\/socios-2\/sobre-la-facturacion-de-los-socios-de-cirasync\/","name":"Sobre la facturaci\u00f3n de los socios de CiraSync | CiraSync","isPartOf":{"@id":"https:\/\/cirasync.com\/es\/#website"},"primaryImageOfPage":{"@id":"https:\/\/cirasync.com\/es\/socios-2\/sobre-la-facturacion-de-los-socios-de-cirasync\/#primaryimage"},"image":{"@id":"https:\/\/cirasync.com\/es\/socios-2\/sobre-la-facturacion-de-los-socios-de-cirasync\/#primaryimage"},"thumbnailUrl":"https:\/\/cirasync.com\/wp-content\/uploads\/2020\/01\/Partners-Man.png","datePublished":"2020-09-07T20:03:22+00:00","dateModified":"2025-10-25T00:44:59+00:00","description":"Facturaci\u00f3n de socios: planes, facturas y gesti\u00f3n de suscripciones para partners de CiraSync con transparencia y control. M\u00e1s detalles. Ver gu\u00eda. M\u00e1s detalles.","breadcrumb":{"@id":"https:\/\/cirasync.com\/es\/socios-2\/sobre-la-facturacion-de-los-socios-de-cirasync\/#breadcrumb"},"inLanguage":"es","potentialAction":[{"@type":"ReadAction","target":["https:\/\/cirasync.com\/es\/socios-2\/sobre-la-facturacion-de-los-socios-de-cirasync\/"]}]},{"@type":"ImageObject","inLanguage":"es","@id":"https:\/\/cirasync.com\/es\/socios-2\/sobre-la-facturacion-de-los-socios-de-cirasync\/#primaryimage","url":"https:\/\/cirasync.com\/wp-content\/uploads\/2020\/01\/Partners-Man.png","contentUrl":"https:\/\/cirasync.com\/wp-content\/uploads\/2020\/01\/Partners-Man.png","width":1080,"height":630,"caption":"Partners-Man"},{"@type":"BreadcrumbList","@id":"https:\/\/cirasync.com\/es\/socios-2\/sobre-la-facturacion-de-los-socios-de-cirasync\/#breadcrumb","itemListElement":[{"@type":"ListItem","position":1,"name":"Home","item":"https:\/\/cirasync.com\/es\/home-2024-sp-2-2-2-2\/"},{"@type":"ListItem","position":2,"name":"Socios","item":"https:\/\/cirasync.com\/es\/socios-2\/"},{"@type":"ListItem","position":3,"name":"Sobre la facturaci\u00f3n de los socios de CiraSync"}]},{"@type":"WebSite","@id":"https:\/\/cirasync.com\/es\/#website","url":"https:\/\/cirasync.com\/es\/","name":"CiraSync","description":"Sync the Office 365 GAL, public folders and calendars to smartphones.","publisher":{"@id":"https:\/\/cirasync.com\/es\/#organization"},"potentialAction":[{"@type":"SearchAction","target":{"@type":"EntryPoint","urlTemplate":"https:\/\/cirasync.com\/es\/?s={search_term_string}"},"query-input":{"@type":"PropertyValueSpecification","valueRequired":true,"valueName":"search_term_string"}}],"inLanguage":"es"},{"@type":"Organization","@id":"https:\/\/cirasync.com\/es\/#organization","name":"CiraSync","url":"https:\/\/cirasync.com\/es\/","logo":{"@type":"ImageObject","inLanguage":"es","@id":"https:\/\/cirasync.com\/es\/#\/schema\/logo\/image\/","url":"https:\/\/cirasync.com\/wp-content\/uploads\/2019\/07\/CiraSync-Logo-.png","contentUrl":"https:\/\/cirasync.com\/wp-content\/uploads\/2019\/07\/CiraSync-Logo-.png","width":1200,"height":671,"caption":"CiraSync"},"image":{"@id":"https:\/\/cirasync.com\/es\/#\/schema\/logo\/image\/"},"sameAs":["https:\/\/www.facebook.com\/CiraSync\/","https:\/\/x.com\/CiraSync","https:\/\/www.linkedin.com\/company\/cira-apps-limited","https:\/\/www.youtube.com\/channel\/UCdFkOfXlRAWRadzGit3jJZA\/videos"],"description":"CiraSync automatically syncs CRM, contact & calendar data from M365, Exchange & many CRMs to every smartphone.","email":"support@cirasync.com","telephone":"1 (202) 747 0888","legalName":"CiraSync"}]}},"_links":{"self":[{"href":"https:\/\/cirasync.com\/es\/wp-json\/wp\/v2\/pages\/29851","targetHints":{"allow":["GET"]}}],"collection":[{"href":"https:\/\/cirasync.com\/es\/wp-json\/wp\/v2\/pages"}],"about":[{"href":"https:\/\/cirasync.com\/es\/wp-json\/wp\/v2\/types\/page"}],"author":[{"embeddable":true,"href":"https:\/\/cirasync.com\/es\/wp-json\/wp\/v2\/users\/12"}],"replies":[{"embeddable":true,"href":"https:\/\/cirasync.com\/es\/wp-json\/wp\/v2\/comments?post=29851"}],"version-history":[{"count":0,"href":"https:\/\/cirasync.com\/es\/wp-json\/wp\/v2\/pages\/29851\/revisions"}],"up":[{"embeddable":true,"href":"https:\/\/cirasync.com\/es\/wp-json\/wp\/v2\/pages\/26971"}],"wp:featuredmedia":[{"embeddable":true,"href":"https:\/\/cirasync.com\/es\/wp-json\/wp\/v2\/media\/19740"}],"wp:attachment":[{"href":"https:\/\/cirasync.com\/es\/wp-json\/wp\/v2\/media?parent=29851"}],"curies":[{"name":"wp","href":"https:\/\/api.w.org\/{rel}","templated":true}]}}