{"id":29859,"date":"2020-09-07T13:28:31","date_gmt":"2020-09-07T20:28:31","guid":{"rendered":"https:\/\/ciraapps.com\/?page_id=29859"},"modified":"2025-10-24T17:42:10","modified_gmt":"2025-10-25T00:42:10","slug":"comprando-unidades-de-suscripcion-diaria-de-cirasync","status":"publish","type":"page","link":"https:\/\/cirasync.com\/es\/socios-2\/comprando-unidades-de-suscripcion-diaria-de-cirasync\/","title":{"rendered":"Comprando unidades de suscripci\u00f3n diaria de CiraSync"},"content":{"rendered":"<p>[et_pb_section fb_built=\u00bb1&#8243; module_class=\u00bbpartner-qsg\u00bb _builder_version=\u00bb4.16&#8243; global_colors_info=\u00bb{}\u00bb][et_pb_row column_structure=\u00bb1_3,2_3&#8243; _builder_version=\u00bb4.16&#8243; global_colors_info=\u00bb{}\u00bb][et_pb_column type=\u00bb1_3&#8243; _builder_version=\u00bb4.16&#8243; global_colors_info=\u00bb{}\u00bb][et_pb_sidebar area=\u00bbet_pb_widget_area_4&#8243; _builder_version=\u00bb4.16&#8243; global_colors_info=\u00bb{}\u00bb][\/et_pb_sidebar][\/et_pb_column][et_pb_column type=\u00bb2_3&#8243; _builder_version=\u00bb4.16&#8243; global_colors_info=\u00bb{}\u00bb][et_pb_text _builder_version=\u00bb4.16&#8243; global_colors_info=\u00bb{}\u00bb]<\/p>\n<h1><span class=\"ez-toc-section\" id=\"Comprando_unidades_de_suscripcion_diaria_de_CiraSync\"><\/span>Comprando unidades de suscripci\u00f3n diaria de CiraSync<span class=\"ez-toc-section-end\"><\/span><\/h1>\n<p>&nbsp;<\/p>\n<p>Hay dos formas en que los socios de CiraSync pueden comprar DSUs:<\/p>\n<ol>\n<li>Estableciendo un plan de facturaci\u00f3n automatizado para todos los paquetes de DSU.<\/li>\n<li>Seleccionando manualmente los paquetes espec\u00edficos y luego haciendo una \u00fanica transacci\u00f3n con tarjeta de cr\u00e9dito.<\/li>\n<\/ol>\n<p>Esta gu\u00eda muestra c\u00f3mo comprar DSUs de CiraSync.<\/p>\n<h2><span class=\"ez-toc-section\" id=\"Instrucciones\"><\/span>Instrucciones<span class=\"ez-toc-section-end\"><\/span><\/h2>\n<h3><span class=\"ez-toc-section\" id=\"Configuracion_de_un_plan_de_facturacion_automatizado\"><\/span>Configuraci\u00f3n de un plan de facturaci\u00f3n automatizado<span class=\"ez-toc-section-end\"><\/span><\/h3>\n<p>El plan de facturaci\u00f3n automatizado permite a los socios emitir un nuevo paquete de DSU cuando el paquete se ha agotado. Esto asegura un servicio ininterrumpido a los clientes de los socios. Los socios son facturados de acuerdo con el <strong>Punto de Contacto de Facturaci\u00f3n<\/strong> que puede ser configurado en el Portal de Socios. Las siguientes instrucciones muestran c\u00f3mo configurar un plan de facturaci\u00f3n automatizado.<\/p>\n<ol>\n<li>Haga clic en el nombre de usuario en la esquina superior derecha del panel del Portal de Socios.<\/li>\n<li>Haga clic en <strong>CONFIGURACI\u00d3N.\u00a0<\/strong><\/li>\n<li>Haga clic en <strong>Informaci\u00f3n de facturaci\u00f3n<\/strong> en el panel de navegaci\u00f3n de la izquierda.<\/li>\n<li>Haga clic en <strong>EDITAR<\/strong> en el <strong>panel de tarjetas de cr\u00e9dito y direcciones de facturaci\u00f3n.<\/strong> (Consulte la imagen a continuaci\u00f3n).<img decoding=\"async\" class=\"aligncenter size-large wp-image-19351\" src=\"https:\/\/cirasync.com\/wp-content\/uploads\/2020\/01\/Partner-QSG-Billing-Info_markup-1024x331.png\" alt=\"\" width=\"1024\" height=\"331\" srcset=\"https:\/\/cirasync.com\/wp-content\/uploads\/2020\/01\/Partner-QSG-Billing-Info_markup-980x317.png 980w, https:\/\/cirasync.com\/wp-content\/uploads\/2020\/01\/Partner-QSG-Billing-Info_markup-480x155.png 480w\" sizes=\"(min-width: 0px) and (max-width: 480px) 480px, (min-width: 481px) and (max-width: 980px) 980px, (min-width: 981px) 1024px, 100vw\" \/>Aparecer\u00e1 la ventana de <strong>informaci\u00f3n de facturaci\u00f3n.<\/strong> (Vea la imagen a continuaci\u00f3n).<br \/>\n<img decoding=\"async\" class=\"aligncenter size-full wp-image-19359\" src=\"https:\/\/cirasync.com\/wp-content\/uploads\/2020\/01\/Partner-QSG-Billing-Info-Window_nomarkup.png\" alt=\"\" width=\"676\" height=\"537\" srcset=\"https:\/\/cirasync.com\/wp-content\/uploads\/2020\/01\/Partner-QSG-Billing-Info-Window_nomarkup.png 676w, https:\/\/cirasync.com\/wp-content\/uploads\/2020\/01\/Partner-QSG-Billing-Info-Window_nomarkup-480x381.png 480w\" sizes=\"(min-width: 0px) and (max-width: 480px) 480px, (min-width: 481px) 676px, 100vw\" \/><\/li>\n<li>Rellene todos los campos.<\/li>\n<li>Haga clic en <strong>OK.\u00a0<\/strong><\/li>\n<\/ol>\n<h3><span class=\"ez-toc-section\" id=\"Compra_manual\"><\/span>Compra manual<span class=\"ez-toc-section-end\"><\/span><\/h3>\n<p>Los DSUs CiraSync tambi\u00e9n pueden ser comprados manualmente. Las siguientes instrucciones muestran c\u00f3mo hacer una compra \u00fanica de DSUs CiraSync.<\/p>\n<ol>\n<li>Haga clic en el nombre de usuario en la esquina superior derecha del panel del Portal de Socios.<\/li>\n<li>Haga clic en <strong>CONFIGURACI\u00d3N.\u00a0<\/strong><\/li>\n<li>Haga clic en <strong>Paquete predeterminado.<\/strong><\/li>\n<li>Haga clic en <strong>COMPRAR PAQUETES DE DSU.<\/strong> (Vea la imagen a continuaci\u00f3n).<img decoding=\"async\" class=\"aligncenter size-large wp-image-19367\" src=\"https:\/\/cirasync.com\/wp-content\/uploads\/2020\/01\/Partner-QSG-DSU-Packages_markup-1024x230.png\" alt=\"\" width=\"1024\" height=\"230\" srcset=\"https:\/\/cirasync.com\/wp-content\/uploads\/2020\/01\/Partner-QSG-DSU-Packages_markup-980x221.png 980w, https:\/\/cirasync.com\/wp-content\/uploads\/2020\/01\/Partner-QSG-DSU-Packages_markup-480x108.png 480w\" sizes=\"(min-width: 0px) and (max-width: 480px) 480px, (min-width: 481px) and (max-width: 980px) 980px, (min-width: 981px) 1024px, 100vw\" \/>Aparecer\u00e1 la ventana de <strong>compra de paquetes DSU<\/strong>. (Vea la imagen a continuaci\u00f3n).<br \/>\n<img decoding=\"async\" class=\"aligncenter size-full wp-image-19375\" src=\"https:\/\/cirasync.com\/wp-content\/uploads\/2020\/01\/Partner-QSG-Buying-DSU-Packages_nomarkup.png\" alt=\"\" width=\"628\" height=\"601\" srcset=\"https:\/\/cirasync.com\/wp-content\/uploads\/2020\/01\/Partner-QSG-Buying-DSU-Packages_nomarkup.png 628w, https:\/\/cirasync.com\/wp-content\/uploads\/2020\/01\/Partner-QSG-Buying-DSU-Packages_nomarkup-480x459.png 480w\" sizes=\"(min-width: 0px) and (max-width: 480px) 480px, (min-width: 481px) 628px, 100vw\" \/><\/li>\n<li>Haga clic en el + junto al paquete deseado para a\u00f1adirlo a la compra total.<\/li>\n<li>&nbsp;\n<p>Haga clic en <strong>SIGUIENTE<\/strong>.\u00a0 Aparecer\u00e1 la <strong>ventana Comprar paquetes DSU.<\/strong> (Vea la imagen a continuaci\u00f3n).<\/p>\n<p><img decoding=\"async\" class=\"aligncenter size-full wp-image-19383\" src=\"https:\/\/cirasync.com\/wp-content\/uploads\/2020\/01\/Partner-QSG-Buy-DSU-Packages-Billing_nomarkup.png\" alt=\"\" width=\"624\" height=\"602\" srcset=\"https:\/\/cirasync.com\/wp-content\/uploads\/2020\/01\/Partner-QSG-Buy-DSU-Packages-Billing_nomarkup.png 624w, https:\/\/cirasync.com\/wp-content\/uploads\/2020\/01\/Partner-QSG-Buy-DSU-Packages-Billing_nomarkup-480x463.png 480w\" sizes=\"(min-width: 0px) and (max-width: 480px) 480px, (min-width: 481px) 624px, 100vw\" \/><\/li>\n<li>Rellene todos los campos.<\/li>\n<li>Haga clic en <strong>COMPRAR.\u00a0<\/strong><\/li>\n<\/ol>\n<p>[\/et_pb_text][\/et_pb_column][\/et_pb_row][\/et_pb_section]<\/p>\n","protected":false},"excerpt":{"rendered":"<p>Comprando unidades de suscripci\u00f3n diaria de CiraSync &nbsp; Hay dos formas en que los socios de CiraSync pueden comprar DSUs: Estableciendo un plan de facturaci\u00f3n automatizado para todos los paquetes de DSU. Seleccionando manualmente los paquetes espec\u00edficos y luego haciendo una \u00fanica transacci\u00f3n con tarjeta de cr\u00e9dito. Esta gu\u00eda muestra c\u00f3mo comprar DSUs de CiraSync. [&hellip;]<\/p>\n","protected":false},"author":3,"featured_media":19732,"parent":26971,"menu_order":0,"comment_status":"closed","ping_status":"closed","template":"","meta":{"_et_pb_use_builder":"on","_et_pb_old_content":"","_et_gb_content_width":"","_nextfly_llmd_date_locked":false,"footnotes":""},"class_list":["post-29859","page","type-page","status-publish","has-post-thumbnail","hentry"],"yoast_head":"<!-- This site is optimized with the Yoast SEO Premium plugin v27.1 (Yoast SEO v27.1.1) - https:\/\/yoast.com\/product\/yoast-seo-premium-wordpress\/ -->\n<title>Comprando unidades de suscripci\u00f3n diaria de CiraSync | CiraSync<\/title>\n<meta name=\"description\" content=\"Compra de unidades de suscripci\u00f3n diaria de CiraSync: proceso, facturaci\u00f3n y consejos para una gesti\u00f3n eficiente de costes. M\u00e1s detalles. Ver gu\u00eda. M\u00e1s detalle.\" \/>\n<meta name=\"robots\" content=\"index, follow, max-snippet:-1, max-image-preview:large, max-video-preview:-1\" \/>\n<link rel=\"canonical\" href=\"https:\/\/cirasync.com\/es\/socios-2\/comprando-unidades-de-suscripcion-diaria-de-cirasync\/\" \/>\n<meta property=\"og:locale\" content=\"es_ES\" \/>\n<meta property=\"og:type\" content=\"article\" \/>\n<meta property=\"og:title\" content=\"Comprando unidades de suscripci\u00f3n diaria de CiraSync\" \/>\n<meta property=\"og:description\" content=\"Compra de unidades de suscripci\u00f3n diaria de CiraSync: proceso, facturaci\u00f3n y consejos para una gesti\u00f3n eficiente de costes. M\u00e1s detalles. Ver gu\u00eda. M\u00e1s detalle.\" \/>\n<meta property=\"og:url\" content=\"https:\/\/cirasync.com\/es\/socios-2\/comprando-unidades-de-suscripcion-diaria-de-cirasync\/\" \/>\n<meta property=\"og:site_name\" content=\"CiraSync\" \/>\n<meta property=\"article:publisher\" content=\"https:\/\/www.facebook.com\/CiraSync\/\" \/>\n<meta property=\"article:modified_time\" content=\"2025-10-25T00:42:10+00:00\" \/>\n<meta property=\"og:image\" content=\"https:\/\/cirasync.com\/wp-content\/uploads\/2020\/01\/Partners-Woman.png\" \/>\n\t<meta property=\"og:image:width\" content=\"1080\" \/>\n\t<meta property=\"og:image:height\" content=\"630\" \/>\n\t<meta property=\"og:image:type\" content=\"image\/png\" \/>\n<meta name=\"twitter:card\" content=\"summary_large_image\" \/>\n<meta name=\"twitter:site\" content=\"@CiraSync\" \/>\n<meta name=\"twitter:label1\" content=\"Tiempo de lectura\" \/>\n\t<meta name=\"twitter:data1\" content=\"3 minutos\" \/>\n<script type=\"application\/ld+json\" class=\"yoast-schema-graph\">{\"@context\":\"https:\/\/schema.org\",\"@graph\":[{\"@type\":\"WebPage\",\"@id\":\"https:\/\/cirasync.com\/es\/socios-2\/comprando-unidades-de-suscripcion-diaria-de-cirasync\/\",\"url\":\"https:\/\/cirasync.com\/es\/socios-2\/comprando-unidades-de-suscripcion-diaria-de-cirasync\/\",\"name\":\"Comprando unidades de suscripci\u00f3n diaria de CiraSync | CiraSync\",\"isPartOf\":{\"@id\":\"https:\/\/cirasync.com\/es\/#website\"},\"primaryImageOfPage\":{\"@id\":\"https:\/\/cirasync.com\/es\/socios-2\/comprando-unidades-de-suscripcion-diaria-de-cirasync\/#primaryimage\"},\"image\":{\"@id\":\"https:\/\/cirasync.com\/es\/socios-2\/comprando-unidades-de-suscripcion-diaria-de-cirasync\/#primaryimage\"},\"thumbnailUrl\":\"https:\/\/cirasync.com\/wp-content\/uploads\/2020\/01\/Partners-Woman.png\",\"datePublished\":\"2020-09-07T20:28:31+00:00\",\"dateModified\":\"2025-10-25T00:42:10+00:00\",\"description\":\"Compra de unidades de suscripci\u00f3n diaria de CiraSync: proceso, facturaci\u00f3n y consejos para una gesti\u00f3n eficiente de costes. M\u00e1s detalles. Ver gu\u00eda. M\u00e1s detalle.\",\"breadcrumb\":{\"@id\":\"https:\/\/cirasync.com\/es\/socios-2\/comprando-unidades-de-suscripcion-diaria-de-cirasync\/#breadcrumb\"},\"inLanguage\":\"es\",\"potentialAction\":[{\"@type\":\"ReadAction\",\"target\":[\"https:\/\/cirasync.com\/es\/socios-2\/comprando-unidades-de-suscripcion-diaria-de-cirasync\/\"]}]},{\"@type\":\"ImageObject\",\"inLanguage\":\"es\",\"@id\":\"https:\/\/cirasync.com\/es\/socios-2\/comprando-unidades-de-suscripcion-diaria-de-cirasync\/#primaryimage\",\"url\":\"https:\/\/cirasync.com\/wp-content\/uploads\/2020\/01\/Partners-Woman.png\",\"contentUrl\":\"https:\/\/cirasync.com\/wp-content\/uploads\/2020\/01\/Partners-Woman.png\",\"width\":1080,\"height\":630,\"caption\":\"Partners-Woman\"},{\"@type\":\"BreadcrumbList\",\"@id\":\"https:\/\/cirasync.com\/es\/socios-2\/comprando-unidades-de-suscripcion-diaria-de-cirasync\/#breadcrumb\",\"itemListElement\":[{\"@type\":\"ListItem\",\"position\":1,\"name\":\"Home\",\"item\":\"https:\/\/cirasync.com\/es\/home-2024-sp-2-2-2-2\/\"},{\"@type\":\"ListItem\",\"position\":2,\"name\":\"Socios\",\"item\":\"https:\/\/cirasync.com\/es\/socios-2\/\"},{\"@type\":\"ListItem\",\"position\":3,\"name\":\"Comprando unidades de suscripci\u00f3n diaria de CiraSync\"}]},{\"@type\":\"WebSite\",\"@id\":\"https:\/\/cirasync.com\/es\/#website\",\"url\":\"https:\/\/cirasync.com\/es\/\",\"name\":\"CiraSync\",\"description\":\"Sync the Office 365 GAL, public folders and calendars to smartphones.\",\"publisher\":{\"@id\":\"https:\/\/cirasync.com\/es\/#organization\"},\"potentialAction\":[{\"@type\":\"SearchAction\",\"target\":{\"@type\":\"EntryPoint\",\"urlTemplate\":\"https:\/\/cirasync.com\/es\/?s={search_term_string}\"},\"query-input\":{\"@type\":\"PropertyValueSpecification\",\"valueRequired\":true,\"valueName\":\"search_term_string\"}}],\"inLanguage\":\"es\"},{\"@type\":\"Organization\",\"@id\":\"https:\/\/cirasync.com\/es\/#organization\",\"name\":\"CiraSync\",\"url\":\"https:\/\/cirasync.com\/es\/\",\"logo\":{\"@type\":\"ImageObject\",\"inLanguage\":\"es\",\"@id\":\"https:\/\/cirasync.com\/es\/#\/schema\/logo\/image\/\",\"url\":\"https:\/\/cirasync.com\/wp-content\/uploads\/2019\/07\/CiraSync-Logo-.png\",\"contentUrl\":\"https:\/\/cirasync.com\/wp-content\/uploads\/2019\/07\/CiraSync-Logo-.png\",\"width\":1200,\"height\":671,\"caption\":\"CiraSync\"},\"image\":{\"@id\":\"https:\/\/cirasync.com\/es\/#\/schema\/logo\/image\/\"},\"sameAs\":[\"https:\/\/www.facebook.com\/CiraSync\/\",\"https:\/\/x.com\/CiraSync\",\"https:\/\/www.linkedin.com\/company\/cira-apps-limited\",\"https:\/\/www.youtube.com\/channel\/UCdFkOfXlRAWRadzGit3jJZA\/videos\"],\"description\":\"CiraSync automatically syncs CRM, contact & calendar data from M365, Exchange & many CRMs to every smartphone.\",\"email\":\"support@cirasync.com\",\"telephone\":\"1 (202) 747 0888\",\"legalName\":\"CiraSync\"}]}<\/script>\n<!-- \/ Yoast SEO Premium plugin. -->","yoast_head_json":{"title":"Comprando unidades de suscripci\u00f3n diaria de CiraSync | CiraSync","description":"Compra de unidades de suscripci\u00f3n diaria de CiraSync: proceso, facturaci\u00f3n y consejos para una gesti\u00f3n eficiente de costes. M\u00e1s detalles. Ver gu\u00eda. M\u00e1s detalle.","robots":{"index":"index","follow":"follow","max-snippet":"max-snippet:-1","max-image-preview":"max-image-preview:large","max-video-preview":"max-video-preview:-1"},"canonical":"https:\/\/cirasync.com\/es\/socios-2\/comprando-unidades-de-suscripcion-diaria-de-cirasync\/","og_locale":"es_ES","og_type":"article","og_title":"Comprando unidades de suscripci\u00f3n diaria de CiraSync","og_description":"Compra de unidades de suscripci\u00f3n diaria de CiraSync: proceso, facturaci\u00f3n y consejos para una gesti\u00f3n eficiente de costes. M\u00e1s detalles. Ver gu\u00eda. M\u00e1s detalle.","og_url":"https:\/\/cirasync.com\/es\/socios-2\/comprando-unidades-de-suscripcion-diaria-de-cirasync\/","og_site_name":"CiraSync","article_publisher":"https:\/\/www.facebook.com\/CiraSync\/","article_modified_time":"2025-10-25T00:42:10+00:00","og_image":[{"width":1080,"height":630,"url":"https:\/\/cirasync.com\/wp-content\/uploads\/2020\/01\/Partners-Woman.png","type":"image\/png"}],"twitter_card":"summary_large_image","twitter_site":"@CiraSync","twitter_misc":{"Tiempo de lectura":"3 minutos"},"schema":{"@context":"https:\/\/schema.org","@graph":[{"@type":"WebPage","@id":"https:\/\/cirasync.com\/es\/socios-2\/comprando-unidades-de-suscripcion-diaria-de-cirasync\/","url":"https:\/\/cirasync.com\/es\/socios-2\/comprando-unidades-de-suscripcion-diaria-de-cirasync\/","name":"Comprando unidades de suscripci\u00f3n diaria de CiraSync | CiraSync","isPartOf":{"@id":"https:\/\/cirasync.com\/es\/#website"},"primaryImageOfPage":{"@id":"https:\/\/cirasync.com\/es\/socios-2\/comprando-unidades-de-suscripcion-diaria-de-cirasync\/#primaryimage"},"image":{"@id":"https:\/\/cirasync.com\/es\/socios-2\/comprando-unidades-de-suscripcion-diaria-de-cirasync\/#primaryimage"},"thumbnailUrl":"https:\/\/cirasync.com\/wp-content\/uploads\/2020\/01\/Partners-Woman.png","datePublished":"2020-09-07T20:28:31+00:00","dateModified":"2025-10-25T00:42:10+00:00","description":"Compra de unidades de suscripci\u00f3n diaria de CiraSync: proceso, facturaci\u00f3n y consejos para una gesti\u00f3n eficiente de costes. M\u00e1s detalles. Ver gu\u00eda. M\u00e1s detalle.","breadcrumb":{"@id":"https:\/\/cirasync.com\/es\/socios-2\/comprando-unidades-de-suscripcion-diaria-de-cirasync\/#breadcrumb"},"inLanguage":"es","potentialAction":[{"@type":"ReadAction","target":["https:\/\/cirasync.com\/es\/socios-2\/comprando-unidades-de-suscripcion-diaria-de-cirasync\/"]}]},{"@type":"ImageObject","inLanguage":"es","@id":"https:\/\/cirasync.com\/es\/socios-2\/comprando-unidades-de-suscripcion-diaria-de-cirasync\/#primaryimage","url":"https:\/\/cirasync.com\/wp-content\/uploads\/2020\/01\/Partners-Woman.png","contentUrl":"https:\/\/cirasync.com\/wp-content\/uploads\/2020\/01\/Partners-Woman.png","width":1080,"height":630,"caption":"Partners-Woman"},{"@type":"BreadcrumbList","@id":"https:\/\/cirasync.com\/es\/socios-2\/comprando-unidades-de-suscripcion-diaria-de-cirasync\/#breadcrumb","itemListElement":[{"@type":"ListItem","position":1,"name":"Home","item":"https:\/\/cirasync.com\/es\/home-2024-sp-2-2-2-2\/"},{"@type":"ListItem","position":2,"name":"Socios","item":"https:\/\/cirasync.com\/es\/socios-2\/"},{"@type":"ListItem","position":3,"name":"Comprando unidades de suscripci\u00f3n diaria de CiraSync"}]},{"@type":"WebSite","@id":"https:\/\/cirasync.com\/es\/#website","url":"https:\/\/cirasync.com\/es\/","name":"CiraSync","description":"Sync the Office 365 GAL, public folders and calendars to smartphones.","publisher":{"@id":"https:\/\/cirasync.com\/es\/#organization"},"potentialAction":[{"@type":"SearchAction","target":{"@type":"EntryPoint","urlTemplate":"https:\/\/cirasync.com\/es\/?s={search_term_string}"},"query-input":{"@type":"PropertyValueSpecification","valueRequired":true,"valueName":"search_term_string"}}],"inLanguage":"es"},{"@type":"Organization","@id":"https:\/\/cirasync.com\/es\/#organization","name":"CiraSync","url":"https:\/\/cirasync.com\/es\/","logo":{"@type":"ImageObject","inLanguage":"es","@id":"https:\/\/cirasync.com\/es\/#\/schema\/logo\/image\/","url":"https:\/\/cirasync.com\/wp-content\/uploads\/2019\/07\/CiraSync-Logo-.png","contentUrl":"https:\/\/cirasync.com\/wp-content\/uploads\/2019\/07\/CiraSync-Logo-.png","width":1200,"height":671,"caption":"CiraSync"},"image":{"@id":"https:\/\/cirasync.com\/es\/#\/schema\/logo\/image\/"},"sameAs":["https:\/\/www.facebook.com\/CiraSync\/","https:\/\/x.com\/CiraSync","https:\/\/www.linkedin.com\/company\/cira-apps-limited","https:\/\/www.youtube.com\/channel\/UCdFkOfXlRAWRadzGit3jJZA\/videos"],"description":"CiraSync automatically syncs CRM, contact & calendar data from M365, Exchange & many CRMs to every smartphone.","email":"support@cirasync.com","telephone":"1 (202) 747 0888","legalName":"CiraSync"}]}},"_links":{"self":[{"href":"https:\/\/cirasync.com\/es\/wp-json\/wp\/v2\/pages\/29859","targetHints":{"allow":["GET"]}}],"collection":[{"href":"https:\/\/cirasync.com\/es\/wp-json\/wp\/v2\/pages"}],"about":[{"href":"https:\/\/cirasync.com\/es\/wp-json\/wp\/v2\/types\/page"}],"author":[{"embeddable":true,"href":"https:\/\/cirasync.com\/es\/wp-json\/wp\/v2\/users\/3"}],"replies":[{"embeddable":true,"href":"https:\/\/cirasync.com\/es\/wp-json\/wp\/v2\/comments?post=29859"}],"version-history":[{"count":0,"href":"https:\/\/cirasync.com\/es\/wp-json\/wp\/v2\/pages\/29859\/revisions"}],"up":[{"embeddable":true,"href":"https:\/\/cirasync.com\/es\/wp-json\/wp\/v2\/pages\/26971"}],"wp:featuredmedia":[{"embeddable":true,"href":"https:\/\/cirasync.com\/es\/wp-json\/wp\/v2\/media\/19732"}],"wp:attachment":[{"href":"https:\/\/cirasync.com\/es\/wp-json\/wp\/v2\/media?parent=29859"}],"curies":[{"name":"wp","href":"https:\/\/api.w.org\/{rel}","templated":true}]}}