{"id":39833,"date":"2026-03-12T11:09:04","date_gmt":"2026-03-12T18:09:04","guid":{"rendered":"http:\/\/cirasync.com\/?page_id=39833"},"modified":"2026-03-12T11:09:12","modified_gmt":"2026-03-12T18:09:12","slug":"interrupciones-de-servicio","status":"publish","type":"page","link":"https:\/\/cirasync.com\/es\/interrupciones-de-servicio\/","title":{"rendered":"Interrupciones de servicio CiraSync"},"content":{"rendered":"<p>[et_pb_section fb_built=\u00bb1&#8243; _builder_version=\u00bb4.16&#8243; _module_preset=\u00bbdefault\u00bb global_colors_info=\u00bb{}\u00bb][et_pb_row _builder_version=\u00bb4.16&#8243; _module_preset=\u00bbdefault\u00bb global_colors_info=\u00bb{}\u00bb][et_pb_column type=\u00bb4_4&#8243; _builder_version=\u00bb4.16&#8243; _module_preset=\u00bbdefault\u00bb global_colors_info=\u00bb{}\u00bb][et_pb_text _builder_version=\u00bb4.16&#8243; _module_preset=\u00bbdefault\u00bb text_font=\u00bb|700|||||||\u00bb text_text_color=\u00bb#404040&#8243; text_font_size=\u00bb35px\u00bb text_orientation=\u00bbcenter\u00bb global_colors_info=\u00bb{}\u00bb]<\/p>\n<p>Siganos para obtener informaci\u00f3n sobre las interrupciones del servicio<\/p>\n<p>[\/et_pb_text][et_pb_text _builder_version=\u00bb4.16&#8243; _module_preset=\u00bbdefault\u00bb text_font=\u00bb||||||||\u00bb custom_margin=\u00bb||||false|false\u00bb global_colors_info=\u00bb{}\u00bb]<\/p>\n<p>Esta es la p\u00e1gina de notificaci\u00f3n de interrupci\u00f3n del servicio de CiraSync. En raras ocasiones, los productos de Cira Apps pueden quedar sin servicio. Cuando esto ocurre, nuestro objetivo es notificar a nuestros usuarios lo antes posible. Para ello, hay dos maneras de saber si hay un corte temporal:<\/p>\n<p><strong>Suscr\u00edbase a nuestra alerta de interrupci\u00f3n del servicio por correo electr\u00f3nico.<\/strong> S\u00f3lo necesitamos su correo electr\u00f3nico: en el raro caso de que se produzca una interrupci\u00f3n, recibir\u00e1 r\u00e1pidamente una notificaci\u00f3n.<\/p>\n<p>[\/et_pb_text][et_pb_text admin_label=\u00bbgravityform\u00bb _builder_version=\u00bb4.19.2&#8243; _module_preset=\u00bbdefault\u00bb text_orientation=\u00bbcenter\u00bb module_alignment=\u00bbcenter\u00bb custom_margin=\u00bb||||false|false\u00bb custom_padding=\u00bb||||false|false\u00bb global_colors_info=\u00bb{}\u00bb]<script type=\"text\/javascript\">\n\/* <![CDATA[ *\/\nvar gform;gform||(document.addEventListener(\"gform_main_scripts_loaded\",function(){gform.scriptsLoaded=!0}),document.addEventListener(\"gform\/theme\/scripts_loaded\",function(){gform.themeScriptsLoaded=!0}),window.addEventListener(\"DOMContentLoaded\",function(){gform.domLoaded=!0}),gform={domLoaded:!1,scriptsLoaded:!1,themeScriptsLoaded:!1,isFormEditor:()=>\"function\"==typeof InitializeEditor,callIfLoaded:function(o){return!(!gform.domLoaded||!gform.scriptsLoaded||!gform.themeScriptsLoaded&&!gform.isFormEditor()||(gform.isFormEditor()&&console.warn(\"The use of gform.initializeOnLoaded() is deprecated in the form editor context and will be removed in Gravity Forms 3.1.\"),o(),0))},initializeOnLoaded:function(o){gform.callIfLoaded(o)||(document.addEventListener(\"gform_main_scripts_loaded\",()=>{gform.scriptsLoaded=!0,gform.callIfLoaded(o)}),document.addEventListener(\"gform\/theme\/scripts_loaded\",()=>{gform.themeScriptsLoaded=!0,gform.callIfLoaded(o)}),window.addEventListener(\"DOMContentLoaded\",()=>{gform.domLoaded=!0,gform.callIfLoaded(o)}))},hooks:{action:{},filter:{}},addAction:function(o,r,e,t){gform.addHook(\"action\",o,r,e,t)},addFilter:function(o,r,e,t){gform.addHook(\"filter\",o,r,e,t)},doAction:function(o){gform.doHook(\"action\",o,arguments)},applyFilters:function(o){return gform.doHook(\"filter\",o,arguments)},removeAction:function(o,r){gform.removeHook(\"action\",o,r)},removeFilter:function(o,r,e){gform.removeHook(\"filter\",o,r,e)},addHook:function(o,r,e,t,n){null==gform.hooks[o][r]&&(gform.hooks[o][r]=[]);var d=gform.hooks[o][r];null==n&&(n=r+\"_\"+d.length),gform.hooks[o][r].push({tag:n,callable:e,priority:t=null==t?10:t})},doHook:function(r,o,e){var t;if(e=Array.prototype.slice.call(e,1),null!=gform.hooks[r][o]&&((o=gform.hooks[r][o]).sort(function(o,r){return o.priority-r.priority}),o.forEach(function(o){\"function\"!=typeof(t=o.callable)&&(t=window[t]),\"action\"==r?t.apply(null,e):e[0]=t.apply(null,e)})),\"filter\"==r)return e[0]},removeHook:function(o,r,t,n){var e;null!=gform.hooks[o][r]&&(e=(e=gform.hooks[o][r]).filter(function(o,r,e){return!!(null!=n&&n!=o.tag||null!=t&&t!=o.priority)}),gform.hooks[o][r]=e)}});\n\/* ]]> *\/\n<\/script>\n\n                <div class='gf_browser_gecko gform_wrapper gravity-theme gform-theme--no-framework' data-form-theme='gravity-theme' data-form-index='0' id='gform_wrapper_20' >\n                        <div class='gform_heading'>\n                            <p class='gform_description'><\/p>\n                        <\/div><form method='post' enctype='multipart\/form-data'  id='gform_20'  action='\/es\/wp-json\/wp\/v2\/pages\/39833' data-formid='20' novalidate> \r\n <input type='hidden' class='gforms-pum' value='{\"closepopup\":false,\"closedelay\":0,\"openpopup\":false,\"openpopup_id\":0}' \/>\n                        <div class='gform-body gform_body'><div id='gform_fields_20' class='gform_fields top_label form_sublabel_below description_below validation_below'><div id=\"field_20_1\" class=\"gfield gfield--type-email field_sublabel_below gfield--no-description field_description_below field_validation_below gfield_visibility_visible\"  ><label class='gfield_label gform-field-label' for='input_20_1'>Email<\/label><div class='ginput_container ginput_container_email'>\n                            <input name='input_1' id='input_20_1' type='email' value='' class='large'     aria-invalid=\"false\"  \/>\n                        <\/div><\/div><\/div><\/div>\n        <div class='gform-footer gform_footer top_label'> <input type='submit' id='gform_submit_button_20' class='gform_button button' onclick='gform.submission.handleButtonClick(this);' data-submission-type='submit' value='Submit'  \/> \n            <input type='hidden' class='gform_hidden' name='gform_submission_method' data-js='gform_submission_method_20' value='postback' \/>\n            <input type='hidden' class='gform_hidden' name='gform_theme' data-js='gform_theme_20' id='gform_theme_20' value='gravity-theme' \/>\n            <input type='hidden' class='gform_hidden' name='gform_style_settings' data-js='gform_style_settings_20' id='gform_style_settings_20' value='[]' \/>\n            <input type='hidden' class='gform_hidden' name='is_submit_20' value='1' \/>\n            <input type='hidden' class='gform_hidden' name='gform_submit' value='20' \/>\n            \n            <input type='hidden' class='gform_hidden' name='gform_currency' data-currency='USD' value='SjdiLczTiyOmd1Wu1QE3kXQtUewsnKqe7YUAKolil9lAlYEvEyk1tkLARTrFOH2XPNye7Nw1cZopIicS2Mnzo6Mx\/TPoFx\/JnRH0AZ\/nLK9eeNI=' \/>\n            <input type='hidden' class='gform_hidden' name='gform_unique_id' value='' \/>\n            <input type='hidden' class='gform_hidden' name='state_20' value='WyJbXSIsImRhYTYxYzVkZWM0YmU5YjNmZThjNGNjNGJjOGU5MGVlIl0=' \/>\n            <input type='hidden' autocomplete='off' class='gform_hidden' name='gform_target_page_number_20' id='gform_target_page_number_20' value='0' \/>\n            <input type='hidden' autocomplete='off' class='gform_hidden' name='gform_source_page_number_20' id='gform_source_page_number_20' value='1' \/>\n            <input type='hidden' name='gform_field_values' value='' \/>\n            \n        <\/div>\n                        <\/form>\n                        <\/div><script type=\"text\/javascript\">\n\/* <![CDATA[ *\/\n gform.initializeOnLoaded( function() {gformInitSpinner( 20, 'https:\/\/cirasync.com\/wp-content\/plugins\/gravityforms\/images\/spinner.svg', true );jQuery('#gform_ajax_frame_20').on('load',function(){var contents = jQuery(this).contents().find('*').html();var is_postback = contents.indexOf('GF_AJAX_POSTBACK') >= 0;if(!is_postback){return;}var form_content = jQuery(this).contents().find('#gform_wrapper_20');var is_confirmation = jQuery(this).contents().find('#gform_confirmation_wrapper_20').length > 0;var is_redirect = contents.indexOf('gformRedirect(){') >= 0;var is_form = form_content.length > 0 && ! is_redirect && ! is_confirmation;var mt = parseInt(jQuery('html').css('margin-top'), 10) + parseInt(jQuery('body').css('margin-top'), 10) + 100;if(is_form){jQuery('#gform_wrapper_20').html(form_content.html());if(form_content.hasClass('gform_validation_error')){jQuery('#gform_wrapper_20').addClass('gform_validation_error');} else {jQuery('#gform_wrapper_20').removeClass('gform_validation_error');}setTimeout( function() { \/* delay the scroll by 50 milliseconds to fix a bug in chrome *\/  }, 50 );if(window['gformInitDatepicker']) {gformInitDatepicker();}if(window['gformInitPriceFields']) {gformInitPriceFields();}var current_page = jQuery('#gform_source_page_number_20').val();gformInitSpinner( 20, 'https:\/\/cirasync.com\/wp-content\/plugins\/gravityforms\/images\/spinner.svg', true );jQuery(document).trigger('gform_page_loaded', [20, current_page]);window['gf_submitting_20'] = false;}else if(!is_redirect){var confirmation_content = jQuery(this).contents().find('.GF_AJAX_POSTBACK').html();if(!confirmation_content){confirmation_content = contents;}jQuery('#gform_wrapper_20').replaceWith(confirmation_content);jQuery(document).trigger('gform_confirmation_loaded', [20]);window['gf_submitting_20'] = false;wp.a11y.speak(jQuery('#gform_confirmation_message_20').text());}else{jQuery('#gform_20').append(contents);if(window['gformRedirect']) {gformRedirect();}}jQuery(document).trigger(\"gform_pre_post_render\", [{ formId: \"20\", currentPage: \"current_page\", abort: function() { this.preventDefault(); } }]);        if (event && event.defaultPrevented) {                return;        }        const gformWrapperDiv = document.getElementById( \"gform_wrapper_20\" );        if ( gformWrapperDiv ) {            const visibilitySpan = document.createElement( \"span\" );            visibilitySpan.id = \"gform_visibility_test_20\";            gformWrapperDiv.insertAdjacentElement( \"afterend\", visibilitySpan );        }        const visibilityTestDiv = document.getElementById( \"gform_visibility_test_20\" );        let postRenderFired = false;        function triggerPostRender() {            if ( postRenderFired ) {                return;            }            postRenderFired = true;            gform.core.triggerPostRenderEvents( 20, current_page );            if ( visibilityTestDiv ) {                visibilityTestDiv.parentNode.removeChild( visibilityTestDiv );            }        }        function debounce( func, wait, immediate ) {            var timeout;            return function() {                var context = this, args = arguments;                var later = function() {                    timeout = null;                    if ( !immediate ) func.apply( context, args );                };                var callNow = immediate && !timeout;                clearTimeout( timeout );                timeout = setTimeout( later, wait );                if ( callNow ) func.apply( context, args );            };        }        const debouncedTriggerPostRender = debounce( function() {            triggerPostRender();        }, 200 );        if ( visibilityTestDiv && visibilityTestDiv.offsetParent === null ) {            const observer = new MutationObserver( ( mutations ) => {                mutations.forEach( ( mutation ) => {                    if ( mutation.type === 'attributes' && visibilityTestDiv.offsetParent !== null ) {                        debouncedTriggerPostRender();                        observer.disconnect();                    }                });            });            observer.observe( document.body, {                attributes: true,                childList: false,                subtree: true,                attributeFilter: [ 'style', 'class' ],            });        } else {            triggerPostRender();        }    } );} ); \n\/* ]]> *\/\n<\/script>\n\n    <script>\n        jQuery( document ).ready(function() {\n        setTimeout(() => {  }, 1000);\n        })\n    <\/script>\n    [\/et_pb_text][et_pb_text _builder_version=\u00bb4.16&#8243; _module_preset=\u00bbdefault\u00bb custom_margin=\u00bb||||false|false\u00bb global_colors_info=\u00bb{}\u00bb]<\/p>\n<p><strong>S\u00edganos en Twitter.<\/strong> Si no le apetece recibir un correo electr\u00f3nico, simplemente siga nuestra p\u00e1gina de Twitter. En caso de interrupci\u00f3n, se publicar\u00e1 la informaci\u00f3n, junto con otras actualizaciones.<\/p>\n<p><a class=\"twitter-follow-button\" href=\"https:\/\/twitter.com\/cirasync?ref_src=twsrc%5Etfw\" data-show-count=\"false\" data-size=\"large\">S\u00edganos en Twitter<\/a><script async=\"\" src=\"https:\/\/platform.twitter.com\/widgets.js\" charset=\"utf-8\"><\/script><\/p>\n<p>[\/et_pb_text][\/et_pb_column][\/et_pb_row][\/et_pb_section]<\/p>\n","protected":false},"excerpt":{"rendered":"<p>Siganos para obtener informaci\u00f3n sobre las interrupciones del servicioEsta es la p\u00e1gina de notificaci\u00f3n de interrupci\u00f3n del servicio de CiraSync. En raras ocasiones, los productos de Cira Apps pueden quedar sin servicio. Cuando esto ocurre, nuestro objetivo es notificar a nuestros usuarios lo antes posible. Para ello, hay dos maneras de saber si hay un [&hellip;]<\/p>\n","protected":false},"author":12,"featured_media":9787,"parent":0,"menu_order":0,"comment_status":"closed","ping_status":"closed","template":"","meta":{"_et_pb_use_builder":"on","_et_pb_old_content":"","_et_gb_content_width":"","_nextfly_llmd_date_locked":false,"footnotes":""},"class_list":["post-39833","page","type-page","status-publish","has-post-thumbnail","hentry"],"yoast_head":"<!-- This site is optimized with the Yoast SEO Premium plugin v27.1 (Yoast SEO v27.1.1) - https:\/\/yoast.com\/product\/yoast-seo-premium-wordpress\/ -->\n<title>Interrupciones de servicio CiraSync &#8212; CiraSync<\/title>\n<meta name=\"robots\" content=\"index, follow, max-snippet:-1, max-image-preview:large, max-video-preview:-1\" \/>\n<link rel=\"canonical\" href=\"https:\/\/cirasync.com\/es\/interrupciones-de-servicio\/\" \/>\n<meta property=\"og:locale\" content=\"es_ES\" \/>\n<meta property=\"og:type\" content=\"article\" \/>\n<meta property=\"og:title\" content=\"Interrupciones de servicio CiraSync\" \/>\n<meta property=\"og:description\" content=\"Siganos para obtener informaci\u00f3n sobre las interrupciones del servicioEsta es la p\u00e1gina de notificaci\u00f3n de interrupci\u00f3n del servicio de CiraSync. En raras ocasiones, los productos de Cira Apps pueden quedar sin servicio. Cuando esto ocurre, nuestro objetivo es notificar a nuestros usuarios lo antes posible. Para ello, hay dos maneras de saber si hay un [&hellip;]\" \/>\n<meta property=\"og:url\" content=\"https:\/\/cirasync.com\/es\/interrupciones-de-servicio\/\" \/>\n<meta property=\"og:site_name\" content=\"CiraSync\" \/>\n<meta property=\"article:publisher\" content=\"https:\/\/www.facebook.com\/CiraSync\/\" \/>\n<meta property=\"article:modified_time\" content=\"2026-03-12T18:09:12+00:00\" \/>\n<meta property=\"og:image\" content=\"https:\/\/cirasync.com\/wp-content\/uploads\/2019\/04\/Cirasync_share_1200x630-01.png\" \/>\n\t<meta property=\"og:image:width\" content=\"1200\" \/>\n\t<meta property=\"og:image:height\" content=\"630\" \/>\n\t<meta property=\"og:image:type\" content=\"image\/png\" \/>\n<meta name=\"twitter:card\" content=\"summary_large_image\" \/>\n<meta name=\"twitter:site\" content=\"@CiraSync\" \/>\n<meta name=\"twitter:label1\" content=\"Tiempo de lectura\" \/>\n\t<meta name=\"twitter:data1\" content=\"1 minuto\" \/>\n<script type=\"application\/ld+json\" class=\"yoast-schema-graph\">{\"@context\":\"https:\/\/schema.org\",\"@graph\":[{\"@type\":\"WebPage\",\"@id\":\"https:\/\/cirasync.com\/es\/interrupciones-de-servicio\/\",\"url\":\"https:\/\/cirasync.com\/es\/interrupciones-de-servicio\/\",\"name\":\"Interrupciones de servicio CiraSync &#8212; CiraSync\",\"isPartOf\":{\"@id\":\"https:\/\/cirasync.com\/es\/#website\"},\"primaryImageOfPage\":{\"@id\":\"https:\/\/cirasync.com\/es\/interrupciones-de-servicio\/#primaryimage\"},\"image\":{\"@id\":\"https:\/\/cirasync.com\/es\/interrupciones-de-servicio\/#primaryimage\"},\"thumbnailUrl\":\"https:\/\/cirasync.com\/wp-content\/uploads\/2019\/05\/default-image-cirasync_p-1.png\",\"datePublished\":\"2026-03-12T18:09:04+00:00\",\"dateModified\":\"2026-03-12T18:09:12+00:00\",\"breadcrumb\":{\"@id\":\"https:\/\/cirasync.com\/es\/interrupciones-de-servicio\/#breadcrumb\"},\"inLanguage\":\"es\",\"potentialAction\":[{\"@type\":\"ReadAction\",\"target\":[\"https:\/\/cirasync.com\/es\/interrupciones-de-servicio\/\"]}]},{\"@type\":\"ImageObject\",\"inLanguage\":\"es\",\"@id\":\"https:\/\/cirasync.com\/es\/interrupciones-de-servicio\/#primaryimage\",\"url\":\"https:\/\/cirasync.com\/wp-content\/uploads\/2019\/05\/default-image-cirasync_p-1.png\",\"contentUrl\":\"https:\/\/cirasync.com\/wp-content\/uploads\/2019\/05\/default-image-cirasync_p-1.png\",\"width\":1200,\"height\":630,\"caption\":\"default image cirasync_p\"},{\"@type\":\"BreadcrumbList\",\"@id\":\"https:\/\/cirasync.com\/es\/interrupciones-de-servicio\/#breadcrumb\",\"itemListElement\":[{\"@type\":\"ListItem\",\"position\":1,\"name\":\"Home\",\"item\":\"https:\/\/cirasync.com\/es\/home-2024-sp-2-2-2-2\/\"},{\"@type\":\"ListItem\",\"position\":2,\"name\":\"Interrupciones de servicio CiraSync\"}]},{\"@type\":\"WebSite\",\"@id\":\"https:\/\/cirasync.com\/es\/#website\",\"url\":\"https:\/\/cirasync.com\/es\/\",\"name\":\"CiraSync\",\"description\":\"Sync the Office 365 GAL, public folders and calendars to smartphones.\",\"publisher\":{\"@id\":\"https:\/\/cirasync.com\/es\/#organization\"},\"potentialAction\":[{\"@type\":\"SearchAction\",\"target\":{\"@type\":\"EntryPoint\",\"urlTemplate\":\"https:\/\/cirasync.com\/es\/?s={search_term_string}\"},\"query-input\":{\"@type\":\"PropertyValueSpecification\",\"valueRequired\":true,\"valueName\":\"search_term_string\"}}],\"inLanguage\":\"es\"},{\"@type\":\"Organization\",\"@id\":\"https:\/\/cirasync.com\/es\/#organization\",\"name\":\"CiraSync\",\"url\":\"https:\/\/cirasync.com\/es\/\",\"logo\":{\"@type\":\"ImageObject\",\"inLanguage\":\"es\",\"@id\":\"https:\/\/cirasync.com\/es\/#\/schema\/logo\/image\/\",\"url\":\"https:\/\/cirasync.com\/wp-content\/uploads\/2019\/07\/CiraSync-Logo-.png\",\"contentUrl\":\"https:\/\/cirasync.com\/wp-content\/uploads\/2019\/07\/CiraSync-Logo-.png\",\"width\":1200,\"height\":671,\"caption\":\"CiraSync\"},\"image\":{\"@id\":\"https:\/\/cirasync.com\/es\/#\/schema\/logo\/image\/\"},\"sameAs\":[\"https:\/\/www.facebook.com\/CiraSync\/\",\"https:\/\/x.com\/CiraSync\",\"https:\/\/www.linkedin.com\/company\/cira-apps-limited\",\"https:\/\/www.youtube.com\/channel\/UCdFkOfXlRAWRadzGit3jJZA\/videos\"],\"description\":\"CiraSync automatically syncs CRM, contact & calendar data from M365, Exchange & many CRMs to every smartphone.\",\"email\":\"support@cirasync.com\",\"telephone\":\"1 (202) 747 0888\",\"legalName\":\"CiraSync\"}]}<\/script>\n<!-- \/ Yoast SEO Premium plugin. -->","yoast_head_json":{"title":"Interrupciones de servicio CiraSync &#8212; CiraSync","robots":{"index":"index","follow":"follow","max-snippet":"max-snippet:-1","max-image-preview":"max-image-preview:large","max-video-preview":"max-video-preview:-1"},"canonical":"https:\/\/cirasync.com\/es\/interrupciones-de-servicio\/","og_locale":"es_ES","og_type":"article","og_title":"Interrupciones de servicio CiraSync","og_description":"Siganos para obtener informaci\u00f3n sobre las interrupciones del servicioEsta es la p\u00e1gina de notificaci\u00f3n de interrupci\u00f3n del servicio de CiraSync. En raras ocasiones, los productos de Cira Apps pueden quedar sin servicio. Cuando esto ocurre, nuestro objetivo es notificar a nuestros usuarios lo antes posible. Para ello, hay dos maneras de saber si hay un [&hellip;]","og_url":"https:\/\/cirasync.com\/es\/interrupciones-de-servicio\/","og_site_name":"CiraSync","article_publisher":"https:\/\/www.facebook.com\/CiraSync\/","article_modified_time":"2026-03-12T18:09:12+00:00","og_image":[{"width":1200,"height":630,"url":"https:\/\/cirasync.com\/wp-content\/uploads\/2019\/04\/Cirasync_share_1200x630-01.png","type":"image\/png"}],"twitter_card":"summary_large_image","twitter_site":"@CiraSync","twitter_misc":{"Tiempo de lectura":"1 minuto"},"schema":{"@context":"https:\/\/schema.org","@graph":[{"@type":"WebPage","@id":"https:\/\/cirasync.com\/es\/interrupciones-de-servicio\/","url":"https:\/\/cirasync.com\/es\/interrupciones-de-servicio\/","name":"Interrupciones de servicio CiraSync &#8212; CiraSync","isPartOf":{"@id":"https:\/\/cirasync.com\/es\/#website"},"primaryImageOfPage":{"@id":"https:\/\/cirasync.com\/es\/interrupciones-de-servicio\/#primaryimage"},"image":{"@id":"https:\/\/cirasync.com\/es\/interrupciones-de-servicio\/#primaryimage"},"thumbnailUrl":"https:\/\/cirasync.com\/wp-content\/uploads\/2019\/05\/default-image-cirasync_p-1.png","datePublished":"2026-03-12T18:09:04+00:00","dateModified":"2026-03-12T18:09:12+00:00","breadcrumb":{"@id":"https:\/\/cirasync.com\/es\/interrupciones-de-servicio\/#breadcrumb"},"inLanguage":"es","potentialAction":[{"@type":"ReadAction","target":["https:\/\/cirasync.com\/es\/interrupciones-de-servicio\/"]}]},{"@type":"ImageObject","inLanguage":"es","@id":"https:\/\/cirasync.com\/es\/interrupciones-de-servicio\/#primaryimage","url":"https:\/\/cirasync.com\/wp-content\/uploads\/2019\/05\/default-image-cirasync_p-1.png","contentUrl":"https:\/\/cirasync.com\/wp-content\/uploads\/2019\/05\/default-image-cirasync_p-1.png","width":1200,"height":630,"caption":"default image cirasync_p"},{"@type":"BreadcrumbList","@id":"https:\/\/cirasync.com\/es\/interrupciones-de-servicio\/#breadcrumb","itemListElement":[{"@type":"ListItem","position":1,"name":"Home","item":"https:\/\/cirasync.com\/es\/home-2024-sp-2-2-2-2\/"},{"@type":"ListItem","position":2,"name":"Interrupciones de servicio CiraSync"}]},{"@type":"WebSite","@id":"https:\/\/cirasync.com\/es\/#website","url":"https:\/\/cirasync.com\/es\/","name":"CiraSync","description":"Sync the Office 365 GAL, public folders and calendars to smartphones.","publisher":{"@id":"https:\/\/cirasync.com\/es\/#organization"},"potentialAction":[{"@type":"SearchAction","target":{"@type":"EntryPoint","urlTemplate":"https:\/\/cirasync.com\/es\/?s={search_term_string}"},"query-input":{"@type":"PropertyValueSpecification","valueRequired":true,"valueName":"search_term_string"}}],"inLanguage":"es"},{"@type":"Organization","@id":"https:\/\/cirasync.com\/es\/#organization","name":"CiraSync","url":"https:\/\/cirasync.com\/es\/","logo":{"@type":"ImageObject","inLanguage":"es","@id":"https:\/\/cirasync.com\/es\/#\/schema\/logo\/image\/","url":"https:\/\/cirasync.com\/wp-content\/uploads\/2019\/07\/CiraSync-Logo-.png","contentUrl":"https:\/\/cirasync.com\/wp-content\/uploads\/2019\/07\/CiraSync-Logo-.png","width":1200,"height":671,"caption":"CiraSync"},"image":{"@id":"https:\/\/cirasync.com\/es\/#\/schema\/logo\/image\/"},"sameAs":["https:\/\/www.facebook.com\/CiraSync\/","https:\/\/x.com\/CiraSync","https:\/\/www.linkedin.com\/company\/cira-apps-limited","https:\/\/www.youtube.com\/channel\/UCdFkOfXlRAWRadzGit3jJZA\/videos"],"description":"CiraSync automatically syncs CRM, contact & calendar data from M365, Exchange & many CRMs to every smartphone.","email":"support@cirasync.com","telephone":"1 (202) 747 0888","legalName":"CiraSync"}]}},"_links":{"self":[{"href":"https:\/\/cirasync.com\/es\/wp-json\/wp\/v2\/pages\/39833","targetHints":{"allow":["GET"]}}],"collection":[{"href":"https:\/\/cirasync.com\/es\/wp-json\/wp\/v2\/pages"}],"about":[{"href":"https:\/\/cirasync.com\/es\/wp-json\/wp\/v2\/types\/page"}],"author":[{"embeddable":true,"href":"https:\/\/cirasync.com\/es\/wp-json\/wp\/v2\/users\/12"}],"replies":[{"embeddable":true,"href":"https:\/\/cirasync.com\/es\/wp-json\/wp\/v2\/comments?post=39833"}],"version-history":[{"count":1,"href":"https:\/\/cirasync.com\/es\/wp-json\/wp\/v2\/pages\/39833\/revisions"}],"predecessor-version":[{"id":68255,"href":"https:\/\/cirasync.com\/es\/wp-json\/wp\/v2\/pages\/39833\/revisions\/68255"}],"wp:featuredmedia":[{"embeddable":true,"href":"https:\/\/cirasync.com\/es\/wp-json\/wp\/v2\/media\/9787"}],"wp:attachment":[{"href":"https:\/\/cirasync.com\/es\/wp-json\/wp\/v2\/media?parent=39833"}],"curies":[{"name":"wp","href":"https:\/\/api.w.org\/{rel}","templated":true}]}}