{"id":26414,"date":"2020-07-18T06:11:44","date_gmt":"2020-07-18T13:11:44","guid":{"rendered":"https:\/\/ciraapps.com\/?page_id=26414"},"modified":"2026-03-13T08:05:01","modified_gmt":"2026-03-13T15:05:01","slug":"case-studies-home","status":"publish","type":"page","link":"https:\/\/cirasync.com\/fr\/case-studies-home\/","title":{"rendered":"\u00c9tudes de cas"},"content":{"rendered":"<p>[et_pb_section fb_built=\u00a0\u00bb1&Prime; _builder_version=\u00a0\u00bb4.16&Prime; global_colors_info=\u00a0\u00bb{}\u00a0\u00bb][et_pb_row _builder_version=\u00a0\u00bb4.16&Prime; custom_padding=\u00a0\u00bb||29px||false|false\u00a0\u00bb global_colors_info=\u00a0\u00bb{}\u00a0\u00bb][et_pb_column type=\u00a0\u00bb4_4&Prime; _builder_version=\u00a0\u00bb4.16&Prime; global_colors_info=\u00a0\u00bb{}\u00a0\u00bb][et_pb_text _builder_version=\u00a0\u00bb4.16&Prime; header_5_font=\u00a0\u00bb|300|on||||||\u00a0\u00bb header_6_font=\u00a0\u00bb|300|on||||||\u00a0\u00bb global_colors_info=\u00a0\u00bb{}\u00a0\u00bb]<\/p>\n<h1 style=\"text-align: center;\"><span class=\"ez-toc-section\" id=\"Nos_clients_economisent_des_centaines_dheures_precieuses_en_informatique\"><\/span>Nos clients \u00e9conomisent des centaines d&rsquo;heures pr\u00e9cieuses en informatique<span class=\"ez-toc-section-end\"><\/span><\/h1>\n<h6 style=\"text-align: center;\">Quelques clients sp\u00e9ciaux<\/h6>\n<p>[\/et_pb_text][\/et_pb_column][\/et_pb_row][et_pb_row column_structure=\u00a0\u00bb1_3,1_3,1_3&Prime; module_id=\u00a0\u00bbCS-hero\u00a0\u00bb _builder_version=\u00a0\u00bb4.16&Prime; max_width=\u00a0\u00bb80%\u00a0\u00bb custom_css_main_element=\u00a0\u00bbtext-align:center\u00a0\u00bb global_colors_info=\u00a0\u00bb{}\u00a0\u00bb width__hover_enabled=\u00a0\u00bbon|desktop\u00a0\u00bb][et_pb_column type=\u00a0\u00bb1_3&Prime; _builder_version=\u00a0\u00bb4.16&Prime; link_option_url=\u00a0\u00bb\/?p=18087&Prime; global_colors_info=\u00a0\u00bb{}\u00a0\u00bb][et_pb_image src=\u00a0\u00bbhttps:\/\/cirasync.com\/wp-content\/uploads\/2019\/11\/Skender-logo.png\u00a0\u00bb url=\u00a0\u00bb\/?p=18087&Prime; url_new_window=\u00a0\u00bbon\u00a0\u00bb module_class=\u00a0\u00bblogo\u00a0\u00bb _builder_version=\u00a0\u00bb4.16&Prime; global_colors_info=\u00a0\u00bb{}\u00a0\u00bb][\/et_pb_image][et_pb_image src=\u00a0\u00bbhttps:\/\/cirasync.com\/wp-content\/uploads\/2019\/12\/Skender-featured.jpg\u00a0\u00bb url=\u00a0\u00bb\/?p=18087&Prime; url_new_window=\u00a0\u00bbon\u00a0\u00bb _builder_version=\u00a0\u00bb4.16&Prime; global_colors_info=\u00a0\u00bb{}\u00a0\u00bb][\/et_pb_image][et_pb_text _builder_version=\u00a0\u00bb4.16&Prime; global_colors_info=\u00a0\u00bb{}\u00a0\u00bb]<\/p>\n<h2><span class=\"ez-toc-section\" id=\"Skender_economise_plus_de_1500_heures_par_an_sur_des_taches_informatiques_avec_CiraSync\"><\/span>Skender \u00e9conomise plus de 1500 heures par an sur des t\u00e2ches informatiques avec CiraSync<span class=\"ez-toc-section-end\"><\/span><\/h2>\n<p>Lorsqu&rsquo;un nouvel utilisateur nous rejoint, nous n&rsquo;avons m\u00eame pas \u00e0 y penser car tout est pris en charge&#8230;..<\/p>\n<p><a href=\"https:\/\/cirasync.com\/fr\/etudes-de-cas\/chicago-construction-company-contact-sync-2\/\">Read\u00a0Case Study <span class=\"et-pb-icon\">&amp;<\/span><\/a>[\/et_pb_text][\/et_pb_column][et_pb_column type=\u00a0\u00bb1_3&Prime; _builder_version=\u00a0\u00bb4.16&Prime; link_option_url=\u00a0\u00bb\/?p=18325&Prime; global_colors_info=\u00a0\u00bb{}\u00a0\u00bb][et_pb_image src=\u00a0\u00bbhttps:\/\/cirasync.com\/wp-content\/uploads\/2019\/12\/The-Morse-Group-logo.png\u00a0\u00bb module_class=\u00a0\u00bblogo\u00a0\u00bb _builder_version=\u00a0\u00bb4.16&Prime; global_colors_info=\u00a0\u00bb{}\u00a0\u00bb][\/et_pb_image][et_pb_image src=\u00a0\u00bbhttps:\/\/cirasync.com\/wp-content\/uploads\/2019\/12\/The-Morse-Group-featured.jpg\u00a0\u00bb _builder_version=\u00a0\u00bb4.16&Prime; global_colors_info=\u00a0\u00bb{}\u00a0\u00bb][\/et_pb_image][et_pb_text _builder_version=\u00a0\u00bb4.16&Prime; global_colors_info=\u00a0\u00bb{}\u00a0\u00bb]<\/p>\n<h2><span class=\"ez-toc-section\" id=\"The_Morse_Group_economise_plus_de_500_heures_par_an_sur_des_taches_informatiques_avec_CiraSync\"><\/span>The Morse Group \u00e9conomise plus de 500 heures par an sur des t\u00e2ches informatiques avec CiraSync<span class=\"ez-toc-section-end\"><\/span><\/h2>\n<p>{CiraSync est une plateforme que nous trouvons indispensable; aucune autre plateforme n&rsquo;approche la synchronisation de&#8230;&#8230;<\/p>\n<p><a href=\"https:\/\/cirasync.com\/fr\/etudes-de-cas\/morse-group-automated-contact-sync\/\">Read\u00a0Case Study <span class=\"et-pb-icon\">&amp;<\/span><\/a>[\/et_pb_text][\/et_pb_column][et_pb_column type=\u00a0\u00bb1_3&Prime; _builder_version=\u00a0\u00bb4.16&Prime; link_option_url=\u00a0\u00bb\/?p=18087&Prime; global_colors_info=\u00a0\u00bb{}\u00a0\u00bb][et_pb_image src=\u00a0\u00bbhttps:\/\/cirasync.com\/wp-content\/uploads\/2020\/01\/download.png\u00a0\u00bb module_class=\u00a0\u00bblogo\u00a0\u00bb _builder_version=\u00a0\u00bb4.16&Prime; global_colors_info=\u00a0\u00bb{}\u00a0\u00bb][\/et_pb_image][et_pb_image src=\u00a0\u00bbhttps:\/\/cirasync.com\/wp-content\/uploads\/2019\/08\/Non-Profit-Office-365-Public-Folder-Sync-1200&#215;630.jpg\u00a0\u00bb url=\u00a0\u00bb\/?p=13055&Prime; url_new_window=\u00a0\u00bbon\u00a0\u00bb _builder_version=\u00a0\u00bb4.16&Prime; global_colors_info=\u00a0\u00bb{}\u00a0\u00bb][\/et_pb_image][et_pb_text _builder_version=\u00a0\u00bb4.16&Prime; link_option_url=\u00a0\u00bb\/?p=13055&Prime; global_colors_info=\u00a0\u00bb{}\u00a0\u00bb]<\/p>\n<h2><span class=\"ez-toc-section\" id=\"Organisation_de_conservation_a_but_non_lucratif_canadienne_resout_les_problemes_de_synchronisation_des_contacts\"><\/span>Organisation de conservation \u00e0 but non lucratif canadienne r\u00e9sout les probl\u00e8mes de synchronisation des contacts<span class=\"ez-toc-section-end\"><\/span><\/h2>\n<p>{J&rsquo;ai contact\u00e9 le personnel d&rsquo;assistance amical et serviable de Cira Apps pour m&rsquo;aider \u00e0 configurer CiraSync, et &#8230;<\/p>\n<p><a href=\"https:\/\/cirasync.com\/fr\/etudes-de-cas\/non-profit-office-365-public-folder-sync\/\">Read\u00a0Case Study <span class=\"et-pb-icon\">&amp;<\/span><\/a>[\/et_pb_text][\/et_pb_column][\/et_pb_row][\/et_pb_section][et_pb_section fb_built=\u00a0\u00bb1&Prime; _builder_version=\u00a0\u00bb4.16&Prime; background_enable_color=\u00a0\u00bboff\u00a0\u00bb custom_padding=\u00a0\u00bb7px|0px|0|0px|false|false\u00a0\u00bb global_colors_info=\u00a0\u00bb{}\u00a0\u00bb][et_pb_row _builder_version=\u00a0\u00bb4.16&Prime; global_colors_info=\u00a0\u00bb{}\u00a0\u00bb][et_pb_column type=\u00a0\u00bb4_4&Prime; _builder_version=\u00a0\u00bb4.16&Prime; custom_padding=\u00a0\u00bb|||\u00a0\u00bb global_colors_info=\u00a0\u00bb{}\u00a0\u00bb custom_padding__hover=\u00a0\u00bb|||\u00a0\u00bb][et_pb_text _builder_version=\u00a0\u00bb4.16&Prime; text_font=\u00a0\u00bb||||||||\u00a0\u00bb background_layout=\u00a0\u00bbdark\u00a0\u00bb global_colors_info=\u00a0\u00bb{}\u00a0\u00bb]<\/p>\n<h2 style=\"text-align: center;\"><span class=\"ez-toc-section\" id=\"Plus_detudes_de_cas\"><\/span><span style=\"color: #37474f;\">Plus d&rsquo;\u00e9tudes de cas<\/span><span class=\"ez-toc-section-end\"><\/span><\/h2>\n<p>[\/et_pb_text][\/et_pb_column][\/et_pb_row][\/et_pb_section][et_pb_section fb_built=\u00a0\u00bb1&Prime; admin_label=\u00a0\u00bbBlog Section\u00a0\u00bb _builder_version=\u00a0\u00bb4.16&Prime; background_enable_color=\u00a0\u00bboff\u00a0\u00bb background_position=\u00a0\u00bbbottom_center\u00a0\u00bb custom_margin=\u00a0\u00bb|||\u00a0\u00bb custom_padding=\u00a0\u00bb0px||||false|false\u00a0\u00bb global_colors_info=\u00a0\u00bb{}\u00a0\u00bb][et_pb_row admin_label=\u00a0\u00bbBlog Area\u00a0\u00bb _builder_version=\u00a0\u00bb4.16&Prime; custom_padding=\u00a0\u00bb||10px|\u00a0\u00bb global_colors_info=\u00a0\u00bb{}\u00a0\u00bb][et_pb_column type=\u00a0\u00bb4_4&Prime; _builder_version=\u00a0\u00bb4.16&Prime; custom_padding=\u00a0\u00bb|||\u00a0\u00bb global_colors_info=\u00a0\u00bb{}\u00a0\u00bb custom_padding__hover=\u00a0\u00bb|||\u00a0\u00bb][et_pb_blog fullwidth=\u00a0\u00bboff\u00a0\u00bb posts_number=\u00a0\u00bb6&Prime; include_categories=\u00a0\u00bb1363&Prime; use_manual_excerpt=\u00a0\u00bboff\u00a0\u00bb show_author=\u00a0\u00bboff\u00a0\u00bb show_categories=\u00a0\u00bboff\u00a0\u00bb show_excerpt=\u00a0\u00bboff\u00a0\u00bb offset_number=\u00a0\u00bb1&Prime; use_overlay=\u00a0\u00bbon\u00a0\u00bb module_id=\u00a0\u00bbcase-study-index\u00a0\u00bb _builder_version=\u00a0\u00bb4.16&Prime; header_level=\u00a0\u00bbh4&Prime; header_font=\u00a0\u00bbPoppins|600|||||||\u00a0\u00bb header_font_size=\u00a0\u00bb20px\u00a0\u00bb header_letter_spacing=\u00a0\u00bb0.5px\u00a0\u00bb header_line_height=\u00a0\u00bb1.2em\u00a0\u00bb body_font=\u00a0\u00bbPoppins||||||||\u00a0\u00bb body_line_height=\u00a0\u00bb1.8em\u00a0\u00bb meta_font=\u00a0\u00bbPoppins||||||||\u00a0\u00bb meta_text_color=\u00a0\u00bb#9e9e9e\u00a0\u00bb meta_font_size=\u00a0\u00bb16px\u00a0\u00bb pagination_font=\u00a0\u00bbPoppins||||||||\u00a0\u00bb pagination_text_color=\u00a0\u00bb#1ecfaa\u00a0\u00bb pagination_font_size=\u00a0\u00bb16px\u00a0\u00bb custom_margin=\u00a0\u00bb||100px\u00a0\u00bb custom_margin_tablet=\u00a0\u00bb\u00a0\u00bb custom_margin_phone=\u00a0\u00bb\u00a0\u00bb custom_margin_last_edited=\u00a0\u00bbon|phone\u00a0\u00bb border_width_all=\u00a0\u00bb0px\u00a0\u00bb global_colors_info=\u00a0\u00bb{}\u00a0\u00bb][\/et_pb_blog][\/et_pb_column][\/et_pb_row][\/et_pb_section][et_pb_section fb_built=\u00a0\u00bb1&Prime; _builder_version=\u00a0\u00bb4.16&Prime; background_color=\u00a0\u00bb#f3fbff\u00a0\u00bb global_colors_info=\u00a0\u00bb{}\u00a0\u00bb][et_pb_row _builder_version=\u00a0\u00bb4.16&Prime; global_colors_info=\u00a0\u00bb{}\u00a0\u00bb][et_pb_column type=\u00a0\u00bb4_4&Prime; _builder_version=\u00a0\u00bb4.16&Prime; global_colors_info=\u00a0\u00bb{}\u00a0\u00bb][et_pb_text _builder_version=\u00a0\u00bb4.16&Prime; global_colors_info=\u00a0\u00bb{}\u00a0\u00bb]<\/p>\n<h4 style=\"text-align: center;\">Plus de ressources<\/h4>\n<p>[\/et_pb_text][\/et_pb_column][\/et_pb_row][et_pb_row column_structure=\u00a0\u00bb1_5,1_5,1_5,1_5,1_5&Prime; _builder_version=\u00a0\u00bb4.16&Prime; global_colors_info=\u00a0\u00bb{}\u00a0\u00bb][et_pb_column type=\u00a0\u00bb1_5&Prime; _builder_version=\u00a0\u00bb4.16&Prime; global_colors_info=\u00a0\u00bb{}\u00a0\u00bb][et_pb_image src=\u00a0\u00bbhttps:\/\/cirasync.com\/wp-content\/uploads\/\/2019\/10\/videos.svg\u00a0\u00bb url=\u00a0\u00bbhttp:\/\/cirasync.com\/videos-fr\/?lang=fr\u00a0\u00bb align=\u00a0\u00bbcenter\u00a0\u00bb _builder_version=\u00a0\u00bb4.16&Prime; global_colors_info=\u00a0\u00bb{}\u00a0\u00bb][\/et_pb_image][et_pb_text _builder_version=\u00a0\u00bb4.16&Prime; link_option_url=\u00a0\u00bbhttp:\/\/cirasync.com\/videos-fr\/?lang=fr\u00a0\u00bb global_colors_info=\u00a0\u00bb{}\u00a0\u00bb]<\/p>\n<h6 style=\"text-align: center;\">Vid\u00e9os<\/h6>\n<p>[\/et_pb_text][\/et_pb_column][et_pb_column type=\u00a0\u00bb1_5&Prime; _builder_version=\u00a0\u00bb4.16&Prime; global_colors_info=\u00a0\u00bb{}\u00a0\u00bb][et_pb_image src=\u00a0\u00bbhttps:\/\/cirasync.com\/wp-content\/uploads\/\/2019\/10\/ebook.svg\u00a0\u00bb url=\u00a0\u00bbhttp:\/\/cirasync.com\/ebooks-fr\/?lang=fr\u00a0\u00bb align=\u00a0\u00bbcenter\u00a0\u00bb _builder_version=\u00a0\u00bb4.16&Prime; global_colors_info=\u00a0\u00bb{}\u00a0\u00bb][\/et_pb_image][et_pb_text _builder_version=\u00a0\u00bb4.16&Prime; link_option_url=\u00a0\u00bbhttp:\/\/cirasync.com\/ebooks-fr\/?lang=fr\u00a0\u00bb global_colors_info=\u00a0\u00bb{}\u00a0\u00bb]<\/p>\n<h6 style=\"text-align: center;\">Ebooks<\/h6>\n<p>[\/et_pb_text][\/et_pb_column][et_pb_column type=\u00a0\u00bb1_5&Prime; _builder_version=\u00a0\u00bb4.16&Prime; global_colors_info=\u00a0\u00bb{}\u00a0\u00bb][et_pb_image src=\u00a0\u00bbhttps:\/\/cirasync.com\/wp-content\/uploads\/\/2019\/10\/case-study4.svg\u00a0\u00bb url=\u00a0\u00bbhttps:\/\/cirasync.com\/fr\/case-studies-home\/?lang=fr\u00a0\u00bb align=\u00a0\u00bbcenter\u00a0\u00bb _builder_version=\u00a0\u00bb4.16&Prime; global_colors_info=\u00a0\u00bb{}\u00a0\u00bb][\/et_pb_image][et_pb_text _builder_version=\u00a0\u00bb4.16&Prime; link_option_url=\u00a0\u00bbhttps:\/\/cirasync.com\/fr\/case-studies-home\/?lang=fr\u00a0\u00bb global_colors_info=\u00a0\u00bb{}\u00a0\u00bb]<\/p>\n<h6 style=\"text-align: center;\">\u00c9tudes de cas<\/h6>\n<p>[\/et_pb_text][\/et_pb_column][et_pb_column type=\u00a0\u00bb1_5&Prime; _builder_version=\u00a0\u00bb4.16&Prime; global_colors_info=\u00a0\u00bb{}\u00a0\u00bb][et_pb_image src=\u00a0\u00bbhttps:\/\/cirasync.com\/wp-content\/uploads\/\/2019\/10\/testimonial.svg\u00a0\u00bb url=\u00a0\u00bbhttps:\/\/cirasync.com\/fr\/testimonials\/?lang=fr\u00a0\u00bb align=\u00a0\u00bbcenter\u00a0\u00bb _builder_version=\u00a0\u00bb4.16&Prime; global_colors_info=\u00a0\u00bb{}\u00a0\u00bb][\/et_pb_image][et_pb_text _builder_version=\u00a0\u00bb4.16&Prime; link_option_url=\u00a0\u00bbhttps:\/\/cirasync.com\/fr\/testimonials\/?lang=fr\u00a0\u00bb global_colors_info=\u00a0\u00bb{}\u00a0\u00bb]<\/p>\n<h6 style=\"text-align: center;\">T\u00e9moignages<\/h6>\n<p>[\/et_pb_text][\/et_pb_column][et_pb_column type=\u00a0\u00bb1_5&Prime; _builder_version=\u00a0\u00bb4.16&Prime; global_colors_info=\u00a0\u00bb{}\u00a0\u00bb][et_pb_image src=\u00a0\u00bbhttps:\/\/cirasync.com\/wp-content\/uploads\/\/2019\/10\/support2.svg\u00a0\u00bb url=\u00a0\u00bbhttps:\/\/cirasync.com\/fr\/support-home\/\u00a0\u00bb align=\u00a0\u00bbcenter\u00a0\u00bb _builder_version=\u00a0\u00bb4.16&Prime; global_colors_info=\u00a0\u00bb{}\u00a0\u00bb][\/et_pb_image][et_pb_text _builder_version=\u00a0\u00bb4.16&Prime; link_option_url=\u00a0\u00bbhttps:\/\/cirasync.com\/fr\/support-home\/\u00a0\u00bb global_colors_info=\u00a0\u00bb{}\u00a0\u00bb]<\/p>\n<h6 style=\"text-align: center;\">Assistance<\/h6>\n<p>[\/et_pb_text][\/et_pb_column][\/et_pb_row][\/et_pb_section]<\/p>\n","protected":false},"excerpt":{"rendered":"<p>Nos clients \u00e9conomisent des centaines d&rsquo;heures pr\u00e9cieuses en informatique Quelques clients sp\u00e9ciauxSkender \u00e9conomise plus de 1500 heures par an sur des t\u00e2ches informatiques avec CiraSync Lorsqu&rsquo;un nouvel utilisateur nous rejoint, nous n&rsquo;avons m\u00eame pas \u00e0 y penser car tout est pris en charge&#8230;.. Read\u00a0Case Study &amp;The Morse Group \u00e9conomise plus de 500 heures par an [&hellip;]<\/p>\n","protected":false},"author":3,"featured_media":25470,"parent":0,"menu_order":0,"comment_status":"closed","ping_status":"closed","template":"","meta":{"_et_pb_use_builder":"on","_et_pb_old_content":"","_et_gb_content_width":"","_nextfly_llmd_date_locked":false,"footnotes":""},"class_list":["post-26414","page","type-page","status-publish","has-post-thumbnail","hentry"],"yoast_head":"<!-- This site is optimized with the Yoast SEO Premium plugin v27.1 (Yoast SEO v27.1.1) - https:\/\/yoast.com\/product\/yoast-seo-premium-wordpress\/ -->\n<title>\u00c9tudes de cas &#8212; CiraSync<\/title>\n<meta name=\"description\" content=\"\u00c9tudes de cas CiraSync: Voyez comment les entreprises \u00e9conomisent temps et argent avec la synchronisation automatique.\" \/>\n<meta name=\"robots\" content=\"index, follow, max-snippet:-1, max-image-preview:large, max-video-preview:-1\" \/>\n<link rel=\"canonical\" href=\"https:\/\/cirasync.com\/fr\/case-studies-home\/\" \/>\n<meta property=\"og:locale\" content=\"fr_FR\" \/>\n<meta property=\"og:type\" content=\"article\" \/>\n<meta property=\"og:title\" content=\"\u00c9tudes de cas\" \/>\n<meta property=\"og:description\" content=\"\u00c9tudes de cas CiraSync: Voyez comment les entreprises \u00e9conomisent temps et argent avec la synchronisation automatique.\" \/>\n<meta property=\"og:url\" content=\"https:\/\/cirasync.com\/fr\/case-studies-home\/\" \/>\n<meta property=\"og:site_name\" content=\"CiraSync\" \/>\n<meta property=\"article:publisher\" content=\"https:\/\/www.facebook.com\/CiraSync\/\" \/>\n<meta property=\"article:modified_time\" content=\"2026-03-13T15:05:01+00:00\" \/>\n<meta property=\"og:image\" content=\"https:\/\/cirasync.com\/wp-content\/uploads\/2019\/07\/case-studies-social.jpg\" \/>\n<meta name=\"twitter:card\" content=\"summary_large_image\" \/>\n<meta name=\"twitter:site\" content=\"@CiraSync\" \/>\n<meta name=\"twitter:label1\" content=\"Dur\u00e9e de lecture estim\u00e9e\" \/>\n\t<meta name=\"twitter:data1\" content=\"6 minutes\" \/>\n<script type=\"application\/ld+json\" class=\"yoast-schema-graph\">{\"@context\":\"https:\/\/schema.org\",\"@graph\":[{\"@type\":\"WebPage\",\"@id\":\"https:\/\/cirasync.com\/fr\/case-studies-home\/\",\"url\":\"https:\/\/cirasync.com\/fr\/case-studies-home\/\",\"name\":\"\u00c9tudes de cas &#8212; CiraSync\",\"isPartOf\":{\"@id\":\"https:\/\/cirasync.com\/fr\/#website\"},\"primaryImageOfPage\":{\"@id\":\"https:\/\/cirasync.com\/fr\/case-studies-home\/#primaryimage\"},\"image\":{\"@id\":\"https:\/\/cirasync.com\/fr\/case-studies-home\/#primaryimage\"},\"thumbnailUrl\":\"https:\/\/cirasync.com\/wp-content\/uploads\/2019\/05\/default-image-cirasync_p-1.png\",\"datePublished\":\"2020-07-18T13:11:44+00:00\",\"dateModified\":\"2026-03-13T15:05:01+00:00\",\"description\":\"\u00c9tudes de cas CiraSync: Voyez comment les entreprises \u00e9conomisent temps et argent avec la synchronisation automatique.\",\"breadcrumb\":{\"@id\":\"https:\/\/cirasync.com\/fr\/case-studies-home\/#breadcrumb\"},\"inLanguage\":\"fr-FR\",\"potentialAction\":[{\"@type\":\"ReadAction\",\"target\":[\"https:\/\/cirasync.com\/fr\/case-studies-home\/\"]}]},{\"@type\":\"ImageObject\",\"inLanguage\":\"fr-FR\",\"@id\":\"https:\/\/cirasync.com\/fr\/case-studies-home\/#primaryimage\",\"url\":\"https:\/\/cirasync.com\/wp-content\/uploads\/2019\/05\/default-image-cirasync_p-1.png\",\"contentUrl\":\"https:\/\/cirasync.com\/wp-content\/uploads\/2019\/05\/default-image-cirasync_p-1.png\",\"width\":1200,\"height\":630,\"caption\":\"default image cirasync_p\"},{\"@type\":\"BreadcrumbList\",\"@id\":\"https:\/\/cirasync.com\/fr\/case-studies-home\/#breadcrumb\",\"itemListElement\":[{\"@type\":\"ListItem\",\"position\":1,\"name\":\"Home\",\"item\":\"https:\/\/cirasync.com\/fr\/\"},{\"@type\":\"ListItem\",\"position\":2,\"name\":\"\u00c9tudes de cas\"}]},{\"@type\":\"WebSite\",\"@id\":\"https:\/\/cirasync.com\/fr\/#website\",\"url\":\"https:\/\/cirasync.com\/fr\/\",\"name\":\"CiraSync\",\"description\":\"Sync the Office 365 GAL, public folders and calendars to smartphones.\",\"publisher\":{\"@id\":\"https:\/\/cirasync.com\/fr\/#organization\"},\"potentialAction\":[{\"@type\":\"SearchAction\",\"target\":{\"@type\":\"EntryPoint\",\"urlTemplate\":\"https:\/\/cirasync.com\/fr\/?s={search_term_string}\"},\"query-input\":{\"@type\":\"PropertyValueSpecification\",\"valueRequired\":true,\"valueName\":\"search_term_string\"}}],\"inLanguage\":\"fr-FR\"},{\"@type\":\"Organization\",\"@id\":\"https:\/\/cirasync.com\/fr\/#organization\",\"name\":\"CiraSync\",\"url\":\"https:\/\/cirasync.com\/fr\/\",\"logo\":{\"@type\":\"ImageObject\",\"inLanguage\":\"fr-FR\",\"@id\":\"https:\/\/cirasync.com\/fr\/#\/schema\/logo\/image\/\",\"url\":\"https:\/\/cirasync.com\/wp-content\/uploads\/2019\/07\/CiraSync-Logo-.png\",\"contentUrl\":\"https:\/\/cirasync.com\/wp-content\/uploads\/2019\/07\/CiraSync-Logo-.png\",\"width\":1200,\"height\":671,\"caption\":\"CiraSync\"},\"image\":{\"@id\":\"https:\/\/cirasync.com\/fr\/#\/schema\/logo\/image\/\"},\"sameAs\":[\"https:\/\/www.facebook.com\/CiraSync\/\",\"https:\/\/x.com\/CiraSync\",\"https:\/\/www.linkedin.com\/company\/cira-apps-limited\",\"https:\/\/www.youtube.com\/channel\/UCdFkOfXlRAWRadzGit3jJZA\/videos\"],\"description\":\"CiraSync automatically syncs CRM, contact & calendar data from M365, Exchange & many CRMs to every smartphone.\",\"email\":\"support@cirasync.com\",\"telephone\":\"1 (202) 747 0888\",\"legalName\":\"CiraSync\"}]}<\/script>\n<!-- \/ Yoast SEO Premium plugin. -->","yoast_head_json":{"title":"\u00c9tudes de cas &#8212; CiraSync","description":"\u00c9tudes de cas CiraSync: Voyez comment les entreprises \u00e9conomisent temps et argent avec la synchronisation automatique.","robots":{"index":"index","follow":"follow","max-snippet":"max-snippet:-1","max-image-preview":"max-image-preview:large","max-video-preview":"max-video-preview:-1"},"canonical":"https:\/\/cirasync.com\/fr\/case-studies-home\/","og_locale":"fr_FR","og_type":"article","og_title":"\u00c9tudes de cas","og_description":"\u00c9tudes de cas CiraSync: Voyez comment les entreprises \u00e9conomisent temps et argent avec la synchronisation automatique.","og_url":"https:\/\/cirasync.com\/fr\/case-studies-home\/","og_site_name":"CiraSync","article_publisher":"https:\/\/www.facebook.com\/CiraSync\/","article_modified_time":"2026-03-13T15:05:01+00:00","og_image":[{"url":"https:\/\/cirasync.com\/wp-content\/uploads\/2019\/07\/case-studies-social.jpg","type":"","width":"","height":""}],"twitter_card":"summary_large_image","twitter_site":"@CiraSync","twitter_misc":{"Dur\u00e9e de lecture estim\u00e9e":"6 minutes"},"schema":{"@context":"https:\/\/schema.org","@graph":[{"@type":"WebPage","@id":"https:\/\/cirasync.com\/fr\/case-studies-home\/","url":"https:\/\/cirasync.com\/fr\/case-studies-home\/","name":"\u00c9tudes de cas &#8212; CiraSync","isPartOf":{"@id":"https:\/\/cirasync.com\/fr\/#website"},"primaryImageOfPage":{"@id":"https:\/\/cirasync.com\/fr\/case-studies-home\/#primaryimage"},"image":{"@id":"https:\/\/cirasync.com\/fr\/case-studies-home\/#primaryimage"},"thumbnailUrl":"https:\/\/cirasync.com\/wp-content\/uploads\/2019\/05\/default-image-cirasync_p-1.png","datePublished":"2020-07-18T13:11:44+00:00","dateModified":"2026-03-13T15:05:01+00:00","description":"\u00c9tudes de cas CiraSync: Voyez comment les entreprises \u00e9conomisent temps et argent avec la synchronisation automatique.","breadcrumb":{"@id":"https:\/\/cirasync.com\/fr\/case-studies-home\/#breadcrumb"},"inLanguage":"fr-FR","potentialAction":[{"@type":"ReadAction","target":["https:\/\/cirasync.com\/fr\/case-studies-home\/"]}]},{"@type":"ImageObject","inLanguage":"fr-FR","@id":"https:\/\/cirasync.com\/fr\/case-studies-home\/#primaryimage","url":"https:\/\/cirasync.com\/wp-content\/uploads\/2019\/05\/default-image-cirasync_p-1.png","contentUrl":"https:\/\/cirasync.com\/wp-content\/uploads\/2019\/05\/default-image-cirasync_p-1.png","width":1200,"height":630,"caption":"default image cirasync_p"},{"@type":"BreadcrumbList","@id":"https:\/\/cirasync.com\/fr\/case-studies-home\/#breadcrumb","itemListElement":[{"@type":"ListItem","position":1,"name":"Home","item":"https:\/\/cirasync.com\/fr\/"},{"@type":"ListItem","position":2,"name":"\u00c9tudes de cas"}]},{"@type":"WebSite","@id":"https:\/\/cirasync.com\/fr\/#website","url":"https:\/\/cirasync.com\/fr\/","name":"CiraSync","description":"Sync the Office 365 GAL, public folders and calendars to smartphones.","publisher":{"@id":"https:\/\/cirasync.com\/fr\/#organization"},"potentialAction":[{"@type":"SearchAction","target":{"@type":"EntryPoint","urlTemplate":"https:\/\/cirasync.com\/fr\/?s={search_term_string}"},"query-input":{"@type":"PropertyValueSpecification","valueRequired":true,"valueName":"search_term_string"}}],"inLanguage":"fr-FR"},{"@type":"Organization","@id":"https:\/\/cirasync.com\/fr\/#organization","name":"CiraSync","url":"https:\/\/cirasync.com\/fr\/","logo":{"@type":"ImageObject","inLanguage":"fr-FR","@id":"https:\/\/cirasync.com\/fr\/#\/schema\/logo\/image\/","url":"https:\/\/cirasync.com\/wp-content\/uploads\/2019\/07\/CiraSync-Logo-.png","contentUrl":"https:\/\/cirasync.com\/wp-content\/uploads\/2019\/07\/CiraSync-Logo-.png","width":1200,"height":671,"caption":"CiraSync"},"image":{"@id":"https:\/\/cirasync.com\/fr\/#\/schema\/logo\/image\/"},"sameAs":["https:\/\/www.facebook.com\/CiraSync\/","https:\/\/x.com\/CiraSync","https:\/\/www.linkedin.com\/company\/cira-apps-limited","https:\/\/www.youtube.com\/channel\/UCdFkOfXlRAWRadzGit3jJZA\/videos"],"description":"CiraSync automatically syncs CRM, contact & calendar data from M365, Exchange & many CRMs to every smartphone.","email":"support@cirasync.com","telephone":"1 (202) 747 0888","legalName":"CiraSync"}]}},"_links":{"self":[{"href":"https:\/\/cirasync.com\/fr\/wp-json\/wp\/v2\/pages\/26414","targetHints":{"allow":["GET"]}}],"collection":[{"href":"https:\/\/cirasync.com\/fr\/wp-json\/wp\/v2\/pages"}],"about":[{"href":"https:\/\/cirasync.com\/fr\/wp-json\/wp\/v2\/types\/page"}],"author":[{"embeddable":true,"href":"https:\/\/cirasync.com\/fr\/wp-json\/wp\/v2\/users\/3"}],"replies":[{"embeddable":true,"href":"https:\/\/cirasync.com\/fr\/wp-json\/wp\/v2\/comments?post=26414"}],"version-history":[{"count":2,"href":"https:\/\/cirasync.com\/fr\/wp-json\/wp\/v2\/pages\/26414\/revisions"}],"predecessor-version":[{"id":68348,"href":"https:\/\/cirasync.com\/fr\/wp-json\/wp\/v2\/pages\/26414\/revisions\/68348"}],"wp:featuredmedia":[{"embeddable":true,"href":"https:\/\/cirasync.com\/fr\/wp-json\/wp\/v2\/media\/25470"}],"wp:attachment":[{"href":"https:\/\/cirasync.com\/fr\/wp-json\/wp\/v2\/media?parent=26414"}],"curies":[{"name":"wp","href":"https:\/\/api.w.org\/{rel}","templated":true}]}}