{"id":26708,"date":"2020-07-29T01:51:47","date_gmt":"2020-07-29T08:51:47","guid":{"rendered":"https:\/\/ciraapps.com\/?page_id=26708"},"modified":"2026-01-14T19:19:51","modified_gmt":"2026-01-15T02:19:51","slug":"assistance-merci","status":"publish","type":"page","link":"https:\/\/cirasync.com\/fr\/assistance-merci\/","title":{"rendered":"Contactez-nous &#8211; Merci"},"content":{"rendered":"<p>[et_pb_section fb_built=\u00a0\u00bb1&Prime; _builder_version=\u00a0\u00bb4.16&Prime; global_colors_info=\u00a0\u00bb{}\u00a0\u00bb][et_pb_row _builder_version=\u00a0\u00bb4.16&Prime; global_colors_info=\u00a0\u00bb{}\u00a0\u00bb][et_pb_column type=\u00a0\u00bb4_4&Prime; _builder_version=\u00a0\u00bb4.16&Prime; custom_padding=\u00a0\u00bb|||\u00a0\u00bb global_colors_info=\u00a0\u00bb{}\u00a0\u00bb custom_padding__hover=\u00a0\u00bb|||\u00a0\u00bb][et_pb_text _builder_version=\u00a0\u00bb4.16&Prime; text_font=\u00a0\u00bb||||||||\u00a0\u00bb header_font=\u00a0\u00bb||||||||\u00a0\u00bb header_text_align=\u00a0\u00bbcenter\u00a0\u00bb text_orientation=\u00a0\u00bbcenter\u00a0\u00bb global_colors_info=\u00a0\u00bb{}\u00a0\u00bb]<\/p>\n<h1 style=\"color: #1ecfaa;\"><span class=\"ez-toc-section\" id=\"%EE%81%92\"><\/span><span class=\"et-pb-icon\">\ue052<\/span><span class=\"ez-toc-section-end\"><\/span><\/h1>\n<h1><span class=\"ez-toc-section\" id=\"Merci_de_nous_avoir_contacte\"><\/span>Merci de nous avoir contact\u00e9 !<span class=\"ez-toc-section-end\"><\/span><\/h1>\n<p>nous vous contacterons sous peu.[\/et_pb_text][\/et_pb_column][\/et_pb_row][\/et_pb_section][et_pb_section fb_built=\u00a0\u00bb1&Prime; _builder_version=\u00a0\u00bb4.16&Prime; background_color=\u00a0\u00bb#f5f5f5&Prime; global_colors_info=\u00a0\u00bb{}\u00a0\u00bb][et_pb_row _builder_version=\u00a0\u00bb4.16&Prime; global_colors_info=\u00a0\u00bb{}\u00a0\u00bb][et_pb_column type=\u00a0\u00bb4_4&Prime; _builder_version=\u00a0\u00bb4.16&Prime; custom_padding=\u00a0\u00bb|||\u00a0\u00bb global_colors_info=\u00a0\u00bb{}\u00a0\u00bb custom_padding__hover=\u00a0\u00bb|||\u00a0\u00bb][et_pb_text _builder_version=\u00a0\u00bb4.16&Prime; text_font=\u00a0\u00bb||||||||\u00a0\u00bb text_orientation=\u00a0\u00bbcenter\u00a0\u00bb global_colors_info=\u00a0\u00bb{}\u00a0\u00bb]<\/p>\n<h4>Liens utiles<\/h4>\n<p><a href=\"\/\">Accueil<\/a><br \/>\n<a href=\"http:\/\/cirasync.com\/support-home\/?lang=fr\">Assistance<\/a><br \/>\n<a href=\"http:\/\/cirasync.com\/contactez-nous\/?lang=fr&amp;lang=fr\">Contactez-nous<\/a>[\/et_pb_text][\/et_pb_column][\/et_pb_row][\/et_pb_section]<\/p>\n","protected":false},"excerpt":{"rendered":"<p>\ue052 Merci de nous avoir contact\u00e9 ! nous vous contacterons sous peu.Liens utiles Accueil Assistance Contactez-nous<\/p>\n","protected":false},"author":12,"featured_media":9787,"parent":0,"menu_order":0,"comment_status":"closed","ping_status":"closed","template":"","meta":{"_et_pb_use_builder":"on","_et_pb_old_content":"","_et_gb_content_width":"","_nextfly_llmd_date_locked":false,"footnotes":""},"class_list":["post-26708","page","type-page","status-publish","has-post-thumbnail","hentry"],"yoast_head":"<!-- This site is optimized with the Yoast SEO Premium plugin v27.1 (Yoast SEO v27.4) - https:\/\/yoast.com\/product\/yoast-seo-premium-wordpress\/ -->\n<title>Contactez-nous - Merci &#8212; CiraSync<\/title>\n<meta name=\"description\" content=\"Merci ! Votre demande d\u2019assistance a \u00e9t\u00e9 envoy\u00e9e \u00e0 Cirasync. Nous revenons vers vous rapidement.\" \/>\n<meta name=\"robots\" content=\"index, follow, max-snippet:-1, max-image-preview:large, max-video-preview:-1\" \/>\n<link rel=\"canonical\" href=\"https:\/\/cirasync.com\/fr\/assistance-merci\/\" \/>\n<meta property=\"og:locale\" content=\"fr_FR\" \/>\n<meta property=\"og:type\" content=\"article\" \/>\n<meta property=\"og:title\" content=\"Contactez-nous - Merci\" \/>\n<meta property=\"og:description\" content=\"Merci ! Votre demande d\u2019assistance a \u00e9t\u00e9 envoy\u00e9e \u00e0 Cirasync. Nous revenons vers vous rapidement.\" \/>\n<meta property=\"og:url\" content=\"https:\/\/cirasync.com\/fr\/assistance-merci\/\" \/>\n<meta property=\"og:site_name\" content=\"CiraSync\" \/>\n<meta property=\"article:publisher\" content=\"https:\/\/www.facebook.com\/CiraSync\/\" \/>\n<meta property=\"article:modified_time\" content=\"2026-01-15T02:19:51+00:00\" \/>\n<meta property=\"og:image\" content=\"https:\/\/cirasync.com\/wp-content\/uploads\/2019\/04\/Cirasync_share_1200x630-01.png\" \/>\n\t<meta property=\"og:image:width\" content=\"1200\" \/>\n\t<meta property=\"og:image:height\" content=\"630\" \/>\n\t<meta property=\"og:image:type\" content=\"image\/png\" \/>\n<meta name=\"twitter:card\" content=\"summary_large_image\" \/>\n<meta name=\"twitter:site\" content=\"@CiraSync\" \/>\n<meta name=\"twitter:label1\" content=\"Dur\u00e9e de lecture estim\u00e9e\" \/>\n\t<meta name=\"twitter:data1\" content=\"1 minute\" \/>\n<script type=\"application\/ld+json\" class=\"yoast-schema-graph\">{\"@context\":\"https:\\\/\\\/schema.org\",\"@graph\":[{\"@type\":\"WebPage\",\"@id\":\"https:\\\/\\\/cirasync.com\\\/fr\\\/assistance-merci\\\/\",\"url\":\"https:\\\/\\\/cirasync.com\\\/fr\\\/assistance-merci\\\/\",\"name\":\"Contactez-nous - Merci &#8212; CiraSync\",\"isPartOf\":{\"@id\":\"https:\\\/\\\/cirasync.com\\\/fr\\\/#website\"},\"primaryImageOfPage\":{\"@id\":\"https:\\\/\\\/cirasync.com\\\/fr\\\/assistance-merci\\\/#primaryimage\"},\"image\":{\"@id\":\"https:\\\/\\\/cirasync.com\\\/fr\\\/assistance-merci\\\/#primaryimage\"},\"thumbnailUrl\":\"https:\\\/\\\/cirasync.com\\\/wp-content\\\/uploads\\\/2019\\\/05\\\/default-image-cirasync_p-1.png\",\"datePublished\":\"2020-07-29T08:51:47+00:00\",\"dateModified\":\"2026-01-15T02:19:51+00:00\",\"description\":\"Merci ! Votre demande d\u2019assistance a \u00e9t\u00e9 envoy\u00e9e \u00e0 Cirasync. Nous revenons vers vous rapidement.\",\"breadcrumb\":{\"@id\":\"https:\\\/\\\/cirasync.com\\\/fr\\\/assistance-merci\\\/#breadcrumb\"},\"inLanguage\":\"fr-FR\",\"potentialAction\":[{\"@type\":\"ReadAction\",\"target\":[\"https:\\\/\\\/cirasync.com\\\/fr\\\/assistance-merci\\\/\"]}]},{\"@type\":\"ImageObject\",\"inLanguage\":\"fr-FR\",\"@id\":\"https:\\\/\\\/cirasync.com\\\/fr\\\/assistance-merci\\\/#primaryimage\",\"url\":\"https:\\\/\\\/cirasync.com\\\/wp-content\\\/uploads\\\/2019\\\/05\\\/default-image-cirasync_p-1.png\",\"contentUrl\":\"https:\\\/\\\/cirasync.com\\\/wp-content\\\/uploads\\\/2019\\\/05\\\/default-image-cirasync_p-1.png\",\"width\":1200,\"height\":630,\"caption\":\"default image cirasync_p\"},{\"@type\":\"BreadcrumbList\",\"@id\":\"https:\\\/\\\/cirasync.com\\\/fr\\\/assistance-merci\\\/#breadcrumb\",\"itemListElement\":[{\"@type\":\"ListItem\",\"position\":1,\"name\":\"Home\",\"item\":\"https:\\\/\\\/cirasync.com\\\/fr\\\/\"},{\"@type\":\"ListItem\",\"position\":2,\"name\":\"Contactez-nous &#8211; Merci\"}]},{\"@type\":\"WebSite\",\"@id\":\"https:\\\/\\\/cirasync.com\\\/fr\\\/#website\",\"url\":\"https:\\\/\\\/cirasync.com\\\/fr\\\/\",\"name\":\"CiraSync\",\"description\":\"Sync the Office 365 GAL, public folders and calendars to smartphones.\",\"publisher\":{\"@id\":\"https:\\\/\\\/cirasync.com\\\/fr\\\/#organization\"},\"potentialAction\":[{\"@type\":\"SearchAction\",\"target\":{\"@type\":\"EntryPoint\",\"urlTemplate\":\"https:\\\/\\\/cirasync.com\\\/fr\\\/?s={search_term_string}\"},\"query-input\":{\"@type\":\"PropertyValueSpecification\",\"valueRequired\":true,\"valueName\":\"search_term_string\"}}],\"inLanguage\":\"fr-FR\"},{\"@type\":\"Organization\",\"@id\":\"https:\\\/\\\/cirasync.com\\\/fr\\\/#organization\",\"name\":\"CiraSync\",\"url\":\"https:\\\/\\\/cirasync.com\\\/fr\\\/\",\"logo\":{\"@type\":\"ImageObject\",\"inLanguage\":\"fr-FR\",\"@id\":\"https:\\\/\\\/cirasync.com\\\/fr\\\/#\\\/schema\\\/logo\\\/image\\\/\",\"url\":\"https:\\\/\\\/cirasync.com\\\/wp-content\\\/uploads\\\/2019\\\/07\\\/CiraSync-Logo-.png\",\"contentUrl\":\"https:\\\/\\\/cirasync.com\\\/wp-content\\\/uploads\\\/2019\\\/07\\\/CiraSync-Logo-.png\",\"width\":1200,\"height\":671,\"caption\":\"CiraSync\"},\"image\":{\"@id\":\"https:\\\/\\\/cirasync.com\\\/fr\\\/#\\\/schema\\\/logo\\\/image\\\/\"},\"sameAs\":[\"https:\\\/\\\/www.facebook.com\\\/CiraSync\\\/\",\"https:\\\/\\\/x.com\\\/CiraSync\",\"https:\\\/\\\/www.linkedin.com\\\/company\\\/cira-apps-limited\",\"https:\\\/\\\/www.youtube.com\\\/channel\\\/UCdFkOfXlRAWRadzGit3jJZA\\\/videos\"],\"description\":\"CiraSync automatically syncs CRM, contact & calendar data from M365, Exchange & many CRMs to every smartphone.\",\"email\":\"support@cirasync.com\",\"telephone\":\"1 (202) 747 0888\",\"legalName\":\"CiraSync\"}]}<\/script>\n<!-- \/ Yoast SEO Premium plugin. -->","yoast_head_json":{"title":"Contactez-nous - Merci &#8212; CiraSync","description":"Merci ! Votre demande d\u2019assistance a \u00e9t\u00e9 envoy\u00e9e \u00e0 Cirasync. Nous revenons vers vous rapidement.","robots":{"index":"index","follow":"follow","max-snippet":"max-snippet:-1","max-image-preview":"max-image-preview:large","max-video-preview":"max-video-preview:-1"},"canonical":"https:\/\/cirasync.com\/fr\/assistance-merci\/","og_locale":"fr_FR","og_type":"article","og_title":"Contactez-nous - Merci","og_description":"Merci ! Votre demande d\u2019assistance a \u00e9t\u00e9 envoy\u00e9e \u00e0 Cirasync. Nous revenons vers vous rapidement.","og_url":"https:\/\/cirasync.com\/fr\/assistance-merci\/","og_site_name":"CiraSync","article_publisher":"https:\/\/www.facebook.com\/CiraSync\/","article_modified_time":"2026-01-15T02:19:51+00:00","og_image":[{"width":1200,"height":630,"url":"https:\/\/cirasync.com\/wp-content\/uploads\/2019\/04\/Cirasync_share_1200x630-01.png","type":"image\/png"}],"twitter_card":"summary_large_image","twitter_site":"@CiraSync","twitter_misc":{"Dur\u00e9e de lecture estim\u00e9e":"1 minute"},"schema":{"@context":"https:\/\/schema.org","@graph":[{"@type":"WebPage","@id":"https:\/\/cirasync.com\/fr\/assistance-merci\/","url":"https:\/\/cirasync.com\/fr\/assistance-merci\/","name":"Contactez-nous - Merci &#8212; CiraSync","isPartOf":{"@id":"https:\/\/cirasync.com\/fr\/#website"},"primaryImageOfPage":{"@id":"https:\/\/cirasync.com\/fr\/assistance-merci\/#primaryimage"},"image":{"@id":"https:\/\/cirasync.com\/fr\/assistance-merci\/#primaryimage"},"thumbnailUrl":"https:\/\/cirasync.com\/wp-content\/uploads\/2019\/05\/default-image-cirasync_p-1.png","datePublished":"2020-07-29T08:51:47+00:00","dateModified":"2026-01-15T02:19:51+00:00","description":"Merci ! Votre demande d\u2019assistance a \u00e9t\u00e9 envoy\u00e9e \u00e0 Cirasync. Nous revenons vers vous rapidement.","breadcrumb":{"@id":"https:\/\/cirasync.com\/fr\/assistance-merci\/#breadcrumb"},"inLanguage":"fr-FR","potentialAction":[{"@type":"ReadAction","target":["https:\/\/cirasync.com\/fr\/assistance-merci\/"]}]},{"@type":"ImageObject","inLanguage":"fr-FR","@id":"https:\/\/cirasync.com\/fr\/assistance-merci\/#primaryimage","url":"https:\/\/cirasync.com\/wp-content\/uploads\/2019\/05\/default-image-cirasync_p-1.png","contentUrl":"https:\/\/cirasync.com\/wp-content\/uploads\/2019\/05\/default-image-cirasync_p-1.png","width":1200,"height":630,"caption":"default image cirasync_p"},{"@type":"BreadcrumbList","@id":"https:\/\/cirasync.com\/fr\/assistance-merci\/#breadcrumb","itemListElement":[{"@type":"ListItem","position":1,"name":"Home","item":"https:\/\/cirasync.com\/fr\/"},{"@type":"ListItem","position":2,"name":"Contactez-nous &#8211; Merci"}]},{"@type":"WebSite","@id":"https:\/\/cirasync.com\/fr\/#website","url":"https:\/\/cirasync.com\/fr\/","name":"CiraSync","description":"Sync the Office 365 GAL, public folders and calendars to smartphones.","publisher":{"@id":"https:\/\/cirasync.com\/fr\/#organization"},"potentialAction":[{"@type":"SearchAction","target":{"@type":"EntryPoint","urlTemplate":"https:\/\/cirasync.com\/fr\/?s={search_term_string}"},"query-input":{"@type":"PropertyValueSpecification","valueRequired":true,"valueName":"search_term_string"}}],"inLanguage":"fr-FR"},{"@type":"Organization","@id":"https:\/\/cirasync.com\/fr\/#organization","name":"CiraSync","url":"https:\/\/cirasync.com\/fr\/","logo":{"@type":"ImageObject","inLanguage":"fr-FR","@id":"https:\/\/cirasync.com\/fr\/#\/schema\/logo\/image\/","url":"https:\/\/cirasync.com\/wp-content\/uploads\/2019\/07\/CiraSync-Logo-.png","contentUrl":"https:\/\/cirasync.com\/wp-content\/uploads\/2019\/07\/CiraSync-Logo-.png","width":1200,"height":671,"caption":"CiraSync"},"image":{"@id":"https:\/\/cirasync.com\/fr\/#\/schema\/logo\/image\/"},"sameAs":["https:\/\/www.facebook.com\/CiraSync\/","https:\/\/x.com\/CiraSync","https:\/\/www.linkedin.com\/company\/cira-apps-limited","https:\/\/www.youtube.com\/channel\/UCdFkOfXlRAWRadzGit3jJZA\/videos"],"description":"CiraSync automatically syncs CRM, contact & calendar data from M365, Exchange & many CRMs to every smartphone.","email":"support@cirasync.com","telephone":"1 (202) 747 0888","legalName":"CiraSync"}]}},"_links":{"self":[{"href":"https:\/\/cirasync.com\/fr\/wp-json\/wp\/v2\/pages\/26708","targetHints":{"allow":["GET"]}}],"collection":[{"href":"https:\/\/cirasync.com\/fr\/wp-json\/wp\/v2\/pages"}],"about":[{"href":"https:\/\/cirasync.com\/fr\/wp-json\/wp\/v2\/types\/page"}],"author":[{"embeddable":true,"href":"https:\/\/cirasync.com\/fr\/wp-json\/wp\/v2\/users\/12"}],"replies":[{"embeddable":true,"href":"https:\/\/cirasync.com\/fr\/wp-json\/wp\/v2\/comments?post=26708"}],"version-history":[{"count":0,"href":"https:\/\/cirasync.com\/fr\/wp-json\/wp\/v2\/pages\/26708\/revisions"}],"wp:featuredmedia":[{"embeddable":true,"href":"https:\/\/cirasync.com\/fr\/wp-json\/wp\/v2\/media\/9787"}],"wp:attachment":[{"href":"https:\/\/cirasync.com\/fr\/wp-json\/wp\/v2\/media?parent=26708"}],"curies":[{"name":"wp","href":"https:\/\/api.w.org\/{rel}","templated":true}]}}