{"id":28357,"date":"2020-08-25T08:19:40","date_gmt":"2020-08-25T15:19:40","guid":{"rendered":"http:\/\/cirasync.com\/?page_id=28357"},"modified":"2020-08-25T08:19:47","modified_gmt":"2020-08-25T15:19:47","slug":"adding-additional-portal-owners","status":"publish","type":"page","link":"https:\/\/cirasync.com\/fr\/partenaires-2\/adding-additional-portal-owners\/","title":{"rendered":"Ajouter des titulaires suppl\u00e9mentaires au portail"},"content":{"rendered":"<p>[et_pb_section fb_built=\u00a0\u00bb1&Prime; module_class=\u00a0\u00bbpartner-qsg\u00a0\u00bb _builder_version=\u00a0\u00bb4.2.1&Prime;][et_pb_row column_structure=\u00a0\u00bb1_3,2_3&Prime; _builder_version=\u00a0\u00bb4.2.1&Prime;][et_pb_column type=\u00a0\u00bb1_3&Prime; _builder_version=\u00a0\u00bb4.2.1&Prime;][et_pb_sidebar area=\u00a0\u00bbet_pb_widget_area_4&Prime; _builder_version=\u00a0\u00bb4.4.0&Prime; body_font=\u00a0\u00bb||||||||\u00a0\u00bb][\/et_pb_sidebar][\/et_pb_column][et_pb_column type=\u00a0\u00bb2_3&Prime; _builder_version=\u00a0\u00bb4.2.1&Prime;][et_pb_text _builder_version=\u00a0\u00bb4.4.0&Prime;]<\/p>\n<h1><span class=\"ez-toc-section\" id=\"Ajouter_des_titulaires_supplementaires_au_portail\"><\/span>Ajouter des titulaires suppl\u00e9mentaires au portail<span class=\"ez-toc-section-end\"><\/span><\/h1>\n<p>Apr\u00e8s avoir \u00e9t\u00e9 approuv\u00e9 pour le Programme de Partenariat CiraSync (CiraSync Partner Program), un e-mail d&rsquo;invitation est envoy\u00e9 \u00e0 l&rsquo;e-mail d&rsquo;inscription initial. Le compte utilis\u00e9 pour se connecter au <strong>portail des partenaires CiraSync <\/strong>en deviendra un <strong>Titulaire. <\/strong>Ce r\u00f4le dispose d&rsquo;autorisations administratives sur le portail des partenaires et ses clients tenants. Apr\u00e8s la connexion initiale au portail, vous pouvez ajouter d&rsquo;autres titulaires au compte partenaire. D&rsquo;o\u00f9 la proc\u00e9dure suivante qui montre comment l&rsquo;effectuer.<\/p>\n<h2><span class=\"ez-toc-section\" id=\"Instructions\"><\/span>Instructions<span class=\"ez-toc-section-end\"><\/span><\/h2>\n<h3><span class=\"ez-toc-section\" id=\"Ajouter_des_titulaires_supplementaires_au_portail-2\"><\/span>Ajouter des titulaires suppl\u00e9mentaires au portail<span class=\"ez-toc-section-end\"><\/span><\/h3>\n<ol>\n<li>Connectez-vous au <strong>Portail des partenaires CiraSync.<\/strong><\/li>\n<li>Cliquez sur le nom d&rsquo;utilisateur dans le coin sup\u00e9rieur droit du <strong>Tableau de bord.<\/strong><\/li>\n<li>Cliquez sur <strong>Settings. <\/strong> <\/li>\n<li>Cliquez sur <strong>Manage Roles<\/strong> dans le panneau gauche de navigation.<\/li>\n<li>Cliquez sur <strong>CHANGE<\/strong> dans le volet <strong>Partner Portal<\/strong>. (Voir l&rsquo;image ci-dessous.)<img decoding=\"async\" class=\"aligncenter size-large wp-image-19251\" src=\"https:\/\/cirasync.com\/wp-content\/uploads\/2020\/01\/Partner-QSG-Manage-Change-Roles-Settings_markup-1024x355.png\" alt=\"\" width=\"1024\" height=\"355\" srcset=\"https:\/\/cirasync.com\/wp-content\/uploads\/2020\/01\/Partner-QSG-Manage-Change-Roles-Settings_markup-980x340.png 980w, https:\/\/cirasync.com\/wp-content\/uploads\/2020\/01\/Partner-QSG-Manage-Change-Roles-Settings_markup-480x167.png 480w\" sizes=\"(min-width: 0px) and (max-width: 480px) 480px, (min-width: 481px) and (max-width: 980px) 980px, (min-width: 981px) 1024px, 100vw\" \/><\/li>\n<li>S\u00e9lectionnez le compte que vous souhaitez d\u00e9finir comme Titulaire. <\/li>\n<li> Cliquez sur <strong>Save. <\/strong> <\/li>\n<\/ol>\n<p><a href=\"http:\/\/cirasync.com\/partenaires\/managing-cirasync-client-tenants\/?lang=fr\" class=\"next-post\">Article suivant: Gestion de vos tenants sur CiraSync<\/a>[\/et_pb_text][et_pb_code _builder_version=\u00a0\u00bb4.2.1&Prime;]<script><!-- [et_pb_line_break_holder] -->$(document).ready(function () {<!-- [et_pb_line_break_holder] -->    $(window).on(\"resize\", function (e) {<!-- [et_pb_line_break_holder] -->        checkScreenSize();<!-- [et_pb_line_break_holder] -->    });<!-- [et_pb_line_break_holder] --><!-- [et_pb_line_break_holder] -->    checkScreenSize();<!-- [et_pb_line_break_holder] --><!-- [et_pb_line_break_holder] -->    function checkScreenSize(){<!-- [et_pb_line_break_holder] -->        var newWindowWidth = $(window).width();<!-- [et_pb_line_break_holder] -->        if (newWindowWidth <980) {<!-- [et_pb_line_break_holder] -->            $('.et_pb_column_1_3').insertAfter('.et_pb_column_2_3');<!-- [et_pb_line_break_holder] -->        } else {<!-- [et_pb_line_break_holder] -->           $('.et_pb_column_1_3').insertBefore('.et_pb_column_2_3');<!-- [et_pb_line_break_holder] -->    \t\t}<!-- [et_pb_line_break_holder] -->    }<!-- [et_pb_line_break_holder] -->});<!-- [et_pb_line_break_holder] --><\/script>[\/et_pb_code][\/et_pb_column][\/et_pb_row][\/et_pb_section]<\/p>\n","protected":false},"excerpt":{"rendered":"<p>Ajouter des titulaires suppl\u00e9mentaires au portail Apr\u00e8s avoir \u00e9t\u00e9 approuv\u00e9 pour le Programme de Partenariat CiraSync (CiraSync Partner Program), un e-mail d&rsquo;invitation est envoy\u00e9 \u00e0 l&rsquo;e-mail d&rsquo;inscription initial. Le compte utilis\u00e9 pour se connecter au portail des partenaires CiraSync en deviendra un Titulaire. Ce r\u00f4le dispose d&rsquo;autorisations administratives sur le portail des partenaires et ses [&hellip;]<\/p>\n","protected":false},"author":3,"featured_media":19729,"parent":26425,"menu_order":0,"comment_status":"closed","ping_status":"closed","template":"","meta":{"_et_pb_use_builder":"on","_et_pb_old_content":"","_et_gb_content_width":"","_nextfly_llmd_date_locked":false,"footnotes":""},"class_list":["post-28357","page","type-page","status-publish","has-post-thumbnail","hentry"],"yoast_head":"<!-- This site is optimized with the Yoast SEO Premium plugin v27.1 (Yoast SEO v27.1.1) - https:\/\/yoast.com\/product\/yoast-seo-premium-wordpress\/ -->\n<title>Ajouter des titulaires suppl\u00e9mentaires au portail | CiraSync<\/title>\n<meta name=\"robots\" content=\"index, follow, max-snippet:-1, max-image-preview:large, max-video-preview:-1\" \/>\n<link rel=\"canonical\" href=\"https:\/\/cirasync.com\/fr\/partenaires-2\/adding-additional-portal-owners\/\" \/>\n<meta property=\"og:locale\" content=\"fr_FR\" \/>\n<meta property=\"og:type\" content=\"article\" \/>\n<meta property=\"og:title\" content=\"Ajouter des titulaires suppl\u00e9mentaires au portail\" \/>\n<meta property=\"og:description\" content=\"Ajouter des titulaires suppl\u00e9mentaires au portail Apr\u00e8s avoir \u00e9t\u00e9 approuv\u00e9 pour le Programme de Partenariat CiraSync (CiraSync Partner Program), un e-mail d&#039;invitation est envoy\u00e9 \u00e0 l&#039;e-mail d&#039;inscription initial. Le compte utilis\u00e9 pour se connecter au portail des partenaires CiraSync en deviendra un Titulaire. Ce r\u00f4le dispose d&#039;autorisations administratives sur le portail des partenaires et ses [&hellip;]\" \/>\n<meta property=\"og:url\" content=\"https:\/\/cirasync.com\/fr\/partenaires-2\/adding-additional-portal-owners\/\" \/>\n<meta property=\"og:site_name\" content=\"CiraSync\" \/>\n<meta property=\"article:publisher\" content=\"https:\/\/www.facebook.com\/CiraSync\/\" \/>\n<meta property=\"article:modified_time\" content=\"2020-08-25T15:19:47+00:00\" \/>\n<meta property=\"og:image\" content=\"https:\/\/cirasync.com\/wp-content\/uploads\/2020\/01\/Partners-Woman.png\" \/>\n\t<meta property=\"og:image:width\" content=\"1080\" \/>\n\t<meta property=\"og:image:height\" content=\"630\" \/>\n\t<meta property=\"og:image:type\" content=\"image\/png\" \/>\n<meta name=\"twitter:card\" content=\"summary_large_image\" \/>\n<meta name=\"twitter:site\" content=\"@CiraSync\" \/>\n<meta name=\"twitter:label1\" content=\"Dur\u00e9e de lecture estim\u00e9e\" \/>\n\t<meta name=\"twitter:data1\" content=\"1 minute\" \/>\n<script type=\"application\/ld+json\" class=\"yoast-schema-graph\">{\"@context\":\"https:\/\/schema.org\",\"@graph\":[{\"@type\":\"WebPage\",\"@id\":\"https:\/\/cirasync.com\/fr\/partenaires-2\/adding-additional-portal-owners\/\",\"url\":\"https:\/\/cirasync.com\/fr\/partenaires-2\/adding-additional-portal-owners\/\",\"name\":\"Ajouter des titulaires suppl\u00e9mentaires au portail | CiraSync\",\"isPartOf\":{\"@id\":\"https:\/\/cirasync.com\/fr\/#website\"},\"primaryImageOfPage\":{\"@id\":\"https:\/\/cirasync.com\/fr\/partenaires-2\/adding-additional-portal-owners\/#primaryimage\"},\"image\":{\"@id\":\"https:\/\/cirasync.com\/fr\/partenaires-2\/adding-additional-portal-owners\/#primaryimage\"},\"thumbnailUrl\":\"https:\/\/cirasync.com\/wp-content\/uploads\/2020\/01\/Partners-Woman.png\",\"datePublished\":\"2020-08-25T15:19:40+00:00\",\"dateModified\":\"2020-08-25T15:19:47+00:00\",\"breadcrumb\":{\"@id\":\"https:\/\/cirasync.com\/fr\/partenaires-2\/adding-additional-portal-owners\/#breadcrumb\"},\"inLanguage\":\"fr-FR\",\"potentialAction\":[{\"@type\":\"ReadAction\",\"target\":[\"https:\/\/cirasync.com\/fr\/partenaires-2\/adding-additional-portal-owners\/\"]}]},{\"@type\":\"ImageObject\",\"inLanguage\":\"fr-FR\",\"@id\":\"https:\/\/cirasync.com\/fr\/partenaires-2\/adding-additional-portal-owners\/#primaryimage\",\"url\":\"https:\/\/cirasync.com\/wp-content\/uploads\/2020\/01\/Partners-Woman.png\",\"contentUrl\":\"https:\/\/cirasync.com\/wp-content\/uploads\/2020\/01\/Partners-Woman.png\",\"width\":1080,\"height\":630,\"caption\":\"Partners-Woman\"},{\"@type\":\"BreadcrumbList\",\"@id\":\"https:\/\/cirasync.com\/fr\/partenaires-2\/adding-additional-portal-owners\/#breadcrumb\",\"itemListElement\":[{\"@type\":\"ListItem\",\"position\":1,\"name\":\"Home\",\"item\":\"https:\/\/cirasync.com\/fr\/\"},{\"@type\":\"ListItem\",\"position\":2,\"name\":\"Partenaire\",\"item\":\"https:\/\/cirasync.com\/fr\/partenaires-2\/\"},{\"@type\":\"ListItem\",\"position\":3,\"name\":\"Ajouter des titulaires suppl\u00e9mentaires au portail\"}]},{\"@type\":\"WebSite\",\"@id\":\"https:\/\/cirasync.com\/fr\/#website\",\"url\":\"https:\/\/cirasync.com\/fr\/\",\"name\":\"CiraSync\",\"description\":\"Sync the Office 365 GAL, public folders and calendars to smartphones.\",\"publisher\":{\"@id\":\"https:\/\/cirasync.com\/fr\/#organization\"},\"potentialAction\":[{\"@type\":\"SearchAction\",\"target\":{\"@type\":\"EntryPoint\",\"urlTemplate\":\"https:\/\/cirasync.com\/fr\/?s={search_term_string}\"},\"query-input\":{\"@type\":\"PropertyValueSpecification\",\"valueRequired\":true,\"valueName\":\"search_term_string\"}}],\"inLanguage\":\"fr-FR\"},{\"@type\":\"Organization\",\"@id\":\"https:\/\/cirasync.com\/fr\/#organization\",\"name\":\"CiraSync\",\"url\":\"https:\/\/cirasync.com\/fr\/\",\"logo\":{\"@type\":\"ImageObject\",\"inLanguage\":\"fr-FR\",\"@id\":\"https:\/\/cirasync.com\/fr\/#\/schema\/logo\/image\/\",\"url\":\"https:\/\/cirasync.com\/wp-content\/uploads\/2019\/07\/CiraSync-Logo-.png\",\"contentUrl\":\"https:\/\/cirasync.com\/wp-content\/uploads\/2019\/07\/CiraSync-Logo-.png\",\"width\":1200,\"height\":671,\"caption\":\"CiraSync\"},\"image\":{\"@id\":\"https:\/\/cirasync.com\/fr\/#\/schema\/logo\/image\/\"},\"sameAs\":[\"https:\/\/www.facebook.com\/CiraSync\/\",\"https:\/\/x.com\/CiraSync\",\"https:\/\/www.linkedin.com\/company\/cira-apps-limited\",\"https:\/\/www.youtube.com\/channel\/UCdFkOfXlRAWRadzGit3jJZA\/videos\"],\"description\":\"CiraSync automatically syncs CRM, contact & calendar data from M365, Exchange & many CRMs to every smartphone.\",\"email\":\"support@cirasync.com\",\"telephone\":\"1 (202) 747 0888\",\"legalName\":\"CiraSync\"}]}<\/script>\n<!-- \/ Yoast SEO Premium plugin. -->","yoast_head_json":{"title":"Ajouter des titulaires suppl\u00e9mentaires au portail | CiraSync","robots":{"index":"index","follow":"follow","max-snippet":"max-snippet:-1","max-image-preview":"max-image-preview:large","max-video-preview":"max-video-preview:-1"},"canonical":"https:\/\/cirasync.com\/fr\/partenaires-2\/adding-additional-portal-owners\/","og_locale":"fr_FR","og_type":"article","og_title":"Ajouter des titulaires suppl\u00e9mentaires au portail","og_description":"Ajouter des titulaires suppl\u00e9mentaires au portail Apr\u00e8s avoir \u00e9t\u00e9 approuv\u00e9 pour le Programme de Partenariat CiraSync (CiraSync Partner Program), un e-mail d'invitation est envoy\u00e9 \u00e0 l'e-mail d'inscription initial. Le compte utilis\u00e9 pour se connecter au portail des partenaires CiraSync en deviendra un Titulaire. Ce r\u00f4le dispose d'autorisations administratives sur le portail des partenaires et ses [&hellip;]","og_url":"https:\/\/cirasync.com\/fr\/partenaires-2\/adding-additional-portal-owners\/","og_site_name":"CiraSync","article_publisher":"https:\/\/www.facebook.com\/CiraSync\/","article_modified_time":"2020-08-25T15:19:47+00:00","og_image":[{"width":1080,"height":630,"url":"https:\/\/cirasync.com\/wp-content\/uploads\/2020\/01\/Partners-Woman.png","type":"image\/png"}],"twitter_card":"summary_large_image","twitter_site":"@CiraSync","twitter_misc":{"Dur\u00e9e de lecture estim\u00e9e":"1 minute"},"schema":{"@context":"https:\/\/schema.org","@graph":[{"@type":"WebPage","@id":"https:\/\/cirasync.com\/fr\/partenaires-2\/adding-additional-portal-owners\/","url":"https:\/\/cirasync.com\/fr\/partenaires-2\/adding-additional-portal-owners\/","name":"Ajouter des titulaires suppl\u00e9mentaires au portail | CiraSync","isPartOf":{"@id":"https:\/\/cirasync.com\/fr\/#website"},"primaryImageOfPage":{"@id":"https:\/\/cirasync.com\/fr\/partenaires-2\/adding-additional-portal-owners\/#primaryimage"},"image":{"@id":"https:\/\/cirasync.com\/fr\/partenaires-2\/adding-additional-portal-owners\/#primaryimage"},"thumbnailUrl":"https:\/\/cirasync.com\/wp-content\/uploads\/2020\/01\/Partners-Woman.png","datePublished":"2020-08-25T15:19:40+00:00","dateModified":"2020-08-25T15:19:47+00:00","breadcrumb":{"@id":"https:\/\/cirasync.com\/fr\/partenaires-2\/adding-additional-portal-owners\/#breadcrumb"},"inLanguage":"fr-FR","potentialAction":[{"@type":"ReadAction","target":["https:\/\/cirasync.com\/fr\/partenaires-2\/adding-additional-portal-owners\/"]}]},{"@type":"ImageObject","inLanguage":"fr-FR","@id":"https:\/\/cirasync.com\/fr\/partenaires-2\/adding-additional-portal-owners\/#primaryimage","url":"https:\/\/cirasync.com\/wp-content\/uploads\/2020\/01\/Partners-Woman.png","contentUrl":"https:\/\/cirasync.com\/wp-content\/uploads\/2020\/01\/Partners-Woman.png","width":1080,"height":630,"caption":"Partners-Woman"},{"@type":"BreadcrumbList","@id":"https:\/\/cirasync.com\/fr\/partenaires-2\/adding-additional-portal-owners\/#breadcrumb","itemListElement":[{"@type":"ListItem","position":1,"name":"Home","item":"https:\/\/cirasync.com\/fr\/"},{"@type":"ListItem","position":2,"name":"Partenaire","item":"https:\/\/cirasync.com\/fr\/partenaires-2\/"},{"@type":"ListItem","position":3,"name":"Ajouter des titulaires suppl\u00e9mentaires au portail"}]},{"@type":"WebSite","@id":"https:\/\/cirasync.com\/fr\/#website","url":"https:\/\/cirasync.com\/fr\/","name":"CiraSync","description":"Sync the Office 365 GAL, public folders and calendars to smartphones.","publisher":{"@id":"https:\/\/cirasync.com\/fr\/#organization"},"potentialAction":[{"@type":"SearchAction","target":{"@type":"EntryPoint","urlTemplate":"https:\/\/cirasync.com\/fr\/?s={search_term_string}"},"query-input":{"@type":"PropertyValueSpecification","valueRequired":true,"valueName":"search_term_string"}}],"inLanguage":"fr-FR"},{"@type":"Organization","@id":"https:\/\/cirasync.com\/fr\/#organization","name":"CiraSync","url":"https:\/\/cirasync.com\/fr\/","logo":{"@type":"ImageObject","inLanguage":"fr-FR","@id":"https:\/\/cirasync.com\/fr\/#\/schema\/logo\/image\/","url":"https:\/\/cirasync.com\/wp-content\/uploads\/2019\/07\/CiraSync-Logo-.png","contentUrl":"https:\/\/cirasync.com\/wp-content\/uploads\/2019\/07\/CiraSync-Logo-.png","width":1200,"height":671,"caption":"CiraSync"},"image":{"@id":"https:\/\/cirasync.com\/fr\/#\/schema\/logo\/image\/"},"sameAs":["https:\/\/www.facebook.com\/CiraSync\/","https:\/\/x.com\/CiraSync","https:\/\/www.linkedin.com\/company\/cira-apps-limited","https:\/\/www.youtube.com\/channel\/UCdFkOfXlRAWRadzGit3jJZA\/videos"],"description":"CiraSync automatically syncs CRM, contact & calendar data from M365, Exchange & many CRMs to every smartphone.","email":"support@cirasync.com","telephone":"1 (202) 747 0888","legalName":"CiraSync"}]}},"_links":{"self":[{"href":"https:\/\/cirasync.com\/fr\/wp-json\/wp\/v2\/pages\/28357","targetHints":{"allow":["GET"]}}],"collection":[{"href":"https:\/\/cirasync.com\/fr\/wp-json\/wp\/v2\/pages"}],"about":[{"href":"https:\/\/cirasync.com\/fr\/wp-json\/wp\/v2\/types\/page"}],"author":[{"embeddable":true,"href":"https:\/\/cirasync.com\/fr\/wp-json\/wp\/v2\/users\/3"}],"replies":[{"embeddable":true,"href":"https:\/\/cirasync.com\/fr\/wp-json\/wp\/v2\/comments?post=28357"}],"version-history":[{"count":0,"href":"https:\/\/cirasync.com\/fr\/wp-json\/wp\/v2\/pages\/28357\/revisions"}],"up":[{"embeddable":true,"href":"https:\/\/cirasync.com\/fr\/wp-json\/wp\/v2\/pages\/26425"}],"wp:featuredmedia":[{"embeddable":true,"href":"https:\/\/cirasync.com\/fr\/wp-json\/wp\/v2\/media\/19729"}],"wp:attachment":[{"href":"https:\/\/cirasync.com\/fr\/wp-json\/wp\/v2\/media?parent=28357"}],"curies":[{"name":"wp","href":"https:\/\/api.w.org\/{rel}","templated":true}]}}