{"id":28360,"date":"2020-08-25T10:01:32","date_gmt":"2020-08-25T17:01:32","guid":{"rendered":"http:\/\/cirasync.com\/?page_id=28360"},"modified":"2026-03-05T09:57:24","modified_gmt":"2026-03-05T16:57:24","slug":"managing-cirasync-client-tenants","status":"publish","type":"page","link":"https:\/\/cirasync.com\/fr\/partenaires-2\/managing-cirasync-client-tenants\/","title":{"rendered":"Gestion de vos tenants sur CiraSync"},"content":{"rendered":"<p>[et_pb_section fb_built=\u00a0\u00bb1&Prime; module_class=\u00a0\u00bbpartner-qsg\u00a0\u00bb _builder_version=\u00a0\u00bb4.16&Prime; global_colors_info=\u00a0\u00bb{}\u00a0\u00bb][et_pb_row column_structure=\u00a0\u00bb1_3,2_3&Prime; _builder_version=\u00a0\u00bb4.16&Prime; global_colors_info=\u00a0\u00bb{}\u00a0\u00bb][et_pb_column type=\u00a0\u00bb1_3&Prime; _builder_version=\u00a0\u00bb4.16&Prime; global_colors_info=\u00a0\u00bb{}\u00a0\u00bb][et_pb_sidebar area=\u00a0\u00bbet_pb_widget_area_4&Prime; _builder_version=\u00a0\u00bb4.16&Prime; global_colors_info=\u00a0\u00bb{}\u00a0\u00bb][\/et_pb_sidebar][\/et_pb_column][et_pb_column type=\u00a0\u00bb2_3&Prime; _builder_version=\u00a0\u00bb4.16&Prime; global_colors_info=\u00a0\u00bb{}\u00a0\u00bb][et_pb_text _builder_version=\u00a0\u00bb4.16&Prime; global_colors_info=\u00a0\u00bb{}\u00a0\u00bb]<\/p>\n<h1><span class=\"ez-toc-section\" id=\"Gestion_de_vos_tenants_sur_CiraSync\"><\/span>Gestion de vos tenants sur CiraSync<span class=\"ez-toc-section-end\"><\/span><\/h1>\n<p>Les titulaires peuvent commencer \u00e0 g\u00e9rer leurs clients en les ajoutant en tant que tenants \u00e0 leur portail partenaire. Cette section contient des instructions pour ce qui suit:<\/p>\n<ol>\n<li>Ajout d&rsquo;un tenant<\/li>\n<li>D\u00e9finition des autorisations des tenants<\/li>\n<li>Ajout d&rsquo;administrateurs des tenants<\/li>\n<\/ol>\n<h2><span class=\"ez-toc-section\" id=\"Instructions\"><\/span>Instructions<span class=\"ez-toc-section-end\"><\/span><\/h2>\n<h3><span class=\"ez-toc-section\" id=\"Ajout_dun_tenant\"><\/span>Ajout d&rsquo;un tenant<span class=\"ez-toc-section-end\"><\/span><\/h3>\n<ol>\n<li>Cliquez sur le <strong>+<\/strong> dans le volet <strong>Tenants <\/strong>du <strong>Tableau de bord.<\/strong><\/li>\n<li>Fournissez l&rsquo;adresse e-mail du client pour devenir un tenant sur CiraSync. <div class='et-box et-info'>\n\t\t\t\t\t<div class='et-box-content'><strong>NOTE:<\/strong> Le compte d&rsquo;utilisateur doit avoir le r\u00f4le d&rsquo;administrateur de tenant <strong>(Tenant Admin Role)<\/strong> pour pouvoir accepter l&rsquo;invitation \u00e0 devenir un client g\u00e9r\u00e9 par votre portail partenaire. Id\u00e9alement, ce compte utilisateur sera un compte auquel vous avez acc\u00e8s afin que vous puissiez imm\u00e9diatement accepter l&rsquo;invitation.<\/div><\/div><\/li>\n<li>Cliquez sur <strong>SEND. <\/strong> <\/li>\n<li>Connectez-vous \u00e0 l&rsquo;e-mail fourni sur le tableau de bord Partenaire.<\/li>\n<li>Acceptez l&rsquo;invitation. Une fois l&rsquo;invitation accept\u00e9e, le tenant doit maintenant appara\u00eetre dans le volet <strong>Tenant<\/strong> du <strong>Tableau de bord. <\/strong> <\/li>\n<\/ol>\n<h3><span class=\"ez-toc-section\" id=\"Definition_des_autorisations_des_tenants\"><\/span>D\u00e9finition des autorisations des tenants<span class=\"ez-toc-section-end\"><\/span><\/h3>\n<ol>\n<li>Cliquez sur l&rsquo;ic\u00f4ne <strong>Crayon<\/strong> de l&rsquo;un des tenants r\u00e9pertori\u00e9s dans le volet <strong>Tenants <\/strong>du tableau de bord principal. (Voir l&rsquo;image ci-dessous.) <img decoding=\"async\" class=\"aligncenter size-large wp-image-19274\" src=\"https:\/\/cirasync.com\/wp-content\/uploads\/2020\/01\/Partner-QSG-Defining-Tenant-Permissions_markup-1024x179.png\" alt=\"\" width=\"1024\" height=\"179\" srcset=\"https:\/\/cirasync.com\/wp-content\/uploads\/2020\/01\/Partner-QSG-Defining-Tenant-Permissions_markup-1024x179.png 1024w, https:\/\/cirasync.com\/wp-content\/uploads\/2020\/01\/Partner-QSG-Defining-Tenant-Permissions_markup-980x172.png 980w, https:\/\/cirasync.com\/wp-content\/uploads\/2020\/01\/Partner-QSG-Defining-Tenant-Permissions_markup-480x84.png 480w\" sizes=\"(min-width: 0px) and (max-width: 480px) 480px, (min-width: 481px) and (max-width: 980px) 980px, (min-width: 981px) 1024px, 100vw\" \/> Vous serez redirig\u00e9 vers le tableau de bord de pr\u00e9sentation des tenants <strong>(Tenant Overview <\/strong><strong>Dashboard). <\/strong>(Voir l&rsquo;image ci-dessous.) <img decoding=\"async\" class=\"aligncenter size-large wp-image-19282\" src=\"https:\/\/cirasync.com\/wp-content\/uploads\/2020\/01\/Partner-QSG-Defining-Tenant-Permissions-Tenant-View_nomarkup-1024x522.png\" alt=\"\" width=\"1024\" height=\"522\" srcset=\"https:\/\/cirasync.com\/wp-content\/uploads\/2020\/01\/Partner-QSG-Defining-Tenant-Permissions-Tenant-View_nomarkup-1024x522.png 1024w, https:\/\/cirasync.com\/wp-content\/uploads\/2020\/01\/Partner-QSG-Defining-Tenant-Permissions-Tenant-View_nomarkup-980x500.png 980w, https:\/\/cirasync.com\/wp-content\/uploads\/2020\/01\/Partner-QSG-Defining-Tenant-Permissions-Tenant-View_nomarkup-480x245.png 480w\" sizes=\"(min-width: 0px) and (max-width: 480px) 480px, (min-width: 481px) and (max-width: 980px) 980px, (min-width: 981px) 1024px, 100vw\" \/><\/li>\n<li>Cliquez sur <strong>Tenant Permissions<\/strong> en haut du tableau de bord. Une fen\u00eatre appara\u00eetra avec une liste de toutes les autorisations.<\/li>\n<li>Cochez et d\u00e9cochez les cases pour accorder ou r\u00e9voquer les autorisations. Voici une liste des autorisations qui peuvent \u00eatre accord\u00e9es:\n<ul>\n<li>Possibilit\u00e9 de modifier la licence utilisateur et la collection de licences automatiques.<\/li>\n<li>Possibilit\u00e9 d&rsquo;ex\u00e9cuter ces t\u00e2ches: synchronisation du tenant, synchronisation de la bo\u00eete aux lettres, licence automatique, purger, restaurer et nettoyer.<\/li>\n<li>Possibilit\u00e9 de modifier le calendrier, les rapports, les champs de contact, le compte de service.<\/li>\n<li>Capacit\u00e9 \u00e0 g\u00e9rer un ensemble de synchronisation et les collections.<\/li>\n<\/ul>\n<\/li>\n<li>Cliquez sur <strong>SAVE. <\/strong> <\/li>\n<\/ol>\n<h3><span class=\"ez-toc-section\" id=\"Ajout_dadministrateurs_des_tenants\"><\/span>Ajout d&rsquo;administrateurs des tenants<span class=\"ez-toc-section-end\"><\/span><\/h3>\n<ol>\n<li>Cliquez sur le nom d&rsquo;utilisateur dans le coin sup\u00e9rieur droit du <strong>Tableau de bord.<\/strong><\/li>\n<li>Cliquez sur <strong>Settings. <\/strong> <\/li>\n<li>Cliquez sur <strong>Manage Roles<\/strong> dans le panneau gauche de navigation.<\/li>\n<li>Au volet <strong>Tenant Admins,<\/strong> s\u00e9lectionnez le tenant auquel vous souhaitez ajouter des administrateurs. <\/li>\n<li>Cliquez sur <strong>EDIT.<\/strong> (Voir l&rsquo;image ci-dessous.) <img decoding=\"async\" class=\"aligncenter size-large wp-image-19293\" src=\"https:\/\/cirasync.com\/wp-content\/uploads\/2020\/01\/Partner-QSG-Tenant-Admins_markup-1024x355.png\" alt=\"\" width=\"1024\" height=\"355\" srcset=\"https:\/\/cirasync.com\/wp-content\/uploads\/2020\/01\/Partner-QSG-Tenant-Admins_markup-980x339.png 980w, https:\/\/cirasync.com\/wp-content\/uploads\/2020\/01\/Partner-QSG-Tenant-Admins_markup-480x166.png 480w\" sizes=\"(min-width: 0px) and (max-width: 480px) 480px, (min-width: 481px) and (max-width: 980px) 980px, (min-width: 981px) 1024px, 100vw\" \/>La fen\u00eatre <strong>Select Admins<\/strong> appara\u00eetra. (Voir l&rsquo;image ci-dessous.) <img decoding=\"async\" class=\"aligncenter size-full wp-image-19302\" src=\"https:\/\/cirasync.com\/wp-content\/uploads\/2020\/01\/Partner-QSG-Select-Admins_nomarkup.png\" alt=\"\" width=\"717\" height=\"646\" srcset=\"https:\/\/cirasync.com\/wp-content\/uploads\/2020\/01\/Partner-QSG-Select-Admins_nomarkup.png 717w, https:\/\/cirasync.com\/wp-content\/uploads\/2020\/01\/Partner-QSG-Select-Admins_nomarkup-480x432.png 480w\" sizes=\"(min-width: 0px) and (max-width: 480px) 480px, (min-width: 481px) 717px, 100vw\" \/><\/li>\n<li>S\u00e9lectionnez les utilisateurs \u00e0 utiliser comme administrateurs. L&rsquo;utilisateur s\u00e9lectionn\u00e9 appara\u00eetra dans la colonne <strong>User. <\/strong> <\/li>\n<li>Cliquez sur <strong>SAVE. <\/strong><div class='et-box et-info'>\n\t\t\t\t\t<div class='et-box-content'><strong>NOTE: <\/strong>Si vous \u00eates un partenaire et vous cherchez \u00e0 mettre fin \u00e0 votre partenariat CiraSync, consultez cette <a href=\"\/?p=13413\">FAQ<\/a>.<\/div><\/div><\/li>\n<\/ol>\n<p><a href=\"https:\/\/cirasync.com\/fr\/partenaires\/assigning-a-dedicated-service-account-to-a-client-tenant\/?lang=fr\" class=\"next-post\">Article suivant: Attribution d&rsquo;un compte de service d\u00e9di\u00e9 \u00e0 un tenant<\/a><\/p>\n<p>[\/et_pb_text][\/et_pb_column][\/et_pb_row][\/et_pb_section]<\/p>\n","protected":false},"excerpt":{"rendered":"<p>Gestion de vos tenants sur CiraSync Les titulaires peuvent commencer \u00e0 g\u00e9rer leurs clients en les ajoutant en tant que tenants \u00e0 leur portail partenaire. Cette section contient des instructions pour ce qui suit: Ajout d&rsquo;un tenant D\u00e9finition des autorisations des tenants Ajout d&rsquo;administrateurs des tenants Instructions Ajout d&rsquo;un tenant Cliquez sur le + dans [&hellip;]<\/p>\n","protected":false},"author":3,"featured_media":19737,"parent":26425,"menu_order":0,"comment_status":"closed","ping_status":"closed","template":"","meta":{"_et_pb_use_builder":"on","_et_pb_old_content":"","_et_gb_content_width":"","_nextfly_llmd_date_locked":false,"footnotes":""},"class_list":["post-28360","page","type-page","status-publish","has-post-thumbnail","hentry"],"yoast_head":"<!-- This site is optimized with the Yoast SEO Premium plugin v27.1 (Yoast SEO v27.1.1) - https:\/\/yoast.com\/product\/yoast-seo-premium-wordpress\/ -->\n<title>Gestion de vos tenants sur CiraSync | CiraSync<\/title>\n<meta name=\"description\" content=\"Programme partenaires CiraSync : G\u00e9rez les locataires clients, la facturation et les licences pour offrir la synchronisation Office 365 \u00e0 vos clients.\" \/>\n<meta name=\"robots\" content=\"index, follow, max-snippet:-1, max-image-preview:large, max-video-preview:-1\" \/>\n<link rel=\"canonical\" href=\"https:\/\/cirasync.com\/fr\/partenaires-2\/managing-cirasync-client-tenants\/\" \/>\n<meta property=\"og:locale\" content=\"fr_FR\" \/>\n<meta property=\"og:type\" content=\"article\" \/>\n<meta property=\"og:title\" content=\"Gestion de vos tenants sur CiraSync\" \/>\n<meta property=\"og:description\" content=\"Programme partenaires CiraSync : G\u00e9rez les locataires clients, la facturation et les licences pour offrir la synchronisation Office 365 \u00e0 vos clients.\" \/>\n<meta property=\"og:url\" content=\"https:\/\/cirasync.com\/fr\/partenaires-2\/managing-cirasync-client-tenants\/\" \/>\n<meta property=\"og:site_name\" content=\"CiraSync\" \/>\n<meta property=\"article:publisher\" content=\"https:\/\/www.facebook.com\/CiraSync\/\" \/>\n<meta property=\"article:modified_time\" content=\"2026-03-05T16:57:24+00:00\" \/>\n<meta property=\"og:image\" content=\"https:\/\/cirasync.com\/wp-content\/uploads\/2020\/01\/Partners-Man.png\" \/>\n\t<meta property=\"og:image:width\" content=\"1080\" \/>\n\t<meta property=\"og:image:height\" content=\"630\" \/>\n\t<meta property=\"og:image:type\" content=\"image\/png\" \/>\n<meta name=\"twitter:card\" content=\"summary_large_image\" \/>\n<meta name=\"twitter:site\" content=\"@CiraSync\" \/>\n<meta name=\"twitter:label1\" content=\"Dur\u00e9e de lecture estim\u00e9e\" \/>\n\t<meta name=\"twitter:data1\" content=\"3 minutes\" \/>\n<script type=\"application\/ld+json\" class=\"yoast-schema-graph\">{\"@context\":\"https:\/\/schema.org\",\"@graph\":[{\"@type\":\"WebPage\",\"@id\":\"https:\/\/cirasync.com\/fr\/partenaires-2\/managing-cirasync-client-tenants\/\",\"url\":\"https:\/\/cirasync.com\/fr\/partenaires-2\/managing-cirasync-client-tenants\/\",\"name\":\"Gestion de vos tenants sur CiraSync | CiraSync\",\"isPartOf\":{\"@id\":\"https:\/\/cirasync.com\/fr\/#website\"},\"primaryImageOfPage\":{\"@id\":\"https:\/\/cirasync.com\/fr\/partenaires-2\/managing-cirasync-client-tenants\/#primaryimage\"},\"image\":{\"@id\":\"https:\/\/cirasync.com\/fr\/partenaires-2\/managing-cirasync-client-tenants\/#primaryimage\"},\"thumbnailUrl\":\"https:\/\/cirasync.com\/wp-content\/uploads\/2020\/01\/Partners-Man.png\",\"datePublished\":\"2020-08-25T17:01:32+00:00\",\"dateModified\":\"2026-03-05T16:57:24+00:00\",\"description\":\"Programme partenaires CiraSync : G\u00e9rez les locataires clients, la facturation et les licences pour offrir la synchronisation Office 365 \u00e0 vos clients.\",\"breadcrumb\":{\"@id\":\"https:\/\/cirasync.com\/fr\/partenaires-2\/managing-cirasync-client-tenants\/#breadcrumb\"},\"inLanguage\":\"fr-FR\",\"potentialAction\":[{\"@type\":\"ReadAction\",\"target\":[\"https:\/\/cirasync.com\/fr\/partenaires-2\/managing-cirasync-client-tenants\/\"]}]},{\"@type\":\"ImageObject\",\"inLanguage\":\"fr-FR\",\"@id\":\"https:\/\/cirasync.com\/fr\/partenaires-2\/managing-cirasync-client-tenants\/#primaryimage\",\"url\":\"https:\/\/cirasync.com\/wp-content\/uploads\/2020\/01\/Partners-Man.png\",\"contentUrl\":\"https:\/\/cirasync.com\/wp-content\/uploads\/2020\/01\/Partners-Man.png\",\"width\":1080,\"height\":630,\"caption\":\"Partners-Man\"},{\"@type\":\"BreadcrumbList\",\"@id\":\"https:\/\/cirasync.com\/fr\/partenaires-2\/managing-cirasync-client-tenants\/#breadcrumb\",\"itemListElement\":[{\"@type\":\"ListItem\",\"position\":1,\"name\":\"Home\",\"item\":\"https:\/\/cirasync.com\/fr\/\"},{\"@type\":\"ListItem\",\"position\":2,\"name\":\"Partenaire\",\"item\":\"https:\/\/cirasync.com\/fr\/partenaires-2\/\"},{\"@type\":\"ListItem\",\"position\":3,\"name\":\"Gestion de vos tenants sur CiraSync\"}]},{\"@type\":\"WebSite\",\"@id\":\"https:\/\/cirasync.com\/fr\/#website\",\"url\":\"https:\/\/cirasync.com\/fr\/\",\"name\":\"CiraSync\",\"description\":\"Sync the Office 365 GAL, public folders and calendars to smartphones.\",\"publisher\":{\"@id\":\"https:\/\/cirasync.com\/fr\/#organization\"},\"potentialAction\":[{\"@type\":\"SearchAction\",\"target\":{\"@type\":\"EntryPoint\",\"urlTemplate\":\"https:\/\/cirasync.com\/fr\/?s={search_term_string}\"},\"query-input\":{\"@type\":\"PropertyValueSpecification\",\"valueRequired\":true,\"valueName\":\"search_term_string\"}}],\"inLanguage\":\"fr-FR\"},{\"@type\":\"Organization\",\"@id\":\"https:\/\/cirasync.com\/fr\/#organization\",\"name\":\"CiraSync\",\"url\":\"https:\/\/cirasync.com\/fr\/\",\"logo\":{\"@type\":\"ImageObject\",\"inLanguage\":\"fr-FR\",\"@id\":\"https:\/\/cirasync.com\/fr\/#\/schema\/logo\/image\/\",\"url\":\"https:\/\/cirasync.com\/wp-content\/uploads\/2019\/07\/CiraSync-Logo-.png\",\"contentUrl\":\"https:\/\/cirasync.com\/wp-content\/uploads\/2019\/07\/CiraSync-Logo-.png\",\"width\":1200,\"height\":671,\"caption\":\"CiraSync\"},\"image\":{\"@id\":\"https:\/\/cirasync.com\/fr\/#\/schema\/logo\/image\/\"},\"sameAs\":[\"https:\/\/www.facebook.com\/CiraSync\/\",\"https:\/\/x.com\/CiraSync\",\"https:\/\/www.linkedin.com\/company\/cira-apps-limited\",\"https:\/\/www.youtube.com\/channel\/UCdFkOfXlRAWRadzGit3jJZA\/videos\"],\"description\":\"CiraSync automatically syncs CRM, contact & calendar data from M365, Exchange & many CRMs to every smartphone.\",\"email\":\"support@cirasync.com\",\"telephone\":\"1 (202) 747 0888\",\"legalName\":\"CiraSync\"}]}<\/script>\n<!-- \/ Yoast SEO Premium plugin. -->","yoast_head_json":{"title":"Gestion de vos tenants sur CiraSync | CiraSync","description":"Programme partenaires CiraSync : G\u00e9rez les locataires clients, la facturation et les licences pour offrir la synchronisation Office 365 \u00e0 vos clients.","robots":{"index":"index","follow":"follow","max-snippet":"max-snippet:-1","max-image-preview":"max-image-preview:large","max-video-preview":"max-video-preview:-1"},"canonical":"https:\/\/cirasync.com\/fr\/partenaires-2\/managing-cirasync-client-tenants\/","og_locale":"fr_FR","og_type":"article","og_title":"Gestion de vos tenants sur CiraSync","og_description":"Programme partenaires CiraSync : G\u00e9rez les locataires clients, la facturation et les licences pour offrir la synchronisation Office 365 \u00e0 vos clients.","og_url":"https:\/\/cirasync.com\/fr\/partenaires-2\/managing-cirasync-client-tenants\/","og_site_name":"CiraSync","article_publisher":"https:\/\/www.facebook.com\/CiraSync\/","article_modified_time":"2026-03-05T16:57:24+00:00","og_image":[{"width":1080,"height":630,"url":"https:\/\/cirasync.com\/wp-content\/uploads\/2020\/01\/Partners-Man.png","type":"image\/png"}],"twitter_card":"summary_large_image","twitter_site":"@CiraSync","twitter_misc":{"Dur\u00e9e de lecture estim\u00e9e":"3 minutes"},"schema":{"@context":"https:\/\/schema.org","@graph":[{"@type":"WebPage","@id":"https:\/\/cirasync.com\/fr\/partenaires-2\/managing-cirasync-client-tenants\/","url":"https:\/\/cirasync.com\/fr\/partenaires-2\/managing-cirasync-client-tenants\/","name":"Gestion de vos tenants sur CiraSync | CiraSync","isPartOf":{"@id":"https:\/\/cirasync.com\/fr\/#website"},"primaryImageOfPage":{"@id":"https:\/\/cirasync.com\/fr\/partenaires-2\/managing-cirasync-client-tenants\/#primaryimage"},"image":{"@id":"https:\/\/cirasync.com\/fr\/partenaires-2\/managing-cirasync-client-tenants\/#primaryimage"},"thumbnailUrl":"https:\/\/cirasync.com\/wp-content\/uploads\/2020\/01\/Partners-Man.png","datePublished":"2020-08-25T17:01:32+00:00","dateModified":"2026-03-05T16:57:24+00:00","description":"Programme partenaires CiraSync : G\u00e9rez les locataires clients, la facturation et les licences pour offrir la synchronisation Office 365 \u00e0 vos clients.","breadcrumb":{"@id":"https:\/\/cirasync.com\/fr\/partenaires-2\/managing-cirasync-client-tenants\/#breadcrumb"},"inLanguage":"fr-FR","potentialAction":[{"@type":"ReadAction","target":["https:\/\/cirasync.com\/fr\/partenaires-2\/managing-cirasync-client-tenants\/"]}]},{"@type":"ImageObject","inLanguage":"fr-FR","@id":"https:\/\/cirasync.com\/fr\/partenaires-2\/managing-cirasync-client-tenants\/#primaryimage","url":"https:\/\/cirasync.com\/wp-content\/uploads\/2020\/01\/Partners-Man.png","contentUrl":"https:\/\/cirasync.com\/wp-content\/uploads\/2020\/01\/Partners-Man.png","width":1080,"height":630,"caption":"Partners-Man"},{"@type":"BreadcrumbList","@id":"https:\/\/cirasync.com\/fr\/partenaires-2\/managing-cirasync-client-tenants\/#breadcrumb","itemListElement":[{"@type":"ListItem","position":1,"name":"Home","item":"https:\/\/cirasync.com\/fr\/"},{"@type":"ListItem","position":2,"name":"Partenaire","item":"https:\/\/cirasync.com\/fr\/partenaires-2\/"},{"@type":"ListItem","position":3,"name":"Gestion de vos tenants sur CiraSync"}]},{"@type":"WebSite","@id":"https:\/\/cirasync.com\/fr\/#website","url":"https:\/\/cirasync.com\/fr\/","name":"CiraSync","description":"Sync the Office 365 GAL, public folders and calendars to smartphones.","publisher":{"@id":"https:\/\/cirasync.com\/fr\/#organization"},"potentialAction":[{"@type":"SearchAction","target":{"@type":"EntryPoint","urlTemplate":"https:\/\/cirasync.com\/fr\/?s={search_term_string}"},"query-input":{"@type":"PropertyValueSpecification","valueRequired":true,"valueName":"search_term_string"}}],"inLanguage":"fr-FR"},{"@type":"Organization","@id":"https:\/\/cirasync.com\/fr\/#organization","name":"CiraSync","url":"https:\/\/cirasync.com\/fr\/","logo":{"@type":"ImageObject","inLanguage":"fr-FR","@id":"https:\/\/cirasync.com\/fr\/#\/schema\/logo\/image\/","url":"https:\/\/cirasync.com\/wp-content\/uploads\/2019\/07\/CiraSync-Logo-.png","contentUrl":"https:\/\/cirasync.com\/wp-content\/uploads\/2019\/07\/CiraSync-Logo-.png","width":1200,"height":671,"caption":"CiraSync"},"image":{"@id":"https:\/\/cirasync.com\/fr\/#\/schema\/logo\/image\/"},"sameAs":["https:\/\/www.facebook.com\/CiraSync\/","https:\/\/x.com\/CiraSync","https:\/\/www.linkedin.com\/company\/cira-apps-limited","https:\/\/www.youtube.com\/channel\/UCdFkOfXlRAWRadzGit3jJZA\/videos"],"description":"CiraSync automatically syncs CRM, contact & calendar data from M365, Exchange & many CRMs to every smartphone.","email":"support@cirasync.com","telephone":"1 (202) 747 0888","legalName":"CiraSync"}]}},"_links":{"self":[{"href":"https:\/\/cirasync.com\/fr\/wp-json\/wp\/v2\/pages\/28360","targetHints":{"allow":["GET"]}}],"collection":[{"href":"https:\/\/cirasync.com\/fr\/wp-json\/wp\/v2\/pages"}],"about":[{"href":"https:\/\/cirasync.com\/fr\/wp-json\/wp\/v2\/types\/page"}],"author":[{"embeddable":true,"href":"https:\/\/cirasync.com\/fr\/wp-json\/wp\/v2\/users\/3"}],"replies":[{"embeddable":true,"href":"https:\/\/cirasync.com\/fr\/wp-json\/wp\/v2\/comments?post=28360"}],"version-history":[{"count":1,"href":"https:\/\/cirasync.com\/fr\/wp-json\/wp\/v2\/pages\/28360\/revisions"}],"predecessor-version":[{"id":67755,"href":"https:\/\/cirasync.com\/fr\/wp-json\/wp\/v2\/pages\/28360\/revisions\/67755"}],"up":[{"embeddable":true,"href":"https:\/\/cirasync.com\/fr\/wp-json\/wp\/v2\/pages\/26425"}],"wp:featuredmedia":[{"embeddable":true,"href":"https:\/\/cirasync.com\/fr\/wp-json\/wp\/v2\/media\/19737"}],"wp:attachment":[{"href":"https:\/\/cirasync.com\/fr\/wp-json\/wp\/v2\/media?parent=28360"}],"curies":[{"name":"wp","href":"https:\/\/api.w.org\/{rel}","templated":true}]}}