{"id":28374,"date":"2020-08-25T09:59:47","date_gmt":"2020-08-25T16:59:47","guid":{"rendered":"http:\/\/cirasync.com\/?page_id=28374"},"modified":"2026-01-06T13:05:29","modified_gmt":"2026-01-06T20:05:29","slug":"assigning-a-dedicated-service-account-to-a-client-tenant","status":"publish","type":"page","link":"https:\/\/cirasync.com\/fr\/partenaires-2\/assigning-a-dedicated-service-account-to-a-client-tenant\/","title":{"rendered":"Attribuer un compte de service d\u00e9di\u00e9 \u00e0 un tenant"},"content":{"rendered":"<p>[et_pb_section fb_built=\u00a0\u00bb1&Prime; module_class=\u00a0\u00bbpartner-qsg\u00a0\u00bb _builder_version=\u00a0\u00bb4.16&Prime; global_colors_info=\u00a0\u00bb{}\u00a0\u00bb][et_pb_row column_structure=\u00a0\u00bb1_3,2_3&Prime; _builder_version=\u00a0\u00bb4.16&Prime; global_colors_info=\u00a0\u00bb{}\u00a0\u00bb][et_pb_column type=\u00a0\u00bb1_3&Prime; _builder_version=\u00a0\u00bb4.16&Prime; global_colors_info=\u00a0\u00bb{}\u00a0\u00bb][et_pb_sidebar area=\u00a0\u00bbet_pb_widget_area_4&Prime; _builder_version=\u00a0\u00bb4.16&Prime; global_colors_info=\u00a0\u00bb{}\u00a0\u00bb][\/et_pb_sidebar][\/et_pb_column][et_pb_column type=\u00a0\u00bb2_3&Prime; _builder_version=\u00a0\u00bb4.16&Prime; global_colors_info=\u00a0\u00bb{}\u00a0\u00bb][et_pb_text _builder_version=\u00a0\u00bb4.16&Prime; global_colors_info=\u00a0\u00bb{}\u00a0\u00bb]<\/p>\n<h1><span class=\"ez-toc-section\" id=\"Attribuer_un_compte_de_service_dedie_a_un_tenant\"><\/span>Attribuer un compte de service d\u00e9di\u00e9 \u00e0 un tenant<span class=\"ez-toc-section-end\"><\/span><\/h1>\n<p>Les Titulaires peuvent \u00e9galement configurer leurs clients (tenants). Ce guide montre comment attribuer un compte de service \u00e0 un tenant.<\/p>\n<h2><span class=\"ez-toc-section\" id=\"Instructions\"><\/span>Instructions<span class=\"ez-toc-section-end\"><\/span><\/h2>\n<ol>\n<li><a href=\"http:\/\/cirasync.com\/support\/office-365\/setting-up-service-account\/?lang=fr\">Create a Dedicated Service Account<\/a>.<\/li>\n<li><a href=\"http:\/\/cirasync.com\/articles-dassistance\/office-365-fr\/configurer-role-emprunt-identite\/?lang=fr\">Set Application Impersonation Mode on the Service Account<\/a>.<\/li>\n<li>Connectez-vous au tableau de bord CiraSync avec le compte de service.<\/li>\n<li>Connectez-vous au Portail des partenaires CiraSync.<\/li>\n<li>Cliquez sur l&rsquo;ic\u00f4ne <strong>Crayon <\/strong>\u00e0 c\u00f4t\u00e9 de l&rsquo;un des tenants r\u00e9pertori\u00e9s dans le volet <strong>Tenants<\/strong> du tableau de bord partenaire principal. (Voir l&rsquo;image ci-dessous.) <img decoding=\"async\" class=\"aligncenter size-large wp-image-19266\" src=\"https:\/\/cirasync.com\/wp-content\/uploads\/2020\/01\/Partner-QSG-Defining-Tenant-Permissions_markup-2-1024x179.png\" alt=\"\" width=\"1024\" height=\"179\" srcset=\"https:\/\/cirasync.com\/wp-content\/uploads\/2020\/01\/Partner-QSG-Defining-Tenant-Permissions_markup-2-1024x179.png 1024w, https:\/\/cirasync.com\/wp-content\/uploads\/2020\/01\/Partner-QSG-Defining-Tenant-Permissions_markup-2-980x172.png 980w, https:\/\/cirasync.com\/wp-content\/uploads\/2020\/01\/Partner-QSG-Defining-Tenant-Permissions_markup-2-480x84.png 480w\" sizes=\"(min-width: 0px) and (max-width: 480px) 480px, (min-width: 481px) and (max-width: 980px) 980px, (min-width: 981px) 1024px, 100vw\" \/>Vous serez redirig\u00e9 vers <strong>Tenant Overview<\/strong>. (Voir l&rsquo;image ci-dessous.) <img decoding=\"async\" class=\"aligncenter size-large wp-image-19282\" src=\"https:\/\/cirasync.com\/wp-content\/uploads\/2020\/01\/Partner-QSG-Defining-Tenant-Permissions-Tenant-View_nomarkup-1024x522.png\" alt=\"\" width=\"1024\" height=\"522\" srcset=\"https:\/\/cirasync.com\/wp-content\/uploads\/2020\/01\/Partner-QSG-Defining-Tenant-Permissions-Tenant-View_nomarkup-1024x522.png 1024w, https:\/\/cirasync.com\/wp-content\/uploads\/2020\/01\/Partner-QSG-Defining-Tenant-Permissions-Tenant-View_nomarkup-980x500.png 980w, https:\/\/cirasync.com\/wp-content\/uploads\/2020\/01\/Partner-QSG-Defining-Tenant-Permissions-Tenant-View_nomarkup-480x245.png 480w\" sizes=\"(min-width: 0px) and (max-width: 480px) 480px, (min-width: 481px) and (max-width: 980px) 980px, (min-width: 981px) 1024px, 100vw\" \/><\/li>\n<li>Cliquez sur <strong>Service Account<\/strong> dans le panneau gauche de navigation.<\/li>\n<li>S\u00e9lectionnez le compte de service qui a \u00e9t\u00e9 cr\u00e9\u00e9 aux <strong>\u00e9tapes 1 et 2<\/strong> dans le volet <strong>Specify Service Account Pane. <\/strong> <\/li>\n<li>Cliquez sur <strong>SAVE<\/strong> dans le coin sup\u00e9rieur droit du tableau de bord.<\/li>\n<\/ol>\n<p><a href=\"http:\/\/cirasync.com\/partenaires\/auto-licensing-client-tenant-users\/?lang=fr\" class=\"next-post\">Article suivant: Accorder des licences automatiques aux utilisateurs des tenants<\/a>[\/et_pb_text][\/et_pb_column][\/et_pb_row][\/et_pb_section]<\/p>\n","protected":false},"excerpt":{"rendered":"<p>Attribuer un compte de service d\u00e9di\u00e9 \u00e0 un tenant Les Titulaires peuvent \u00e9galement configurer leurs clients (tenants). Ce guide montre comment attribuer un compte de service \u00e0 un tenant. Instructions Create a Dedicated Service Account. Set Application Impersonation Mode on the Service Account. Connectez-vous au tableau de bord CiraSync avec le compte de service. Connectez-vous [&hellip;]<\/p>\n","protected":false},"author":3,"featured_media":19729,"parent":26425,"menu_order":0,"comment_status":"closed","ping_status":"closed","template":"","meta":{"_et_pb_use_builder":"on","_et_pb_old_content":"","_et_gb_content_width":"","_nextfly_llmd_date_locked":false,"footnotes":""},"class_list":["post-28374","page","type-page","status-publish","has-post-thumbnail","hentry"],"yoast_head":"<!-- This site is optimized with the Yoast SEO Premium plugin v27.1 (Yoast SEO v27.1.1) - https:\/\/yoast.com\/product\/yoast-seo-premium-wordpress\/ -->\n<title>Attribuer un compte de service d\u00e9di\u00e9 \u00e0 un tenant | CiraSync<\/title>\n<meta name=\"description\" content=\"Partenaires : affecter un compte de service d\u00e9di\u00e9 \u00e0 un client \u2014 \u00e9tapes, autorisations et bonnes pratiques.\" \/>\n<meta name=\"robots\" content=\"index, follow, max-snippet:-1, max-image-preview:large, max-video-preview:-1\" \/>\n<link rel=\"canonical\" href=\"https:\/\/cirasync.com\/fr\/partenaires-2\/assigning-a-dedicated-service-account-to-a-client-tenant\/\" \/>\n<meta property=\"og:locale\" content=\"fr_FR\" \/>\n<meta property=\"og:type\" content=\"article\" \/>\n<meta property=\"og:title\" content=\"Attribuer un compte de service d\u00e9di\u00e9 \u00e0 un tenant\" \/>\n<meta property=\"og:description\" content=\"Partenaires : affecter un compte de service d\u00e9di\u00e9 \u00e0 un client \u2014 \u00e9tapes, autorisations et bonnes pratiques.\" \/>\n<meta property=\"og:url\" content=\"https:\/\/cirasync.com\/fr\/partenaires-2\/assigning-a-dedicated-service-account-to-a-client-tenant\/\" \/>\n<meta property=\"og:site_name\" content=\"CiraSync\" \/>\n<meta property=\"article:publisher\" content=\"https:\/\/www.facebook.com\/CiraSync\/\" \/>\n<meta property=\"article:modified_time\" content=\"2026-01-06T20:05:29+00:00\" \/>\n<meta property=\"og:image\" content=\"https:\/\/cirasync.com\/wp-content\/uploads\/2020\/01\/Partners-Woman.png\" \/>\n\t<meta property=\"og:image:width\" content=\"1080\" \/>\n\t<meta property=\"og:image:height\" content=\"630\" \/>\n\t<meta property=\"og:image:type\" content=\"image\/png\" \/>\n<meta name=\"twitter:card\" content=\"summary_large_image\" \/>\n<meta name=\"twitter:site\" content=\"@CiraSync\" \/>\n<meta name=\"twitter:label1\" content=\"Dur\u00e9e de lecture estim\u00e9e\" \/>\n\t<meta name=\"twitter:data1\" content=\"2 minutes\" \/>\n<script type=\"application\/ld+json\" class=\"yoast-schema-graph\">{\"@context\":\"https:\/\/schema.org\",\"@graph\":[{\"@type\":\"WebPage\",\"@id\":\"https:\/\/cirasync.com\/fr\/partenaires-2\/assigning-a-dedicated-service-account-to-a-client-tenant\/\",\"url\":\"https:\/\/cirasync.com\/fr\/partenaires-2\/assigning-a-dedicated-service-account-to-a-client-tenant\/\",\"name\":\"Attribuer un compte de service d\u00e9di\u00e9 \u00e0 un tenant | CiraSync\",\"isPartOf\":{\"@id\":\"https:\/\/cirasync.com\/fr\/#website\"},\"primaryImageOfPage\":{\"@id\":\"https:\/\/cirasync.com\/fr\/partenaires-2\/assigning-a-dedicated-service-account-to-a-client-tenant\/#primaryimage\"},\"image\":{\"@id\":\"https:\/\/cirasync.com\/fr\/partenaires-2\/assigning-a-dedicated-service-account-to-a-client-tenant\/#primaryimage\"},\"thumbnailUrl\":\"https:\/\/cirasync.com\/wp-content\/uploads\/2020\/01\/Partners-Woman.png\",\"datePublished\":\"2020-08-25T16:59:47+00:00\",\"dateModified\":\"2026-01-06T20:05:29+00:00\",\"description\":\"Partenaires : affecter un compte de service d\u00e9di\u00e9 \u00e0 un client \u2014 \u00e9tapes, autorisations et bonnes pratiques.\",\"breadcrumb\":{\"@id\":\"https:\/\/cirasync.com\/fr\/partenaires-2\/assigning-a-dedicated-service-account-to-a-client-tenant\/#breadcrumb\"},\"inLanguage\":\"fr-FR\",\"potentialAction\":[{\"@type\":\"ReadAction\",\"target\":[\"https:\/\/cirasync.com\/fr\/partenaires-2\/assigning-a-dedicated-service-account-to-a-client-tenant\/\"]}]},{\"@type\":\"ImageObject\",\"inLanguage\":\"fr-FR\",\"@id\":\"https:\/\/cirasync.com\/fr\/partenaires-2\/assigning-a-dedicated-service-account-to-a-client-tenant\/#primaryimage\",\"url\":\"https:\/\/cirasync.com\/wp-content\/uploads\/2020\/01\/Partners-Woman.png\",\"contentUrl\":\"https:\/\/cirasync.com\/wp-content\/uploads\/2020\/01\/Partners-Woman.png\",\"width\":1080,\"height\":630,\"caption\":\"Partners-Woman\"},{\"@type\":\"BreadcrumbList\",\"@id\":\"https:\/\/cirasync.com\/fr\/partenaires-2\/assigning-a-dedicated-service-account-to-a-client-tenant\/#breadcrumb\",\"itemListElement\":[{\"@type\":\"ListItem\",\"position\":1,\"name\":\"Home\",\"item\":\"https:\/\/cirasync.com\/fr\/\"},{\"@type\":\"ListItem\",\"position\":2,\"name\":\"Partenaire\",\"item\":\"https:\/\/cirasync.com\/fr\/partenaires-2\/\"},{\"@type\":\"ListItem\",\"position\":3,\"name\":\"Attribuer un compte de service d\u00e9di\u00e9 \u00e0 un tenant\"}]},{\"@type\":\"WebSite\",\"@id\":\"https:\/\/cirasync.com\/fr\/#website\",\"url\":\"https:\/\/cirasync.com\/fr\/\",\"name\":\"CiraSync\",\"description\":\"Sync the Office 365 GAL, public folders and calendars to smartphones.\",\"publisher\":{\"@id\":\"https:\/\/cirasync.com\/fr\/#organization\"},\"potentialAction\":[{\"@type\":\"SearchAction\",\"target\":{\"@type\":\"EntryPoint\",\"urlTemplate\":\"https:\/\/cirasync.com\/fr\/?s={search_term_string}\"},\"query-input\":{\"@type\":\"PropertyValueSpecification\",\"valueRequired\":true,\"valueName\":\"search_term_string\"}}],\"inLanguage\":\"fr-FR\"},{\"@type\":\"Organization\",\"@id\":\"https:\/\/cirasync.com\/fr\/#organization\",\"name\":\"CiraSync\",\"url\":\"https:\/\/cirasync.com\/fr\/\",\"logo\":{\"@type\":\"ImageObject\",\"inLanguage\":\"fr-FR\",\"@id\":\"https:\/\/cirasync.com\/fr\/#\/schema\/logo\/image\/\",\"url\":\"https:\/\/cirasync.com\/wp-content\/uploads\/2019\/07\/CiraSync-Logo-.png\",\"contentUrl\":\"https:\/\/cirasync.com\/wp-content\/uploads\/2019\/07\/CiraSync-Logo-.png\",\"width\":1200,\"height\":671,\"caption\":\"CiraSync\"},\"image\":{\"@id\":\"https:\/\/cirasync.com\/fr\/#\/schema\/logo\/image\/\"},\"sameAs\":[\"https:\/\/www.facebook.com\/CiraSync\/\",\"https:\/\/x.com\/CiraSync\",\"https:\/\/www.linkedin.com\/company\/cira-apps-limited\",\"https:\/\/www.youtube.com\/channel\/UCdFkOfXlRAWRadzGit3jJZA\/videos\"],\"description\":\"CiraSync automatically syncs CRM, contact & calendar data from M365, Exchange & many CRMs to every smartphone.\",\"email\":\"support@cirasync.com\",\"telephone\":\"1 (202) 747 0888\",\"legalName\":\"CiraSync\"}]}<\/script>\n<!-- \/ Yoast SEO Premium plugin. -->","yoast_head_json":{"title":"Attribuer un compte de service d\u00e9di\u00e9 \u00e0 un tenant | CiraSync","description":"Partenaires : affecter un compte de service d\u00e9di\u00e9 \u00e0 un client \u2014 \u00e9tapes, autorisations et bonnes pratiques.","robots":{"index":"index","follow":"follow","max-snippet":"max-snippet:-1","max-image-preview":"max-image-preview:large","max-video-preview":"max-video-preview:-1"},"canonical":"https:\/\/cirasync.com\/fr\/partenaires-2\/assigning-a-dedicated-service-account-to-a-client-tenant\/","og_locale":"fr_FR","og_type":"article","og_title":"Attribuer un compte de service d\u00e9di\u00e9 \u00e0 un tenant","og_description":"Partenaires : affecter un compte de service d\u00e9di\u00e9 \u00e0 un client \u2014 \u00e9tapes, autorisations et bonnes pratiques.","og_url":"https:\/\/cirasync.com\/fr\/partenaires-2\/assigning-a-dedicated-service-account-to-a-client-tenant\/","og_site_name":"CiraSync","article_publisher":"https:\/\/www.facebook.com\/CiraSync\/","article_modified_time":"2026-01-06T20:05:29+00:00","og_image":[{"width":1080,"height":630,"url":"https:\/\/cirasync.com\/wp-content\/uploads\/2020\/01\/Partners-Woman.png","type":"image\/png"}],"twitter_card":"summary_large_image","twitter_site":"@CiraSync","twitter_misc":{"Dur\u00e9e de lecture estim\u00e9e":"2 minutes"},"schema":{"@context":"https:\/\/schema.org","@graph":[{"@type":"WebPage","@id":"https:\/\/cirasync.com\/fr\/partenaires-2\/assigning-a-dedicated-service-account-to-a-client-tenant\/","url":"https:\/\/cirasync.com\/fr\/partenaires-2\/assigning-a-dedicated-service-account-to-a-client-tenant\/","name":"Attribuer un compte de service d\u00e9di\u00e9 \u00e0 un tenant | CiraSync","isPartOf":{"@id":"https:\/\/cirasync.com\/fr\/#website"},"primaryImageOfPage":{"@id":"https:\/\/cirasync.com\/fr\/partenaires-2\/assigning-a-dedicated-service-account-to-a-client-tenant\/#primaryimage"},"image":{"@id":"https:\/\/cirasync.com\/fr\/partenaires-2\/assigning-a-dedicated-service-account-to-a-client-tenant\/#primaryimage"},"thumbnailUrl":"https:\/\/cirasync.com\/wp-content\/uploads\/2020\/01\/Partners-Woman.png","datePublished":"2020-08-25T16:59:47+00:00","dateModified":"2026-01-06T20:05:29+00:00","description":"Partenaires : affecter un compte de service d\u00e9di\u00e9 \u00e0 un client \u2014 \u00e9tapes, autorisations et bonnes pratiques.","breadcrumb":{"@id":"https:\/\/cirasync.com\/fr\/partenaires-2\/assigning-a-dedicated-service-account-to-a-client-tenant\/#breadcrumb"},"inLanguage":"fr-FR","potentialAction":[{"@type":"ReadAction","target":["https:\/\/cirasync.com\/fr\/partenaires-2\/assigning-a-dedicated-service-account-to-a-client-tenant\/"]}]},{"@type":"ImageObject","inLanguage":"fr-FR","@id":"https:\/\/cirasync.com\/fr\/partenaires-2\/assigning-a-dedicated-service-account-to-a-client-tenant\/#primaryimage","url":"https:\/\/cirasync.com\/wp-content\/uploads\/2020\/01\/Partners-Woman.png","contentUrl":"https:\/\/cirasync.com\/wp-content\/uploads\/2020\/01\/Partners-Woman.png","width":1080,"height":630,"caption":"Partners-Woman"},{"@type":"BreadcrumbList","@id":"https:\/\/cirasync.com\/fr\/partenaires-2\/assigning-a-dedicated-service-account-to-a-client-tenant\/#breadcrumb","itemListElement":[{"@type":"ListItem","position":1,"name":"Home","item":"https:\/\/cirasync.com\/fr\/"},{"@type":"ListItem","position":2,"name":"Partenaire","item":"https:\/\/cirasync.com\/fr\/partenaires-2\/"},{"@type":"ListItem","position":3,"name":"Attribuer un compte de service d\u00e9di\u00e9 \u00e0 un tenant"}]},{"@type":"WebSite","@id":"https:\/\/cirasync.com\/fr\/#website","url":"https:\/\/cirasync.com\/fr\/","name":"CiraSync","description":"Sync the Office 365 GAL, public folders and calendars to smartphones.","publisher":{"@id":"https:\/\/cirasync.com\/fr\/#organization"},"potentialAction":[{"@type":"SearchAction","target":{"@type":"EntryPoint","urlTemplate":"https:\/\/cirasync.com\/fr\/?s={search_term_string}"},"query-input":{"@type":"PropertyValueSpecification","valueRequired":true,"valueName":"search_term_string"}}],"inLanguage":"fr-FR"},{"@type":"Organization","@id":"https:\/\/cirasync.com\/fr\/#organization","name":"CiraSync","url":"https:\/\/cirasync.com\/fr\/","logo":{"@type":"ImageObject","inLanguage":"fr-FR","@id":"https:\/\/cirasync.com\/fr\/#\/schema\/logo\/image\/","url":"https:\/\/cirasync.com\/wp-content\/uploads\/2019\/07\/CiraSync-Logo-.png","contentUrl":"https:\/\/cirasync.com\/wp-content\/uploads\/2019\/07\/CiraSync-Logo-.png","width":1200,"height":671,"caption":"CiraSync"},"image":{"@id":"https:\/\/cirasync.com\/fr\/#\/schema\/logo\/image\/"},"sameAs":["https:\/\/www.facebook.com\/CiraSync\/","https:\/\/x.com\/CiraSync","https:\/\/www.linkedin.com\/company\/cira-apps-limited","https:\/\/www.youtube.com\/channel\/UCdFkOfXlRAWRadzGit3jJZA\/videos"],"description":"CiraSync automatically syncs CRM, contact & calendar data from M365, Exchange & many CRMs to every smartphone.","email":"support@cirasync.com","telephone":"1 (202) 747 0888","legalName":"CiraSync"}]}},"_links":{"self":[{"href":"https:\/\/cirasync.com\/fr\/wp-json\/wp\/v2\/pages\/28374","targetHints":{"allow":["GET"]}}],"collection":[{"href":"https:\/\/cirasync.com\/fr\/wp-json\/wp\/v2\/pages"}],"about":[{"href":"https:\/\/cirasync.com\/fr\/wp-json\/wp\/v2\/types\/page"}],"author":[{"embeddable":true,"href":"https:\/\/cirasync.com\/fr\/wp-json\/wp\/v2\/users\/3"}],"replies":[{"embeddable":true,"href":"https:\/\/cirasync.com\/fr\/wp-json\/wp\/v2\/comments?post=28374"}],"version-history":[{"count":0,"href":"https:\/\/cirasync.com\/fr\/wp-json\/wp\/v2\/pages\/28374\/revisions"}],"up":[{"embeddable":true,"href":"https:\/\/cirasync.com\/fr\/wp-json\/wp\/v2\/pages\/26425"}],"wp:featuredmedia":[{"embeddable":true,"href":"https:\/\/cirasync.com\/fr\/wp-json\/wp\/v2\/media\/19729"}],"wp:attachment":[{"href":"https:\/\/cirasync.com\/fr\/wp-json\/wp\/v2\/media?parent=28374"}],"curies":[{"name":"wp","href":"https:\/\/api.w.org\/{rel}","templated":true}]}}