{"id":28384,"date":"2020-08-25T07:56:47","date_gmt":"2020-08-25T14:56:47","guid":{"rendered":"http:\/\/cirasync.com\/?page_id=28384"},"modified":"2026-03-05T10:21:45","modified_gmt":"2026-03-05T17:21:45","slug":"auto-licensing-client-tenant-users","status":"publish","type":"page","link":"https:\/\/cirasync.com\/fr\/partenaires-2\/auto-licensing-client-tenant-users\/","title":{"rendered":"Accorder des licences automatiques aux utilisateurs des tenants"},"content":{"rendered":"<p>[et_pb_section fb_built=\u00a0\u00bb1&Prime; module_class=\u00a0\u00bbpartner-qsg\u00a0\u00bb _builder_version=\u00a0\u00bb4.16&Prime; global_colors_info=\u00a0\u00bb{}\u00a0\u00bb][et_pb_row column_structure=\u00a0\u00bb1_3,2_3&Prime; _builder_version=\u00a0\u00bb4.16&Prime; global_colors_info=\u00a0\u00bb{}\u00a0\u00bb][et_pb_column type=\u00a0\u00bb1_3&Prime; _builder_version=\u00a0\u00bb4.16&Prime; global_colors_info=\u00a0\u00bb{}\u00a0\u00bb][et_pb_sidebar area=\u00a0\u00bbet_pb_widget_area_4&Prime; _builder_version=\u00a0\u00bb4.16&Prime; global_colors_info=\u00a0\u00bb{}\u00a0\u00bb][\/et_pb_sidebar][\/et_pb_column][et_pb_column type=\u00a0\u00bb2_3&Prime; _builder_version=\u00a0\u00bb4.16&Prime; global_colors_info=\u00a0\u00bb{}\u00a0\u00bb][et_pb_text _builder_version=\u00a0\u00bb4.16&Prime; global_colors_info=\u00a0\u00bb{}\u00a0\u00bb]<\/p>\n<h1><span class=\"ez-toc-section\" id=\"Accorder_des_licences_automatiques_aux_utilisateurs_des_tenants\"><\/span>Accorder des licences automatiques aux utilisateurs des tenants<span class=\"ez-toc-section-end\"><\/span><\/h1>\n<p>En cr\u00e9ant une collection de contacts, les Titulaires peuvent octroyer des licences CiraSync Enterprise Edition automatiquement aux utilisateurs de leurs tenants. Ce guide montre comment attribuer une licence automatique aux utilisateurs.<\/p>\n<h2><span class=\"ez-toc-section\" id=\"Instructions\"><\/span>Instructions<span class=\"ez-toc-section-end\"><\/span><\/h2>\n<ol>\n<li>Cliquez sur <strong>Overview<\/strong> pour revenir \u00e0 l&rsquo;aper\u00e7u <strong>Tenant Overview.<\/strong> (Voir l&rsquo;image ci-dessous.) <img decoding=\"async\" class=\"aligncenter size-large wp-image-19282\" src=\"https:\/\/cirasync.com\/wp-content\/uploads\/2020\/01\/Partner-QSG-Defining-Tenant-Permissions-Tenant-View_nomarkup-1024x522.png\" alt=\"\" width=\"1024\" height=\"522\" srcset=\"https:\/\/cirasync.com\/wp-content\/uploads\/2020\/01\/Partner-QSG-Defining-Tenant-Permissions-Tenant-View_nomarkup-1024x522.png 1024w, https:\/\/cirasync.com\/wp-content\/uploads\/2020\/01\/Partner-QSG-Defining-Tenant-Permissions-Tenant-View_nomarkup-980x500.png 980w, https:\/\/cirasync.com\/wp-content\/uploads\/2020\/01\/Partner-QSG-Defining-Tenant-Permissions-Tenant-View_nomarkup-480x245.png 480w\" sizes=\"(min-width: 0px) and (max-width: 480px) 480px, (min-width: 481px) and (max-width: 980px) 980px, (min-width: 981px) 1024px, 100vw\" \/><\/li>\n<li>Cliquez sur <strong>Collections <\/strong> dans le panneau gauche de navigation.<\/li>\n<li>Cliquez sur le <strong>+<\/strong> dans le coin sup\u00e9rieur droit du tableau de bord. Vous serez redirig\u00e9 vers <strong>Collection Dashboard. <\/strong>(Voir l&rsquo;image ci-dessous.) <img decoding=\"async\" class=\"aligncenter size-large wp-image-19334\" src=\"https:\/\/cirasync.com\/wp-content\/uploads\/2020\/01\/Partner-QSG-Collection-Dashboard-1024x249.png\" alt=\"\" width=\"1024\" height=\"249\" srcset=\"https:\/\/cirasync.com\/wp-content\/uploads\/2020\/01\/Partner-QSG-Collection-Dashboard-980x238.png 980w, https:\/\/cirasync.com\/wp-content\/uploads\/2020\/01\/Partner-QSG-Collection-Dashboard-480x117.png 480w\" sizes=\"(min-width: 0px) and (max-width: 480px) 480px, (min-width: 481px) and (max-width: 980px) 980px, (min-width: 981px) 1024px, 100vw\" \/><\/li>\n<li>Nommez la collection. Dans cet exemple, nous appellerons la collection Users.<strong><\/strong> <\/li>\n<li>Passez la souris sur les utilisateurs souhait\u00e9s et cliquez sur le <strong>+<\/strong> vert pour les ajouter \u00e0 la collection. <div class='et-box et-info'>\n\t\t\t\t\t<div class='et-box-content'><strong>NOTE:<\/strong> Plusieurs utilisateurs peuvent \u00eatre ajout\u00e9s en un seul clic \u00e0 l&rsquo;aide d&rsquo;un groupe de distribution dynamique ou d&rsquo;une liste de distribution \/ groupe de contacts. Les groupes de distribution dynamiques et les listes de distribution s&rsquo;afficheront en cons\u00e9quence dans l&rsquo;onglet SEARCH.<\/div><\/div><\/li>\n<li> Cliquez sur <strong>SAVE<\/strong>. <\/li>\n<li>Cliquez sur <strong>Overview <\/strong> dans le panneau de navigation de gauche pour revenir \u00e0 l&rsquo;aper\u00e7u <strong>Tenant Overview. <\/strong> <\/li>\n<li>Cliquez sur <strong>EDIT<\/strong> dans le volet <strong>Auto-License. <\/strong>La fen\u00eatre <strong>Auto-License<\/strong> <strong>Users<\/strong> appara\u00eet. (Voir l&rsquo;image ci-dessous.) <img decoding=\"async\" class=\"aligncenter size-full wp-image-19318\" src=\"https:\/\/cirasync.com\/wp-content\/uploads\/2020\/01\/Partner-QSG-Auto-License-Users_nomarkup.png\" alt=\"\" width=\"745\" height=\"648\" srcset=\"https:\/\/cirasync.com\/wp-content\/uploads\/2020\/01\/Partner-QSG-Auto-License-Users_nomarkup.png 745w, https:\/\/cirasync.com\/wp-content\/uploads\/2020\/01\/Partner-QSG-Auto-License-Users_nomarkup-480x418.png 480w\" sizes=\"(min-width: 0px) and (max-width: 480px) 480px, (min-width: 481px) 745px, 100vw\" \/><\/li>\n<li>Cliquez sur l&rsquo;onglet <strong>COLLECTIONS <\/strong>.<\/li>\n<li>S\u00e9lectionnez la collection d&rsquo;utilisateurs (<strong>Users Collection<\/strong>) cr\u00e9\u00e9e pour cette proc\u00e9dure.<\/li>\n<li>Cliquez sur <strong>SAVE, <\/strong>et vous reviendrez \u00e0 l&rsquo;aper\u00e7u <b>Tenant Overview.<\/b><\/li>\n<li>Cliquez sur <strong>RUN <\/strong>dans le volet <strong>Auto-License. <\/strong> <\/li>\n<\/ol>\n<p><a href=\"http:\/\/cirasync.com\/partenaires\/creating-sync-tunnels-and-running-a-manual-sync\/?lang=fr\" class=\"next-post\">Article Suivant: Cr\u00e9ation d&rsquo;un ensemble de synchronisation et ex\u00e9cution d&rsquo;une synchronisation manuelle<\/a>[\/et_pb_text][\/et_pb_column][\/et_pb_row][\/et_pb_section]<\/p>\n","protected":false},"excerpt":{"rendered":"<p>Accorder des licences automatiques aux utilisateurs des tenants En cr\u00e9ant une collection de contacts, les Titulaires peuvent octroyer des licences CiraSync Enterprise Edition automatiquement aux utilisateurs de leurs tenants. Ce guide montre comment attribuer une licence automatique aux utilisateurs. Instructions Cliquez sur Overview pour revenir \u00e0 l&rsquo;aper\u00e7u Tenant Overview. (Voir l&rsquo;image ci-dessous.) Cliquez sur Collections [&hellip;]<\/p>\n","protected":false},"author":3,"featured_media":19737,"parent":26425,"menu_order":0,"comment_status":"closed","ping_status":"closed","template":"","meta":{"_et_pb_use_builder":"on","_et_pb_old_content":"","_et_gb_content_width":"","_nextfly_llmd_date_locked":false,"footnotes":""},"class_list":["post-28384","page","type-page","status-publish","has-post-thumbnail","hentry"],"yoast_head":"<!-- This site is optimized with the Yoast SEO Premium plugin v27.1 (Yoast SEO v27.1.1) - https:\/\/yoast.com\/product\/yoast-seo-premium-wordpress\/ -->\n<title>Licences Automatiques Pour Utilisateurs Tenants<\/title>\n<meta name=\"description\" content=\"Programme partenaires CiraSync : G\u00e9rez les locataires clients, la facturation et les licences pour offrir la synchronisation Office 365 \u00e0 vos clients.\" \/>\n<meta name=\"robots\" content=\"index, follow, max-snippet:-1, max-image-preview:large, max-video-preview:-1\" \/>\n<link rel=\"canonical\" href=\"https:\/\/cirasync.com\/fr\/partenaires-2\/auto-licensing-client-tenant-users\/\" \/>\n<meta property=\"og:locale\" content=\"fr_FR\" \/>\n<meta property=\"og:type\" content=\"article\" \/>\n<meta property=\"og:title\" content=\"Accorder des licences automatiques aux utilisateurs des tenants\" \/>\n<meta property=\"og:description\" content=\"Programme partenaires CiraSync : G\u00e9rez les locataires clients, la facturation et les licences pour offrir la synchronisation Office 365 \u00e0 vos clients.\" \/>\n<meta property=\"og:url\" content=\"https:\/\/cirasync.com\/fr\/partenaires-2\/auto-licensing-client-tenant-users\/\" \/>\n<meta property=\"og:site_name\" content=\"CiraSync\" \/>\n<meta property=\"article:publisher\" content=\"https:\/\/www.facebook.com\/CiraSync\/\" \/>\n<meta property=\"article:modified_time\" content=\"2026-03-05T17:21:45+00:00\" \/>\n<meta property=\"og:image\" content=\"https:\/\/cirasync.com\/wp-content\/uploads\/2020\/01\/Partners-Man.png\" \/>\n\t<meta property=\"og:image:width\" content=\"1080\" \/>\n\t<meta property=\"og:image:height\" content=\"630\" \/>\n\t<meta property=\"og:image:type\" content=\"image\/png\" \/>\n<meta name=\"twitter:card\" content=\"summary_large_image\" \/>\n<meta name=\"twitter:site\" content=\"@CiraSync\" \/>\n<meta name=\"twitter:label1\" content=\"Dur\u00e9e de lecture estim\u00e9e\" \/>\n\t<meta name=\"twitter:data1\" content=\"3 minutes\" \/>\n<script type=\"application\/ld+json\" class=\"yoast-schema-graph\">{\"@context\":\"https:\/\/schema.org\",\"@graph\":[{\"@type\":\"WebPage\",\"@id\":\"https:\/\/cirasync.com\/fr\/partenaires-2\/auto-licensing-client-tenant-users\/\",\"url\":\"https:\/\/cirasync.com\/fr\/partenaires-2\/auto-licensing-client-tenant-users\/\",\"name\":\"Licences Automatiques Pour Utilisateurs Tenants\",\"isPartOf\":{\"@id\":\"https:\/\/cirasync.com\/fr\/#website\"},\"primaryImageOfPage\":{\"@id\":\"https:\/\/cirasync.com\/fr\/partenaires-2\/auto-licensing-client-tenant-users\/#primaryimage\"},\"image\":{\"@id\":\"https:\/\/cirasync.com\/fr\/partenaires-2\/auto-licensing-client-tenant-users\/#primaryimage\"},\"thumbnailUrl\":\"https:\/\/cirasync.com\/wp-content\/uploads\/2020\/01\/Partners-Man.png\",\"datePublished\":\"2020-08-25T14:56:47+00:00\",\"dateModified\":\"2026-03-05T17:21:45+00:00\",\"description\":\"Programme partenaires CiraSync : G\u00e9rez les locataires clients, la facturation et les licences pour offrir la synchronisation Office 365 \u00e0 vos clients.\",\"breadcrumb\":{\"@id\":\"https:\/\/cirasync.com\/fr\/partenaires-2\/auto-licensing-client-tenant-users\/#breadcrumb\"},\"inLanguage\":\"fr-FR\",\"potentialAction\":[{\"@type\":\"ReadAction\",\"target\":[\"https:\/\/cirasync.com\/fr\/partenaires-2\/auto-licensing-client-tenant-users\/\"]}]},{\"@type\":\"ImageObject\",\"inLanguage\":\"fr-FR\",\"@id\":\"https:\/\/cirasync.com\/fr\/partenaires-2\/auto-licensing-client-tenant-users\/#primaryimage\",\"url\":\"https:\/\/cirasync.com\/wp-content\/uploads\/2020\/01\/Partners-Man.png\",\"contentUrl\":\"https:\/\/cirasync.com\/wp-content\/uploads\/2020\/01\/Partners-Man.png\",\"width\":1080,\"height\":630,\"caption\":\"Partners-Man\"},{\"@type\":\"BreadcrumbList\",\"@id\":\"https:\/\/cirasync.com\/fr\/partenaires-2\/auto-licensing-client-tenant-users\/#breadcrumb\",\"itemListElement\":[{\"@type\":\"ListItem\",\"position\":1,\"name\":\"Home\",\"item\":\"https:\/\/cirasync.com\/fr\/\"},{\"@type\":\"ListItem\",\"position\":2,\"name\":\"Partenaire\",\"item\":\"https:\/\/cirasync.com\/fr\/partenaires-2\/\"},{\"@type\":\"ListItem\",\"position\":3,\"name\":\"Accorder des licences automatiques aux utilisateurs des tenants\"}]},{\"@type\":\"WebSite\",\"@id\":\"https:\/\/cirasync.com\/fr\/#website\",\"url\":\"https:\/\/cirasync.com\/fr\/\",\"name\":\"CiraSync\",\"description\":\"Sync the Office 365 GAL, public folders and calendars to smartphones.\",\"publisher\":{\"@id\":\"https:\/\/cirasync.com\/fr\/#organization\"},\"potentialAction\":[{\"@type\":\"SearchAction\",\"target\":{\"@type\":\"EntryPoint\",\"urlTemplate\":\"https:\/\/cirasync.com\/fr\/?s={search_term_string}\"},\"query-input\":{\"@type\":\"PropertyValueSpecification\",\"valueRequired\":true,\"valueName\":\"search_term_string\"}}],\"inLanguage\":\"fr-FR\"},{\"@type\":\"Organization\",\"@id\":\"https:\/\/cirasync.com\/fr\/#organization\",\"name\":\"CiraSync\",\"url\":\"https:\/\/cirasync.com\/fr\/\",\"logo\":{\"@type\":\"ImageObject\",\"inLanguage\":\"fr-FR\",\"@id\":\"https:\/\/cirasync.com\/fr\/#\/schema\/logo\/image\/\",\"url\":\"https:\/\/cirasync.com\/wp-content\/uploads\/2019\/07\/CiraSync-Logo-.png\",\"contentUrl\":\"https:\/\/cirasync.com\/wp-content\/uploads\/2019\/07\/CiraSync-Logo-.png\",\"width\":1200,\"height\":671,\"caption\":\"CiraSync\"},\"image\":{\"@id\":\"https:\/\/cirasync.com\/fr\/#\/schema\/logo\/image\/\"},\"sameAs\":[\"https:\/\/www.facebook.com\/CiraSync\/\",\"https:\/\/x.com\/CiraSync\",\"https:\/\/www.linkedin.com\/company\/cira-apps-limited\",\"https:\/\/www.youtube.com\/channel\/UCdFkOfXlRAWRadzGit3jJZA\/videos\"],\"description\":\"CiraSync automatically syncs CRM, contact & calendar data from M365, Exchange & many CRMs to every smartphone.\",\"email\":\"support@cirasync.com\",\"telephone\":\"1 (202) 747 0888\",\"legalName\":\"CiraSync\"}]}<\/script>\n<!-- \/ Yoast SEO Premium plugin. -->","yoast_head_json":{"title":"Licences Automatiques Pour Utilisateurs Tenants","description":"Programme partenaires CiraSync : G\u00e9rez les locataires clients, la facturation et les licences pour offrir la synchronisation Office 365 \u00e0 vos clients.","robots":{"index":"index","follow":"follow","max-snippet":"max-snippet:-1","max-image-preview":"max-image-preview:large","max-video-preview":"max-video-preview:-1"},"canonical":"https:\/\/cirasync.com\/fr\/partenaires-2\/auto-licensing-client-tenant-users\/","og_locale":"fr_FR","og_type":"article","og_title":"Accorder des licences automatiques aux utilisateurs des tenants","og_description":"Programme partenaires CiraSync : G\u00e9rez les locataires clients, la facturation et les licences pour offrir la synchronisation Office 365 \u00e0 vos clients.","og_url":"https:\/\/cirasync.com\/fr\/partenaires-2\/auto-licensing-client-tenant-users\/","og_site_name":"CiraSync","article_publisher":"https:\/\/www.facebook.com\/CiraSync\/","article_modified_time":"2026-03-05T17:21:45+00:00","og_image":[{"width":1080,"height":630,"url":"https:\/\/cirasync.com\/wp-content\/uploads\/2020\/01\/Partners-Man.png","type":"image\/png"}],"twitter_card":"summary_large_image","twitter_site":"@CiraSync","twitter_misc":{"Dur\u00e9e de lecture estim\u00e9e":"3 minutes"},"schema":{"@context":"https:\/\/schema.org","@graph":[{"@type":"WebPage","@id":"https:\/\/cirasync.com\/fr\/partenaires-2\/auto-licensing-client-tenant-users\/","url":"https:\/\/cirasync.com\/fr\/partenaires-2\/auto-licensing-client-tenant-users\/","name":"Licences Automatiques Pour Utilisateurs Tenants","isPartOf":{"@id":"https:\/\/cirasync.com\/fr\/#website"},"primaryImageOfPage":{"@id":"https:\/\/cirasync.com\/fr\/partenaires-2\/auto-licensing-client-tenant-users\/#primaryimage"},"image":{"@id":"https:\/\/cirasync.com\/fr\/partenaires-2\/auto-licensing-client-tenant-users\/#primaryimage"},"thumbnailUrl":"https:\/\/cirasync.com\/wp-content\/uploads\/2020\/01\/Partners-Man.png","datePublished":"2020-08-25T14:56:47+00:00","dateModified":"2026-03-05T17:21:45+00:00","description":"Programme partenaires CiraSync : G\u00e9rez les locataires clients, la facturation et les licences pour offrir la synchronisation Office 365 \u00e0 vos clients.","breadcrumb":{"@id":"https:\/\/cirasync.com\/fr\/partenaires-2\/auto-licensing-client-tenant-users\/#breadcrumb"},"inLanguage":"fr-FR","potentialAction":[{"@type":"ReadAction","target":["https:\/\/cirasync.com\/fr\/partenaires-2\/auto-licensing-client-tenant-users\/"]}]},{"@type":"ImageObject","inLanguage":"fr-FR","@id":"https:\/\/cirasync.com\/fr\/partenaires-2\/auto-licensing-client-tenant-users\/#primaryimage","url":"https:\/\/cirasync.com\/wp-content\/uploads\/2020\/01\/Partners-Man.png","contentUrl":"https:\/\/cirasync.com\/wp-content\/uploads\/2020\/01\/Partners-Man.png","width":1080,"height":630,"caption":"Partners-Man"},{"@type":"BreadcrumbList","@id":"https:\/\/cirasync.com\/fr\/partenaires-2\/auto-licensing-client-tenant-users\/#breadcrumb","itemListElement":[{"@type":"ListItem","position":1,"name":"Home","item":"https:\/\/cirasync.com\/fr\/"},{"@type":"ListItem","position":2,"name":"Partenaire","item":"https:\/\/cirasync.com\/fr\/partenaires-2\/"},{"@type":"ListItem","position":3,"name":"Accorder des licences automatiques aux utilisateurs des tenants"}]},{"@type":"WebSite","@id":"https:\/\/cirasync.com\/fr\/#website","url":"https:\/\/cirasync.com\/fr\/","name":"CiraSync","description":"Sync the Office 365 GAL, public folders and calendars to smartphones.","publisher":{"@id":"https:\/\/cirasync.com\/fr\/#organization"},"potentialAction":[{"@type":"SearchAction","target":{"@type":"EntryPoint","urlTemplate":"https:\/\/cirasync.com\/fr\/?s={search_term_string}"},"query-input":{"@type":"PropertyValueSpecification","valueRequired":true,"valueName":"search_term_string"}}],"inLanguage":"fr-FR"},{"@type":"Organization","@id":"https:\/\/cirasync.com\/fr\/#organization","name":"CiraSync","url":"https:\/\/cirasync.com\/fr\/","logo":{"@type":"ImageObject","inLanguage":"fr-FR","@id":"https:\/\/cirasync.com\/fr\/#\/schema\/logo\/image\/","url":"https:\/\/cirasync.com\/wp-content\/uploads\/2019\/07\/CiraSync-Logo-.png","contentUrl":"https:\/\/cirasync.com\/wp-content\/uploads\/2019\/07\/CiraSync-Logo-.png","width":1200,"height":671,"caption":"CiraSync"},"image":{"@id":"https:\/\/cirasync.com\/fr\/#\/schema\/logo\/image\/"},"sameAs":["https:\/\/www.facebook.com\/CiraSync\/","https:\/\/x.com\/CiraSync","https:\/\/www.linkedin.com\/company\/cira-apps-limited","https:\/\/www.youtube.com\/channel\/UCdFkOfXlRAWRadzGit3jJZA\/videos"],"description":"CiraSync automatically syncs CRM, contact & calendar data from M365, Exchange & many CRMs to every smartphone.","email":"support@cirasync.com","telephone":"1 (202) 747 0888","legalName":"CiraSync"}]}},"_links":{"self":[{"href":"https:\/\/cirasync.com\/fr\/wp-json\/wp\/v2\/pages\/28384","targetHints":{"allow":["GET"]}}],"collection":[{"href":"https:\/\/cirasync.com\/fr\/wp-json\/wp\/v2\/pages"}],"about":[{"href":"https:\/\/cirasync.com\/fr\/wp-json\/wp\/v2\/types\/page"}],"author":[{"embeddable":true,"href":"https:\/\/cirasync.com\/fr\/wp-json\/wp\/v2\/users\/3"}],"replies":[{"embeddable":true,"href":"https:\/\/cirasync.com\/fr\/wp-json\/wp\/v2\/comments?post=28384"}],"version-history":[{"count":1,"href":"https:\/\/cirasync.com\/fr\/wp-json\/wp\/v2\/pages\/28384\/revisions"}],"predecessor-version":[{"id":67776,"href":"https:\/\/cirasync.com\/fr\/wp-json\/wp\/v2\/pages\/28384\/revisions\/67776"}],"up":[{"embeddable":true,"href":"https:\/\/cirasync.com\/fr\/wp-json\/wp\/v2\/pages\/26425"}],"wp:featuredmedia":[{"embeddable":true,"href":"https:\/\/cirasync.com\/fr\/wp-json\/wp\/v2\/media\/19737"}],"wp:attachment":[{"href":"https:\/\/cirasync.com\/fr\/wp-json\/wp\/v2\/media?parent=28384"}],"curies":[{"name":"wp","href":"https:\/\/api.w.org\/{rel}","templated":true}]}}