{"id":28390,"date":"2020-08-25T10:00:38","date_gmt":"2020-08-25T17:00:38","guid":{"rendered":"http:\/\/cirasync.com\/?page_id=28390"},"modified":"2026-01-15T15:05:23","modified_gmt":"2026-01-15T22:05:23","slug":"creating-sync-tunnels-and-running-a-manual-sync","status":"publish","type":"page","link":"https:\/\/cirasync.com\/fr\/partenaires-2\/creating-sync-tunnels-and-running-a-manual-sync\/","title":{"rendered":"Cr\u00e9ation d&rsquo;un ensemble de synchronisation et ex\u00e9cution d&rsquo;une synchronisation manuelle"},"content":{"rendered":"<p>[et_pb_section fb_built=\u00a0\u00bb1&Prime; module_class=\u00a0\u00bbpartner-qsg\u00a0\u00bb _builder_version=\u00a0\u00bb4.16&Prime; global_colors_info=\u00a0\u00bb{}\u00a0\u00bb][et_pb_row column_structure=\u00a0\u00bb1_3,2_3&Prime; _builder_version=\u00a0\u00bb4.16&Prime; global_colors_info=\u00a0\u00bb{}\u00a0\u00bb][et_pb_column type=\u00a0\u00bb1_3&Prime; _builder_version=\u00a0\u00bb4.16&Prime; global_colors_info=\u00a0\u00bb{}\u00a0\u00bb][et_pb_sidebar area=\u00a0\u00bbet_pb_widget_area_4&Prime; _builder_version=\u00a0\u00bb4.16&Prime; global_colors_info=\u00a0\u00bb{}\u00a0\u00bb][\/et_pb_sidebar][\/et_pb_column][et_pb_column type=\u00a0\u00bb2_3&Prime; _builder_version=\u00a0\u00bb4.16&Prime; global_colors_info=\u00a0\u00bb{}\u00a0\u00bb][et_pb_text _builder_version=\u00a0\u00bb4.16&Prime; global_colors_info=\u00a0\u00bb{}\u00a0\u00bb]<\/p>\n<h1><span class=\"ez-toc-section\" id=\"Creation_dun_ensemble_de_synchronisation_et_execution_dune_synchronisation_manuelle\"><\/span>Cr\u00e9ation d&rsquo;un ensemble de synchronisation et ex\u00e9cution d&rsquo;une synchronisation manuelle<span class=\"ez-toc-section-end\"><\/span><\/h1>\n<p>Les ensembles de synchronisation (Sync Tunnels) sont des t\u00e2ches qui indiquent \u00e0 CiraSync les \u00e9l\u00e9ments \u00e0 synchroniser et pour qui les synchroniser. La proc\u00e9dure suivante explique bri\u00e8vement comment cr\u00e9er ces ensembles et ex\u00e9cuter une synchronisation manuelle.<\/p>\n<h2><span class=\"ez-toc-section\" id=\"Instructions\"><\/span>Instructions<span class=\"ez-toc-section-end\"><\/span><\/h2>\n<ol>\n<li>Acc\u00e9dez \u00e0 l&rsquo;aper\u00e7u du <strong>Tenant Overview. <\/strong>(Voir l&rsquo;image ci-dessous.) <img decoding=\"async\" class=\"aligncenter size-large wp-image-19282\" src=\"https:\/\/cirasync.com\/wp-content\/uploads\/2020\/01\/Partner-QSG-Defining-Tenant-Permissions-Tenant-View_nomarkup-1024x522.png\" alt=\"\" width=\"1024\" height=\"522\" srcset=\"https:\/\/cirasync.com\/wp-content\/uploads\/2020\/01\/Partner-QSG-Defining-Tenant-Permissions-Tenant-View_nomarkup-1024x522.png 1024w, https:\/\/cirasync.com\/wp-content\/uploads\/2020\/01\/Partner-QSG-Defining-Tenant-Permissions-Tenant-View_nomarkup-980x500.png 980w, https:\/\/cirasync.com\/wp-content\/uploads\/2020\/01\/Partner-QSG-Defining-Tenant-Permissions-Tenant-View_nomarkup-480x245.png 480w\" sizes=\"(min-width: 0px) and (max-width: 480px) 480px, (min-width: 481px) and (max-width: 980px) 980px, (min-width: 981px) 1024px, 100vw\" \/><\/li>\n<li>Cliquez sur <strong>Sync Tunnels<\/strong> dans le panneau gauche de navigation. Vous serez redirig\u00e9 vers le tableau Sync Tunnel. (Voir l&rsquo;image ci-dessous.) <img decoding=\"async\" class=\"aligncenter size-large wp-image-19715\" src=\"https:\/\/cirasync.com\/wp-content\/uploads\/2020\/01\/Partner-QSG-Sync-Tunnels-Dashboard-1024x228.png\" alt=\"\" width=\"1024\" height=\"228\" srcset=\"https:\/\/cirasync.com\/wp-content\/uploads\/2020\/01\/Partner-QSG-Sync-Tunnels-Dashboard-980x218.png 980w, https:\/\/cirasync.com\/wp-content\/uploads\/2020\/01\/Partner-QSG-Sync-Tunnels-Dashboard-480x107.png 480w\" sizes=\"(min-width: 0px) and (max-width: 480px) 480px, (min-width: 481px) and (max-width: 980px) 980px, (min-width: 981px) 1024px, 100vw\" \/><\/li>\n<li>Cliquez sur le <strong>+ <\/strong> pour faire d\u00e9filer une liste d\u00e9roulante.<\/li>\n<li>S\u00e9lectionnez un type d&rsquo;ensemble de synchronisation (sync tunnel) \u00e0 cr\u00e9er. Pour cet exemple, cliquez sur <strong>Add a new Contact list. <\/strong> <\/li>\n<li>S\u00e9lectionnez un type de source. Pour cet exemple, cliquez sur <strong>Global Address List. <\/strong> <\/li>\n<li>S\u00e9lectionnez une source pour l&rsquo;ensemble de synchronisation (Sync Tunnel). <div class='et-box et-info'>\n\t\t\t\t\t<div class='et-box-content'><strong>NOTE:<\/strong> Une source de synchronisation GAL peut \u00eatre All Contacts et\/ou All Mailboxes, une seule bo\u00eete aux lettres utilisateur, un groupe de distribution dynamique ou une collection de contacts.<\/div><\/div> <\/li>\n<li>S\u00e9lectionnez une source pour l&rsquo;ensemble de synchronisation (Sync Tunnel). <div class='et-box et-info'>\n\t\t\t\t\t<div class='et-box-content'><strong>NOTE:<\/strong> Une source de synchronisation GAL peut \u00eatre All Contacts et\/ou All Mailboxes, une seule bo\u00eete aux lettres utilisateur, un groupe de distribution dynamique ou une collection de contacts.<\/div><\/div><\/li>\n<li>Sp\u00e9cifiez les options de la liste de contacts.<\/li>\n<li>Revenez \u00e0 l&rsquo;aper\u00e7u Tenant Overview.<\/li>\n<li>Cliquez sur <strong>Update Cache<\/strong> dans <strong>Sync Status<\/strong><\/li>\n<li>Cliquez sur <strong>SYNC NOW <\/strong>pour lancer une synchronisation manuelle.<\/li>\n<\/ol>\n<p><a href=\"http:\/\/cirasync.com\/partenaires\/about-partner-billing\/?lang=fr\" class=\"next-post\">Article suivant: \u00c0 propos de la facturation des partenaires CiraSync<\/a>[\/et_pb_text][\/et_pb_column][\/et_pb_row][\/et_pb_section]<\/p>\n","protected":false},"excerpt":{"rendered":"<p>Cr\u00e9ation d&rsquo;un ensemble de synchronisation et ex\u00e9cution d&rsquo;une synchronisation manuelle Les ensembles de synchronisation (Sync Tunnels) sont des t\u00e2ches qui indiquent \u00e0 CiraSync les \u00e9l\u00e9ments \u00e0 synchroniser et pour qui les synchroniser. La proc\u00e9dure suivante explique bri\u00e8vement comment cr\u00e9er ces ensembles et ex\u00e9cuter une synchronisation manuelle. Instructions Acc\u00e9dez \u00e0 l&rsquo;aper\u00e7u du Tenant Overview. (Voir l&rsquo;image [&hellip;]<\/p>\n","protected":false},"author":3,"featured_media":19729,"parent":26425,"menu_order":0,"comment_status":"closed","ping_status":"closed","template":"","meta":{"_et_pb_use_builder":"on","_et_pb_old_content":"","_et_gb_content_width":"","_nextfly_llmd_date_locked":false,"footnotes":""},"class_list":["post-28390","page","type-page","status-publish","has-post-thumbnail","hentry"],"yoast_head":"<!-- This site is optimized with the Yoast SEO Premium plugin v27.1 (Yoast SEO v27.1.1) - https:\/\/yoast.com\/product\/yoast-seo-premium-wordpress\/ -->\n<title>Cr\u00e9er Ensemble De Synchronisation Et Ex\u00e9cution Manuelle<\/title>\n<meta name=\"description\" content=\"Cr\u00e9er des tunnels de synchro et lancer une synchro manuelle : guide partenaires Cirasync, \u00e9tapes et bonnes pratiques.\" \/>\n<meta name=\"robots\" content=\"index, follow, max-snippet:-1, max-image-preview:large, max-video-preview:-1\" \/>\n<link rel=\"canonical\" href=\"https:\/\/cirasync.com\/fr\/partenaires-2\/creating-sync-tunnels-and-running-a-manual-sync\/\" \/>\n<meta property=\"og:locale\" content=\"fr_FR\" \/>\n<meta property=\"og:type\" content=\"article\" \/>\n<meta property=\"og:title\" content=\"Cr\u00e9ation d&#039;un ensemble de synchronisation et ex\u00e9cution d&#039;une synchronisation manuelle\" \/>\n<meta property=\"og:description\" content=\"Cr\u00e9er des tunnels de synchro et lancer une synchro manuelle : guide partenaires Cirasync, \u00e9tapes et bonnes pratiques.\" \/>\n<meta property=\"og:url\" content=\"https:\/\/cirasync.com\/fr\/partenaires-2\/creating-sync-tunnels-and-running-a-manual-sync\/\" \/>\n<meta property=\"og:site_name\" content=\"CiraSync\" \/>\n<meta property=\"article:publisher\" content=\"https:\/\/www.facebook.com\/CiraSync\/\" \/>\n<meta property=\"article:modified_time\" content=\"2026-01-15T22:05:23+00:00\" \/>\n<meta property=\"og:image\" content=\"https:\/\/cirasync.com\/wp-content\/uploads\/2020\/01\/Partners-Woman.png\" \/>\n\t<meta property=\"og:image:width\" content=\"1080\" \/>\n\t<meta property=\"og:image:height\" content=\"630\" \/>\n\t<meta property=\"og:image:type\" content=\"image\/png\" \/>\n<meta name=\"twitter:card\" content=\"summary_large_image\" \/>\n<meta name=\"twitter:site\" content=\"@CiraSync\" \/>\n<meta name=\"twitter:label1\" content=\"Dur\u00e9e de lecture estim\u00e9e\" \/>\n\t<meta name=\"twitter:data1\" content=\"2 minutes\" \/>\n<script type=\"application\/ld+json\" class=\"yoast-schema-graph\">{\"@context\":\"https:\/\/schema.org\",\"@graph\":[{\"@type\":\"WebPage\",\"@id\":\"https:\/\/cirasync.com\/fr\/partenaires-2\/creating-sync-tunnels-and-running-a-manual-sync\/\",\"url\":\"https:\/\/cirasync.com\/fr\/partenaires-2\/creating-sync-tunnels-and-running-a-manual-sync\/\",\"name\":\"Cr\u00e9er Ensemble De Synchronisation Et Ex\u00e9cution Manuelle\",\"isPartOf\":{\"@id\":\"https:\/\/cirasync.com\/fr\/#website\"},\"primaryImageOfPage\":{\"@id\":\"https:\/\/cirasync.com\/fr\/partenaires-2\/creating-sync-tunnels-and-running-a-manual-sync\/#primaryimage\"},\"image\":{\"@id\":\"https:\/\/cirasync.com\/fr\/partenaires-2\/creating-sync-tunnels-and-running-a-manual-sync\/#primaryimage\"},\"thumbnailUrl\":\"https:\/\/cirasync.com\/wp-content\/uploads\/2020\/01\/Partners-Woman.png\",\"datePublished\":\"2020-08-25T17:00:38+00:00\",\"dateModified\":\"2026-01-15T22:05:23+00:00\",\"description\":\"Cr\u00e9er des tunnels de synchro et lancer une synchro manuelle : guide partenaires Cirasync, \u00e9tapes et bonnes pratiques.\",\"breadcrumb\":{\"@id\":\"https:\/\/cirasync.com\/fr\/partenaires-2\/creating-sync-tunnels-and-running-a-manual-sync\/#breadcrumb\"},\"inLanguage\":\"fr-FR\",\"potentialAction\":[{\"@type\":\"ReadAction\",\"target\":[\"https:\/\/cirasync.com\/fr\/partenaires-2\/creating-sync-tunnels-and-running-a-manual-sync\/\"]}]},{\"@type\":\"ImageObject\",\"inLanguage\":\"fr-FR\",\"@id\":\"https:\/\/cirasync.com\/fr\/partenaires-2\/creating-sync-tunnels-and-running-a-manual-sync\/#primaryimage\",\"url\":\"https:\/\/cirasync.com\/wp-content\/uploads\/2020\/01\/Partners-Woman.png\",\"contentUrl\":\"https:\/\/cirasync.com\/wp-content\/uploads\/2020\/01\/Partners-Woman.png\",\"width\":1080,\"height\":630,\"caption\":\"Partners-Woman\"},{\"@type\":\"BreadcrumbList\",\"@id\":\"https:\/\/cirasync.com\/fr\/partenaires-2\/creating-sync-tunnels-and-running-a-manual-sync\/#breadcrumb\",\"itemListElement\":[{\"@type\":\"ListItem\",\"position\":1,\"name\":\"Home\",\"item\":\"https:\/\/cirasync.com\/fr\/\"},{\"@type\":\"ListItem\",\"position\":2,\"name\":\"Partenaire\",\"item\":\"https:\/\/cirasync.com\/fr\/partenaires-2\/\"},{\"@type\":\"ListItem\",\"position\":3,\"name\":\"Cr\u00e9ation d&#8217;un ensemble de synchronisation et ex\u00e9cution d&#8217;une synchronisation manuelle\"}]},{\"@type\":\"WebSite\",\"@id\":\"https:\/\/cirasync.com\/fr\/#website\",\"url\":\"https:\/\/cirasync.com\/fr\/\",\"name\":\"CiraSync\",\"description\":\"Sync the Office 365 GAL, public folders and calendars to smartphones.\",\"publisher\":{\"@id\":\"https:\/\/cirasync.com\/fr\/#organization\"},\"potentialAction\":[{\"@type\":\"SearchAction\",\"target\":{\"@type\":\"EntryPoint\",\"urlTemplate\":\"https:\/\/cirasync.com\/fr\/?s={search_term_string}\"},\"query-input\":{\"@type\":\"PropertyValueSpecification\",\"valueRequired\":true,\"valueName\":\"search_term_string\"}}],\"inLanguage\":\"fr-FR\"},{\"@type\":\"Organization\",\"@id\":\"https:\/\/cirasync.com\/fr\/#organization\",\"name\":\"CiraSync\",\"url\":\"https:\/\/cirasync.com\/fr\/\",\"logo\":{\"@type\":\"ImageObject\",\"inLanguage\":\"fr-FR\",\"@id\":\"https:\/\/cirasync.com\/fr\/#\/schema\/logo\/image\/\",\"url\":\"https:\/\/cirasync.com\/wp-content\/uploads\/2019\/07\/CiraSync-Logo-.png\",\"contentUrl\":\"https:\/\/cirasync.com\/wp-content\/uploads\/2019\/07\/CiraSync-Logo-.png\",\"width\":1200,\"height\":671,\"caption\":\"CiraSync\"},\"image\":{\"@id\":\"https:\/\/cirasync.com\/fr\/#\/schema\/logo\/image\/\"},\"sameAs\":[\"https:\/\/www.facebook.com\/CiraSync\/\",\"https:\/\/x.com\/CiraSync\",\"https:\/\/www.linkedin.com\/company\/cira-apps-limited\",\"https:\/\/www.youtube.com\/channel\/UCdFkOfXlRAWRadzGit3jJZA\/videos\"],\"description\":\"CiraSync automatically syncs CRM, contact & calendar data from M365, Exchange & many CRMs to every smartphone.\",\"email\":\"support@cirasync.com\",\"telephone\":\"1 (202) 747 0888\",\"legalName\":\"CiraSync\"}]}<\/script>\n<!-- \/ Yoast SEO Premium plugin. -->","yoast_head_json":{"title":"Cr\u00e9er Ensemble De Synchronisation Et Ex\u00e9cution Manuelle","description":"Cr\u00e9er des tunnels de synchro et lancer une synchro manuelle : guide partenaires Cirasync, \u00e9tapes et bonnes pratiques.","robots":{"index":"index","follow":"follow","max-snippet":"max-snippet:-1","max-image-preview":"max-image-preview:large","max-video-preview":"max-video-preview:-1"},"canonical":"https:\/\/cirasync.com\/fr\/partenaires-2\/creating-sync-tunnels-and-running-a-manual-sync\/","og_locale":"fr_FR","og_type":"article","og_title":"Cr\u00e9ation d'un ensemble de synchronisation et ex\u00e9cution d'une synchronisation manuelle","og_description":"Cr\u00e9er des tunnels de synchro et lancer une synchro manuelle : guide partenaires Cirasync, \u00e9tapes et bonnes pratiques.","og_url":"https:\/\/cirasync.com\/fr\/partenaires-2\/creating-sync-tunnels-and-running-a-manual-sync\/","og_site_name":"CiraSync","article_publisher":"https:\/\/www.facebook.com\/CiraSync\/","article_modified_time":"2026-01-15T22:05:23+00:00","og_image":[{"width":1080,"height":630,"url":"https:\/\/cirasync.com\/wp-content\/uploads\/2020\/01\/Partners-Woman.png","type":"image\/png"}],"twitter_card":"summary_large_image","twitter_site":"@CiraSync","twitter_misc":{"Dur\u00e9e de lecture estim\u00e9e":"2 minutes"},"schema":{"@context":"https:\/\/schema.org","@graph":[{"@type":"WebPage","@id":"https:\/\/cirasync.com\/fr\/partenaires-2\/creating-sync-tunnels-and-running-a-manual-sync\/","url":"https:\/\/cirasync.com\/fr\/partenaires-2\/creating-sync-tunnels-and-running-a-manual-sync\/","name":"Cr\u00e9er Ensemble De Synchronisation Et Ex\u00e9cution Manuelle","isPartOf":{"@id":"https:\/\/cirasync.com\/fr\/#website"},"primaryImageOfPage":{"@id":"https:\/\/cirasync.com\/fr\/partenaires-2\/creating-sync-tunnels-and-running-a-manual-sync\/#primaryimage"},"image":{"@id":"https:\/\/cirasync.com\/fr\/partenaires-2\/creating-sync-tunnels-and-running-a-manual-sync\/#primaryimage"},"thumbnailUrl":"https:\/\/cirasync.com\/wp-content\/uploads\/2020\/01\/Partners-Woman.png","datePublished":"2020-08-25T17:00:38+00:00","dateModified":"2026-01-15T22:05:23+00:00","description":"Cr\u00e9er des tunnels de synchro et lancer une synchro manuelle : guide partenaires Cirasync, \u00e9tapes et bonnes pratiques.","breadcrumb":{"@id":"https:\/\/cirasync.com\/fr\/partenaires-2\/creating-sync-tunnels-and-running-a-manual-sync\/#breadcrumb"},"inLanguage":"fr-FR","potentialAction":[{"@type":"ReadAction","target":["https:\/\/cirasync.com\/fr\/partenaires-2\/creating-sync-tunnels-and-running-a-manual-sync\/"]}]},{"@type":"ImageObject","inLanguage":"fr-FR","@id":"https:\/\/cirasync.com\/fr\/partenaires-2\/creating-sync-tunnels-and-running-a-manual-sync\/#primaryimage","url":"https:\/\/cirasync.com\/wp-content\/uploads\/2020\/01\/Partners-Woman.png","contentUrl":"https:\/\/cirasync.com\/wp-content\/uploads\/2020\/01\/Partners-Woman.png","width":1080,"height":630,"caption":"Partners-Woman"},{"@type":"BreadcrumbList","@id":"https:\/\/cirasync.com\/fr\/partenaires-2\/creating-sync-tunnels-and-running-a-manual-sync\/#breadcrumb","itemListElement":[{"@type":"ListItem","position":1,"name":"Home","item":"https:\/\/cirasync.com\/fr\/"},{"@type":"ListItem","position":2,"name":"Partenaire","item":"https:\/\/cirasync.com\/fr\/partenaires-2\/"},{"@type":"ListItem","position":3,"name":"Cr\u00e9ation d&#8217;un ensemble de synchronisation et ex\u00e9cution d&#8217;une synchronisation manuelle"}]},{"@type":"WebSite","@id":"https:\/\/cirasync.com\/fr\/#website","url":"https:\/\/cirasync.com\/fr\/","name":"CiraSync","description":"Sync the Office 365 GAL, public folders and calendars to smartphones.","publisher":{"@id":"https:\/\/cirasync.com\/fr\/#organization"},"potentialAction":[{"@type":"SearchAction","target":{"@type":"EntryPoint","urlTemplate":"https:\/\/cirasync.com\/fr\/?s={search_term_string}"},"query-input":{"@type":"PropertyValueSpecification","valueRequired":true,"valueName":"search_term_string"}}],"inLanguage":"fr-FR"},{"@type":"Organization","@id":"https:\/\/cirasync.com\/fr\/#organization","name":"CiraSync","url":"https:\/\/cirasync.com\/fr\/","logo":{"@type":"ImageObject","inLanguage":"fr-FR","@id":"https:\/\/cirasync.com\/fr\/#\/schema\/logo\/image\/","url":"https:\/\/cirasync.com\/wp-content\/uploads\/2019\/07\/CiraSync-Logo-.png","contentUrl":"https:\/\/cirasync.com\/wp-content\/uploads\/2019\/07\/CiraSync-Logo-.png","width":1200,"height":671,"caption":"CiraSync"},"image":{"@id":"https:\/\/cirasync.com\/fr\/#\/schema\/logo\/image\/"},"sameAs":["https:\/\/www.facebook.com\/CiraSync\/","https:\/\/x.com\/CiraSync","https:\/\/www.linkedin.com\/company\/cira-apps-limited","https:\/\/www.youtube.com\/channel\/UCdFkOfXlRAWRadzGit3jJZA\/videos"],"description":"CiraSync automatically syncs CRM, contact & calendar data from M365, Exchange & many CRMs to every smartphone.","email":"support@cirasync.com","telephone":"1 (202) 747 0888","legalName":"CiraSync"}]}},"_links":{"self":[{"href":"https:\/\/cirasync.com\/fr\/wp-json\/wp\/v2\/pages\/28390","targetHints":{"allow":["GET"]}}],"collection":[{"href":"https:\/\/cirasync.com\/fr\/wp-json\/wp\/v2\/pages"}],"about":[{"href":"https:\/\/cirasync.com\/fr\/wp-json\/wp\/v2\/types\/page"}],"author":[{"embeddable":true,"href":"https:\/\/cirasync.com\/fr\/wp-json\/wp\/v2\/users\/3"}],"replies":[{"embeddable":true,"href":"https:\/\/cirasync.com\/fr\/wp-json\/wp\/v2\/comments?post=28390"}],"version-history":[{"count":0,"href":"https:\/\/cirasync.com\/fr\/wp-json\/wp\/v2\/pages\/28390\/revisions"}],"up":[{"embeddable":true,"href":"https:\/\/cirasync.com\/fr\/wp-json\/wp\/v2\/pages\/26425"}],"wp:featuredmedia":[{"embeddable":true,"href":"https:\/\/cirasync.com\/fr\/wp-json\/wp\/v2\/media\/19729"}],"wp:attachment":[{"href":"https:\/\/cirasync.com\/fr\/wp-json\/wp\/v2\/media?parent=28390"}],"curies":[{"name":"wp","href":"https:\/\/api.w.org\/{rel}","templated":true}]}}