{"id":28423,"date":"2020-08-25T07:55:30","date_gmt":"2020-08-25T14:55:30","guid":{"rendered":"http:\/\/cirasync.com\/?page_id=28423"},"modified":"2026-03-05T10:00:42","modified_gmt":"2026-03-05T17:00:42","slug":"about-partner-billing","status":"publish","type":"page","link":"https:\/\/cirasync.com\/fr\/partenaires-2\/about-partner-billing\/","title":{"rendered":"\u00c0 propos de la facturation des partenaires CiraSync"},"content":{"rendered":"<p>[et_pb_section fb_built=\u00a0\u00bb1&Prime; module_class=\u00a0\u00bbpartner-qsg\u00a0\u00bb _builder_version=\u00a0\u00bb4.16&Prime; global_colors_info=\u00a0\u00bb{}\u00a0\u00bb][et_pb_row column_structure=\u00a0\u00bb1_3,2_3&Prime; _builder_version=\u00a0\u00bb4.16&Prime; global_colors_info=\u00a0\u00bb{}\u00a0\u00bb][et_pb_column type=\u00a0\u00bb1_3&Prime; _builder_version=\u00a0\u00bb4.16&Prime; global_colors_info=\u00a0\u00bb{}\u00a0\u00bb][et_pb_sidebar area=\u00a0\u00bbet_pb_widget_area_4&Prime; _builder_version=\u00a0\u00bb4.16&Prime; global_colors_info=\u00a0\u00bb{}\u00a0\u00bb][\/et_pb_sidebar][\/et_pb_column][et_pb_column type=\u00a0\u00bb2_3&Prime; _builder_version=\u00a0\u00bb4.16&Prime; global_colors_info=\u00a0\u00bb{}\u00a0\u00bb][et_pb_text _builder_version=\u00a0\u00bb4.16&Prime; global_colors_info=\u00a0\u00bb{}\u00a0\u00bb]<\/p>\n<h1>\u00c0 propos de la facturation des partenaires CiraSync<\/h1>\n<p>CiraSync facture les partenaires en utilisant des <strong>Unit\u00e9s d&rsquo;Abonnement Journalier<\/strong> <strong>(Daily Subscription Units, DSU)<\/strong>, qui sont des abonnements mono-utilisateur d&rsquo;une journ\u00e9e qui n&rsquo;expirent pas.<\/p>\n<p>Les DSU (UAJ) sont achet\u00e9es par lots, qui peuvent \u00eatre g\u00e9r\u00e9s via le portail partenaire. De plus, les achats par lots donnent droit \u00e0 des remises sur volume. En d&rsquo;autres termes, les achats plus volumineux seront moins chers que ceux qui le sont moins.<\/p>\n<p>Les partenaires ne sont factur\u00e9s que pour les 25 premiers jours du mois. Les jours restants du mois sont une p\u00e9riode de r\u00e9alignement qui n&rsquo;est pas factur\u00e9e.<\/p>\n<p>Consultez l&rsquo;image ci-dessous pour voir comment les partenaires sont factur\u00e9s:<\/p>\n<p><img decoding=\"async\" class=\"wp-image-21695 aligncenter size-full\" src=\"https:\/\/cirasync.com\/wp-content\/uploads\/2020\/03\/DSU-Billing-Diagram-1.jpg\" alt=\"\" width=\"948\" height=\"813\" srcset=\"https:\/\/cirasync.com\/wp-content\/uploads\/2020\/03\/DSU-Billing-Diagram-1.jpg 948w, https:\/\/cirasync.com\/wp-content\/uploads\/2020\/03\/DSU-Billing-Diagram-1-480x412.jpg 480w\" sizes=\"(min-width: 0px) and (max-width: 480px) 480px, (min-width: 481px) 948px, 100vw\" \/><\/p>\n<p>CiraSync ne peut facturer les clients des partenaires. Autrement dit, seuls les partenaires le sont. Les partenaires CiraSync peuvent regrouper cette offre avec d\u2019autres services et ajouter des clients \/ tenants suppl\u00e9mentaires pour partager le m\u00eame pool de DSU. <\/p>\n<p>De plus, CiraSync offre gratuitement aux partenaires 2 000 UAJ au d\u00e9but du programme de partenariat et les partenaires sont libres d&rsquo;utiliser ces licences comme ils le souhaitent.<\/p>\n<p><a href=\"http:\/\/cirasync.com\/partenaires\/purchasing-cirasync-daily-subscription-units\/?lang=fr\" class=\"next-post\">Article suivant: Achat d&rsquo;unit\u00e9s d&rsquo;abonnement journalier de CiraSync<\/a>[\/et_pb_text][\/et_pb_column][\/et_pb_row][\/et_pb_section]<\/p>\n","protected":false},"excerpt":{"rendered":"<p>\u00c0 propos de la facturation des partenaires CiraSync CiraSync facture les partenaires en utilisant des Unit\u00e9s d&rsquo;Abonnement Journalier (Daily Subscription Units, DSU), qui sont des abonnements mono-utilisateur d&rsquo;une journ\u00e9e qui n&rsquo;expirent pas. Les DSU (UAJ) sont achet\u00e9es par lots, qui peuvent \u00eatre g\u00e9r\u00e9s via le portail partenaire. De plus, les achats par lots donnent droit [&hellip;]<\/p>\n","protected":false},"author":12,"featured_media":19737,"parent":26425,"menu_order":0,"comment_status":"closed","ping_status":"closed","template":"","meta":{"_et_pb_use_builder":"on","_et_pb_old_content":"","_et_gb_content_width":"","_nextfly_llmd_date_locked":false,"footnotes":""},"class_list":["post-28423","page","type-page","status-publish","has-post-thumbnail","hentry"],"yoast_head":"<!-- This site is optimized with the Yoast SEO Premium plugin v27.1 (Yoast SEO v27.1.1) - https:\/\/yoast.com\/product\/yoast-seo-premium-wordpress\/ -->\n<title>\u00c0 propos de la facturation des partenaires CiraSync | CiraSync<\/title>\n<meta name=\"description\" content=\"Programme partenaires CiraSync : G\u00e9rez les locataires clients, la facturation et les licences pour offrir la synchronisation Office 365 \u00e0 vos clients.\" \/>\n<meta name=\"robots\" content=\"index, follow, max-snippet:-1, max-image-preview:large, max-video-preview:-1\" \/>\n<link rel=\"canonical\" href=\"https:\/\/cirasync.com\/fr\/partenaires-2\/about-partner-billing\/\" \/>\n<meta property=\"og:locale\" content=\"fr_FR\" \/>\n<meta property=\"og:type\" content=\"article\" \/>\n<meta property=\"og:title\" content=\"\u00c0 propos de la facturation des partenaires CiraSync\" \/>\n<meta property=\"og:description\" content=\"Programme partenaires CiraSync : G\u00e9rez les locataires clients, la facturation et les licences pour offrir la synchronisation Office 365 \u00e0 vos clients.\" \/>\n<meta property=\"og:url\" content=\"https:\/\/cirasync.com\/fr\/partenaires-2\/about-partner-billing\/\" \/>\n<meta property=\"og:site_name\" content=\"CiraSync\" \/>\n<meta property=\"article:publisher\" content=\"https:\/\/www.facebook.com\/CiraSync\/\" \/>\n<meta property=\"article:modified_time\" content=\"2026-03-05T17:00:42+00:00\" \/>\n<meta property=\"og:image\" content=\"https:\/\/cirasync.com\/wp-content\/uploads\/2020\/01\/Partners-Man.png\" \/>\n\t<meta property=\"og:image:width\" content=\"1080\" \/>\n\t<meta property=\"og:image:height\" content=\"630\" \/>\n\t<meta property=\"og:image:type\" content=\"image\/png\" \/>\n<meta name=\"twitter:card\" content=\"summary_large_image\" \/>\n<meta name=\"twitter:site\" content=\"@CiraSync\" \/>\n<meta name=\"twitter:label1\" content=\"Dur\u00e9e de lecture estim\u00e9e\" \/>\n\t<meta name=\"twitter:data1\" content=\"2 minutes\" \/>\n<script type=\"application\/ld+json\" class=\"yoast-schema-graph\">{\"@context\":\"https:\/\/schema.org\",\"@graph\":[{\"@type\":\"WebPage\",\"@id\":\"https:\/\/cirasync.com\/fr\/partenaires-2\/about-partner-billing\/\",\"url\":\"https:\/\/cirasync.com\/fr\/partenaires-2\/about-partner-billing\/\",\"name\":\"\u00c0 propos de la facturation des partenaires CiraSync | CiraSync\",\"isPartOf\":{\"@id\":\"https:\/\/cirasync.com\/fr\/#website\"},\"primaryImageOfPage\":{\"@id\":\"https:\/\/cirasync.com\/fr\/partenaires-2\/about-partner-billing\/#primaryimage\"},\"image\":{\"@id\":\"https:\/\/cirasync.com\/fr\/partenaires-2\/about-partner-billing\/#primaryimage\"},\"thumbnailUrl\":\"https:\/\/cirasync.com\/wp-content\/uploads\/2020\/01\/Partners-Man.png\",\"datePublished\":\"2020-08-25T14:55:30+00:00\",\"dateModified\":\"2026-03-05T17:00:42+00:00\",\"description\":\"Programme partenaires CiraSync : G\u00e9rez les locataires clients, la facturation et les licences pour offrir la synchronisation Office 365 \u00e0 vos clients.\",\"breadcrumb\":{\"@id\":\"https:\/\/cirasync.com\/fr\/partenaires-2\/about-partner-billing\/#breadcrumb\"},\"inLanguage\":\"fr-FR\",\"potentialAction\":[{\"@type\":\"ReadAction\",\"target\":[\"https:\/\/cirasync.com\/fr\/partenaires-2\/about-partner-billing\/\"]}]},{\"@type\":\"ImageObject\",\"inLanguage\":\"fr-FR\",\"@id\":\"https:\/\/cirasync.com\/fr\/partenaires-2\/about-partner-billing\/#primaryimage\",\"url\":\"https:\/\/cirasync.com\/wp-content\/uploads\/2020\/01\/Partners-Man.png\",\"contentUrl\":\"https:\/\/cirasync.com\/wp-content\/uploads\/2020\/01\/Partners-Man.png\",\"width\":1080,\"height\":630,\"caption\":\"Partners-Man\"},{\"@type\":\"BreadcrumbList\",\"@id\":\"https:\/\/cirasync.com\/fr\/partenaires-2\/about-partner-billing\/#breadcrumb\",\"itemListElement\":[{\"@type\":\"ListItem\",\"position\":1,\"name\":\"Home\",\"item\":\"https:\/\/cirasync.com\/fr\/\"},{\"@type\":\"ListItem\",\"position\":2,\"name\":\"Partenaire\",\"item\":\"https:\/\/cirasync.com\/fr\/partenaires-2\/\"},{\"@type\":\"ListItem\",\"position\":3,\"name\":\"\u00c0 propos de la facturation des partenaires CiraSync\"}]},{\"@type\":\"WebSite\",\"@id\":\"https:\/\/cirasync.com\/fr\/#website\",\"url\":\"https:\/\/cirasync.com\/fr\/\",\"name\":\"CiraSync\",\"description\":\"Sync the Office 365 GAL, public folders and calendars to smartphones.\",\"publisher\":{\"@id\":\"https:\/\/cirasync.com\/fr\/#organization\"},\"potentialAction\":[{\"@type\":\"SearchAction\",\"target\":{\"@type\":\"EntryPoint\",\"urlTemplate\":\"https:\/\/cirasync.com\/fr\/?s={search_term_string}\"},\"query-input\":{\"@type\":\"PropertyValueSpecification\",\"valueRequired\":true,\"valueName\":\"search_term_string\"}}],\"inLanguage\":\"fr-FR\"},{\"@type\":\"Organization\",\"@id\":\"https:\/\/cirasync.com\/fr\/#organization\",\"name\":\"CiraSync\",\"url\":\"https:\/\/cirasync.com\/fr\/\",\"logo\":{\"@type\":\"ImageObject\",\"inLanguage\":\"fr-FR\",\"@id\":\"https:\/\/cirasync.com\/fr\/#\/schema\/logo\/image\/\",\"url\":\"https:\/\/cirasync.com\/wp-content\/uploads\/2019\/07\/CiraSync-Logo-.png\",\"contentUrl\":\"https:\/\/cirasync.com\/wp-content\/uploads\/2019\/07\/CiraSync-Logo-.png\",\"width\":1200,\"height\":671,\"caption\":\"CiraSync\"},\"image\":{\"@id\":\"https:\/\/cirasync.com\/fr\/#\/schema\/logo\/image\/\"},\"sameAs\":[\"https:\/\/www.facebook.com\/CiraSync\/\",\"https:\/\/x.com\/CiraSync\",\"https:\/\/www.linkedin.com\/company\/cira-apps-limited\",\"https:\/\/www.youtube.com\/channel\/UCdFkOfXlRAWRadzGit3jJZA\/videos\"],\"description\":\"CiraSync automatically syncs CRM, contact & calendar data from M365, Exchange & many CRMs to every smartphone.\",\"email\":\"support@cirasync.com\",\"telephone\":\"1 (202) 747 0888\",\"legalName\":\"CiraSync\"}]}<\/script>\n<!-- \/ Yoast SEO Premium plugin. -->","yoast_head_json":{"title":"\u00c0 propos de la facturation des partenaires CiraSync | CiraSync","description":"Programme partenaires CiraSync : G\u00e9rez les locataires clients, la facturation et les licences pour offrir la synchronisation Office 365 \u00e0 vos clients.","robots":{"index":"index","follow":"follow","max-snippet":"max-snippet:-1","max-image-preview":"max-image-preview:large","max-video-preview":"max-video-preview:-1"},"canonical":"https:\/\/cirasync.com\/fr\/partenaires-2\/about-partner-billing\/","og_locale":"fr_FR","og_type":"article","og_title":"\u00c0 propos de la facturation des partenaires CiraSync","og_description":"Programme partenaires CiraSync : G\u00e9rez les locataires clients, la facturation et les licences pour offrir la synchronisation Office 365 \u00e0 vos clients.","og_url":"https:\/\/cirasync.com\/fr\/partenaires-2\/about-partner-billing\/","og_site_name":"CiraSync","article_publisher":"https:\/\/www.facebook.com\/CiraSync\/","article_modified_time":"2026-03-05T17:00:42+00:00","og_image":[{"width":1080,"height":630,"url":"https:\/\/cirasync.com\/wp-content\/uploads\/2020\/01\/Partners-Man.png","type":"image\/png"}],"twitter_card":"summary_large_image","twitter_site":"@CiraSync","twitter_misc":{"Dur\u00e9e de lecture estim\u00e9e":"2 minutes"},"schema":{"@context":"https:\/\/schema.org","@graph":[{"@type":"WebPage","@id":"https:\/\/cirasync.com\/fr\/partenaires-2\/about-partner-billing\/","url":"https:\/\/cirasync.com\/fr\/partenaires-2\/about-partner-billing\/","name":"\u00c0 propos de la facturation des partenaires CiraSync | CiraSync","isPartOf":{"@id":"https:\/\/cirasync.com\/fr\/#website"},"primaryImageOfPage":{"@id":"https:\/\/cirasync.com\/fr\/partenaires-2\/about-partner-billing\/#primaryimage"},"image":{"@id":"https:\/\/cirasync.com\/fr\/partenaires-2\/about-partner-billing\/#primaryimage"},"thumbnailUrl":"https:\/\/cirasync.com\/wp-content\/uploads\/2020\/01\/Partners-Man.png","datePublished":"2020-08-25T14:55:30+00:00","dateModified":"2026-03-05T17:00:42+00:00","description":"Programme partenaires CiraSync : G\u00e9rez les locataires clients, la facturation et les licences pour offrir la synchronisation Office 365 \u00e0 vos clients.","breadcrumb":{"@id":"https:\/\/cirasync.com\/fr\/partenaires-2\/about-partner-billing\/#breadcrumb"},"inLanguage":"fr-FR","potentialAction":[{"@type":"ReadAction","target":["https:\/\/cirasync.com\/fr\/partenaires-2\/about-partner-billing\/"]}]},{"@type":"ImageObject","inLanguage":"fr-FR","@id":"https:\/\/cirasync.com\/fr\/partenaires-2\/about-partner-billing\/#primaryimage","url":"https:\/\/cirasync.com\/wp-content\/uploads\/2020\/01\/Partners-Man.png","contentUrl":"https:\/\/cirasync.com\/wp-content\/uploads\/2020\/01\/Partners-Man.png","width":1080,"height":630,"caption":"Partners-Man"},{"@type":"BreadcrumbList","@id":"https:\/\/cirasync.com\/fr\/partenaires-2\/about-partner-billing\/#breadcrumb","itemListElement":[{"@type":"ListItem","position":1,"name":"Home","item":"https:\/\/cirasync.com\/fr\/"},{"@type":"ListItem","position":2,"name":"Partenaire","item":"https:\/\/cirasync.com\/fr\/partenaires-2\/"},{"@type":"ListItem","position":3,"name":"\u00c0 propos de la facturation des partenaires CiraSync"}]},{"@type":"WebSite","@id":"https:\/\/cirasync.com\/fr\/#website","url":"https:\/\/cirasync.com\/fr\/","name":"CiraSync","description":"Sync the Office 365 GAL, public folders and calendars to smartphones.","publisher":{"@id":"https:\/\/cirasync.com\/fr\/#organization"},"potentialAction":[{"@type":"SearchAction","target":{"@type":"EntryPoint","urlTemplate":"https:\/\/cirasync.com\/fr\/?s={search_term_string}"},"query-input":{"@type":"PropertyValueSpecification","valueRequired":true,"valueName":"search_term_string"}}],"inLanguage":"fr-FR"},{"@type":"Organization","@id":"https:\/\/cirasync.com\/fr\/#organization","name":"CiraSync","url":"https:\/\/cirasync.com\/fr\/","logo":{"@type":"ImageObject","inLanguage":"fr-FR","@id":"https:\/\/cirasync.com\/fr\/#\/schema\/logo\/image\/","url":"https:\/\/cirasync.com\/wp-content\/uploads\/2019\/07\/CiraSync-Logo-.png","contentUrl":"https:\/\/cirasync.com\/wp-content\/uploads\/2019\/07\/CiraSync-Logo-.png","width":1200,"height":671,"caption":"CiraSync"},"image":{"@id":"https:\/\/cirasync.com\/fr\/#\/schema\/logo\/image\/"},"sameAs":["https:\/\/www.facebook.com\/CiraSync\/","https:\/\/x.com\/CiraSync","https:\/\/www.linkedin.com\/company\/cira-apps-limited","https:\/\/www.youtube.com\/channel\/UCdFkOfXlRAWRadzGit3jJZA\/videos"],"description":"CiraSync automatically syncs CRM, contact & calendar data from M365, Exchange & many CRMs to every smartphone.","email":"support@cirasync.com","telephone":"1 (202) 747 0888","legalName":"CiraSync"}]}},"_links":{"self":[{"href":"https:\/\/cirasync.com\/fr\/wp-json\/wp\/v2\/pages\/28423","targetHints":{"allow":["GET"]}}],"collection":[{"href":"https:\/\/cirasync.com\/fr\/wp-json\/wp\/v2\/pages"}],"about":[{"href":"https:\/\/cirasync.com\/fr\/wp-json\/wp\/v2\/types\/page"}],"author":[{"embeddable":true,"href":"https:\/\/cirasync.com\/fr\/wp-json\/wp\/v2\/users\/12"}],"replies":[{"embeddable":true,"href":"https:\/\/cirasync.com\/fr\/wp-json\/wp\/v2\/comments?post=28423"}],"version-history":[{"count":1,"href":"https:\/\/cirasync.com\/fr\/wp-json\/wp\/v2\/pages\/28423\/revisions"}],"predecessor-version":[{"id":67761,"href":"https:\/\/cirasync.com\/fr\/wp-json\/wp\/v2\/pages\/28423\/revisions\/67761"}],"up":[{"embeddable":true,"href":"https:\/\/cirasync.com\/fr\/wp-json\/wp\/v2\/pages\/26425"}],"wp:featuredmedia":[{"embeddable":true,"href":"https:\/\/cirasync.com\/fr\/wp-json\/wp\/v2\/media\/19737"}],"wp:attachment":[{"href":"https:\/\/cirasync.com\/fr\/wp-json\/wp\/v2\/media?parent=28423"}],"curies":[{"name":"wp","href":"https:\/\/api.w.org\/{rel}","templated":true}]}}