{"id":28481,"date":"2020-08-25T07:57:45","date_gmt":"2020-08-25T14:57:45","guid":{"rendered":"http:\/\/cirasync.com\/?page_id=28481"},"modified":"2020-08-25T08:06:22","modified_gmt":"2020-08-25T15:06:22","slug":"purchasing-cirasync-daily-subscription-units","status":"publish","type":"page","link":"https:\/\/cirasync.com\/fr\/partenaires-2\/purchasing-cirasync-daily-subscription-units\/","title":{"rendered":"Achat d&rsquo;unit\u00e9s d&rsquo;abonnement journalier de CiraSync"},"content":{"rendered":"<p>[et_pb_section fb_built=\u00a0\u00bb1&Prime; module_class=\u00a0\u00bbpartner-qsg\u00a0\u00bb _builder_version=\u00a0\u00bb4.2.1&Prime;][et_pb_row column_structure=\u00a0\u00bb1_3,2_3&Prime; _builder_version=\u00a0\u00bb4.2.1&Prime;][et_pb_column type=\u00a0\u00bb1_3&Prime; _builder_version=\u00a0\u00bb4.2.1&Prime;][et_pb_sidebar area=\u00a0\u00bbet_pb_widget_area_4&Prime; _builder_version=\u00a0\u00bb4.2.1&Prime;][\/et_pb_sidebar][\/et_pb_column][et_pb_column type=\u00a0\u00bb2_3&Prime; _builder_version=\u00a0\u00bb4.2.1&Prime;][et_pb_text _builder_version=\u00a0\u00bb4.2.1&Prime;]<\/p>\n<h1><span class=\"ez-toc-section\" id=\"Achat_dunites_dabonnement_journalier_de_CiraSync\"><\/span>Achat d&rsquo;unit\u00e9s d&rsquo;abonnement journalier de CiraSync<span class=\"ez-toc-section-end\"><\/span><\/h1>\n<p>&nbsp;<\/p>\n<p>Les partenaires CiraSync peuvent acheter des unit\u00e9s d&rsquo;abonnement journalier (DSU) de deux mani\u00e8res:<\/p>\n<ol>\n<li>En mettant en place un plan de facturation automatis\u00e9 pour tous les forfaits UAJ (DSU).<\/li>\n<li>En s\u00e9lectionnant manuellement des forfaits sp\u00e9cifiques puis en effectuant une transaction par carte de cr\u00e9dit.<\/li>\n<\/ol>\n<p>Ce guide explique comment acheter des unit\u00e9s d&rsquo;abonnement journalier CiraSync.<\/p>\n<h2><span class=\"ez-toc-section\" id=\"Instructions\"><\/span>Instructions<span class=\"ez-toc-section-end\"><\/span><\/h2>\n<h3><span class=\"ez-toc-section\" id=\"Configurer_un_plan_de_facturation_automatique\"><\/span>Configurer un plan de facturation automatique<span class=\"ez-toc-section-end\"><\/span><\/h3>\n<p>Le plan de facturation automatique permet aux partenaires d&rsquo;\u00e9mettre un nouveau lot de DSU lorsque l&rsquo;initial est \u00e9puis\u00e9. Cela garantit ainsi un service ininterrompu aux clients des partenaires. Les partenaires sont factur\u00e9s en fonction du <strong>point de facturation <\/strong>qui peut \u00eatre configur\u00e9 sur le portail des partenaires. Donc, les instructions suivantes expliquent comment configurer un plan de facturation automatique.<\/p>\n<ol>\n<li>Cliquez sur le nom d&rsquo;utilisateur dans le coin sup\u00e9rieur droit du tableau de bord du portail des partenaires.<\/li>\n<li>Cliquez sur <strong>SETTINGS. <\/strong> <\/li>\n<li>Cliquez sur <strong>Billing Info<\/strong> dans le panneau de navigation de gauche.<\/li>\n<li>Cliquez sur <strong>EDIT <\/strong>dans le volet <strong>Credit Card and Billing Address.<\/strong> (Voir l&rsquo;image ci-dessous.) <img decoding=\"async\" class=\"aligncenter size-large wp-image-19351\" src=\"https:\/\/cirasync.com\/wp-content\/uploads\/2020\/01\/Partner-QSG-Billing-Info_markup-1024x331.png\" alt=\"\" width=\"1024\" height=\"331\" srcset=\"https:\/\/cirasync.com\/wp-content\/uploads\/2020\/01\/Partner-QSG-Billing-Info_markup-980x317.png 980w, https:\/\/cirasync.com\/wp-content\/uploads\/2020\/01\/Partner-QSG-Billing-Info_markup-480x155.png 480w\" sizes=\"(min-width: 0px) and (max-width: 480px) 480px, (min-width: 481px) and (max-width: 980px) 980px, (min-width: 981px) 1024px, 100vw\" \/>La fen\u00eatre <strong>Billing Information<\/strong> appara\u00eetra. (Voir l&rsquo;image ci-dessous.) <img decoding=\"async\" class=\"aligncenter size-full wp-image-19359\" src=\"https:\/\/cirasync.com\/wp-content\/uploads\/2020\/01\/Partner-QSG-Billing-Info-Window_nomarkup.png\" alt=\"\" width=\"676\" height=\"537\" srcset=\"https:\/\/cirasync.com\/wp-content\/uploads\/2020\/01\/Partner-QSG-Billing-Info-Window_nomarkup.png 676w, https:\/\/cirasync.com\/wp-content\/uploads\/2020\/01\/Partner-QSG-Billing-Info-Window_nomarkup-480x381.png 480w\" sizes=\"(min-width: 0px) and (max-width: 480px) 480px, (min-width: 481px) 676px, 100vw\" \/><\/li>\n<li>Remplissez tous les champs.<\/li>\n<li>Cliquez sur <strong>OK. <\/strong> <\/li>\n<\/ol>\n<h3><span class=\"ez-toc-section\" id=\"Achat_manuel\"><\/span>Achat manuel<span class=\"ez-toc-section-end\"><\/span><\/h3>\n<p>Les unit\u00e9s d&rsquo;abonnement journalier de CiraSync peuvent \u00e9galement \u00eatre achet\u00e9es manuellement. De ce fait, les instructions suivantes indiquent comment effectuer cet achat.<\/p>\n<ol>\n<li>Cliquez sur le nom d&rsquo;utilisateur dans le coin sup\u00e9rieur droit du tableau de bord du portail des partenaires.<\/li>\n<li>Cliquez sur <strong>SETTINGS. <\/strong> <\/li>\n<li>Cliquez sur <strong>Default Package. <\/strong> <\/li>\n<li>Cliquez sur <strong>BUY DSU PACKAGES. <\/strong>(Voir l&rsquo;image ci-dessous.) <img decoding=\"async\" class=\"aligncenter size-large wp-image-19367\" src=\"https:\/\/cirasync.com\/wp-content\/uploads\/2020\/01\/Partner-QSG-DSU-Packages_markup-1024x230.png\" alt=\"\" width=\"1024\" height=\"230\" srcset=\"https:\/\/cirasync.com\/wp-content\/uploads\/2020\/01\/Partner-QSG-DSU-Packages_markup-980x221.png 980w, https:\/\/cirasync.com\/wp-content\/uploads\/2020\/01\/Partner-QSG-DSU-Packages_markup-480x108.png 480w\" sizes=\"(min-width: 0px) and (max-width: 480px) 480px, (min-width: 481px) and (max-width: 980px) 980px, (min-width: 981px) 1024px, 100vw\" \/>La fen\u00eatre <strong>Buy DSU Packages <\/strong>appara\u00eetra. (Voir l&rsquo;image ci-dessous.) <img decoding=\"async\" class=\"aligncenter size-full wp-image-19375\" src=\"https:\/\/cirasync.com\/wp-content\/uploads\/2020\/01\/Partner-QSG-Buying-DSU-Packages_nomarkup.png\" alt=\"\" width=\"628\" height=\"601\" srcset=\"https:\/\/cirasync.com\/wp-content\/uploads\/2020\/01\/Partner-QSG-Buying-DSU-Packages_nomarkup.png 628w, https:\/\/cirasync.com\/wp-content\/uploads\/2020\/01\/Partner-QSG-Buying-DSU-Packages_nomarkup-480x459.png 480w\" sizes=\"(min-width: 0px) and (max-width: 480px) 480px, (min-width: 481px) 628px, 100vw\" \/><\/li>\n<li>Cliquez sur le + \u00e0 c\u00f4t\u00e9 du lot souhait\u00e9 pour l&rsquo;ajouter \u00e0 l&rsquo;achat global.\n<div class=\"et-fb-loader\" style=\"position: relative; margin-bottom: 40px;\"><\/div>\n<\/li>\n<li>Cliquez sur <strong>NEXT. <\/strong> La fen\u00eatre <strong>Buy DSU Packages<\/strong> appara\u00eetra. (Voir l&rsquo;image ci-dessous.) <img decoding=\"async\" class=\"aligncenter size-full wp-image-19383\" src=\"https:\/\/cirasync.com\/wp-content\/uploads\/2020\/01\/Partner-QSG-Buy-DSU-Packages-Billing_nomarkup.png\" alt=\"\" width=\"624\" height=\"602\" srcset=\"https:\/\/cirasync.com\/wp-content\/uploads\/2020\/01\/Partner-QSG-Buy-DSU-Packages-Billing_nomarkup.png 624w, https:\/\/cirasync.com\/wp-content\/uploads\/2020\/01\/Partner-QSG-Buy-DSU-Packages-Billing_nomarkup-480x463.png 480w\" sizes=\"(min-width: 0px) and (max-width: 480px) 480px, (min-width: 481px) 624px, 100vw\" \/><\/li>\n<li>Remplissez tous les champs.<\/li>\n<li>Cliquez sur <strong>PURCHASE. <\/strong> <\/li>\n<\/ol>\n<p>[\/et_pb_text][\/et_pb_column][\/et_pb_row][\/et_pb_section]<\/p>\n","protected":false},"excerpt":{"rendered":"<p>Achat d&rsquo;unit\u00e9s d&rsquo;abonnement journalier de CiraSync &nbsp; Les partenaires CiraSync peuvent acheter des unit\u00e9s d&rsquo;abonnement journalier (DSU) de deux mani\u00e8res: En mettant en place un plan de facturation automatis\u00e9 pour tous les forfaits UAJ (DSU). En s\u00e9lectionnant manuellement des forfaits sp\u00e9cifiques puis en effectuant une transaction par carte de cr\u00e9dit. Ce guide explique comment acheter [&hellip;]<\/p>\n","protected":false},"author":3,"featured_media":19729,"parent":26425,"menu_order":0,"comment_status":"closed","ping_status":"closed","template":"","meta":{"_et_pb_use_builder":"on","_et_pb_old_content":"","_et_gb_content_width":"","_nextfly_llmd_date_locked":false,"footnotes":""},"class_list":["post-28481","page","type-page","status-publish","has-post-thumbnail","hentry"],"yoast_head":"<!-- This site is optimized with the Yoast SEO Premium plugin v27.1 (Yoast SEO v27.1.1) - https:\/\/yoast.com\/product\/yoast-seo-premium-wordpress\/ -->\n<title>Achat d&#039;unit\u00e9s d&#039;abonnement journalier de CiraSync | CiraSync<\/title>\n<meta name=\"description\" content=\"D\u00e9couvrez comment les partenaires peuvent acheter des unit\u00e9s d\u2019abonnement journalier de CiraSync automatiquement et manuellement.\" \/>\n<meta name=\"robots\" content=\"index, follow, max-snippet:-1, max-image-preview:large, max-video-preview:-1\" \/>\n<link rel=\"canonical\" href=\"https:\/\/cirasync.com\/fr\/partenaires-2\/purchasing-cirasync-daily-subscription-units\/\" \/>\n<meta property=\"og:locale\" content=\"fr_FR\" \/>\n<meta property=\"og:type\" content=\"article\" \/>\n<meta property=\"og:title\" content=\"Achat d&#039;unit\u00e9s d&#039;abonnement journalier de CiraSync\" \/>\n<meta property=\"og:description\" content=\"D\u00e9couvrez comment les partenaires peuvent acheter des unit\u00e9s d\u2019abonnement journalier de CiraSync automatiquement et manuellement.\" \/>\n<meta property=\"og:url\" content=\"https:\/\/cirasync.com\/fr\/partenaires-2\/purchasing-cirasync-daily-subscription-units\/\" \/>\n<meta property=\"og:site_name\" content=\"CiraSync\" \/>\n<meta property=\"article:publisher\" content=\"https:\/\/www.facebook.com\/CiraSync\/\" \/>\n<meta property=\"article:modified_time\" content=\"2020-08-25T15:06:22+00:00\" \/>\n<meta property=\"og:image\" content=\"https:\/\/cirasync.com\/wp-content\/uploads\/2020\/01\/Partners-Woman.png\" \/>\n\t<meta property=\"og:image:width\" content=\"1080\" \/>\n\t<meta property=\"og:image:height\" content=\"630\" \/>\n\t<meta property=\"og:image:type\" content=\"image\/png\" \/>\n<meta name=\"twitter:card\" content=\"summary_large_image\" \/>\n<meta name=\"twitter:site\" content=\"@CiraSync\" \/>\n<meta name=\"twitter:label1\" content=\"Dur\u00e9e de lecture estim\u00e9e\" \/>\n\t<meta name=\"twitter:data1\" content=\"2 minutes\" \/>\n<script type=\"application\/ld+json\" class=\"yoast-schema-graph\">{\"@context\":\"https:\/\/schema.org\",\"@graph\":[{\"@type\":\"WebPage\",\"@id\":\"https:\/\/cirasync.com\/fr\/partenaires-2\/purchasing-cirasync-daily-subscription-units\/\",\"url\":\"https:\/\/cirasync.com\/fr\/partenaires-2\/purchasing-cirasync-daily-subscription-units\/\",\"name\":\"Achat d'unit\u00e9s d'abonnement journalier de CiraSync | CiraSync\",\"isPartOf\":{\"@id\":\"https:\/\/cirasync.com\/fr\/#website\"},\"primaryImageOfPage\":{\"@id\":\"https:\/\/cirasync.com\/fr\/partenaires-2\/purchasing-cirasync-daily-subscription-units\/#primaryimage\"},\"image\":{\"@id\":\"https:\/\/cirasync.com\/fr\/partenaires-2\/purchasing-cirasync-daily-subscription-units\/#primaryimage\"},\"thumbnailUrl\":\"https:\/\/cirasync.com\/wp-content\/uploads\/2020\/01\/Partners-Woman.png\",\"datePublished\":\"2020-08-25T14:57:45+00:00\",\"dateModified\":\"2020-08-25T15:06:22+00:00\",\"description\":\"D\u00e9couvrez comment les partenaires peuvent acheter des unit\u00e9s d\u2019abonnement journalier de CiraSync automatiquement et manuellement.\",\"breadcrumb\":{\"@id\":\"https:\/\/cirasync.com\/fr\/partenaires-2\/purchasing-cirasync-daily-subscription-units\/#breadcrumb\"},\"inLanguage\":\"fr-FR\",\"potentialAction\":[{\"@type\":\"ReadAction\",\"target\":[\"https:\/\/cirasync.com\/fr\/partenaires-2\/purchasing-cirasync-daily-subscription-units\/\"]}]},{\"@type\":\"ImageObject\",\"inLanguage\":\"fr-FR\",\"@id\":\"https:\/\/cirasync.com\/fr\/partenaires-2\/purchasing-cirasync-daily-subscription-units\/#primaryimage\",\"url\":\"https:\/\/cirasync.com\/wp-content\/uploads\/2020\/01\/Partners-Woman.png\",\"contentUrl\":\"https:\/\/cirasync.com\/wp-content\/uploads\/2020\/01\/Partners-Woman.png\",\"width\":1080,\"height\":630,\"caption\":\"Partners-Woman\"},{\"@type\":\"BreadcrumbList\",\"@id\":\"https:\/\/cirasync.com\/fr\/partenaires-2\/purchasing-cirasync-daily-subscription-units\/#breadcrumb\",\"itemListElement\":[{\"@type\":\"ListItem\",\"position\":1,\"name\":\"Home\",\"item\":\"https:\/\/cirasync.com\/fr\/\"},{\"@type\":\"ListItem\",\"position\":2,\"name\":\"Partenaire\",\"item\":\"https:\/\/cirasync.com\/fr\/partenaires-2\/\"},{\"@type\":\"ListItem\",\"position\":3,\"name\":\"Achat d&rsquo;unit\u00e9s d&rsquo;abonnement journalier de CiraSync\"}]},{\"@type\":\"WebSite\",\"@id\":\"https:\/\/cirasync.com\/fr\/#website\",\"url\":\"https:\/\/cirasync.com\/fr\/\",\"name\":\"CiraSync\",\"description\":\"Sync the Office 365 GAL, public folders and calendars to smartphones.\",\"publisher\":{\"@id\":\"https:\/\/cirasync.com\/fr\/#organization\"},\"potentialAction\":[{\"@type\":\"SearchAction\",\"target\":{\"@type\":\"EntryPoint\",\"urlTemplate\":\"https:\/\/cirasync.com\/fr\/?s={search_term_string}\"},\"query-input\":{\"@type\":\"PropertyValueSpecification\",\"valueRequired\":true,\"valueName\":\"search_term_string\"}}],\"inLanguage\":\"fr-FR\"},{\"@type\":\"Organization\",\"@id\":\"https:\/\/cirasync.com\/fr\/#organization\",\"name\":\"CiraSync\",\"url\":\"https:\/\/cirasync.com\/fr\/\",\"logo\":{\"@type\":\"ImageObject\",\"inLanguage\":\"fr-FR\",\"@id\":\"https:\/\/cirasync.com\/fr\/#\/schema\/logo\/image\/\",\"url\":\"https:\/\/cirasync.com\/wp-content\/uploads\/2019\/07\/CiraSync-Logo-.png\",\"contentUrl\":\"https:\/\/cirasync.com\/wp-content\/uploads\/2019\/07\/CiraSync-Logo-.png\",\"width\":1200,\"height\":671,\"caption\":\"CiraSync\"},\"image\":{\"@id\":\"https:\/\/cirasync.com\/fr\/#\/schema\/logo\/image\/\"},\"sameAs\":[\"https:\/\/www.facebook.com\/CiraSync\/\",\"https:\/\/x.com\/CiraSync\",\"https:\/\/www.linkedin.com\/company\/cira-apps-limited\",\"https:\/\/www.youtube.com\/channel\/UCdFkOfXlRAWRadzGit3jJZA\/videos\"],\"description\":\"CiraSync automatically syncs CRM, contact & calendar data from M365, Exchange & many CRMs to every smartphone.\",\"email\":\"support@cirasync.com\",\"telephone\":\"1 (202) 747 0888\",\"legalName\":\"CiraSync\"}]}<\/script>\n<!-- \/ Yoast SEO Premium plugin. -->","yoast_head_json":{"title":"Achat d'unit\u00e9s d'abonnement journalier de CiraSync | CiraSync","description":"D\u00e9couvrez comment les partenaires peuvent acheter des unit\u00e9s d\u2019abonnement journalier de CiraSync automatiquement et manuellement.","robots":{"index":"index","follow":"follow","max-snippet":"max-snippet:-1","max-image-preview":"max-image-preview:large","max-video-preview":"max-video-preview:-1"},"canonical":"https:\/\/cirasync.com\/fr\/partenaires-2\/purchasing-cirasync-daily-subscription-units\/","og_locale":"fr_FR","og_type":"article","og_title":"Achat d'unit\u00e9s d'abonnement journalier de CiraSync","og_description":"D\u00e9couvrez comment les partenaires peuvent acheter des unit\u00e9s d\u2019abonnement journalier de CiraSync automatiquement et manuellement.","og_url":"https:\/\/cirasync.com\/fr\/partenaires-2\/purchasing-cirasync-daily-subscription-units\/","og_site_name":"CiraSync","article_publisher":"https:\/\/www.facebook.com\/CiraSync\/","article_modified_time":"2020-08-25T15:06:22+00:00","og_image":[{"width":1080,"height":630,"url":"https:\/\/cirasync.com\/wp-content\/uploads\/2020\/01\/Partners-Woman.png","type":"image\/png"}],"twitter_card":"summary_large_image","twitter_site":"@CiraSync","twitter_misc":{"Dur\u00e9e de lecture estim\u00e9e":"2 minutes"},"schema":{"@context":"https:\/\/schema.org","@graph":[{"@type":"WebPage","@id":"https:\/\/cirasync.com\/fr\/partenaires-2\/purchasing-cirasync-daily-subscription-units\/","url":"https:\/\/cirasync.com\/fr\/partenaires-2\/purchasing-cirasync-daily-subscription-units\/","name":"Achat d'unit\u00e9s d'abonnement journalier de CiraSync | CiraSync","isPartOf":{"@id":"https:\/\/cirasync.com\/fr\/#website"},"primaryImageOfPage":{"@id":"https:\/\/cirasync.com\/fr\/partenaires-2\/purchasing-cirasync-daily-subscription-units\/#primaryimage"},"image":{"@id":"https:\/\/cirasync.com\/fr\/partenaires-2\/purchasing-cirasync-daily-subscription-units\/#primaryimage"},"thumbnailUrl":"https:\/\/cirasync.com\/wp-content\/uploads\/2020\/01\/Partners-Woman.png","datePublished":"2020-08-25T14:57:45+00:00","dateModified":"2020-08-25T15:06:22+00:00","description":"D\u00e9couvrez comment les partenaires peuvent acheter des unit\u00e9s d\u2019abonnement journalier de CiraSync automatiquement et manuellement.","breadcrumb":{"@id":"https:\/\/cirasync.com\/fr\/partenaires-2\/purchasing-cirasync-daily-subscription-units\/#breadcrumb"},"inLanguage":"fr-FR","potentialAction":[{"@type":"ReadAction","target":["https:\/\/cirasync.com\/fr\/partenaires-2\/purchasing-cirasync-daily-subscription-units\/"]}]},{"@type":"ImageObject","inLanguage":"fr-FR","@id":"https:\/\/cirasync.com\/fr\/partenaires-2\/purchasing-cirasync-daily-subscription-units\/#primaryimage","url":"https:\/\/cirasync.com\/wp-content\/uploads\/2020\/01\/Partners-Woman.png","contentUrl":"https:\/\/cirasync.com\/wp-content\/uploads\/2020\/01\/Partners-Woman.png","width":1080,"height":630,"caption":"Partners-Woman"},{"@type":"BreadcrumbList","@id":"https:\/\/cirasync.com\/fr\/partenaires-2\/purchasing-cirasync-daily-subscription-units\/#breadcrumb","itemListElement":[{"@type":"ListItem","position":1,"name":"Home","item":"https:\/\/cirasync.com\/fr\/"},{"@type":"ListItem","position":2,"name":"Partenaire","item":"https:\/\/cirasync.com\/fr\/partenaires-2\/"},{"@type":"ListItem","position":3,"name":"Achat d&rsquo;unit\u00e9s d&rsquo;abonnement journalier de CiraSync"}]},{"@type":"WebSite","@id":"https:\/\/cirasync.com\/fr\/#website","url":"https:\/\/cirasync.com\/fr\/","name":"CiraSync","description":"Sync the Office 365 GAL, public folders and calendars to smartphones.","publisher":{"@id":"https:\/\/cirasync.com\/fr\/#organization"},"potentialAction":[{"@type":"SearchAction","target":{"@type":"EntryPoint","urlTemplate":"https:\/\/cirasync.com\/fr\/?s={search_term_string}"},"query-input":{"@type":"PropertyValueSpecification","valueRequired":true,"valueName":"search_term_string"}}],"inLanguage":"fr-FR"},{"@type":"Organization","@id":"https:\/\/cirasync.com\/fr\/#organization","name":"CiraSync","url":"https:\/\/cirasync.com\/fr\/","logo":{"@type":"ImageObject","inLanguage":"fr-FR","@id":"https:\/\/cirasync.com\/fr\/#\/schema\/logo\/image\/","url":"https:\/\/cirasync.com\/wp-content\/uploads\/2019\/07\/CiraSync-Logo-.png","contentUrl":"https:\/\/cirasync.com\/wp-content\/uploads\/2019\/07\/CiraSync-Logo-.png","width":1200,"height":671,"caption":"CiraSync"},"image":{"@id":"https:\/\/cirasync.com\/fr\/#\/schema\/logo\/image\/"},"sameAs":["https:\/\/www.facebook.com\/CiraSync\/","https:\/\/x.com\/CiraSync","https:\/\/www.linkedin.com\/company\/cira-apps-limited","https:\/\/www.youtube.com\/channel\/UCdFkOfXlRAWRadzGit3jJZA\/videos"],"description":"CiraSync automatically syncs CRM, contact & calendar data from M365, Exchange & many CRMs to every smartphone.","email":"support@cirasync.com","telephone":"1 (202) 747 0888","legalName":"CiraSync"}]}},"_links":{"self":[{"href":"https:\/\/cirasync.com\/fr\/wp-json\/wp\/v2\/pages\/28481","targetHints":{"allow":["GET"]}}],"collection":[{"href":"https:\/\/cirasync.com\/fr\/wp-json\/wp\/v2\/pages"}],"about":[{"href":"https:\/\/cirasync.com\/fr\/wp-json\/wp\/v2\/types\/page"}],"author":[{"embeddable":true,"href":"https:\/\/cirasync.com\/fr\/wp-json\/wp\/v2\/users\/3"}],"replies":[{"embeddable":true,"href":"https:\/\/cirasync.com\/fr\/wp-json\/wp\/v2\/comments?post=28481"}],"version-history":[{"count":0,"href":"https:\/\/cirasync.com\/fr\/wp-json\/wp\/v2\/pages\/28481\/revisions"}],"up":[{"embeddable":true,"href":"https:\/\/cirasync.com\/fr\/wp-json\/wp\/v2\/pages\/26425"}],"wp:featuredmedia":[{"embeddable":true,"href":"https:\/\/cirasync.com\/fr\/wp-json\/wp\/v2\/media\/19729"}],"wp:attachment":[{"href":"https:\/\/cirasync.com\/fr\/wp-json\/wp\/v2\/media?parent=28481"}],"curies":[{"name":"wp","href":"https:\/\/api.w.org\/{rel}","templated":true}]}}